{"id":1756,"date":"2025-10-15T11:25:20","date_gmt":"2025-10-15T08:25:20","guid":{"rendered":"https:\/\/www.technomar.ee\/?page_id=1756"},"modified":"2025-10-15T14:11:31","modified_gmt":"2025-10-15T11:11:31","slug":"eu-funding","status":"publish","type":"page","link":"https:\/\/www.technomar.ee\/et\/eu-funding\/","title":{"rendered":"Euroopa Liidu rahastatud projektid"},"content":{"rendered":"<div class=\"eu-project\">\n<div class=\"card\">\n<div class=\"logo\"><img decoding=\"async\" alt=\"NextGen \/ Euroopa Liit logo\" src=\"https:\/\/www.technomar.ee\/wp-content\/uploads\/2025\/10\/NextGen_Rahastanud_EL_NextGeneration_EST_hor_color_RGB.png\" \/><\/div>\n<h2>AS Technomar &amp; Adrem digitaliseerimine<\/h2>\n<h3>Projekti l\u00fchikirjeldus<\/h3>\n<p>AS Technomar &amp; Adrem digitaliseerimine h\u00f5lmab olemasolevate tarkvarade integreerimist ja uute moodulite juurutamist, et luua \u00fchtne ERP-s\u00fcsteem tootmisprotsesside efektiivsemaks juhtimiseks.<\/p>\n<h3>Eesm\u00e4rk<\/h3>\n<p>Integreerida senised tarkvarad ja implementeerida uued lahendused protsesside informatsiooni kiireks kogumiseks, haldamiseks ja anal\u00fc\u00fcsiks.<\/p>\n<h3>Tulemus<\/h3>\n<p>Reaalajas tootmisandmete anal\u00fc\u00fcs, kiirem juurdep\u00e4\u00e4s klientide andmetele ja optimeeritud ettev\u00f5tte efektiivsus.<\/p>\n<p class=\"amount\">Toetuse summa: 273 810,00 EUR<br \/>\nProjekti kaasrahastatakse Euroopa Liidu vahenditest summas 273 810,00 eurot.<\/p>\n<\/div>\n<div class=\"separator\"><\/div>\n<div class=\"card\">\n<div class=\"logo\"><img decoding=\"async\" alt=\"Euroopa Liit \/ Kaasrahastatud logo\" src=\"https:\/\/www.technomar.ee\/wp-content\/uploads\/2025\/10\/Kaasrahastanud_EL_kaksiklogod_EST_hor_color_RGB.png\" \/><\/div>\n<h2>T\u00e4iendkoolituse ja arenduse projekt<\/h2>\n<h3>Projekti l\u00fchikirjeldus<\/h3>\n<p>Projekti eesm\u00e4rk oli ettev\u00f5tte t\u00f6\u00f6tajate oskuste t\u00e4iendamine ja tootmise digitaliseerimise ettevalmistus uute s\u00fcsteemide kasutuselev\u00f5tuks.<\/p>\n<h3>Eesm\u00e4rk<\/h3>\n<p>T\u00f6\u00f6tajate kompetentsi t\u00f5stmine ja ettev\u00f5tte valmisoleku parandamine digitaalsete t\u00f6\u00f6vahendite rakendamiseks.<\/p>\n<h3>Tulemus<\/h3>\n<p>Ettev\u00f5tte t\u00f6\u00f6protsesside parem efektiivsus ja digitaliseerimise j\u00e4rgmiseks etapiks valmisolek.<\/p>\n<p class=\"amount\">Toetuse summa: 7 000,00 EUR<br \/>\nProjekti kaasrahastatakse Euroopa Regionaalarengu Fondi vahenditest summas 7 000,00 eurot.<\/p>\n<\/div>\n<\/div>\n\n    <div class=\"xs_social_share_widget xs_share_url after_content \t\tmain_content  wslu-style-1 wslu-share-box-shaped wslu-fill-colored wslu-none wslu-share-horizontal wslu-theme-font-no wslu-main_content\">\n\n\t\t\n        <ul>\n\t\t\t        <\/ul>\n    <\/div> \n","protected":false},"excerpt":{"rendered":"<p>AS Technomar &amp; Adrem digitaliseerimine Projekti l\u00fchikirjeldus AS Technomar &amp; Adrem digitaliseerimine h\u00f5lmab olemasolevate tarkvarade integreerimist ja uute moodulite juurutamist, et luua \u00fchtne ERP-s\u00fcsteem tootmisprotsesside efektiivsemaks juhtimiseks. Eesm\u00e4rk Integreerida senised tarkvarad ja implementeerida uued lahendused protsesside informatsiooni kiireks kogumiseks, haldamiseks ja anal\u00fc\u00fcsiks. Tulemus Reaalajas tootmisandmete anal\u00fc\u00fcs, kiirem juurdep\u00e4\u00e4s klientide andmetele ja optimeeritud ettev\u00f5tte efektiivsus. Toetuse<br \/><a class=\"read-more\" href=\"https:\/\/www.technomar.ee\/et\/eu-funding\/\">Continue reading<span class=\"sr-only\">: Euroopa Liidu rahastatud projektid<\/span><span class=\"meta-nav\">&rarr;<\/span><\/a><\/p>\n","protected":false},"author":2,"featured_media":0,"parent":0,"menu_order":0,"comment_status":"closed","ping_status":"closed","template":"","meta":{"_acf_changed":false,"postBodyCss":"","postBodyMargin":[],"postBodyPadding":[],"postBodyBackground":{"backgroundType":"classic","gradient":""},"footnotes":""},"class_list":["post-1756","page","type-page","status-publish","hentry"],"acf":[],"yoast_head":"<!-- This site is optimized with the Yoast SEO plugin v22.5 - https:\/\/yoast.com\/wordpress\/plugins\/seo\/ -->\n<title>Euroopa Liidu rahastatud projektid - Technomar &amp; Adrem<\/title>\n<meta name=\"robots\" content=\"index, follow, max-snippet:-1, max-image-preview:large, max-video-preview:-1\" \/>\n<link rel=\"canonical\" href=\"https:\/\/www.technomar.ee\/et\/eu-funding\/\" \/>\n<meta property=\"og:locale\" content=\"et_EE\" \/>\n<meta property=\"og:type\" content=\"article\" \/>\n<meta property=\"og:title\" content=\"Euroopa Liidu rahastatud projektid - Technomar &amp; Adrem\" \/>\n<meta property=\"og:description\" content=\"AS Technomar &amp; Adrem digitaliseerimine Projekti l\u00fchikirjeldus AS Technomar &amp; Adrem digitaliseerimine h\u00f5lmab olemasolevate tarkvarade integreerimist ja uute moodulite juurutamist, et luua \u00fchtne ERP-s\u00fcsteem tootmisprotsesside efektiivsemaks juhtimiseks. Eesm\u00e4rk Integreerida senised tarkvarad ja implementeerida uued lahendused protsesside informatsiooni kiireks kogumiseks, haldamiseks ja anal\u00fc\u00fcsiks. Tulemus Reaalajas tootmisandmete anal\u00fc\u00fcs, kiirem juurdep\u00e4\u00e4s klientide andmetele ja optimeeritud ettev\u00f5tte efektiivsus. ToetuseContinue reading: Euroopa Liidu rahastatud projektid&rarr;\" \/>\n<meta property=\"og:url\" content=\"https:\/\/www.technomar.ee\/et\/eu-funding\/\" \/>\n<meta property=\"og:site_name\" content=\"Technomar &amp; Adrem\" \/>\n<meta property=\"article:modified_time\" content=\"2025-10-15T11:11:31+00:00\" \/>\n<meta property=\"og:image\" content=\"https:\/\/www.technomar.ee\/wp-content\/uploads\/2025\/10\/NextGen_Rahastanud_EL_NextGeneration_EST_hor_color_RGB.png\" \/>\n<meta name=\"twitter:card\" content=\"summary_large_image\" \/>\n<meta name=\"twitter:label1\" content=\"Est. reading time\" \/>\n\t<meta name=\"twitter:data1\" content=\"1 minut\" \/>\n<script type=\"application\/ld+json\" class=\"yoast-schema-graph\">{\"@context\":\"https:\/\/schema.org\",\"@graph\":[{\"@type\":\"WebPage\",\"@id\":\"https:\/\/www.technomar.ee\/et\/eu-funding\/\",\"url\":\"https:\/\/www.technomar.ee\/et\/eu-funding\/\",\"name\":\"Euroopa Liidu rahastatud projektid - Technomar &amp; Adrem\",\"isPartOf\":{\"@id\":\"https:\/\/www.technomar.ee\/et\/#website\"},\"primaryImageOfPage\":{\"@id\":\"https:\/\/www.technomar.ee\/et\/eu-funding\/#primaryimage\"},\"image\":{\"@id\":\"https:\/\/www.technomar.ee\/et\/eu-funding\/#primaryimage\"},\"thumbnailUrl\":\"https:\/\/www.technomar.ee\/wp-content\/uploads\/2025\/10\/NextGen_Rahastanud_EL_NextGeneration_EST_hor_color_RGB.png\",\"datePublished\":\"2025-10-15T08:25:20+00:00\",\"dateModified\":\"2025-10-15T11:11:31+00:00\",\"breadcrumb\":{\"@id\":\"https:\/\/www.technomar.ee\/et\/eu-funding\/#breadcrumb\"},\"inLanguage\":\"et\",\"potentialAction\":[{\"@type\":\"ReadAction\",\"target\":[\"https:\/\/www.technomar.ee\/et\/eu-funding\/\"]}]},{\"@type\":\"ImageObject\",\"inLanguage\":\"et\",\"@id\":\"https:\/\/www.technomar.ee\/et\/eu-funding\/#primaryimage\",\"url\":\"https:\/\/www.technomar.ee\/wp-content\/uploads\/2025\/10\/NextGen_Rahastanud_EL_NextGeneration_EST_hor_color_RGB.png\",\"contentUrl\":\"https:\/\/www.technomar.ee\/wp-content\/uploads\/2025\/10\/NextGen_Rahastanud_EL_NextGeneration_EST_hor_color_RGB.png\"},{\"@type\":\"BreadcrumbList\",\"@id\":\"https:\/\/www.technomar.ee\/et\/eu-funding\/#breadcrumb\",\"itemListElement\":[{\"@type\":\"ListItem\",\"position\":1,\"name\":\"Home\",\"item\":\"https:\/\/www.technomar.ee\/et\/\"},{\"@type\":\"ListItem\",\"position\":2,\"name\":\"Euroopa Liidu rahastatud projektid\"}]},{\"@type\":\"WebSite\",\"@id\":\"https:\/\/www.technomar.ee\/et\/#website\",\"url\":\"https:\/\/www.technomar.ee\/et\/\",\"name\":\"Technomar &amp; Adrem\",\"description\":\"\",\"potentialAction\":[{\"@type\":\"SearchAction\",\"target\":{\"@type\":\"EntryPoint\",\"urlTemplate\":\"https:\/\/www.technomar.ee\/et\/?s={search_term_string}\"},\"query-input\":\"required name=search_term_string\"}],\"inLanguage\":\"et\"}]}<\/script>\n<!-- \/ Yoast SEO plugin. -->","yoast_head_json":{"title":"Euroopa Liidu rahastatud projektid - Technomar &amp; Adrem","robots":{"index":"index","follow":"follow","max-snippet":"max-snippet:-1","max-image-preview":"max-image-preview:large","max-video-preview":"max-video-preview:-1"},"canonical":"https:\/\/www.technomar.ee\/et\/eu-funding\/","og_locale":"et_EE","og_type":"article","og_title":"Euroopa Liidu rahastatud projektid - Technomar &amp; Adrem","og_description":"AS Technomar &amp; Adrem digitaliseerimine Projekti l\u00fchikirjeldus AS Technomar &amp; Adrem digitaliseerimine h\u00f5lmab olemasolevate tarkvarade integreerimist ja uute moodulite juurutamist, et luua \u00fchtne ERP-s\u00fcsteem tootmisprotsesside efektiivsemaks juhtimiseks. Eesm\u00e4rk Integreerida senised tarkvarad ja implementeerida uued lahendused protsesside informatsiooni kiireks kogumiseks, haldamiseks ja anal\u00fc\u00fcsiks. Tulemus Reaalajas tootmisandmete anal\u00fc\u00fcs, kiirem juurdep\u00e4\u00e4s klientide andmetele ja optimeeritud ettev\u00f5tte efektiivsus. ToetuseContinue reading: Euroopa Liidu rahastatud projektid&rarr;","og_url":"https:\/\/www.technomar.ee\/et\/eu-funding\/","og_site_name":"Technomar &amp; Adrem","article_modified_time":"2025-10-15T11:11:31+00:00","og_image":[{"url":"https:\/\/www.technomar.ee\/wp-content\/uploads\/2025\/10\/NextGen_Rahastanud_EL_NextGeneration_EST_hor_color_RGB.png"}],"twitter_card":"summary_large_image","twitter_misc":{"Est. reading time":"1 minut"},"schema":{"@context":"https:\/\/schema.org","@graph":[{"@type":"WebPage","@id":"https:\/\/www.technomar.ee\/et\/eu-funding\/","url":"https:\/\/www.technomar.ee\/et\/eu-funding\/","name":"Euroopa Liidu rahastatud projektid - Technomar &amp; Adrem","isPartOf":{"@id":"https:\/\/www.technomar.ee\/et\/#website"},"primaryImageOfPage":{"@id":"https:\/\/www.technomar.ee\/et\/eu-funding\/#primaryimage"},"image":{"@id":"https:\/\/www.technomar.ee\/et\/eu-funding\/#primaryimage"},"thumbnailUrl":"https:\/\/www.technomar.ee\/wp-content\/uploads\/2025\/10\/NextGen_Rahastanud_EL_NextGeneration_EST_hor_color_RGB.png","datePublished":"2025-10-15T08:25:20+00:00","dateModified":"2025-10-15T11:11:31+00:00","breadcrumb":{"@id":"https:\/\/www.technomar.ee\/et\/eu-funding\/#breadcrumb"},"inLanguage":"et","potentialAction":[{"@type":"ReadAction","target":["https:\/\/www.technomar.ee\/et\/eu-funding\/"]}]},{"@type":"ImageObject","inLanguage":"et","@id":"https:\/\/www.technomar.ee\/et\/eu-funding\/#primaryimage","url":"https:\/\/www.technomar.ee\/wp-content\/uploads\/2025\/10\/NextGen_Rahastanud_EL_NextGeneration_EST_hor_color_RGB.png","contentUrl":"https:\/\/www.technomar.ee\/wp-content\/uploads\/2025\/10\/NextGen_Rahastanud_EL_NextGeneration_EST_hor_color_RGB.png"},{"@type":"BreadcrumbList","@id":"https:\/\/www.technomar.ee\/et\/eu-funding\/#breadcrumb","itemListElement":[{"@type":"ListItem","position":1,"name":"Home","item":"https:\/\/www.technomar.ee\/et\/"},{"@type":"ListItem","position":2,"name":"Euroopa Liidu rahastatud projektid"}]},{"@type":"WebSite","@id":"https:\/\/www.technomar.ee\/et\/#website","url":"https:\/\/www.technomar.ee\/et\/","name":"Technomar &amp; Adrem","description":"","potentialAction":[{"@type":"SearchAction","target":{"@type":"EntryPoint","urlTemplate":"https:\/\/www.technomar.ee\/et\/?s={search_term_string}"},"query-input":"required name=search_term_string"}],"inLanguage":"et"}]}},"_links":{"self":[{"href":"https:\/\/www.technomar.ee\/et\/wp-json\/wp\/v2\/pages\/1756","targetHints":{"allow":["GET"]}}],"collection":[{"href":"https:\/\/www.technomar.ee\/et\/wp-json\/wp\/v2\/pages"}],"about":[{"href":"https:\/\/www.technomar.ee\/et\/wp-json\/wp\/v2\/types\/page"}],"author":[{"embeddable":true,"href":"https:\/\/www.technomar.ee\/et\/wp-json\/wp\/v2\/users\/2"}],"replies":[{"embeddable":true,"href":"https:\/\/www.technomar.ee\/et\/wp-json\/wp\/v2\/comments?post=1756"}],"version-history":[{"count":11,"href":"https:\/\/www.technomar.ee\/et\/wp-json\/wp\/v2\/pages\/1756\/revisions"}],"predecessor-version":[{"id":1787,"href":"https:\/\/www.technomar.ee\/et\/wp-json\/wp\/v2\/pages\/1756\/revisions\/1787"}],"wp:attachment":[{"href":"https:\/\/www.technomar.ee\/et\/wp-json\/wp\/v2\/media?parent=1756"}],"curies":[{"name":"wp","href":"https:\/\/api.w.org\/{rel}","templated":true}]}}