{"id":1823,"date":"2015-11-12T04:04:31","date_gmt":"2015-11-12T02:04:31","guid":{"rendered":"https:\/\/www.technomar.ee\/seina-ja-laepaneelid\/"},"modified":"2025-10-15T14:27:39","modified_gmt":"2025-10-15T11:27:39","slug":"seina-ja-laepaneelid","status":"publish","type":"page","link":"https:\/\/www.technomar.ee\/et\/tooted\/seina-ja-laepaneelid\/","title":{"rendered":"Seina- ja laepaneelid"},"content":{"rendered":"<p><span>Puitpaneelidega kaetud sein toob soojust ja looduslike materjalide tunnet.<\/span><\/p>\n<p><a class=\"single_photoswipe\" href=\"http:\/\/www.technomar.ee\/wp-content\/uploads\/2015\/11\/acoustic3001.jpg\" data-size=\"300x450\"><img fetchpriority=\"high\" decoding=\"async\" class=\"alignright wp-image-585 size-medium\" alt=\"Seina- ja laepaneelid\" src=\"http:\/\/www.technomar.ee\/wp-content\/uploads\/2015\/11\/acoustic3001-200x300.jpg\" width=\"200\" height=\"300\" srcset=\"https:\/\/www.technomar.ee\/wp-content\/uploads\/2015\/11\/acoustic3001-200x300.jpg 200w, https:\/\/www.technomar.ee\/wp-content\/uploads\/2015\/11\/acoustic3001.jpg 300w\" sizes=\"(max-width: 200px) 100vw, 200px\" \/><\/a><\/p>\n<p><span>Pinnad saab lakkida, \u00f5litada, v\u00e4rvida, harjata, et luua disain vastavalt kliendi vajadustele.<\/span><\/p>\n<p><span>V\u00f5imalik on saavutada mis tahes kuju:<\/span><\/p>\n<p><span>Lisateabe saamiseks pinnat\u00f6\u00f6tluse kohta vaadake <a href=\"https:\/\/www.technomar.ee\/products\/wall-and-ceiling-panels\/colors-and-veneers\/\">V\u00e4rvid &amp; spoonid <\/a><\/span>lehelt<span>. <\/span> <\/p>\n<p><span>Technomar &amp; Adremi toodetud paneele saab kasutada seina- v\u00f5i laepaneelidena, olenevalt kasutatavast kinnitusprofiilist. Lisateabe saamiseks k\u00fclastage <\/span>paigaldusjuhendit<span>.<\/span><\/p>\n\n    <div class=\"xs_social_share_widget xs_share_url after_content \t\tmain_content  wslu-style-1 wslu-share-box-shaped wslu-fill-colored wslu-none wslu-share-horizontal wslu-theme-font-no wslu-main_content\">\n\n\t\t\n        <ul>\n\t\t\t        <\/ul>\n    <\/div> \n","protected":false},"excerpt":{"rendered":"<p>Puitpaneelidega kaetud sein toob soojust ja looduslike materjalide tunnet. Pinnad saab lakkida, \u00f5litada, v\u00e4rvida, harjata, et luua disain vastavalt kliendi vajadustele. V\u00f5imalik on saavutada mis tahes kuju: Lisateabe saamiseks pinnat\u00f6\u00f6tluse kohta vaadake V\u00e4rvid &amp; spoonid lehelt. Technomar &amp; Adremi toodetud paneele saab kasutada seina- v\u00f5i laepaneelidena, olenevalt kasutatavast kinnitusprofiilist. Lisateabe saamiseks k\u00fclastage paigaldusjuhendit.<\/p>\n","protected":false},"author":1,"featured_media":0,"parent":2018,"menu_order":0,"comment_status":"closed","ping_status":"closed","template":"","meta":{"_acf_changed":false,"postBodyCss":"","postBodyMargin":[],"postBodyPadding":[],"postBodyBackground":{"backgroundType":"classic","gradient":""},"footnotes":""},"class_list":["post-1823","page","type-page","status-publish","hentry"],"acf":[],"yoast_head":"<!-- This site is optimized with the Yoast SEO plugin v22.5 - https:\/\/yoast.com\/wordpress\/plugins\/seo\/ -->\n<title>Seina- ja laepaneelid - Technomar &amp; Adrem<\/title>\n<meta name=\"robots\" content=\"index, follow, max-snippet:-1, max-image-preview:large, max-video-preview:-1\" \/>\n<link rel=\"canonical\" href=\"https:\/\/www.technomar.ee\/et\/tooted\/seina-ja-laepaneelid\/\" \/>\n<meta property=\"og:locale\" content=\"et_EE\" \/>\n<meta property=\"og:type\" content=\"article\" \/>\n<meta property=\"og:title\" content=\"Seina- ja laepaneelid - Technomar &amp; Adrem\" \/>\n<meta property=\"og:description\" content=\"Puitpaneelidega kaetud sein toob soojust ja looduslike materjalide tunnet. Pinnad saab lakkida, \u00f5litada, v\u00e4rvida, harjata, et luua disain vastavalt kliendi vajadustele. V\u00f5imalik on saavutada mis tahes kuju: Lisateabe saamiseks pinnat\u00f6\u00f6tluse kohta vaadake V\u00e4rvid &amp; spoonid lehelt. Technomar &amp; Adremi toodetud paneele saab kasutada seina- v\u00f5i laepaneelidena, olenevalt kasutatavast kinnitusprofiilist. Lisateabe saamiseks k\u00fclastage paigaldusjuhendit.\" \/>\n<meta property=\"og:url\" content=\"https:\/\/www.technomar.ee\/et\/tooted\/seina-ja-laepaneelid\/\" \/>\n<meta property=\"og:site_name\" content=\"Technomar &amp; Adrem\" \/>\n<meta property=\"article:modified_time\" content=\"2025-10-15T11:27:39+00:00\" \/>\n<meta property=\"og:image\" content=\"http:\/\/www.technomar.ee\/wp-content\/uploads\/2015\/11\/acoustic3001-200x300.jpg\" \/>\n<meta name=\"twitter:card\" content=\"summary_large_image\" \/>\n<script type=\"application\/ld+json\" class=\"yoast-schema-graph\">{\"@context\":\"https:\/\/schema.org\",\"@graph\":[{\"@type\":\"WebPage\",\"@id\":\"https:\/\/www.technomar.ee\/et\/tooted\/seina-ja-laepaneelid\/\",\"url\":\"https:\/\/www.technomar.ee\/et\/tooted\/seina-ja-laepaneelid\/\",\"name\":\"Seina- ja laepaneelid - Technomar &amp; Adrem\",\"isPartOf\":{\"@id\":\"https:\/\/www.technomar.ee\/et\/#website\"},\"primaryImageOfPage\":{\"@id\":\"https:\/\/www.technomar.ee\/et\/tooted\/seina-ja-laepaneelid\/#primaryimage\"},\"image\":{\"@id\":\"https:\/\/www.technomar.ee\/et\/tooted\/seina-ja-laepaneelid\/#primaryimage\"},\"thumbnailUrl\":\"http:\/\/www.technomar.ee\/wp-content\/uploads\/2015\/11\/acoustic3001-200x300.jpg\",\"datePublished\":\"2015-11-12T02:04:31+00:00\",\"dateModified\":\"2025-10-15T11:27:39+00:00\",\"breadcrumb\":{\"@id\":\"https:\/\/www.technomar.ee\/et\/tooted\/seina-ja-laepaneelid\/#breadcrumb\"},\"inLanguage\":\"et\",\"potentialAction\":[{\"@type\":\"ReadAction\",\"target\":[\"https:\/\/www.technomar.ee\/et\/tooted\/seina-ja-laepaneelid\/\"]}]},{\"@type\":\"ImageObject\",\"inLanguage\":\"et\",\"@id\":\"https:\/\/www.technomar.ee\/et\/tooted\/seina-ja-laepaneelid\/#primaryimage\",\"url\":\"http:\/\/www.technomar.ee\/wp-content\/uploads\/2015\/11\/acoustic3001-200x300.jpg\",\"contentUrl\":\"http:\/\/www.technomar.ee\/wp-content\/uploads\/2015\/11\/acoustic3001-200x300.jpg\"},{\"@type\":\"BreadcrumbList\",\"@id\":\"https:\/\/www.technomar.ee\/et\/tooted\/seina-ja-laepaneelid\/#breadcrumb\",\"itemListElement\":[{\"@type\":\"ListItem\",\"position\":1,\"name\":\"Home\",\"item\":\"https:\/\/www.technomar.ee\/et\/\"},{\"@type\":\"ListItem\",\"position\":2,\"name\":\"Tooted\",\"item\":\"https:\/\/www.technomar.ee\/et\/tooted\/\"},{\"@type\":\"ListItem\",\"position\":3,\"name\":\"Seina- ja laepaneelid\"}]},{\"@type\":\"WebSite\",\"@id\":\"https:\/\/www.technomar.ee\/et\/#website\",\"url\":\"https:\/\/www.technomar.ee\/et\/\",\"name\":\"Technomar &amp; Adrem\",\"description\":\"\",\"potentialAction\":[{\"@type\":\"SearchAction\",\"target\":{\"@type\":\"EntryPoint\",\"urlTemplate\":\"https:\/\/www.technomar.ee\/et\/?s={search_term_string}\"},\"query-input\":\"required name=search_term_string\"}],\"inLanguage\":\"et\"}]}<\/script>\n<!-- \/ Yoast SEO plugin. -->","yoast_head_json":{"title":"Seina- ja laepaneelid - Technomar &amp; Adrem","robots":{"index":"index","follow":"follow","max-snippet":"max-snippet:-1","max-image-preview":"max-image-preview:large","max-video-preview":"max-video-preview:-1"},"canonical":"https:\/\/www.technomar.ee\/et\/tooted\/seina-ja-laepaneelid\/","og_locale":"et_EE","og_type":"article","og_title":"Seina- ja laepaneelid - Technomar &amp; Adrem","og_description":"Puitpaneelidega kaetud sein toob soojust ja looduslike materjalide tunnet. Pinnad saab lakkida, \u00f5litada, v\u00e4rvida, harjata, et luua disain vastavalt kliendi vajadustele. V\u00f5imalik on saavutada mis tahes kuju: Lisateabe saamiseks pinnat\u00f6\u00f6tluse kohta vaadake V\u00e4rvid &amp; spoonid lehelt. Technomar &amp; Adremi toodetud paneele saab kasutada seina- v\u00f5i laepaneelidena, olenevalt kasutatavast kinnitusprofiilist. Lisateabe saamiseks k\u00fclastage paigaldusjuhendit.","og_url":"https:\/\/www.technomar.ee\/et\/tooted\/seina-ja-laepaneelid\/","og_site_name":"Technomar &amp; Adrem","article_modified_time":"2025-10-15T11:27:39+00:00","og_image":[{"url":"http:\/\/www.technomar.ee\/wp-content\/uploads\/2015\/11\/acoustic3001-200x300.jpg"}],"twitter_card":"summary_large_image","schema":{"@context":"https:\/\/schema.org","@graph":[{"@type":"WebPage","@id":"https:\/\/www.technomar.ee\/et\/tooted\/seina-ja-laepaneelid\/","url":"https:\/\/www.technomar.ee\/et\/tooted\/seina-ja-laepaneelid\/","name":"Seina- ja laepaneelid - Technomar &amp; Adrem","isPartOf":{"@id":"https:\/\/www.technomar.ee\/et\/#website"},"primaryImageOfPage":{"@id":"https:\/\/www.technomar.ee\/et\/tooted\/seina-ja-laepaneelid\/#primaryimage"},"image":{"@id":"https:\/\/www.technomar.ee\/et\/tooted\/seina-ja-laepaneelid\/#primaryimage"},"thumbnailUrl":"http:\/\/www.technomar.ee\/wp-content\/uploads\/2015\/11\/acoustic3001-200x300.jpg","datePublished":"2015-11-12T02:04:31+00:00","dateModified":"2025-10-15T11:27:39+00:00","breadcrumb":{"@id":"https:\/\/www.technomar.ee\/et\/tooted\/seina-ja-laepaneelid\/#breadcrumb"},"inLanguage":"et","potentialAction":[{"@type":"ReadAction","target":["https:\/\/www.technomar.ee\/et\/tooted\/seina-ja-laepaneelid\/"]}]},{"@type":"ImageObject","inLanguage":"et","@id":"https:\/\/www.technomar.ee\/et\/tooted\/seina-ja-laepaneelid\/#primaryimage","url":"http:\/\/www.technomar.ee\/wp-content\/uploads\/2015\/11\/acoustic3001-200x300.jpg","contentUrl":"http:\/\/www.technomar.ee\/wp-content\/uploads\/2015\/11\/acoustic3001-200x300.jpg"},{"@type":"BreadcrumbList","@id":"https:\/\/www.technomar.ee\/et\/tooted\/seina-ja-laepaneelid\/#breadcrumb","itemListElement":[{"@type":"ListItem","position":1,"name":"Home","item":"https:\/\/www.technomar.ee\/et\/"},{"@type":"ListItem","position":2,"name":"Tooted","item":"https:\/\/www.technomar.ee\/et\/tooted\/"},{"@type":"ListItem","position":3,"name":"Seina- ja laepaneelid"}]},{"@type":"WebSite","@id":"https:\/\/www.technomar.ee\/et\/#website","url":"https:\/\/www.technomar.ee\/et\/","name":"Technomar &amp; Adrem","description":"","potentialAction":[{"@type":"SearchAction","target":{"@type":"EntryPoint","urlTemplate":"https:\/\/www.technomar.ee\/et\/?s={search_term_string}"},"query-input":"required name=search_term_string"}],"inLanguage":"et"}]}},"_links":{"self":[{"href":"https:\/\/www.technomar.ee\/et\/wp-json\/wp\/v2\/pages\/1823","targetHints":{"allow":["GET"]}}],"collection":[{"href":"https:\/\/www.technomar.ee\/et\/wp-json\/wp\/v2\/pages"}],"about":[{"href":"https:\/\/www.technomar.ee\/et\/wp-json\/wp\/v2\/types\/page"}],"author":[{"embeddable":true,"href":"https:\/\/www.technomar.ee\/et\/wp-json\/wp\/v2\/users\/1"}],"replies":[{"embeddable":true,"href":"https:\/\/www.technomar.ee\/et\/wp-json\/wp\/v2\/comments?post=1823"}],"version-history":[{"count":1,"href":"https:\/\/www.technomar.ee\/et\/wp-json\/wp\/v2\/pages\/1823\/revisions"}],"predecessor-version":[{"id":1824,"href":"https:\/\/www.technomar.ee\/et\/wp-json\/wp\/v2\/pages\/1823\/revisions\/1824"}],"up":[{"embeddable":true,"href":"https:\/\/www.technomar.ee\/et\/wp-json\/wp\/v2\/pages\/2018"}],"wp:attachment":[{"href":"https:\/\/www.technomar.ee\/et\/wp-json\/wp\/v2\/media?parent=1823"}],"curies":[{"name":"wp","href":"https:\/\/api.w.org\/{rel}","templated":true}]}}