{"id":1828,"date":"2015-11-12T04:03:42","date_gmt":"2015-11-12T02:03:42","guid":{"rendered":"https:\/\/www.technomar.ee\/kaablitrummlid\/"},"modified":"2025-10-15T14:27:39","modified_gmt":"2025-10-15T11:27:39","slug":"kaablitrummlid","status":"publish","type":"page","link":"https:\/\/www.technomar.ee\/et\/tooted\/kaablitrummlid\/","title":{"rendered":"Kaablitrummlid"},"content":{"rendered":"<h3>KAABLITRUMMLID JA \u00c4\u00c4RISED KAABLIT\u00d6\u00d6STUSELE<\/h3>\n<ul>\n<li>Kokkupandud kaablitrummlid.<\/li>\n<li>\u00c4\u00e4rised.<\/li>\n<li>Isekokkupandavad komplektid (metallvardad, sisemine metallosad jne) \u2013 valmis kokkupanekuks.<\/li>\n<li>Suuruse ja paksuse varieeruvus.<\/li>\n<li>Konstruktsiooni varieeruvus.<\/li>\n<\/ul>\n<p><iframe title=\"Cable drums and flanges by Technomar &amp; Adrem\" width=\"640\" height=\"360\" src=\"https:\/\/www.youtube.com\/embed\/jS0QsisHLsg?feature=oembed\" frameborder=\"0\" allow=\"accelerometer; autoplay; clipboard-write; encrypted-media; gyroscope; picture-in-picture; web-share\" referrerpolicy=\"strict-origin-when-cross-origin\" allowfullscreen><\/iframe><\/p>\n<p>&nbsp;<\/p>\n<p><img fetchpriority=\"high\" decoding=\"async\" class=\"alignright\" alt=\"Kaablitrummlid\" src=\"http:\/\/www.technomar.ee\/wp-content\/uploads\/2015\/11\/cableDrumsWoodThumb.jpg\" width=\"300\" height=\"221\"><strong>PUITTRUMMLID<\/strong><\/p>\n<p>Naelutatud trummlid on m\u00f5eldud pakendimaterjalina traadi, kaabli, k\u00f6ie ja muude sarnaste toodete jaoks. Trummleid saab valmistada teljeauguga, kaabli algusvaoga ja kohandada vastavalt spetsifikatsiooni n\u00f5uetele.<\/p>\n<p><img decoding=\"async\" class=\"alignright wp-image-314 size-medium\" alt=\"Kaablitrummlid\" src=\"http:\/\/www.technomar.ee\/wp-content\/uploads\/2015\/11\/cableDrumsPlywoodThumb.jpg\" width=\"300\" height=\"210\"><\/p>\n<p><strong>VINEERTRUMMLID<\/strong><\/p>\n<p>Vineertrummlid on m\u00f5eldud kergete pakendimaterjalidena k\u00f6ie, teippi, traadi, keti ja muude sarnaste toodete jaoks.<\/p>\n<p><img decoding=\"async\" class=\"active alignright wp-image-331 size-medium\" alt=\"Kaablitrummlid\" src=\"http:\/\/www.technomar.ee\/wp-content\/uploads\/2015\/11\/cableDrumsHardboardThumb.jpg\" width=\"300\" height=\"210\"><strong>K\u00d5VAPLAADI \u00c4\u00c4RISED<\/strong><\/p>\n<p>K\u00f5vaplaadi \u00e4\u00e4rised on kerge pakendimaterjalina m\u00f5eldud k\u00f6ie, traadketi ja muude suhteliselt kerge kaaluga toodete keramiseks.<\/p>\n\n    <div class=\"xs_social_share_widget xs_share_url after_content \t\tmain_content  wslu-style-1 wslu-share-box-shaped wslu-fill-colored wslu-none wslu-share-horizontal wslu-theme-font-no wslu-main_content\">\n\n\t\t\n        <ul>\n\t\t\t        <\/ul>\n    <\/div> \n","protected":false},"excerpt":{"rendered":"<p>KAABLITRUMMLID JA \u00c4\u00c4RISED KAABLIT\u00d6\u00d6STUSELE Kokkupandud kaablitrummlid. \u00c4\u00e4rised. Isekokkupandavad komplektid (metallvardad, sisemine metallosad jne) \u2013 valmis kokkupanekuks. Suuruse ja paksuse varieeruvus. Konstruktsiooni varieeruvus. &nbsp; PUITTRUMMLID Naelutatud trummlid on m\u00f5eldud pakendimaterjalina traadi, kaabli, k\u00f6ie ja muude sarnaste toodete jaoks. Trummleid saab valmistada teljeauguga, kaabli algusvaoga ja kohandada vastavalt spetsifikatsiooni n\u00f5uetele. VINEERTRUMMLID Vineertrummlid on m\u00f5eldud kergete pakendimaterjalidena k\u00f6ie,<br \/><a class=\"read-more\" href=\"https:\/\/www.technomar.ee\/et\/tooted\/kaablitrummlid\/\">Continue reading<span class=\"sr-only\">: Kaablitrummlid<\/span><span class=\"meta-nav\">&rarr;<\/span><\/a><\/p>\n","protected":false},"author":1,"featured_media":0,"parent":2018,"menu_order":0,"comment_status":"closed","ping_status":"closed","template":"","meta":{"_acf_changed":false,"postBodyCss":"","postBodyMargin":[],"postBodyPadding":[],"postBodyBackground":{"backgroundType":"classic","gradient":""},"footnotes":""},"class_list":["post-1828","page","type-page","status-publish","hentry"],"acf":[],"yoast_head":"<!-- This site is optimized with the Yoast SEO plugin v22.5 - https:\/\/yoast.com\/wordpress\/plugins\/seo\/ -->\n<title>Kaablitrummlid - Technomar &amp; Adrem<\/title>\n<meta name=\"robots\" content=\"index, follow, max-snippet:-1, max-image-preview:large, max-video-preview:-1\" \/>\n<link rel=\"canonical\" href=\"https:\/\/www.technomar.ee\/et\/tooted\/kaablitrummlid\/\" \/>\n<meta property=\"og:locale\" content=\"et_EE\" \/>\n<meta property=\"og:type\" content=\"article\" \/>\n<meta property=\"og:title\" content=\"Kaablitrummlid - Technomar &amp; Adrem\" \/>\n<meta property=\"og:description\" content=\"KAABLITRUMMLID JA \u00c4\u00c4RISED KAABLIT\u00d6\u00d6STUSELE Kokkupandud kaablitrummlid. \u00c4\u00e4rised. Isekokkupandavad komplektid (metallvardad, sisemine metallosad jne) \u2013 valmis kokkupanekuks. Suuruse ja paksuse varieeruvus. Konstruktsiooni varieeruvus. &nbsp; PUITTRUMMLID Naelutatud trummlid on m\u00f5eldud pakendimaterjalina traadi, kaabli, k\u00f6ie ja muude sarnaste toodete jaoks. Trummleid saab valmistada teljeauguga, kaabli algusvaoga ja kohandada vastavalt spetsifikatsiooni n\u00f5uetele. VINEERTRUMMLID Vineertrummlid on m\u00f5eldud kergete pakendimaterjalidena k\u00f6ie,Continue reading: Kaablitrummlid&rarr;\" \/>\n<meta property=\"og:url\" content=\"https:\/\/www.technomar.ee\/et\/tooted\/kaablitrummlid\/\" \/>\n<meta property=\"og:site_name\" content=\"Technomar &amp; Adrem\" \/>\n<meta property=\"article:modified_time\" content=\"2025-10-15T11:27:39+00:00\" \/>\n<meta property=\"og:image\" content=\"http:\/\/www.technomar.ee\/wp-content\/uploads\/2015\/11\/cableDrumsWoodThumb.jpg\" \/>\n<meta name=\"twitter:card\" content=\"summary_large_image\" \/>\n<script type=\"application\/ld+json\" class=\"yoast-schema-graph\">{\"@context\":\"https:\/\/schema.org\",\"@graph\":[{\"@type\":\"WebPage\",\"@id\":\"https:\/\/www.technomar.ee\/et\/tooted\/kaablitrummlid\/\",\"url\":\"https:\/\/www.technomar.ee\/et\/tooted\/kaablitrummlid\/\",\"name\":\"Kaablitrummlid - Technomar &amp; Adrem\",\"isPartOf\":{\"@id\":\"https:\/\/www.technomar.ee\/et\/#website\"},\"primaryImageOfPage\":{\"@id\":\"https:\/\/www.technomar.ee\/et\/tooted\/kaablitrummlid\/#primaryimage\"},\"image\":{\"@id\":\"https:\/\/www.technomar.ee\/et\/tooted\/kaablitrummlid\/#primaryimage\"},\"thumbnailUrl\":\"http:\/\/www.technomar.ee\/wp-content\/uploads\/2015\/11\/cableDrumsWoodThumb.jpg\",\"datePublished\":\"2015-11-12T02:03:42+00:00\",\"dateModified\":\"2025-10-15T11:27:39+00:00\",\"breadcrumb\":{\"@id\":\"https:\/\/www.technomar.ee\/et\/tooted\/kaablitrummlid\/#breadcrumb\"},\"inLanguage\":\"et\",\"potentialAction\":[{\"@type\":\"ReadAction\",\"target\":[\"https:\/\/www.technomar.ee\/et\/tooted\/kaablitrummlid\/\"]}]},{\"@type\":\"ImageObject\",\"inLanguage\":\"et\",\"@id\":\"https:\/\/www.technomar.ee\/et\/tooted\/kaablitrummlid\/#primaryimage\",\"url\":\"http:\/\/www.technomar.ee\/wp-content\/uploads\/2015\/11\/cableDrumsWoodThumb.jpg\",\"contentUrl\":\"http:\/\/www.technomar.ee\/wp-content\/uploads\/2015\/11\/cableDrumsWoodThumb.jpg\"},{\"@type\":\"BreadcrumbList\",\"@id\":\"https:\/\/www.technomar.ee\/et\/tooted\/kaablitrummlid\/#breadcrumb\",\"itemListElement\":[{\"@type\":\"ListItem\",\"position\":1,\"name\":\"Home\",\"item\":\"https:\/\/www.technomar.ee\/et\/\"},{\"@type\":\"ListItem\",\"position\":2,\"name\":\"Tooted\",\"item\":\"https:\/\/www.technomar.ee\/et\/tooted\/\"},{\"@type\":\"ListItem\",\"position\":3,\"name\":\"Kaablitrummlid\"}]},{\"@type\":\"WebSite\",\"@id\":\"https:\/\/www.technomar.ee\/et\/#website\",\"url\":\"https:\/\/www.technomar.ee\/et\/\",\"name\":\"Technomar &amp; Adrem\",\"description\":\"\",\"potentialAction\":[{\"@type\":\"SearchAction\",\"target\":{\"@type\":\"EntryPoint\",\"urlTemplate\":\"https:\/\/www.technomar.ee\/et\/?s={search_term_string}\"},\"query-input\":\"required name=search_term_string\"}],\"inLanguage\":\"et\"}]}<\/script>\n<!-- \/ Yoast SEO plugin. -->","yoast_head_json":{"title":"Kaablitrummlid - Technomar &amp; Adrem","robots":{"index":"index","follow":"follow","max-snippet":"max-snippet:-1","max-image-preview":"max-image-preview:large","max-video-preview":"max-video-preview:-1"},"canonical":"https:\/\/www.technomar.ee\/et\/tooted\/kaablitrummlid\/","og_locale":"et_EE","og_type":"article","og_title":"Kaablitrummlid - Technomar &amp; Adrem","og_description":"KAABLITRUMMLID JA \u00c4\u00c4RISED KAABLIT\u00d6\u00d6STUSELE Kokkupandud kaablitrummlid. \u00c4\u00e4rised. Isekokkupandavad komplektid (metallvardad, sisemine metallosad jne) \u2013 valmis kokkupanekuks. Suuruse ja paksuse varieeruvus. Konstruktsiooni varieeruvus. &nbsp; PUITTRUMMLID Naelutatud trummlid on m\u00f5eldud pakendimaterjalina traadi, kaabli, k\u00f6ie ja muude sarnaste toodete jaoks. Trummleid saab valmistada teljeauguga, kaabli algusvaoga ja kohandada vastavalt spetsifikatsiooni n\u00f5uetele. VINEERTRUMMLID Vineertrummlid on m\u00f5eldud kergete pakendimaterjalidena k\u00f6ie,Continue reading: Kaablitrummlid&rarr;","og_url":"https:\/\/www.technomar.ee\/et\/tooted\/kaablitrummlid\/","og_site_name":"Technomar &amp; Adrem","article_modified_time":"2025-10-15T11:27:39+00:00","og_image":[{"url":"http:\/\/www.technomar.ee\/wp-content\/uploads\/2015\/11\/cableDrumsWoodThumb.jpg"}],"twitter_card":"summary_large_image","schema":{"@context":"https:\/\/schema.org","@graph":[{"@type":"WebPage","@id":"https:\/\/www.technomar.ee\/et\/tooted\/kaablitrummlid\/","url":"https:\/\/www.technomar.ee\/et\/tooted\/kaablitrummlid\/","name":"Kaablitrummlid - Technomar &amp; Adrem","isPartOf":{"@id":"https:\/\/www.technomar.ee\/et\/#website"},"primaryImageOfPage":{"@id":"https:\/\/www.technomar.ee\/et\/tooted\/kaablitrummlid\/#primaryimage"},"image":{"@id":"https:\/\/www.technomar.ee\/et\/tooted\/kaablitrummlid\/#primaryimage"},"thumbnailUrl":"http:\/\/www.technomar.ee\/wp-content\/uploads\/2015\/11\/cableDrumsWoodThumb.jpg","datePublished":"2015-11-12T02:03:42+00:00","dateModified":"2025-10-15T11:27:39+00:00","breadcrumb":{"@id":"https:\/\/www.technomar.ee\/et\/tooted\/kaablitrummlid\/#breadcrumb"},"inLanguage":"et","potentialAction":[{"@type":"ReadAction","target":["https:\/\/www.technomar.ee\/et\/tooted\/kaablitrummlid\/"]}]},{"@type":"ImageObject","inLanguage":"et","@id":"https:\/\/www.technomar.ee\/et\/tooted\/kaablitrummlid\/#primaryimage","url":"http:\/\/www.technomar.ee\/wp-content\/uploads\/2015\/11\/cableDrumsWoodThumb.jpg","contentUrl":"http:\/\/www.technomar.ee\/wp-content\/uploads\/2015\/11\/cableDrumsWoodThumb.jpg"},{"@type":"BreadcrumbList","@id":"https:\/\/www.technomar.ee\/et\/tooted\/kaablitrummlid\/#breadcrumb","itemListElement":[{"@type":"ListItem","position":1,"name":"Home","item":"https:\/\/www.technomar.ee\/et\/"},{"@type":"ListItem","position":2,"name":"Tooted","item":"https:\/\/www.technomar.ee\/et\/tooted\/"},{"@type":"ListItem","position":3,"name":"Kaablitrummlid"}]},{"@type":"WebSite","@id":"https:\/\/www.technomar.ee\/et\/#website","url":"https:\/\/www.technomar.ee\/et\/","name":"Technomar &amp; Adrem","description":"","potentialAction":[{"@type":"SearchAction","target":{"@type":"EntryPoint","urlTemplate":"https:\/\/www.technomar.ee\/et\/?s={search_term_string}"},"query-input":"required name=search_term_string"}],"inLanguage":"et"}]}},"_links":{"self":[{"href":"https:\/\/www.technomar.ee\/et\/wp-json\/wp\/v2\/pages\/1828","targetHints":{"allow":["GET"]}}],"collection":[{"href":"https:\/\/www.technomar.ee\/et\/wp-json\/wp\/v2\/pages"}],"about":[{"href":"https:\/\/www.technomar.ee\/et\/wp-json\/wp\/v2\/types\/page"}],"author":[{"embeddable":true,"href":"https:\/\/www.technomar.ee\/et\/wp-json\/wp\/v2\/users\/1"}],"replies":[{"embeddable":true,"href":"https:\/\/www.technomar.ee\/et\/wp-json\/wp\/v2\/comments?post=1828"}],"version-history":[{"count":1,"href":"https:\/\/www.technomar.ee\/et\/wp-json\/wp\/v2\/pages\/1828\/revisions"}],"predecessor-version":[{"id":1829,"href":"https:\/\/www.technomar.ee\/et\/wp-json\/wp\/v2\/pages\/1828\/revisions\/1829"}],"up":[{"embeddable":true,"href":"https:\/\/www.technomar.ee\/et\/wp-json\/wp\/v2\/pages\/2018"}],"wp:attachment":[{"href":"https:\/\/www.technomar.ee\/et\/wp-json\/wp\/v2\/media?parent=1828"}],"curies":[{"name":"wp","href":"https:\/\/api.w.org\/{rel}","templated":true}]}}