{"id":1843,"date":"2015-11-12T03:51:58","date_gmt":"2015-11-12T01:51:58","guid":{"rendered":"https:\/\/www.technomar.ee\/keskkond\/"},"modified":"2025-10-15T14:27:45","modified_gmt":"2025-10-15T11:27:45","slug":"keskkond","status":"publish","type":"page","link":"https:\/\/www.technomar.ee\/et\/ettevottest\/keskkond\/","title":{"rendered":"Keskkond"},"content":{"rendered":"<p>&nbsp;<\/p>\n<p><a href=\"https:\/\/www.technomar.ee\/wp-content\/uploads\/2025\/05\/11615-8-1-scaled.jpg\"><img fetchpriority=\"high\" decoding=\"async\" class=\"wp-image-1707 size-full\" alt=\"\" src=\"https:\/\/www.technomar.ee\/wp-content\/uploads\/2025\/05\/11615-8-1-scaled.jpg\" width=\"2560\" height=\"1281\" srcset=\"https:\/\/www.technomar.ee\/wp-content\/uploads\/2025\/05\/11615-8-1-scaled.jpg 2560w, https:\/\/www.technomar.ee\/wp-content\/uploads\/2025\/05\/11615-8-1-300x150.jpg 300w, https:\/\/www.technomar.ee\/wp-content\/uploads\/2025\/05\/11615-8-1-1024x512.jpg 1024w, https:\/\/www.technomar.ee\/wp-content\/uploads\/2025\/05\/11615-8-1-768x384.jpg 768w, https:\/\/www.technomar.ee\/wp-content\/uploads\/2025\/05\/11615-8-1-1536x769.jpg 1536w, https:\/\/www.technomar.ee\/wp-content\/uploads\/2025\/05\/11615-8-1-2048x1025.jpg 2048w, https:\/\/www.technomar.ee\/wp-content\/uploads\/2025\/05\/11615-8-1-500x250.jpg 500w, https:\/\/www.technomar.ee\/wp-content\/uploads\/2025\/05\/11615-8-1-1800x901.jpg 1800w\" sizes=\"(max-width: 2560px) 100vw, 2560px\" \/><\/a><\/p>\n<p>Technomar &amp; Adrem on p\u00fchendunud keskkonna s\u00e4ilitamisele ja on \u00fcks keskkonnas\u00f5bralikumaid ettev\u00f5tteid selles t\u00f6\u00f6stusharus. Investeeringud uutesse seadmetesse ja tehase optimeerimine on v\u00e4hendanud CO2 heitkogused miinimumini.<\/p>\n<p>Tehaste vaheline s\u00fcnergia v\u00f5imaldas parandada \u00fcldist energiat\u00f5husust. Tehaste \u00fcldine j\u00e4\u00e4tmeteke moodustab v\u00e4hem kui 1% k\u00f5igist t\u00f6\u00f6deldud materjalidest. K\u00f5iki j\u00e4\u00e4tmeid kasutatakse rohelise energia tootmiseks. Puit on looduslik taastuv materjal, mis tekitab oma eluts\u00fckli jooksul v\u00e4ga v\u00e4he j\u00e4\u00e4tmeid, andes energiat puidup\u00f5histest biok\u00fctustest. Puidut\u00f6\u00f6tlemist\u00f6\u00f6stus ei kasuta fossiilk\u00fctuste ressursse ja on osa looduse loomulikust s\u00fcsinikuringlusest.<\/p>\n<p><a class=\"single_photoswipe\" href=\"https:\/\/www.technomar.ee\/wp-content\/uploads\/2015\/11\/environmentPlanetHandsThumb.jpg\" data-size=\"280x280\"><\/a><a href=\"https:\/\/www.technomar.ee\/wp-content\/uploads\/2015\/11\/environmentPlanetHandsThumb.jpg\"><\/a><\/p>\n\n    <div class=\"xs_social_share_widget xs_share_url after_content \t\tmain_content  wslu-style-1 wslu-share-box-shaped wslu-fill-colored wslu-none wslu-share-horizontal wslu-theme-font-no wslu-main_content\">\n\n\t\t\n        <ul>\n\t\t\t        <\/ul>\n    <\/div> \n","protected":false},"excerpt":{"rendered":"<p>&nbsp; Technomar &amp; Adrem on p\u00fchendunud keskkonna s\u00e4ilitamisele ja on \u00fcks keskkonnas\u00f5bralikumaid ettev\u00f5tteid selles t\u00f6\u00f6stusharus. Investeeringud uutesse seadmetesse ja tehase optimeerimine on v\u00e4hendanud CO2 heitkogused miinimumini. Tehaste vaheline s\u00fcnergia v\u00f5imaldas parandada \u00fcldist energiat\u00f5husust. Tehaste \u00fcldine j\u00e4\u00e4tmeteke moodustab v\u00e4hem kui 1% k\u00f5igist t\u00f6\u00f6deldud materjalidest. K\u00f5iki j\u00e4\u00e4tmeid kasutatakse rohelise energia tootmiseks. Puit on looduslik taastuv materjal, mis<br \/><a class=\"read-more\" href=\"https:\/\/www.technomar.ee\/et\/ettevottest\/keskkond\/\">Continue reading<span class=\"sr-only\">: Keskkond<\/span><span class=\"meta-nav\">&rarr;<\/span><\/a><\/p>\n","protected":false},"author":1,"featured_media":0,"parent":2053,"menu_order":0,"comment_status":"closed","ping_status":"closed","template":"","meta":{"_acf_changed":false,"postBodyCss":"","postBodyMargin":[],"postBodyPadding":[],"postBodyBackground":{"backgroundType":"classic","gradient":""},"footnotes":""},"class_list":["post-1843","page","type-page","status-publish","hentry"],"acf":[],"yoast_head":"<!-- This site is optimized with the Yoast SEO plugin v22.5 - https:\/\/yoast.com\/wordpress\/plugins\/seo\/ -->\n<title>Keskkond - Technomar &amp; Adrem<\/title>\n<meta name=\"robots\" content=\"index, follow, max-snippet:-1, max-image-preview:large, max-video-preview:-1\" \/>\n<link rel=\"canonical\" href=\"https:\/\/www.technomar.ee\/et\/ettevottest\/keskkond\/\" \/>\n<meta property=\"og:locale\" content=\"et_EE\" \/>\n<meta property=\"og:type\" content=\"article\" \/>\n<meta property=\"og:title\" content=\"Keskkond - Technomar &amp; Adrem\" \/>\n<meta property=\"og:description\" content=\"&nbsp; Technomar &amp; Adrem on p\u00fchendunud keskkonna s\u00e4ilitamisele ja on \u00fcks keskkonnas\u00f5bralikumaid ettev\u00f5tteid selles t\u00f6\u00f6stusharus. Investeeringud uutesse seadmetesse ja tehase optimeerimine on v\u00e4hendanud CO2 heitkogused miinimumini. Tehaste vaheline s\u00fcnergia v\u00f5imaldas parandada \u00fcldist energiat\u00f5husust. Tehaste \u00fcldine j\u00e4\u00e4tmeteke moodustab v\u00e4hem kui 1% k\u00f5igist t\u00f6\u00f6deldud materjalidest. K\u00f5iki j\u00e4\u00e4tmeid kasutatakse rohelise energia tootmiseks. Puit on looduslik taastuv materjal, misContinue reading: Keskkond&rarr;\" \/>\n<meta property=\"og:url\" content=\"https:\/\/www.technomar.ee\/et\/ettevottest\/keskkond\/\" \/>\n<meta property=\"og:site_name\" content=\"Technomar &amp; Adrem\" \/>\n<meta property=\"article:modified_time\" content=\"2025-10-15T11:27:45+00:00\" \/>\n<meta property=\"og:image\" content=\"https:\/\/www.technomar.ee\/wp-content\/uploads\/2025\/05\/11615-8-1-scaled.jpg\" \/>\n<meta name=\"twitter:card\" content=\"summary_large_image\" \/>\n<meta name=\"twitter:label1\" content=\"Est. reading time\" \/>\n\t<meta name=\"twitter:data1\" content=\"1 minut\" \/>\n<script type=\"application\/ld+json\" class=\"yoast-schema-graph\">{\"@context\":\"https:\/\/schema.org\",\"@graph\":[{\"@type\":\"WebPage\",\"@id\":\"https:\/\/www.technomar.ee\/et\/ettevottest\/keskkond\/\",\"url\":\"https:\/\/www.technomar.ee\/et\/ettevottest\/keskkond\/\",\"name\":\"Keskkond - Technomar &amp; Adrem\",\"isPartOf\":{\"@id\":\"https:\/\/www.technomar.ee\/et\/#website\"},\"primaryImageOfPage\":{\"@id\":\"https:\/\/www.technomar.ee\/et\/ettevottest\/keskkond\/#primaryimage\"},\"image\":{\"@id\":\"https:\/\/www.technomar.ee\/et\/ettevottest\/keskkond\/#primaryimage\"},\"thumbnailUrl\":\"https:\/\/www.technomar.ee\/wp-content\/uploads\/2025\/05\/11615-8-1-scaled.jpg\",\"datePublished\":\"2015-11-12T01:51:58+00:00\",\"dateModified\":\"2025-10-15T11:27:45+00:00\",\"breadcrumb\":{\"@id\":\"https:\/\/www.technomar.ee\/et\/ettevottest\/keskkond\/#breadcrumb\"},\"inLanguage\":\"et\",\"potentialAction\":[{\"@type\":\"ReadAction\",\"target\":[\"https:\/\/www.technomar.ee\/et\/ettevottest\/keskkond\/\"]}]},{\"@type\":\"ImageObject\",\"inLanguage\":\"et\",\"@id\":\"https:\/\/www.technomar.ee\/et\/ettevottest\/keskkond\/#primaryimage\",\"url\":\"https:\/\/www.technomar.ee\/wp-content\/uploads\/2025\/05\/11615-8-1-scaled.jpg\",\"contentUrl\":\"https:\/\/www.technomar.ee\/wp-content\/uploads\/2025\/05\/11615-8-1-scaled.jpg\"},{\"@type\":\"BreadcrumbList\",\"@id\":\"https:\/\/www.technomar.ee\/et\/ettevottest\/keskkond\/#breadcrumb\",\"itemListElement\":[{\"@type\":\"ListItem\",\"position\":1,\"name\":\"Home\",\"item\":\"https:\/\/www.technomar.ee\/et\/\"},{\"@type\":\"ListItem\",\"position\":2,\"name\":\"Ettev\u00f5ttest\",\"item\":\"https:\/\/www.technomar.ee\/et\/ettevottest\/\"},{\"@type\":\"ListItem\",\"position\":3,\"name\":\"Keskkond\"}]},{\"@type\":\"WebSite\",\"@id\":\"https:\/\/www.technomar.ee\/et\/#website\",\"url\":\"https:\/\/www.technomar.ee\/et\/\",\"name\":\"Technomar &amp; Adrem\",\"description\":\"\",\"potentialAction\":[{\"@type\":\"SearchAction\",\"target\":{\"@type\":\"EntryPoint\",\"urlTemplate\":\"https:\/\/www.technomar.ee\/et\/?s={search_term_string}\"},\"query-input\":\"required name=search_term_string\"}],\"inLanguage\":\"et\"}]}<\/script>\n<!-- \/ Yoast SEO plugin. -->","yoast_head_json":{"title":"Keskkond - Technomar &amp; Adrem","robots":{"index":"index","follow":"follow","max-snippet":"max-snippet:-1","max-image-preview":"max-image-preview:large","max-video-preview":"max-video-preview:-1"},"canonical":"https:\/\/www.technomar.ee\/et\/ettevottest\/keskkond\/","og_locale":"et_EE","og_type":"article","og_title":"Keskkond - Technomar &amp; Adrem","og_description":"&nbsp; Technomar &amp; Adrem on p\u00fchendunud keskkonna s\u00e4ilitamisele ja on \u00fcks keskkonnas\u00f5bralikumaid ettev\u00f5tteid selles t\u00f6\u00f6stusharus. Investeeringud uutesse seadmetesse ja tehase optimeerimine on v\u00e4hendanud CO2 heitkogused miinimumini. Tehaste vaheline s\u00fcnergia v\u00f5imaldas parandada \u00fcldist energiat\u00f5husust. Tehaste \u00fcldine j\u00e4\u00e4tmeteke moodustab v\u00e4hem kui 1% k\u00f5igist t\u00f6\u00f6deldud materjalidest. K\u00f5iki j\u00e4\u00e4tmeid kasutatakse rohelise energia tootmiseks. Puit on looduslik taastuv materjal, misContinue reading: Keskkond&rarr;","og_url":"https:\/\/www.technomar.ee\/et\/ettevottest\/keskkond\/","og_site_name":"Technomar &amp; Adrem","article_modified_time":"2025-10-15T11:27:45+00:00","og_image":[{"url":"https:\/\/www.technomar.ee\/wp-content\/uploads\/2025\/05\/11615-8-1-scaled.jpg"}],"twitter_card":"summary_large_image","twitter_misc":{"Est. reading time":"1 minut"},"schema":{"@context":"https:\/\/schema.org","@graph":[{"@type":"WebPage","@id":"https:\/\/www.technomar.ee\/et\/ettevottest\/keskkond\/","url":"https:\/\/www.technomar.ee\/et\/ettevottest\/keskkond\/","name":"Keskkond - Technomar &amp; Adrem","isPartOf":{"@id":"https:\/\/www.technomar.ee\/et\/#website"},"primaryImageOfPage":{"@id":"https:\/\/www.technomar.ee\/et\/ettevottest\/keskkond\/#primaryimage"},"image":{"@id":"https:\/\/www.technomar.ee\/et\/ettevottest\/keskkond\/#primaryimage"},"thumbnailUrl":"https:\/\/www.technomar.ee\/wp-content\/uploads\/2025\/05\/11615-8-1-scaled.jpg","datePublished":"2015-11-12T01:51:58+00:00","dateModified":"2025-10-15T11:27:45+00:00","breadcrumb":{"@id":"https:\/\/www.technomar.ee\/et\/ettevottest\/keskkond\/#breadcrumb"},"inLanguage":"et","potentialAction":[{"@type":"ReadAction","target":["https:\/\/www.technomar.ee\/et\/ettevottest\/keskkond\/"]}]},{"@type":"ImageObject","inLanguage":"et","@id":"https:\/\/www.technomar.ee\/et\/ettevottest\/keskkond\/#primaryimage","url":"https:\/\/www.technomar.ee\/wp-content\/uploads\/2025\/05\/11615-8-1-scaled.jpg","contentUrl":"https:\/\/www.technomar.ee\/wp-content\/uploads\/2025\/05\/11615-8-1-scaled.jpg"},{"@type":"BreadcrumbList","@id":"https:\/\/www.technomar.ee\/et\/ettevottest\/keskkond\/#breadcrumb","itemListElement":[{"@type":"ListItem","position":1,"name":"Home","item":"https:\/\/www.technomar.ee\/et\/"},{"@type":"ListItem","position":2,"name":"Ettev\u00f5ttest","item":"https:\/\/www.technomar.ee\/et\/ettevottest\/"},{"@type":"ListItem","position":3,"name":"Keskkond"}]},{"@type":"WebSite","@id":"https:\/\/www.technomar.ee\/et\/#website","url":"https:\/\/www.technomar.ee\/et\/","name":"Technomar &amp; Adrem","description":"","potentialAction":[{"@type":"SearchAction","target":{"@type":"EntryPoint","urlTemplate":"https:\/\/www.technomar.ee\/et\/?s={search_term_string}"},"query-input":"required name=search_term_string"}],"inLanguage":"et"}]}},"_links":{"self":[{"href":"https:\/\/www.technomar.ee\/et\/wp-json\/wp\/v2\/pages\/1843","targetHints":{"allow":["GET"]}}],"collection":[{"href":"https:\/\/www.technomar.ee\/et\/wp-json\/wp\/v2\/pages"}],"about":[{"href":"https:\/\/www.technomar.ee\/et\/wp-json\/wp\/v2\/types\/page"}],"author":[{"embeddable":true,"href":"https:\/\/www.technomar.ee\/et\/wp-json\/wp\/v2\/users\/1"}],"replies":[{"embeddable":true,"href":"https:\/\/www.technomar.ee\/et\/wp-json\/wp\/v2\/comments?post=1843"}],"version-history":[{"count":1,"href":"https:\/\/www.technomar.ee\/et\/wp-json\/wp\/v2\/pages\/1843\/revisions"}],"predecessor-version":[{"id":2054,"href":"https:\/\/www.technomar.ee\/et\/wp-json\/wp\/v2\/pages\/1843\/revisions\/2054"}],"up":[{"embeddable":true,"href":"https:\/\/www.technomar.ee\/et\/wp-json\/wp\/v2\/pages\/2053"}],"wp:attachment":[{"href":"https:\/\/www.technomar.ee\/et\/wp-json\/wp\/v2\/media?parent=1843"}],"curies":[{"name":"wp","href":"https:\/\/api.w.org\/{rel}","templated":true}]}}