{"id":1849,"date":"2024-02-01T14:21:18","date_gmt":"2024-02-01T12:21:18","guid":{"rendered":"https:\/\/www.technomar.ee\/esta-disainmoobel\/"},"modified":"2025-10-15T14:27:37","modified_gmt":"2025-10-15T11:27:37","slug":"esta-disainmoobel","status":"publish","type":"page","link":"https:\/\/www.technomar.ee\/et\/tooted\/mooblikomponendid\/esta-disainmoobel\/","title":{"rendered":"ESTA disainm\u00f6\u00f6bel"},"content":{"rendered":"<p><strong>MEIE KAUBAM\u00c4RK ESTA DESIGN KEHASTAB SKANDINAAVIA ELEGANTSET JA MINIMALISTLIKKU STIILI<\/strong><\/p>\n<p>&nbsp;<\/p>\n<h3>MEIST<\/h3>\n<p><strong>Valime hoolikalt materjale ja komponente<\/strong>, alates liimidest kuni viimistlusmaterjalideni, mis eraldavad v\u00f5imalikult v\u00e4he saasteaineid.<br \/>\n<strong>Meie tooted vastavad k\u00f5rgeimatele toksiliste emissioonide standarditele<\/strong> ja j\u00e4rgivad k\u00f5ige rangemaid tervisen\u00f5udeid.<br \/>\n<strong>Uusimate tehnoloogiliste saavutuste kasutamine v\u00f5imaldab<\/strong> ettev\u00f5ttel toota kvaliteetseid tooteid algusest peale.<\/p>\n<p>&nbsp;<\/p>\n<h3>Miks ESTA design?<\/h3>\n<p><strong>Lihtsuse ja rafineerituse t\u00e4htsuse r\u00f5hutamine on meie v\u00e4\u00e4rtused.<\/strong><br \/>\nMeie p\u00f5hiveendumus on, et v\u00e4hem on sageli rohkem.<br \/>\nKeskendudes lihtsusele ja rafineeritusele, suudame luua tooteid ja kogemusi, mis on mitte ainult esteetiliselt meeldivad,<br \/>\nvaid ka v\u00e4ga funktsionaalsed ja intuitiivsed.<\/p>\n<p><strong>Taastuvate ressursside kasutamisega s\u00e4ilitame looduse ilu<\/strong>, luues samal ajal sooja ja kutsuva<br \/>\nkoduse \u00f5hkkonna, millel on oma iseloom.<\/p>\n<p><strong>Seame esikohale kvaliteetsete materjalide kasutamise<\/strong>, mis on vastutustundlikult hangitud, tagades, et meie m\u00f6\u00f6blil<br \/>\noleks minimaalne m\u00f5ju keskkonnale.<\/p>\n<p>&nbsp;<\/p>\n<h3>TOODETE NIMEKIRI<\/h3>\n<ul>\n<li style=\"text-align: left;\"><strong>Standardne madal voodi<\/strong><br \/>\n<a class=\"single_photoswipe\" href=\"https:\/\/www.technomar.ee\/wp-content\/uploads\/2024\/02\/Frame.9.jpg\" data-size=\"2480x1984\"><img fetchpriority=\"high\" decoding=\"async\" class=\"size-medium wp-image-1408 alignnone\" alt=\"\" src=\"https:\/\/www.technomar.ee\/wp-content\/uploads\/2024\/02\/Frame.9-300x240.jpg\" width=\"300\" height=\"240\" srcset=\"https:\/\/www.technomar.ee\/wp-content\/uploads\/2024\/02\/Frame.9-300x240.jpg 300w, https:\/\/www.technomar.ee\/wp-content\/uploads\/2024\/02\/Frame.9-1024x819.jpg 1024w, https:\/\/www.technomar.ee\/wp-content\/uploads\/2024\/02\/Frame.9-768x614.jpg 768w, https:\/\/www.technomar.ee\/wp-content\/uploads\/2024\/02\/Frame.9-500x400.jpg 500w, https:\/\/www.technomar.ee\/wp-content\/uploads\/2024\/02\/Frame.9-1800x1440.jpg 1800w, https:\/\/www.technomar.ee\/wp-content\/uploads\/2024\/02\/Frame.9-1536x1229.jpg 1536w, https:\/\/www.technomar.ee\/wp-content\/uploads\/2024\/02\/Frame.9-2048x1638.jpg 2048w\" sizes=\"(max-width: 300px) 100vw, 300px\" \/><\/a><\/li>\n<li><strong>Standardne k\u00f5rge voodi<br \/>\n<\/strong><a class=\"single_photoswipe\" href=\"https:\/\/www.technomar.ee\/wp-content\/uploads\/2024\/02\/Frame.10.jpg\" data-size=\"2480x1984\"><img decoding=\"async\" class=\"size-medium wp-image-1409 alignnone active\" alt=\"\" src=\"https:\/\/www.technomar.ee\/wp-content\/uploads\/2024\/02\/Frame.10-300x240.jpg\" width=\"300\" height=\"240\" srcset=\"https:\/\/www.technomar.ee\/wp-content\/uploads\/2024\/02\/Frame.10-300x240.jpg 300w, https:\/\/www.technomar.ee\/wp-content\/uploads\/2024\/02\/Frame.10-1024x819.jpg 1024w, https:\/\/www.technomar.ee\/wp-content\/uploads\/2024\/02\/Frame.10-768x614.jpg 768w, https:\/\/www.technomar.ee\/wp-content\/uploads\/2024\/02\/Frame.10-500x400.jpg 500w, https:\/\/www.technomar.ee\/wp-content\/uploads\/2024\/02\/Frame.10-1800x1440.jpg 1800w, https:\/\/www.technomar.ee\/wp-content\/uploads\/2024\/02\/Frame.10-1536x1229.jpg 1536w, https:\/\/www.technomar.ee\/wp-content\/uploads\/2024\/02\/Frame.10-2048x1638.jpg 2048w\" sizes=\"(max-width: 300px) 100vw, 300px\" \/><\/a><\/li>\n<li><strong>Standardne madal voodi<\/strong><br \/>\n<a class=\"single_photoswipe\" href=\"https:\/\/www.technomar.ee\/wp-content\/uploads\/2024\/02\/Frame.7.jpg\" data-size=\"2480x1984\"><img decoding=\"async\" class=\"size-medium wp-image-1410 alignnone\" alt=\"\" src=\"https:\/\/www.technomar.ee\/wp-content\/uploads\/2024\/02\/Frame.7-300x240.jpg\" width=\"300\" height=\"240\" srcset=\"https:\/\/www.technomar.ee\/wp-content\/uploads\/2024\/02\/Frame.7-300x240.jpg 300w, https:\/\/www.technomar.ee\/wp-content\/uploads\/2024\/02\/Frame.7-1024x819.jpg 1024w, https:\/\/www.technomar.ee\/wp-content\/uploads\/2024\/02\/Frame.7-768x614.jpg 768w, https:\/\/www.technomar.ee\/wp-content\/uploads\/2024\/02\/Frame.7-500x400.jpg 500w, https:\/\/www.technomar.ee\/wp-content\/uploads\/2024\/02\/Frame.7-1800x1440.jpg 1800w, https:\/\/www.technomar.ee\/wp-content\/uploads\/2024\/02\/Frame.7-1536x1229.jpg 1536w, https:\/\/www.technomar.ee\/wp-content\/uploads\/2024\/02\/Frame.7-2048x1638.jpg 2048w\" sizes=\"(max-width: 300px) 100vw, 300px\" \/><\/a><\/li>\n<li><strong>Standardne k\u00f5rge voodi<br \/>\n<a class=\"single_photoswipe\" href=\"https:\/\/www.technomar.ee\/wp-content\/uploads\/2024\/02\/Frame.8.jpg\" data-size=\"2480x1984\"><img loading=\"lazy\" decoding=\"async\" class=\"size-medium wp-image-1411 alignnone\" alt=\"\" src=\"https:\/\/www.technomar.ee\/wp-content\/uploads\/2024\/02\/Frame.8-300x240.jpg\" width=\"300\" height=\"240\" srcset=\"https:\/\/www.technomar.ee\/wp-content\/uploads\/2024\/02\/Frame.8-300x240.jpg 300w, https:\/\/www.technomar.ee\/wp-content\/uploads\/2024\/02\/Frame.8-1024x819.jpg 1024w, https:\/\/www.technomar.ee\/wp-content\/uploads\/2024\/02\/Frame.8-768x614.jpg 768w, https:\/\/www.technomar.ee\/wp-content\/uploads\/2024\/02\/Frame.8-500x400.jpg 500w, https:\/\/www.technomar.ee\/wp-content\/uploads\/2024\/02\/Frame.8-1800x1440.jpg 1800w, https:\/\/www.technomar.ee\/wp-content\/uploads\/2024\/02\/Frame.8-1536x1229.jpg 1536w, https:\/\/www.technomar.ee\/wp-content\/uploads\/2024\/02\/Frame.8-2048x1638.jpg 2048w\" sizes=\"(max-width: 300px) 100vw, 300px\" \/><\/a><\/strong><\/li>\n<\/ul>\n\n    <div class=\"xs_social_share_widget xs_share_url after_content \t\tmain_content  wslu-style-1 wslu-share-box-shaped wslu-fill-colored wslu-none wslu-share-horizontal wslu-theme-font-no wslu-main_content\">\n\n\t\t\n        <ul>\n\t\t\t        <\/ul>\n    <\/div> \n","protected":false},"excerpt":{"rendered":"<p>MEIE KAUBAM\u00c4RK ESTA DESIGN KEHASTAB SKANDINAAVIA ELEGANTSET JA MINIMALISTLIKKU STIILI &nbsp; MEIST Valime hoolikalt materjale ja komponente, alates liimidest kuni viimistlusmaterjalideni, mis eraldavad v\u00f5imalikult v\u00e4he saasteaineid. Meie tooted vastavad k\u00f5rgeimatele toksiliste emissioonide standarditele ja j\u00e4rgivad k\u00f5ige rangemaid tervisen\u00f5udeid. Uusimate tehnoloogiliste saavutuste kasutamine v\u00f5imaldab ettev\u00f5ttel toota kvaliteetseid tooteid algusest peale. &nbsp; Miks ESTA design? Lihtsuse ja<br \/><a class=\"read-more\" href=\"https:\/\/www.technomar.ee\/et\/tooted\/mooblikomponendid\/esta-disainmoobel\/\">Continue reading<span class=\"sr-only\">: ESTA disainm\u00f6\u00f6bel<\/span><span class=\"meta-nav\">&rarr;<\/span><\/a><\/p>\n","protected":false},"author":2,"featured_media":0,"parent":2005,"menu_order":0,"comment_status":"closed","ping_status":"closed","template":"","meta":{"_acf_changed":false,"postBodyCss":"","postBodyMargin":[],"postBodyPadding":[],"postBodyBackground":{"backgroundType":"classic","gradient":""},"footnotes":""},"class_list":["post-1849","page","type-page","status-publish","hentry"],"acf":[],"yoast_head":"<!-- This site is optimized with the Yoast SEO plugin v22.5 - https:\/\/yoast.com\/wordpress\/plugins\/seo\/ -->\n<title>ESTA disainm\u00f6\u00f6bel - Technomar &amp; Adrem<\/title>\n<meta name=\"robots\" content=\"index, follow, max-snippet:-1, max-image-preview:large, max-video-preview:-1\" \/>\n<link rel=\"canonical\" href=\"https:\/\/www.technomar.ee\/et\/tooted\/mooblikomponendid\/esta-disainmoobel\/\" \/>\n<meta property=\"og:locale\" content=\"et_EE\" \/>\n<meta property=\"og:type\" content=\"article\" \/>\n<meta property=\"og:title\" content=\"ESTA disainm\u00f6\u00f6bel - Technomar &amp; Adrem\" \/>\n<meta property=\"og:description\" content=\"MEIE KAUBAM\u00c4RK ESTA DESIGN KEHASTAB SKANDINAAVIA ELEGANTSET JA MINIMALISTLIKKU STIILI &nbsp; MEIST Valime hoolikalt materjale ja komponente, alates liimidest kuni viimistlusmaterjalideni, mis eraldavad v\u00f5imalikult v\u00e4he saasteaineid. Meie tooted vastavad k\u00f5rgeimatele toksiliste emissioonide standarditele ja j\u00e4rgivad k\u00f5ige rangemaid tervisen\u00f5udeid. Uusimate tehnoloogiliste saavutuste kasutamine v\u00f5imaldab ettev\u00f5ttel toota kvaliteetseid tooteid algusest peale. &nbsp; Miks ESTA design? Lihtsuse jaContinue reading: ESTA disainm\u00f6\u00f6bel&rarr;\" \/>\n<meta property=\"og:url\" content=\"https:\/\/www.technomar.ee\/et\/tooted\/mooblikomponendid\/esta-disainmoobel\/\" \/>\n<meta property=\"og:site_name\" content=\"Technomar &amp; Adrem\" \/>\n<meta property=\"article:modified_time\" content=\"2025-10-15T11:27:37+00:00\" \/>\n<meta property=\"og:image\" content=\"https:\/\/www.technomar.ee\/wp-content\/uploads\/2024\/02\/Frame.9-300x240.jpg\" \/>\n<meta name=\"twitter:card\" content=\"summary_large_image\" \/>\n<meta name=\"twitter:label1\" content=\"Est. reading time\" \/>\n\t<meta name=\"twitter:data1\" content=\"1 minut\" \/>\n<script type=\"application\/ld+json\" class=\"yoast-schema-graph\">{\"@context\":\"https:\/\/schema.org\",\"@graph\":[{\"@type\":\"WebPage\",\"@id\":\"https:\/\/www.technomar.ee\/et\/tooted\/mooblikomponendid\/esta-disainmoobel\/\",\"url\":\"https:\/\/www.technomar.ee\/et\/tooted\/mooblikomponendid\/esta-disainmoobel\/\",\"name\":\"ESTA disainm\u00f6\u00f6bel - Technomar &amp; Adrem\",\"isPartOf\":{\"@id\":\"https:\/\/www.technomar.ee\/et\/#website\"},\"primaryImageOfPage\":{\"@id\":\"https:\/\/www.technomar.ee\/et\/tooted\/mooblikomponendid\/esta-disainmoobel\/#primaryimage\"},\"image\":{\"@id\":\"https:\/\/www.technomar.ee\/et\/tooted\/mooblikomponendid\/esta-disainmoobel\/#primaryimage\"},\"thumbnailUrl\":\"https:\/\/www.technomar.ee\/wp-content\/uploads\/2024\/02\/Frame.9-300x240.jpg\",\"datePublished\":\"2024-02-01T12:21:18+00:00\",\"dateModified\":\"2025-10-15T11:27:37+00:00\",\"breadcrumb\":{\"@id\":\"https:\/\/www.technomar.ee\/et\/tooted\/mooblikomponendid\/esta-disainmoobel\/#breadcrumb\"},\"inLanguage\":\"et\",\"potentialAction\":[{\"@type\":\"ReadAction\",\"target\":[\"https:\/\/www.technomar.ee\/et\/tooted\/mooblikomponendid\/esta-disainmoobel\/\"]}]},{\"@type\":\"ImageObject\",\"inLanguage\":\"et\",\"@id\":\"https:\/\/www.technomar.ee\/et\/tooted\/mooblikomponendid\/esta-disainmoobel\/#primaryimage\",\"url\":\"https:\/\/www.technomar.ee\/wp-content\/uploads\/2024\/02\/Frame.9-300x240.jpg\",\"contentUrl\":\"https:\/\/www.technomar.ee\/wp-content\/uploads\/2024\/02\/Frame.9-300x240.jpg\"},{\"@type\":\"BreadcrumbList\",\"@id\":\"https:\/\/www.technomar.ee\/et\/tooted\/mooblikomponendid\/esta-disainmoobel\/#breadcrumb\",\"itemListElement\":[{\"@type\":\"ListItem\",\"position\":1,\"name\":\"Home\",\"item\":\"https:\/\/www.technomar.ee\/et\/\"},{\"@type\":\"ListItem\",\"position\":2,\"name\":\"ESTA disainm\u00f6\u00f6bel\"}]},{\"@type\":\"WebSite\",\"@id\":\"https:\/\/www.technomar.ee\/et\/#website\",\"url\":\"https:\/\/www.technomar.ee\/et\/\",\"name\":\"Technomar &amp; Adrem\",\"description\":\"\",\"potentialAction\":[{\"@type\":\"SearchAction\",\"target\":{\"@type\":\"EntryPoint\",\"urlTemplate\":\"https:\/\/www.technomar.ee\/et\/?s={search_term_string}\"},\"query-input\":\"required name=search_term_string\"}],\"inLanguage\":\"et\"}]}<\/script>\n<!-- \/ Yoast SEO plugin. -->","yoast_head_json":{"title":"ESTA disainm\u00f6\u00f6bel - Technomar &amp; Adrem","robots":{"index":"index","follow":"follow","max-snippet":"max-snippet:-1","max-image-preview":"max-image-preview:large","max-video-preview":"max-video-preview:-1"},"canonical":"https:\/\/www.technomar.ee\/et\/tooted\/mooblikomponendid\/esta-disainmoobel\/","og_locale":"et_EE","og_type":"article","og_title":"ESTA disainm\u00f6\u00f6bel - Technomar &amp; Adrem","og_description":"MEIE KAUBAM\u00c4RK ESTA DESIGN KEHASTAB SKANDINAAVIA ELEGANTSET JA MINIMALISTLIKKU STIILI &nbsp; MEIST Valime hoolikalt materjale ja komponente, alates liimidest kuni viimistlusmaterjalideni, mis eraldavad v\u00f5imalikult v\u00e4he saasteaineid. Meie tooted vastavad k\u00f5rgeimatele toksiliste emissioonide standarditele ja j\u00e4rgivad k\u00f5ige rangemaid tervisen\u00f5udeid. Uusimate tehnoloogiliste saavutuste kasutamine v\u00f5imaldab ettev\u00f5ttel toota kvaliteetseid tooteid algusest peale. &nbsp; Miks ESTA design? Lihtsuse jaContinue reading: ESTA disainm\u00f6\u00f6bel&rarr;","og_url":"https:\/\/www.technomar.ee\/et\/tooted\/mooblikomponendid\/esta-disainmoobel\/","og_site_name":"Technomar &amp; Adrem","article_modified_time":"2025-10-15T11:27:37+00:00","og_image":[{"url":"https:\/\/www.technomar.ee\/wp-content\/uploads\/2024\/02\/Frame.9-300x240.jpg"}],"twitter_card":"summary_large_image","twitter_misc":{"Est. reading time":"1 minut"},"schema":{"@context":"https:\/\/schema.org","@graph":[{"@type":"WebPage","@id":"https:\/\/www.technomar.ee\/et\/tooted\/mooblikomponendid\/esta-disainmoobel\/","url":"https:\/\/www.technomar.ee\/et\/tooted\/mooblikomponendid\/esta-disainmoobel\/","name":"ESTA disainm\u00f6\u00f6bel - Technomar &amp; Adrem","isPartOf":{"@id":"https:\/\/www.technomar.ee\/et\/#website"},"primaryImageOfPage":{"@id":"https:\/\/www.technomar.ee\/et\/tooted\/mooblikomponendid\/esta-disainmoobel\/#primaryimage"},"image":{"@id":"https:\/\/www.technomar.ee\/et\/tooted\/mooblikomponendid\/esta-disainmoobel\/#primaryimage"},"thumbnailUrl":"https:\/\/www.technomar.ee\/wp-content\/uploads\/2024\/02\/Frame.9-300x240.jpg","datePublished":"2024-02-01T12:21:18+00:00","dateModified":"2025-10-15T11:27:37+00:00","breadcrumb":{"@id":"https:\/\/www.technomar.ee\/et\/tooted\/mooblikomponendid\/esta-disainmoobel\/#breadcrumb"},"inLanguage":"et","potentialAction":[{"@type":"ReadAction","target":["https:\/\/www.technomar.ee\/et\/tooted\/mooblikomponendid\/esta-disainmoobel\/"]}]},{"@type":"ImageObject","inLanguage":"et","@id":"https:\/\/www.technomar.ee\/et\/tooted\/mooblikomponendid\/esta-disainmoobel\/#primaryimage","url":"https:\/\/www.technomar.ee\/wp-content\/uploads\/2024\/02\/Frame.9-300x240.jpg","contentUrl":"https:\/\/www.technomar.ee\/wp-content\/uploads\/2024\/02\/Frame.9-300x240.jpg"},{"@type":"BreadcrumbList","@id":"https:\/\/www.technomar.ee\/et\/tooted\/mooblikomponendid\/esta-disainmoobel\/#breadcrumb","itemListElement":[{"@type":"ListItem","position":1,"name":"Home","item":"https:\/\/www.technomar.ee\/et\/"},{"@type":"ListItem","position":2,"name":"ESTA disainm\u00f6\u00f6bel"}]},{"@type":"WebSite","@id":"https:\/\/www.technomar.ee\/et\/#website","url":"https:\/\/www.technomar.ee\/et\/","name":"Technomar &amp; Adrem","description":"","potentialAction":[{"@type":"SearchAction","target":{"@type":"EntryPoint","urlTemplate":"https:\/\/www.technomar.ee\/et\/?s={search_term_string}"},"query-input":"required name=search_term_string"}],"inLanguage":"et"}]}},"_links":{"self":[{"href":"https:\/\/www.technomar.ee\/et\/wp-json\/wp\/v2\/pages\/1849","targetHints":{"allow":["GET"]}}],"collection":[{"href":"https:\/\/www.technomar.ee\/et\/wp-json\/wp\/v2\/pages"}],"about":[{"href":"https:\/\/www.technomar.ee\/et\/wp-json\/wp\/v2\/types\/page"}],"author":[{"embeddable":true,"href":"https:\/\/www.technomar.ee\/et\/wp-json\/wp\/v2\/users\/2"}],"replies":[{"embeddable":true,"href":"https:\/\/www.technomar.ee\/et\/wp-json\/wp\/v2\/comments?post=1849"}],"version-history":[{"count":1,"href":"https:\/\/www.technomar.ee\/et\/wp-json\/wp\/v2\/pages\/1849\/revisions"}],"predecessor-version":[{"id":2007,"href":"https:\/\/www.technomar.ee\/et\/wp-json\/wp\/v2\/pages\/1849\/revisions\/2007"}],"up":[{"embeddable":true,"href":"https:\/\/www.technomar.ee\/et\/wp-json\/wp\/v2\/pages\/2005"}],"wp:attachment":[{"href":"https:\/\/www.technomar.ee\/et\/wp-json\/wp\/v2\/media?parent=1849"}],"curies":[{"name":"wp","href":"https:\/\/api.w.org\/{rel}","templated":true}]}}