{"id":2004,"date":"2015-11-12T04:07:21","date_gmt":"2015-11-12T02:07:21","guid":{"rendered":"https:\/\/www.technomar.ee\/puitkiudplaat\/"},"modified":"2025-10-17T16:17:06","modified_gmt":"2025-10-17T13:17:06","slug":"puitkiudplaat","status":"publish","type":"page","link":"https:\/\/www.technomar.ee\/et\/tooted\/plaatmaterjalid\/puitkiudplaat\/","title":{"rendered":"Puitkiudplaat"},"content":{"rendered":"<p>Puitkiudplaat on puidup\u00f5hine toode, mis saadakse  <a class=\"single_photoswipe\" data-size=\"397x327\" href=\"http:\/\/www.technomar.ee\/wp-content\/uploads\/2015\/11\/harboard3.png\"><img fetchpriority=\"high\" decoding=\"async\" class=\"alignright wp-image-1031 size-medium\" alt=\"puitkiudplaadi\" src=\"http:\/\/www.technomar.ee\/wp-content\/uploads\/2015\/11\/harboard3-300x247.png\" width=\"300\" height=\"247\" srcset=\"https:\/\/www.technomar.ee\/wp-content\/uploads\/2015\/11\/harboard3-300x247.png 300w, https:\/\/www.technomar.ee\/wp-content\/uploads\/2015\/11\/harboard3.png 397w\" sizes=\"(max-width: 300px) 100vw, 300px\" \/><\/a><br \/>\npuidukiudude pressimisel koos s\u00fcnteetiliste vaikudega k\u00f5rge r\u00f5hu ja k\u00f5rgete pressimistemperatuuride all.<\/p>\n<p>Puitkiudplaadil on \u00fchtlane tihedus kogu valmisplaadi ulatuses ja see sobib h\u00e4sti spoonimiseks, lamineerimiseks ja \u00fcldiseks CNC-t\u00f6\u00f6tluseks.<\/p>\n<p>Saadaval on j\u00e4rgmised spetsifikatsioonid:<\/p>\n<p><strong>Paksused:<\/strong><br \/>\n2,5 mm ja 3,2 mm<\/p>\n<p><strong>M\u00f5\u00f5dud:<\/strong><br \/>\n1220 mm x 2440 mm<br \/>\n1220 mm x 2745 mm<br \/>\n1220 mm x 3050 mm<br \/>\n2070 mm x 2800 mm<br \/>\n<a class=\"single_photoswipe\" data-size=\"280x280\" onclick=\"_gaq.push(['_trackEvent', 'outbound-article-int', 'http:\/\/www.technomar.ee\/wp-content\/uploads\/2015\/11\/hardboard2Thumb.jpg', '']);\" href=\"http:\/\/www.technomar.ee\/wp-content\/uploads\/2015\/11\/hardboard2Thumb.jpg\"><img decoding=\"async\" class=\"alignright wp-image-304 size-medium\" alt=\"Puitkiudplaadi  \" src=\"http:\/\/www.technomar.ee\/wp-content\/uploads\/2015\/11\/hardboard2Thumb.jpg\" width=\"300\" height=\"233\"><\/a><\/p>\n<p><strong>Kasutusalad:<\/strong><br \/>\nKaablitrumlite ringid<br \/>\nTeraskaabli pakkimise ringid<br \/>\nKaubaaluste pealispinnad<br \/>\nPuu- ja k\u00f6\u00f6giviljakastid<br \/>\nPildiraamid<br \/>\nM\u00f6\u00f6blikomponendid<\/p>\n<p>Soovi korral saame pakkuda lakitud puitkiudplaati ja v\u00e4rvitud puitkiudplaati<\/p>\n\n    <div class=\"xs_social_share_widget xs_share_url after_content \t\tmain_content  wslu-style-1 wslu-share-box-shaped wslu-fill-colored wslu-none wslu-share-horizontal wslu-theme-font-no wslu-main_content\">\n\n\t\t\n        <ul>\n\t\t\t        <\/ul>\n    <\/div> \n","protected":false},"excerpt":{"rendered":"<p>Puitkiudplaat on puidup\u00f5hine toode, mis saadakse puidukiudude pressimisel koos s\u00fcnteetiliste vaikudega k\u00f5rge r\u00f5hu ja k\u00f5rgete pressimistemperatuuride all. Puitkiudplaadil on \u00fchtlane tihedus kogu valmisplaadi ulatuses ja see sobib h\u00e4sti spoonimiseks, lamineerimiseks ja \u00fcldiseks CNC-t\u00f6\u00f6tluseks. Saadaval on j\u00e4rgmised spetsifikatsioonid: Paksused: 2,5 mm ja 3,2 mm M\u00f5\u00f5dud: 1220 mm x 2440 mm 1220 mm x 2745 mm 1220<br \/><a class=\"read-more\" href=\"https:\/\/www.technomar.ee\/et\/tooted\/plaatmaterjalid\/puitkiudplaat\/\">Continue reading<span class=\"sr-only\">: Puitkiudplaat<\/span><span class=\"meta-nav\">&rarr;<\/span><\/a><\/p>\n","protected":false},"author":1,"featured_media":0,"parent":2802,"menu_order":0,"comment_status":"closed","ping_status":"closed","template":"","meta":{"_acf_changed":false,"postBodyCss":"","postBodyMargin":[],"postBodyPadding":[],"postBodyBackground":{"backgroundType":"classic","gradient":""},"footnotes":""},"class_list":["post-2004","page","type-page","status-publish","hentry"],"acf":[],"yoast_head":"<!-- This site is optimized with the Yoast SEO plugin v22.5 - https:\/\/yoast.com\/wordpress\/plugins\/seo\/ -->\n<title>Puitkiudplaat - Technomar &amp; Adrem<\/title>\n<meta name=\"robots\" content=\"index, follow, max-snippet:-1, max-image-preview:large, max-video-preview:-1\" \/>\n<link rel=\"canonical\" href=\"https:\/\/www.technomar.ee\/et\/tooted\/plaatmaterjalid\/puitkiudplaat\/\" \/>\n<meta property=\"og:locale\" content=\"et_EE\" \/>\n<meta property=\"og:type\" content=\"article\" \/>\n<meta property=\"og:title\" content=\"Puitkiudplaat - Technomar &amp; Adrem\" \/>\n<meta property=\"og:description\" content=\"Puitkiudplaat on puidup\u00f5hine toode, mis saadakse puidukiudude pressimisel koos s\u00fcnteetiliste vaikudega k\u00f5rge r\u00f5hu ja k\u00f5rgete pressimistemperatuuride all. Puitkiudplaadil on \u00fchtlane tihedus kogu valmisplaadi ulatuses ja see sobib h\u00e4sti spoonimiseks, lamineerimiseks ja \u00fcldiseks CNC-t\u00f6\u00f6tluseks. Saadaval on j\u00e4rgmised spetsifikatsioonid: Paksused: 2,5 mm ja 3,2 mm M\u00f5\u00f5dud: 1220 mm x 2440 mm 1220 mm x 2745 mm 1220Continue reading: Puitkiudplaat&rarr;\" \/>\n<meta property=\"og:url\" content=\"https:\/\/www.technomar.ee\/et\/tooted\/plaatmaterjalid\/puitkiudplaat\/\" \/>\n<meta property=\"og:site_name\" content=\"Technomar &amp; Adrem\" \/>\n<meta property=\"article:modified_time\" content=\"2025-10-17T13:17:06+00:00\" \/>\n<meta property=\"og:image\" content=\"http:\/\/www.technomar.ee\/wp-content\/uploads\/2015\/11\/harboard3-300x247.png\" \/>\n<meta name=\"twitter:card\" content=\"summary_large_image\" \/>\n<script type=\"application\/ld+json\" class=\"yoast-schema-graph\">{\"@context\":\"https:\/\/schema.org\",\"@graph\":[{\"@type\":\"WebPage\",\"@id\":\"https:\/\/www.technomar.ee\/et\/tooted\/plaatmaterjalid\/puitkiudplaat\/\",\"url\":\"https:\/\/www.technomar.ee\/et\/tooted\/plaatmaterjalid\/puitkiudplaat\/\",\"name\":\"Puitkiudplaat - Technomar &amp; Adrem\",\"isPartOf\":{\"@id\":\"https:\/\/www.technomar.ee\/et\/#website\"},\"primaryImageOfPage\":{\"@id\":\"https:\/\/www.technomar.ee\/et\/tooted\/plaatmaterjalid\/puitkiudplaat\/#primaryimage\"},\"image\":{\"@id\":\"https:\/\/www.technomar.ee\/et\/tooted\/plaatmaterjalid\/puitkiudplaat\/#primaryimage\"},\"thumbnailUrl\":\"http:\/\/www.technomar.ee\/wp-content\/uploads\/2015\/11\/harboard3-300x247.png\",\"datePublished\":\"2015-11-12T02:07:21+00:00\",\"dateModified\":\"2025-10-17T13:17:06+00:00\",\"breadcrumb\":{\"@id\":\"https:\/\/www.technomar.ee\/et\/tooted\/plaatmaterjalid\/puitkiudplaat\/#breadcrumb\"},\"inLanguage\":\"et\",\"potentialAction\":[{\"@type\":\"ReadAction\",\"target\":[\"https:\/\/www.technomar.ee\/et\/tooted\/plaatmaterjalid\/puitkiudplaat\/\"]}]},{\"@type\":\"ImageObject\",\"inLanguage\":\"et\",\"@id\":\"https:\/\/www.technomar.ee\/et\/tooted\/plaatmaterjalid\/puitkiudplaat\/#primaryimage\",\"url\":\"http:\/\/www.technomar.ee\/wp-content\/uploads\/2015\/11\/harboard3-300x247.png\",\"contentUrl\":\"http:\/\/www.technomar.ee\/wp-content\/uploads\/2015\/11\/harboard3-300x247.png\"},{\"@type\":\"BreadcrumbList\",\"@id\":\"https:\/\/www.technomar.ee\/et\/tooted\/plaatmaterjalid\/puitkiudplaat\/#breadcrumb\",\"itemListElement\":[{\"@type\":\"ListItem\",\"position\":1,\"name\":\"Home\",\"item\":\"https:\/\/www.technomar.ee\/et\/\"},{\"@type\":\"ListItem\",\"position\":2,\"name\":\"Tooted\",\"item\":\"https:\/\/www.technomar.ee\/et\/tooted\/\"},{\"@type\":\"ListItem\",\"position\":3,\"name\":\"Plaatmaterjalid\",\"item\":\"https:\/\/www.technomar.ee\/et\/tooted\/plaatmaterjalid\/\"},{\"@type\":\"ListItem\",\"position\":4,\"name\":\"Puitkiudplaat\"}]},{\"@type\":\"WebSite\",\"@id\":\"https:\/\/www.technomar.ee\/et\/#website\",\"url\":\"https:\/\/www.technomar.ee\/et\/\",\"name\":\"Technomar &amp; Adrem\",\"description\":\"\",\"potentialAction\":[{\"@type\":\"SearchAction\",\"target\":{\"@type\":\"EntryPoint\",\"urlTemplate\":\"https:\/\/www.technomar.ee\/et\/?s={search_term_string}\"},\"query-input\":\"required name=search_term_string\"}],\"inLanguage\":\"et\"}]}<\/script>\n<!-- \/ Yoast SEO plugin. -->","yoast_head_json":{"title":"Puitkiudplaat - Technomar &amp; Adrem","robots":{"index":"index","follow":"follow","max-snippet":"max-snippet:-1","max-image-preview":"max-image-preview:large","max-video-preview":"max-video-preview:-1"},"canonical":"https:\/\/www.technomar.ee\/et\/tooted\/plaatmaterjalid\/puitkiudplaat\/","og_locale":"et_EE","og_type":"article","og_title":"Puitkiudplaat - Technomar &amp; Adrem","og_description":"Puitkiudplaat on puidup\u00f5hine toode, mis saadakse puidukiudude pressimisel koos s\u00fcnteetiliste vaikudega k\u00f5rge r\u00f5hu ja k\u00f5rgete pressimistemperatuuride all. Puitkiudplaadil on \u00fchtlane tihedus kogu valmisplaadi ulatuses ja see sobib h\u00e4sti spoonimiseks, lamineerimiseks ja \u00fcldiseks CNC-t\u00f6\u00f6tluseks. Saadaval on j\u00e4rgmised spetsifikatsioonid: Paksused: 2,5 mm ja 3,2 mm M\u00f5\u00f5dud: 1220 mm x 2440 mm 1220 mm x 2745 mm 1220Continue reading: Puitkiudplaat&rarr;","og_url":"https:\/\/www.technomar.ee\/et\/tooted\/plaatmaterjalid\/puitkiudplaat\/","og_site_name":"Technomar &amp; Adrem","article_modified_time":"2025-10-17T13:17:06+00:00","og_image":[{"url":"http:\/\/www.technomar.ee\/wp-content\/uploads\/2015\/11\/harboard3-300x247.png"}],"twitter_card":"summary_large_image","schema":{"@context":"https:\/\/schema.org","@graph":[{"@type":"WebPage","@id":"https:\/\/www.technomar.ee\/et\/tooted\/plaatmaterjalid\/puitkiudplaat\/","url":"https:\/\/www.technomar.ee\/et\/tooted\/plaatmaterjalid\/puitkiudplaat\/","name":"Puitkiudplaat - Technomar &amp; Adrem","isPartOf":{"@id":"https:\/\/www.technomar.ee\/et\/#website"},"primaryImageOfPage":{"@id":"https:\/\/www.technomar.ee\/et\/tooted\/plaatmaterjalid\/puitkiudplaat\/#primaryimage"},"image":{"@id":"https:\/\/www.technomar.ee\/et\/tooted\/plaatmaterjalid\/puitkiudplaat\/#primaryimage"},"thumbnailUrl":"http:\/\/www.technomar.ee\/wp-content\/uploads\/2015\/11\/harboard3-300x247.png","datePublished":"2015-11-12T02:07:21+00:00","dateModified":"2025-10-17T13:17:06+00:00","breadcrumb":{"@id":"https:\/\/www.technomar.ee\/et\/tooted\/plaatmaterjalid\/puitkiudplaat\/#breadcrumb"},"inLanguage":"et","potentialAction":[{"@type":"ReadAction","target":["https:\/\/www.technomar.ee\/et\/tooted\/plaatmaterjalid\/puitkiudplaat\/"]}]},{"@type":"ImageObject","inLanguage":"et","@id":"https:\/\/www.technomar.ee\/et\/tooted\/plaatmaterjalid\/puitkiudplaat\/#primaryimage","url":"http:\/\/www.technomar.ee\/wp-content\/uploads\/2015\/11\/harboard3-300x247.png","contentUrl":"http:\/\/www.technomar.ee\/wp-content\/uploads\/2015\/11\/harboard3-300x247.png"},{"@type":"BreadcrumbList","@id":"https:\/\/www.technomar.ee\/et\/tooted\/plaatmaterjalid\/puitkiudplaat\/#breadcrumb","itemListElement":[{"@type":"ListItem","position":1,"name":"Home","item":"https:\/\/www.technomar.ee\/et\/"},{"@type":"ListItem","position":2,"name":"Tooted","item":"https:\/\/www.technomar.ee\/et\/tooted\/"},{"@type":"ListItem","position":3,"name":"Plaatmaterjalid","item":"https:\/\/www.technomar.ee\/et\/tooted\/plaatmaterjalid\/"},{"@type":"ListItem","position":4,"name":"Puitkiudplaat"}]},{"@type":"WebSite","@id":"https:\/\/www.technomar.ee\/et\/#website","url":"https:\/\/www.technomar.ee\/et\/","name":"Technomar &amp; Adrem","description":"","potentialAction":[{"@type":"SearchAction","target":{"@type":"EntryPoint","urlTemplate":"https:\/\/www.technomar.ee\/et\/?s={search_term_string}"},"query-input":"required name=search_term_string"}],"inLanguage":"et"}]}},"_links":{"self":[{"href":"https:\/\/www.technomar.ee\/et\/wp-json\/wp\/v2\/pages\/2004","targetHints":{"allow":["GET"]}}],"collection":[{"href":"https:\/\/www.technomar.ee\/et\/wp-json\/wp\/v2\/pages"}],"about":[{"href":"https:\/\/www.technomar.ee\/et\/wp-json\/wp\/v2\/types\/page"}],"author":[{"embeddable":true,"href":"https:\/\/www.technomar.ee\/et\/wp-json\/wp\/v2\/users\/1"}],"replies":[{"embeddable":true,"href":"https:\/\/www.technomar.ee\/et\/wp-json\/wp\/v2\/comments?post=2004"}],"version-history":[{"count":1,"href":"https:\/\/www.technomar.ee\/et\/wp-json\/wp\/v2\/pages\/2004\/revisions"}],"predecessor-version":[{"id":2808,"href":"https:\/\/www.technomar.ee\/et\/wp-json\/wp\/v2\/pages\/2004\/revisions\/2808"}],"up":[{"embeddable":true,"href":"https:\/\/www.technomar.ee\/et\/wp-json\/wp\/v2\/pages\/2802"}],"wp:attachment":[{"href":"https:\/\/www.technomar.ee\/et\/wp-json\/wp\/v2\/media?parent=2004"}],"curies":[{"name":"wp","href":"https:\/\/api.w.org\/{rel}","templated":true}]}}