{"id":2016,"date":"2015-12-02T09:03:11","date_gmt":"2015-12-02T07:03:11","guid":{"rendered":"https:\/\/www.technomar.ee\/galeriid\/"},"modified":"2015-12-02T09:03:11","modified_gmt":"2015-12-02T07:03:11","slug":"galeriid","status":"publish","type":"page","link":"https:\/\/www.technomar.ee\/et\/galeriid\/","title":{"rendered":"Galeriid"},"content":{"rendered":"<div class=\"row text-center\">\n<div class=\"col-xs-12 col-sm-6\">\n<p style=\"text-align: center;\"><a href=\"http:\/\/www.technomar.ee\/gallery\/parquet-flooring-factory\/\"><img fetchpriority=\"high\" decoding=\"async\" class=\"wp-image-893 aligncenter active\" alt=\"2635\" src=\"http:\/\/www.technomar.ee\/wp-content\/uploads\/2015\/12\/2635-300x200.jpg\" width=\"369\" height=\"246\" srcset=\"https:\/\/www.technomar.ee\/wp-content\/uploads\/2015\/12\/2635-300x200.jpg 300w, https:\/\/www.technomar.ee\/wp-content\/uploads\/2015\/12\/2635-500x334.jpg 500w, https:\/\/www.technomar.ee\/wp-content\/uploads\/2015\/12\/2635.jpg 1000w\" sizes=\"(max-width: 369px) 100vw, 369px\" \/><\/a><\/p>\n<h3><a href=\"http:\/\/www.technomar.ee\/gallery\/parquet-flooring-factory\/\">Parketitehas<\/a><\/h3>\n<\/div>\n<div class=\"col-xs-12 col-sm-6\">\n<p><a href=\"http:\/\/www.technomar.ee\/gallery\/furniture-and-plywood-components-factory\/\"><img decoding=\"async\" class=\"wp-image-670 aligncenter\" alt=\"CNC1\" src=\"https:\/\/www.technomar.ee\/wp-content\/uploads\/2015\/12\/CNC1-300x200.jpg\" width=\"364\" height=\"242\" srcset=\"https:\/\/www.technomar.ee\/wp-content\/uploads\/2015\/12\/CNC1-300x200.jpg 300w, https:\/\/www.technomar.ee\/wp-content\/uploads\/2015\/12\/CNC1-1024x683.jpg 1024w, https:\/\/www.technomar.ee\/wp-content\/uploads\/2015\/12\/CNC1-500x333.jpg 500w, https:\/\/www.technomar.ee\/wp-content\/uploads\/2015\/12\/CNC1-1800x1200.jpg 1800w\" sizes=\"(max-width: 364px) 100vw, 364px\" \/><\/a><\/p>\n<h3><a href=\"http:\/\/www.technomar.ee\/gallery\/furniture-and-plywood-components-factory\/\">M\u00f6\u00f6bli- ja vineerikomponentide tehas<\/a><\/h3>\n<\/div>\n<\/div>\n<div class=\"row text-center\">\n<div class=\"col-xs-12 col-sm-6\">\n<p>&nbsp;<\/p>\n<h3><a href=\"http:\/\/www.technomar.ee\/gallery\/cable-drums-and-flanges-factory\/\"><img decoding=\"async\" class=\"wp-image-812 aligncenter\" alt=\"DSCF5181\" src=\"https:\/\/www.technomar.ee\/wp-content\/uploads\/2015\/12\/DSCF5181-300x225.jpg\" width=\"347\" height=\"259\" srcset=\"https:\/\/www.technomar.ee\/wp-content\/uploads\/2015\/12\/DSCF5181-300x225.jpg 300w, https:\/\/www.technomar.ee\/wp-content\/uploads\/2015\/12\/DSCF5181-1024x768.jpg 1024w, https:\/\/www.technomar.ee\/wp-content\/uploads\/2015\/12\/DSCF5181-500x375.jpg 500w, https:\/\/www.technomar.ee\/wp-content\/uploads\/2015\/12\/DSCF5181-1800x1350.jpg 1800w\" sizes=\"(max-width: 347px) 100vw, 347px\" \/><\/a><a href=\"http:\/\/www.technomar.ee\/gallery\/cable-drums-and-flanges-factory\/\">Kaablitrumlite ja \u00e4\u00e4rikute tehas<\/a><\/h3>\n<\/div>\n<div class=\"col-xs-12 col-sm-6\">\n<p>&nbsp;<\/p>\n<h3><a href=\"http:\/\/www.technomar.ee\/gallery\/packaging-factory\/\"><img loading=\"lazy\" decoding=\"async\" class=\"wp-image-836 aligncenter\" alt=\"Technobox_06\" src=\"https:\/\/www.technomar.ee\/wp-content\/uploads\/2015\/12\/Technobox_06-300x200.jpg\" width=\"401\" height=\"268\" srcset=\"https:\/\/www.technomar.ee\/wp-content\/uploads\/2015\/12\/Technobox_06-300x200.jpg 300w, https:\/\/www.technomar.ee\/wp-content\/uploads\/2015\/12\/Technobox_06-1024x683.jpg 1024w, https:\/\/www.technomar.ee\/wp-content\/uploads\/2015\/12\/Technobox_06-500x333.jpg 500w, https:\/\/www.technomar.ee\/wp-content\/uploads\/2015\/12\/Technobox_06-1800x1200.jpg 1800w\" sizes=\"(max-width: 401px) 100vw, 401px\" \/><\/a><a href=\"http:\/\/www.technomar.ee\/gallery\/packaging-factory\/\">Pakenditehas<\/a><\/h3>\n<\/div>\n<\/div>\n\n    <div class=\"xs_social_share_widget xs_share_url after_content \t\tmain_content  wslu-style-1 wslu-share-box-shaped wslu-fill-colored wslu-none wslu-share-horizontal wslu-theme-font-no wslu-main_content\">\n\n\t\t\n        <ul>\n\t\t\t        <\/ul>\n    <\/div> \n","protected":false},"excerpt":{"rendered":"<p>Parketitehas M\u00f6\u00f6bli- ja vineerikomponentide tehas &nbsp; Kaablitrumlite ja \u00e4\u00e4rikute tehas &nbsp; Pakenditehas<\/p>\n","protected":false},"author":1,"featured_media":0,"parent":0,"menu_order":0,"comment_status":"closed","ping_status":"closed","template":"","meta":{"_acf_changed":false,"postBodyCss":"","postBodyMargin":[],"postBodyPadding":[],"postBodyBackground":{"backgroundType":"classic","gradient":""},"footnotes":""},"class_list":["post-2016","page","type-page","status-publish","hentry"],"acf":[],"yoast_head":"<!-- This site is optimized with the Yoast SEO plugin v22.5 - https:\/\/yoast.com\/wordpress\/plugins\/seo\/ -->\n<title>Galeriid - Technomar &amp; Adrem<\/title>\n<meta name=\"robots\" content=\"index, follow, max-snippet:-1, max-image-preview:large, max-video-preview:-1\" \/>\n<link rel=\"canonical\" href=\"https:\/\/www.technomar.ee\/et\/galeriid\/\" \/>\n<meta property=\"og:locale\" content=\"et_EE\" \/>\n<meta property=\"og:type\" content=\"article\" \/>\n<meta property=\"og:title\" content=\"Galeriid - Technomar &amp; Adrem\" \/>\n<meta property=\"og:description\" content=\"Parketitehas M\u00f6\u00f6bli- ja vineerikomponentide tehas &nbsp; Kaablitrumlite ja \u00e4\u00e4rikute tehas &nbsp; Pakenditehas\" \/>\n<meta property=\"og:url\" content=\"https:\/\/www.technomar.ee\/et\/galeriid\/\" \/>\n<meta property=\"og:site_name\" content=\"Technomar &amp; Adrem\" \/>\n<meta property=\"og:image\" content=\"http:\/\/www.technomar.ee\/wp-content\/uploads\/2015\/12\/2635-300x200.jpg\" \/>\n<meta name=\"twitter:card\" content=\"summary_large_image\" \/>\n<script type=\"application\/ld+json\" class=\"yoast-schema-graph\">{\"@context\":\"https:\/\/schema.org\",\"@graph\":[{\"@type\":\"WebPage\",\"@id\":\"https:\/\/www.technomar.ee\/et\/galeriid\/\",\"url\":\"https:\/\/www.technomar.ee\/et\/galeriid\/\",\"name\":\"Galeriid - Technomar &amp; Adrem\",\"isPartOf\":{\"@id\":\"https:\/\/www.technomar.ee\/et\/#website\"},\"primaryImageOfPage\":{\"@id\":\"https:\/\/www.technomar.ee\/et\/galeriid\/#primaryimage\"},\"image\":{\"@id\":\"https:\/\/www.technomar.ee\/et\/galeriid\/#primaryimage\"},\"thumbnailUrl\":\"http:\/\/www.technomar.ee\/wp-content\/uploads\/2015\/12\/2635-300x200.jpg\",\"datePublished\":\"2015-12-02T07:03:11+00:00\",\"dateModified\":\"2015-12-02T07:03:11+00:00\",\"breadcrumb\":{\"@id\":\"https:\/\/www.technomar.ee\/et\/galeriid\/#breadcrumb\"},\"inLanguage\":\"et\",\"potentialAction\":[{\"@type\":\"ReadAction\",\"target\":[\"https:\/\/www.technomar.ee\/et\/galeriid\/\"]}]},{\"@type\":\"ImageObject\",\"inLanguage\":\"et\",\"@id\":\"https:\/\/www.technomar.ee\/et\/galeriid\/#primaryimage\",\"url\":\"http:\/\/www.technomar.ee\/wp-content\/uploads\/2015\/12\/2635-300x200.jpg\",\"contentUrl\":\"http:\/\/www.technomar.ee\/wp-content\/uploads\/2015\/12\/2635-300x200.jpg\"},{\"@type\":\"BreadcrumbList\",\"@id\":\"https:\/\/www.technomar.ee\/et\/galeriid\/#breadcrumb\",\"itemListElement\":[{\"@type\":\"ListItem\",\"position\":1,\"name\":\"Home\",\"item\":\"https:\/\/www.technomar.ee\/et\/\"},{\"@type\":\"ListItem\",\"position\":2,\"name\":\"Galeriid\"}]},{\"@type\":\"WebSite\",\"@id\":\"https:\/\/www.technomar.ee\/et\/#website\",\"url\":\"https:\/\/www.technomar.ee\/et\/\",\"name\":\"Technomar &amp; Adrem\",\"description\":\"\",\"potentialAction\":[{\"@type\":\"SearchAction\",\"target\":{\"@type\":\"EntryPoint\",\"urlTemplate\":\"https:\/\/www.technomar.ee\/et\/?s={search_term_string}\"},\"query-input\":\"required name=search_term_string\"}],\"inLanguage\":\"et\"}]}<\/script>\n<!-- \/ Yoast SEO plugin. -->","yoast_head_json":{"title":"Galeriid - Technomar &amp; Adrem","robots":{"index":"index","follow":"follow","max-snippet":"max-snippet:-1","max-image-preview":"max-image-preview:large","max-video-preview":"max-video-preview:-1"},"canonical":"https:\/\/www.technomar.ee\/et\/galeriid\/","og_locale":"et_EE","og_type":"article","og_title":"Galeriid - Technomar &amp; Adrem","og_description":"Parketitehas M\u00f6\u00f6bli- ja vineerikomponentide tehas &nbsp; Kaablitrumlite ja \u00e4\u00e4rikute tehas &nbsp; Pakenditehas","og_url":"https:\/\/www.technomar.ee\/et\/galeriid\/","og_site_name":"Technomar &amp; Adrem","og_image":[{"url":"http:\/\/www.technomar.ee\/wp-content\/uploads\/2015\/12\/2635-300x200.jpg"}],"twitter_card":"summary_large_image","schema":{"@context":"https:\/\/schema.org","@graph":[{"@type":"WebPage","@id":"https:\/\/www.technomar.ee\/et\/galeriid\/","url":"https:\/\/www.technomar.ee\/et\/galeriid\/","name":"Galeriid - Technomar &amp; Adrem","isPartOf":{"@id":"https:\/\/www.technomar.ee\/et\/#website"},"primaryImageOfPage":{"@id":"https:\/\/www.technomar.ee\/et\/galeriid\/#primaryimage"},"image":{"@id":"https:\/\/www.technomar.ee\/et\/galeriid\/#primaryimage"},"thumbnailUrl":"http:\/\/www.technomar.ee\/wp-content\/uploads\/2015\/12\/2635-300x200.jpg","datePublished":"2015-12-02T07:03:11+00:00","dateModified":"2015-12-02T07:03:11+00:00","breadcrumb":{"@id":"https:\/\/www.technomar.ee\/et\/galeriid\/#breadcrumb"},"inLanguage":"et","potentialAction":[{"@type":"ReadAction","target":["https:\/\/www.technomar.ee\/et\/galeriid\/"]}]},{"@type":"ImageObject","inLanguage":"et","@id":"https:\/\/www.technomar.ee\/et\/galeriid\/#primaryimage","url":"http:\/\/www.technomar.ee\/wp-content\/uploads\/2015\/12\/2635-300x200.jpg","contentUrl":"http:\/\/www.technomar.ee\/wp-content\/uploads\/2015\/12\/2635-300x200.jpg"},{"@type":"BreadcrumbList","@id":"https:\/\/www.technomar.ee\/et\/galeriid\/#breadcrumb","itemListElement":[{"@type":"ListItem","position":1,"name":"Home","item":"https:\/\/www.technomar.ee\/et\/"},{"@type":"ListItem","position":2,"name":"Galeriid"}]},{"@type":"WebSite","@id":"https:\/\/www.technomar.ee\/et\/#website","url":"https:\/\/www.technomar.ee\/et\/","name":"Technomar &amp; Adrem","description":"","potentialAction":[{"@type":"SearchAction","target":{"@type":"EntryPoint","urlTemplate":"https:\/\/www.technomar.ee\/et\/?s={search_term_string}"},"query-input":"required name=search_term_string"}],"inLanguage":"et"}]}},"_links":{"self":[{"href":"https:\/\/www.technomar.ee\/et\/wp-json\/wp\/v2\/pages\/2016","targetHints":{"allow":["GET"]}}],"collection":[{"href":"https:\/\/www.technomar.ee\/et\/wp-json\/wp\/v2\/pages"}],"about":[{"href":"https:\/\/www.technomar.ee\/et\/wp-json\/wp\/v2\/types\/page"}],"author":[{"embeddable":true,"href":"https:\/\/www.technomar.ee\/et\/wp-json\/wp\/v2\/users\/1"}],"replies":[{"embeddable":true,"href":"https:\/\/www.technomar.ee\/et\/wp-json\/wp\/v2\/comments?post=2016"}],"version-history":[{"count":0,"href":"https:\/\/www.technomar.ee\/et\/wp-json\/wp\/v2\/pages\/2016\/revisions"}],"wp:attachment":[{"href":"https:\/\/www.technomar.ee\/et\/wp-json\/wp\/v2\/media?parent=2016"}],"curies":[{"name":"wp","href":"https:\/\/api.w.org\/{rel}","templated":true}]}}