{"id":2028,"date":"2015-11-12T04:00:15","date_gmt":"2015-11-12T02:00:15","guid":{"rendered":"https:\/\/www.technomar.ee\/tooted\/mooblikomponendid\/sormjatkatud-komponendid\/"},"modified":"2015-11-12T04:00:15","modified_gmt":"2015-11-12T02:00:15","slug":"sormjatkatud-komponendid","status":"publish","type":"page","link":"https:\/\/www.technomar.ee\/et\/tooted\/mooblikomponendid\/sormjatkatud-komponendid\/","title":{"rendered":"S\u00d5RMJ\u00c4TKATUD KOMPONENDID"},"content":{"rendered":"<p>S\u00f5rmj\u00e4tket kasutatakse k\u00f5ige sagedamini pikemate puitdetailide moodustamiseks. Seda saab kasutada ka servliimitud paneelide, sahtlite k\u00fclgede ja teiste m\u00f6\u00f6blikomponentide tootmisel. <\/p>\n\n    <div class=\"xs_social_share_widget xs_share_url after_content \t\tmain_content  wslu-style-1 wslu-share-box-shaped wslu-fill-colored wslu-none wslu-share-horizontal wslu-theme-font-no wslu-main_content\">\n\n\t\t\n        <ul>\n\t\t\t        <\/ul>\n    <\/div> \n","protected":false},"excerpt":{"rendered":"<p>S\u00f5rmj\u00e4tket kasutatakse k\u00f5ige sagedamini pikemate puitdetailide moodustamiseks. Seda saab kasutada ka servliimitud paneelide, sahtlite k\u00fclgede ja teiste m\u00f6\u00f6blikomponentide tootmisel.<\/p>\n","protected":false},"author":1,"featured_media":0,"parent":2005,"menu_order":0,"comment_status":"closed","ping_status":"closed","template":"","meta":{"_acf_changed":false,"postBodyCss":"","postBodyMargin":[],"postBodyPadding":[],"postBodyBackground":{"backgroundType":"classic","gradient":""},"footnotes":""},"class_list":["post-2028","page","type-page","status-publish","hentry"],"acf":[],"yoast_head":"<!-- This site is optimized with the Yoast SEO plugin v22.5 - https:\/\/yoast.com\/wordpress\/plugins\/seo\/ -->\n<title>S\u00d5RMJ\u00c4TKATUD KOMPONENDID - Technomar &amp; Adrem<\/title>\n<meta name=\"robots\" content=\"index, follow, max-snippet:-1, max-image-preview:large, max-video-preview:-1\" \/>\n<link rel=\"canonical\" href=\"https:\/\/www.technomar.ee\/et\/tooted\/mooblikomponendid\/sormjatkatud-komponendid\/\" \/>\n<meta property=\"og:locale\" content=\"et_EE\" \/>\n<meta property=\"og:type\" content=\"article\" \/>\n<meta property=\"og:title\" content=\"S\u00d5RMJ\u00c4TKATUD KOMPONENDID - Technomar &amp; Adrem\" \/>\n<meta property=\"og:description\" content=\"S\u00f5rmj\u00e4tket kasutatakse k\u00f5ige sagedamini pikemate puitdetailide moodustamiseks. Seda saab kasutada ka servliimitud paneelide, sahtlite k\u00fclgede ja teiste m\u00f6\u00f6blikomponentide tootmisel.\" \/>\n<meta property=\"og:url\" content=\"https:\/\/www.technomar.ee\/et\/tooted\/mooblikomponendid\/sormjatkatud-komponendid\/\" \/>\n<meta property=\"og:site_name\" content=\"Technomar &amp; Adrem\" \/>\n<meta name=\"twitter:card\" content=\"summary_large_image\" \/>\n<script type=\"application\/ld+json\" class=\"yoast-schema-graph\">{\"@context\":\"https:\/\/schema.org\",\"@graph\":[{\"@type\":\"WebPage\",\"@id\":\"https:\/\/www.technomar.ee\/et\/tooted\/mooblikomponendid\/sormjatkatud-komponendid\/\",\"url\":\"https:\/\/www.technomar.ee\/et\/tooted\/mooblikomponendid\/sormjatkatud-komponendid\/\",\"name\":\"S\u00d5RMJ\u00c4TKATUD KOMPONENDID - Technomar &amp; Adrem\",\"isPartOf\":{\"@id\":\"https:\/\/www.technomar.ee\/et\/#website\"},\"datePublished\":\"2015-11-12T02:00:15+00:00\",\"dateModified\":\"2015-11-12T02:00:15+00:00\",\"breadcrumb\":{\"@id\":\"https:\/\/www.technomar.ee\/et\/tooted\/mooblikomponendid\/sormjatkatud-komponendid\/#breadcrumb\"},\"inLanguage\":\"et\",\"potentialAction\":[{\"@type\":\"ReadAction\",\"target\":[\"https:\/\/www.technomar.ee\/et\/tooted\/mooblikomponendid\/sormjatkatud-komponendid\/\"]}]},{\"@type\":\"BreadcrumbList\",\"@id\":\"https:\/\/www.technomar.ee\/et\/tooted\/mooblikomponendid\/sormjatkatud-komponendid\/#breadcrumb\",\"itemListElement\":[{\"@type\":\"ListItem\",\"position\":1,\"name\":\"Home\",\"item\":\"https:\/\/www.technomar.ee\/et\/\"},{\"@type\":\"ListItem\",\"position\":2,\"name\":\"Tooted\",\"item\":\"https:\/\/www.technomar.ee\/et\/tooted\/\"},{\"@type\":\"ListItem\",\"position\":3,\"name\":\"M\u00f6\u00f6blikomponendid\",\"item\":\"https:\/\/www.technomar.ee\/et\/tooted\/mooblikomponendid\/\"},{\"@type\":\"ListItem\",\"position\":4,\"name\":\"S\u00d5RMJ\u00c4TKATUD KOMPONENDID\"}]},{\"@type\":\"WebSite\",\"@id\":\"https:\/\/www.technomar.ee\/et\/#website\",\"url\":\"https:\/\/www.technomar.ee\/et\/\",\"name\":\"Technomar &amp; Adrem\",\"description\":\"\",\"potentialAction\":[{\"@type\":\"SearchAction\",\"target\":{\"@type\":\"EntryPoint\",\"urlTemplate\":\"https:\/\/www.technomar.ee\/et\/?s={search_term_string}\"},\"query-input\":\"required name=search_term_string\"}],\"inLanguage\":\"et\"}]}<\/script>\n<!-- \/ Yoast SEO plugin. -->","yoast_head_json":{"title":"S\u00d5RMJ\u00c4TKATUD KOMPONENDID - Technomar &amp; Adrem","robots":{"index":"index","follow":"follow","max-snippet":"max-snippet:-1","max-image-preview":"max-image-preview:large","max-video-preview":"max-video-preview:-1"},"canonical":"https:\/\/www.technomar.ee\/et\/tooted\/mooblikomponendid\/sormjatkatud-komponendid\/","og_locale":"et_EE","og_type":"article","og_title":"S\u00d5RMJ\u00c4TKATUD KOMPONENDID - Technomar &amp; Adrem","og_description":"S\u00f5rmj\u00e4tket kasutatakse k\u00f5ige sagedamini pikemate puitdetailide moodustamiseks. Seda saab kasutada ka servliimitud paneelide, sahtlite k\u00fclgede ja teiste m\u00f6\u00f6blikomponentide tootmisel.","og_url":"https:\/\/www.technomar.ee\/et\/tooted\/mooblikomponendid\/sormjatkatud-komponendid\/","og_site_name":"Technomar &amp; Adrem","twitter_card":"summary_large_image","schema":{"@context":"https:\/\/schema.org","@graph":[{"@type":"WebPage","@id":"https:\/\/www.technomar.ee\/et\/tooted\/mooblikomponendid\/sormjatkatud-komponendid\/","url":"https:\/\/www.technomar.ee\/et\/tooted\/mooblikomponendid\/sormjatkatud-komponendid\/","name":"S\u00d5RMJ\u00c4TKATUD KOMPONENDID - Technomar &amp; Adrem","isPartOf":{"@id":"https:\/\/www.technomar.ee\/et\/#website"},"datePublished":"2015-11-12T02:00:15+00:00","dateModified":"2015-11-12T02:00:15+00:00","breadcrumb":{"@id":"https:\/\/www.technomar.ee\/et\/tooted\/mooblikomponendid\/sormjatkatud-komponendid\/#breadcrumb"},"inLanguage":"et","potentialAction":[{"@type":"ReadAction","target":["https:\/\/www.technomar.ee\/et\/tooted\/mooblikomponendid\/sormjatkatud-komponendid\/"]}]},{"@type":"BreadcrumbList","@id":"https:\/\/www.technomar.ee\/et\/tooted\/mooblikomponendid\/sormjatkatud-komponendid\/#breadcrumb","itemListElement":[{"@type":"ListItem","position":1,"name":"Home","item":"https:\/\/www.technomar.ee\/et\/"},{"@type":"ListItem","position":2,"name":"Tooted","item":"https:\/\/www.technomar.ee\/et\/tooted\/"},{"@type":"ListItem","position":3,"name":"M\u00f6\u00f6blikomponendid","item":"https:\/\/www.technomar.ee\/et\/tooted\/mooblikomponendid\/"},{"@type":"ListItem","position":4,"name":"S\u00d5RMJ\u00c4TKATUD KOMPONENDID"}]},{"@type":"WebSite","@id":"https:\/\/www.technomar.ee\/et\/#website","url":"https:\/\/www.technomar.ee\/et\/","name":"Technomar &amp; Adrem","description":"","potentialAction":[{"@type":"SearchAction","target":{"@type":"EntryPoint","urlTemplate":"https:\/\/www.technomar.ee\/et\/?s={search_term_string}"},"query-input":"required name=search_term_string"}],"inLanguage":"et"}]}},"_links":{"self":[{"href":"https:\/\/www.technomar.ee\/et\/wp-json\/wp\/v2\/pages\/2028","targetHints":{"allow":["GET"]}}],"collection":[{"href":"https:\/\/www.technomar.ee\/et\/wp-json\/wp\/v2\/pages"}],"about":[{"href":"https:\/\/www.technomar.ee\/et\/wp-json\/wp\/v2\/types\/page"}],"author":[{"embeddable":true,"href":"https:\/\/www.technomar.ee\/et\/wp-json\/wp\/v2\/users\/1"}],"replies":[{"embeddable":true,"href":"https:\/\/www.technomar.ee\/et\/wp-json\/wp\/v2\/comments?post=2028"}],"version-history":[{"count":0,"href":"https:\/\/www.technomar.ee\/et\/wp-json\/wp\/v2\/pages\/2028\/revisions"}],"up":[{"embeddable":true,"href":"https:\/\/www.technomar.ee\/et\/wp-json\/wp\/v2\/pages\/2005"}],"wp:attachment":[{"href":"https:\/\/www.technomar.ee\/et\/wp-json\/wp\/v2\/media?parent=2028"}],"curies":[{"name":"wp","href":"https:\/\/api.w.org\/{rel}","templated":true}]}}