{"id":2071,"date":"2015-11-12T04:02:15","date_gmt":"2015-11-12T02:02:15","guid":{"rendered":"https:\/\/www.technomar.ee\/ohtlike-veoste-kastid\/"},"modified":"2025-10-24T12:51:12","modified_gmt":"2025-10-24T09:51:12","slug":"ohtlike-veoste-kastid","status":"publish","type":"page","link":"https:\/\/www.technomar.ee\/et\/ohtlike-veoste-kastid\/","title":{"rendered":"Ohtlike veoste kastid"},"content":{"rendered":"<p>TechnoBox pakub erinevaid ohtlike veoste sertifitseeritud kasti suurusi.<br \/>\nPakendamisgruppidele I (X), II (Y), III (Z), nii tahkete kui ka vedelate ainete jaoks.   <\/p>\n<p>Ohtlikele materjalidele on m\u00e4\u00e4ratud \u00fcks j\u00e4rgmistest ohtlike veoste klassidest:<\/p>\n<ul>\n<li>L\u00f5hkeained ja l\u00f5hkeaineid sisaldavad esemed (klass 1)<\/li>\n<li>Suru-, vedeldatud v\u00f5i r\u00f5hu all olev gaas (klass 2)<\/li>\n<li>Tuleohtlikud vedelikud (klass 3)<\/li>\n<li>Tuleohtlikud tahked ained (klass 4.1)<img decoding=\"async\" class=\"active alignright wp-image-651 size-medium\" alt=\"Ohtlike veoste kastid\" src=\"http:\/\/www.technomar.ee\/wp-content\/uploads\/2015\/11\/technomar_technobox_dangerous_goods.jpg\" width=\"300\" height=\"146\"><\/li>\n<li>Tuleohtlikud tahked ained (klass 4.2)<\/li>\n<li>Ained, mis veega kokkupuutel eraldavad tuleohtlikke gaase (klass 4.3)<\/li>\n<li>Oks\u00fcdeerivad ained (klass 5.1)<\/li>\n<li>Orgaanilised peroksiidid (klass 5.2)<\/li>\n<li>M\u00fcrgised ained (klass 6.1)<\/li>\n<li>Nakkusohtlikud ained (klass 6.2)<\/li>\n<li>Radioaktiivsed ained (klass 7)<\/li>\n<li>S\u00f6\u00f6vitavad ained (klass 8)<\/li>\n<li>Muud ohtlikud ained ja esemed (klass 9)<\/li>\n<\/ul>\n\n    <div class=\"xs_social_share_widget xs_share_url after_content \t\tmain_content  wslu-style-1 wslu-share-box-shaped wslu-fill-colored wslu-none wslu-share-horizontal wslu-theme-font-no wslu-main_content\">\n\n\t\t\n        <ul>\n\t\t\t        <\/ul>\n    <\/div> \n","protected":false},"excerpt":{"rendered":"<p>TechnoBox pakub erinevaid ohtlike veoste sertifitseeritud kasti suurusi. Pakendamisgruppidele I (X), II (Y), III (Z), nii tahkete kui ka vedelate ainete jaoks. Ohtlikele materjalidele on m\u00e4\u00e4ratud \u00fcks j\u00e4rgmistest ohtlike veoste klassidest: L\u00f5hkeained ja l\u00f5hkeaineid sisaldavad esemed (klass 1) Suru-, vedeldatud v\u00f5i r\u00f5hu all olev gaas (klass 2) Tuleohtlikud vedelikud (klass 3) Tuleohtlikud tahked ained (klass<br \/><a class=\"read-more\" href=\"https:\/\/www.technomar.ee\/et\/ohtlike-veoste-kastid\/\">Continue reading<span class=\"sr-only\">: Ohtlike veoste kastid<\/span><span class=\"meta-nav\">&rarr;<\/span><\/a><\/p>\n","protected":false},"author":1,"featured_media":0,"parent":0,"menu_order":0,"comment_status":"closed","ping_status":"closed","template":"","meta":{"_acf_changed":false,"postBodyCss":"","postBodyMargin":[],"postBodyPadding":[],"postBodyBackground":{"backgroundType":"classic","gradient":""},"footnotes":""},"class_list":["post-2071","page","type-page","status-publish","hentry"],"acf":[],"yoast_head":"<!-- This site is optimized with the Yoast SEO plugin v22.5 - https:\/\/yoast.com\/wordpress\/plugins\/seo\/ -->\n<title>Ohtlike veoste kastid - Technomar &amp; Adrem<\/title>\n<meta name=\"robots\" content=\"index, follow, max-snippet:-1, max-image-preview:large, max-video-preview:-1\" \/>\n<link rel=\"canonical\" href=\"https:\/\/www.technomar.ee\/et\/ohtlike-veoste-kastid\/\" \/>\n<meta property=\"og:locale\" content=\"et_EE\" \/>\n<meta property=\"og:type\" content=\"article\" \/>\n<meta property=\"og:title\" content=\"Ohtlike veoste kastid - Technomar &amp; Adrem\" \/>\n<meta property=\"og:description\" content=\"TechnoBox pakub erinevaid ohtlike veoste sertifitseeritud kasti suurusi. Pakendamisgruppidele I (X), II (Y), III (Z), nii tahkete kui ka vedelate ainete jaoks. Ohtlikele materjalidele on m\u00e4\u00e4ratud \u00fcks j\u00e4rgmistest ohtlike veoste klassidest: L\u00f5hkeained ja l\u00f5hkeaineid sisaldavad esemed (klass 1) Suru-, vedeldatud v\u00f5i r\u00f5hu all olev gaas (klass 2) Tuleohtlikud vedelikud (klass 3) Tuleohtlikud tahked ained (klassContinue reading: Ohtlike veoste kastid&rarr;\" \/>\n<meta property=\"og:url\" content=\"https:\/\/www.technomar.ee\/et\/ohtlike-veoste-kastid\/\" \/>\n<meta property=\"og:site_name\" content=\"Technomar &amp; Adrem\" \/>\n<meta property=\"article:modified_time\" content=\"2025-10-24T09:51:12+00:00\" \/>\n<meta property=\"og:image\" content=\"http:\/\/www.technomar.ee\/wp-content\/uploads\/2015\/11\/technomar_technobox_dangerous_goods.jpg\" \/>\n<meta name=\"twitter:card\" content=\"summary_large_image\" \/>\n<script type=\"application\/ld+json\" class=\"yoast-schema-graph\">{\"@context\":\"https:\/\/schema.org\",\"@graph\":[{\"@type\":\"WebPage\",\"@id\":\"https:\/\/www.technomar.ee\/et\/ohtlike-veoste-kastid\/\",\"url\":\"https:\/\/www.technomar.ee\/et\/ohtlike-veoste-kastid\/\",\"name\":\"Ohtlike veoste kastid - Technomar &amp; Adrem\",\"isPartOf\":{\"@id\":\"https:\/\/www.technomar.ee\/et\/#website\"},\"primaryImageOfPage\":{\"@id\":\"https:\/\/www.technomar.ee\/et\/ohtlike-veoste-kastid\/#primaryimage\"},\"image\":{\"@id\":\"https:\/\/www.technomar.ee\/et\/ohtlike-veoste-kastid\/#primaryimage\"},\"thumbnailUrl\":\"http:\/\/www.technomar.ee\/wp-content\/uploads\/2015\/11\/technomar_technobox_dangerous_goods.jpg\",\"datePublished\":\"2015-11-12T02:02:15+00:00\",\"dateModified\":\"2025-10-24T09:51:12+00:00\",\"breadcrumb\":{\"@id\":\"https:\/\/www.technomar.ee\/et\/ohtlike-veoste-kastid\/#breadcrumb\"},\"inLanguage\":\"et\",\"potentialAction\":[{\"@type\":\"ReadAction\",\"target\":[\"https:\/\/www.technomar.ee\/et\/ohtlike-veoste-kastid\/\"]}]},{\"@type\":\"ImageObject\",\"inLanguage\":\"et\",\"@id\":\"https:\/\/www.technomar.ee\/et\/ohtlike-veoste-kastid\/#primaryimage\",\"url\":\"http:\/\/www.technomar.ee\/wp-content\/uploads\/2015\/11\/technomar_technobox_dangerous_goods.jpg\",\"contentUrl\":\"http:\/\/www.technomar.ee\/wp-content\/uploads\/2015\/11\/technomar_technobox_dangerous_goods.jpg\"},{\"@type\":\"BreadcrumbList\",\"@id\":\"https:\/\/www.technomar.ee\/et\/ohtlike-veoste-kastid\/#breadcrumb\",\"itemListElement\":[{\"@type\":\"ListItem\",\"position\":1,\"name\":\"Home\",\"item\":\"https:\/\/www.technomar.ee\/et\/\"},{\"@type\":\"ListItem\",\"position\":2,\"name\":\"Ohtlike veoste kastid\"}]},{\"@type\":\"WebSite\",\"@id\":\"https:\/\/www.technomar.ee\/et\/#website\",\"url\":\"https:\/\/www.technomar.ee\/et\/\",\"name\":\"Technomar &amp; Adrem\",\"description\":\"\",\"potentialAction\":[{\"@type\":\"SearchAction\",\"target\":{\"@type\":\"EntryPoint\",\"urlTemplate\":\"https:\/\/www.technomar.ee\/et\/?s={search_term_string}\"},\"query-input\":\"required name=search_term_string\"}],\"inLanguage\":\"et\"}]}<\/script>\n<!-- \/ Yoast SEO plugin. -->","yoast_head_json":{"title":"Ohtlike veoste kastid - Technomar &amp; Adrem","robots":{"index":"index","follow":"follow","max-snippet":"max-snippet:-1","max-image-preview":"max-image-preview:large","max-video-preview":"max-video-preview:-1"},"canonical":"https:\/\/www.technomar.ee\/et\/ohtlike-veoste-kastid\/","og_locale":"et_EE","og_type":"article","og_title":"Ohtlike veoste kastid - Technomar &amp; Adrem","og_description":"TechnoBox pakub erinevaid ohtlike veoste sertifitseeritud kasti suurusi. Pakendamisgruppidele I (X), II (Y), III (Z), nii tahkete kui ka vedelate ainete jaoks. Ohtlikele materjalidele on m\u00e4\u00e4ratud \u00fcks j\u00e4rgmistest ohtlike veoste klassidest: L\u00f5hkeained ja l\u00f5hkeaineid sisaldavad esemed (klass 1) Suru-, vedeldatud v\u00f5i r\u00f5hu all olev gaas (klass 2) Tuleohtlikud vedelikud (klass 3) Tuleohtlikud tahked ained (klassContinue reading: Ohtlike veoste kastid&rarr;","og_url":"https:\/\/www.technomar.ee\/et\/ohtlike-veoste-kastid\/","og_site_name":"Technomar &amp; Adrem","article_modified_time":"2025-10-24T09:51:12+00:00","og_image":[{"url":"http:\/\/www.technomar.ee\/wp-content\/uploads\/2015\/11\/technomar_technobox_dangerous_goods.jpg"}],"twitter_card":"summary_large_image","schema":{"@context":"https:\/\/schema.org","@graph":[{"@type":"WebPage","@id":"https:\/\/www.technomar.ee\/et\/ohtlike-veoste-kastid\/","url":"https:\/\/www.technomar.ee\/et\/ohtlike-veoste-kastid\/","name":"Ohtlike veoste kastid - Technomar &amp; Adrem","isPartOf":{"@id":"https:\/\/www.technomar.ee\/et\/#website"},"primaryImageOfPage":{"@id":"https:\/\/www.technomar.ee\/et\/ohtlike-veoste-kastid\/#primaryimage"},"image":{"@id":"https:\/\/www.technomar.ee\/et\/ohtlike-veoste-kastid\/#primaryimage"},"thumbnailUrl":"http:\/\/www.technomar.ee\/wp-content\/uploads\/2015\/11\/technomar_technobox_dangerous_goods.jpg","datePublished":"2015-11-12T02:02:15+00:00","dateModified":"2025-10-24T09:51:12+00:00","breadcrumb":{"@id":"https:\/\/www.technomar.ee\/et\/ohtlike-veoste-kastid\/#breadcrumb"},"inLanguage":"et","potentialAction":[{"@type":"ReadAction","target":["https:\/\/www.technomar.ee\/et\/ohtlike-veoste-kastid\/"]}]},{"@type":"ImageObject","inLanguage":"et","@id":"https:\/\/www.technomar.ee\/et\/ohtlike-veoste-kastid\/#primaryimage","url":"http:\/\/www.technomar.ee\/wp-content\/uploads\/2015\/11\/technomar_technobox_dangerous_goods.jpg","contentUrl":"http:\/\/www.technomar.ee\/wp-content\/uploads\/2015\/11\/technomar_technobox_dangerous_goods.jpg"},{"@type":"BreadcrumbList","@id":"https:\/\/www.technomar.ee\/et\/ohtlike-veoste-kastid\/#breadcrumb","itemListElement":[{"@type":"ListItem","position":1,"name":"Home","item":"https:\/\/www.technomar.ee\/et\/"},{"@type":"ListItem","position":2,"name":"Ohtlike veoste kastid"}]},{"@type":"WebSite","@id":"https:\/\/www.technomar.ee\/et\/#website","url":"https:\/\/www.technomar.ee\/et\/","name":"Technomar &amp; Adrem","description":"","potentialAction":[{"@type":"SearchAction","target":{"@type":"EntryPoint","urlTemplate":"https:\/\/www.technomar.ee\/et\/?s={search_term_string}"},"query-input":"required name=search_term_string"}],"inLanguage":"et"}]}},"_links":{"self":[{"href":"https:\/\/www.technomar.ee\/et\/wp-json\/wp\/v2\/pages\/2071","targetHints":{"allow":["GET"]}}],"collection":[{"href":"https:\/\/www.technomar.ee\/et\/wp-json\/wp\/v2\/pages"}],"about":[{"href":"https:\/\/www.technomar.ee\/et\/wp-json\/wp\/v2\/types\/page"}],"author":[{"embeddable":true,"href":"https:\/\/www.technomar.ee\/et\/wp-json\/wp\/v2\/users\/1"}],"replies":[{"embeddable":true,"href":"https:\/\/www.technomar.ee\/et\/wp-json\/wp\/v2\/comments?post=2071"}],"version-history":[{"count":1,"href":"https:\/\/www.technomar.ee\/et\/wp-json\/wp\/v2\/pages\/2071\/revisions"}],"predecessor-version":[{"id":3226,"href":"https:\/\/www.technomar.ee\/et\/wp-json\/wp\/v2\/pages\/2071\/revisions\/3226"}],"wp:attachment":[{"href":"https:\/\/www.technomar.ee\/et\/wp-json\/wp\/v2\/media?parent=2071"}],"curies":[{"name":"wp","href":"https:\/\/api.w.org\/{rel}","templated":true}]}}