{"id":2084,"date":"2015-11-12T04:05:19","date_gmt":"2015-11-12T02:05:19","guid":{"rendered":"https:\/\/www.technomar.ee\/tooted\/seina-ja-laepaneelid\/dekoratiivsed-paneelid\/"},"modified":"2015-11-12T04:05:19","modified_gmt":"2015-11-12T02:05:19","slug":"dekoratiivsed-paneelid","status":"publish","type":"page","link":"https:\/\/www.technomar.ee\/et\/tooted\/seina-ja-laepaneelid\/dekoratiivsed-paneelid\/","title":{"rendered":"Dekoratiivsed paneelid"},"content":{"rendered":"<p>Dekoratiivsed paneelid (kasesaepuru s\u00fcdamikuga):<\/p>\n<ul>\n<li>V\u00f5ib v\u00e4rvida ja harjata ainulaadse disaini saavutamiseks<\/li>\n<li>V\u00f5ib viimistleda peaaegu iga puuliigiga (kask, tamm, saar, p\u00f6\u00f6k, kirss jne)<\/li>\n<li>Grav\u00fc\u00fcr vastavalt teie disainile on v\u00f5imalik<\/li>\n<\/ul>\n<p>Puitpaneelidega kaetud sein toob soojust ja looduslike materjalide tunnet. Pinnad saab lakkida, \u00f5litada, v\u00e4rvida, harjata, et luua disain vastavalt kliendi vajadustele.<\/p>\n<p><em>Dekoratiivsed saare viimistlusega paneelid spordiklubis Eestis Infotahvel saare viimistlusega paneelidest <\/em><\/p>\n<p><a class=\"single_photoswipe\" href=\"http:\/\/www.technomar.ee\/wp-content\/uploads\/2015\/11\/decorative1.jpg\" data-size=\"300x300\"><img fetchpriority=\"high\" decoding=\"async\" class=\"alignleft wp-image-484 size-full\" alt=\"Dekoratiivsed paneelid\" src=\"http:\/\/www.technomar.ee\/wp-content\/uploads\/2015\/11\/decorative1.jpg\" width=\"300\" height=\"300\" srcset=\"https:\/\/www.technomar.ee\/wp-content\/uploads\/2015\/11\/decorative1.jpg 300w, https:\/\/www.technomar.ee\/wp-content\/uploads\/2015\/11\/decorative1-150x150.jpg 150w\" sizes=\"(max-width: 300px) 100vw, 300px\" \/><\/a>                                  <a class=\"single_photoswipe\" href=\"http:\/\/www.technomar.ee\/wp-content\/uploads\/2015\/11\/decorative21.jpg\" data-size=\"300x450\"><img decoding=\"async\" class=\"aligncenter wp-image-483\" alt=\"Saare viimistlusega paneelid\" src=\"http:\/\/www.technomar.ee\/wp-content\/uploads\/2015\/11\/decorative21-200x300.jpg\" width=\"226\" height=\"339\" srcset=\"https:\/\/www.technomar.ee\/wp-content\/uploads\/2015\/11\/decorative21-200x300.jpg 200w, https:\/\/www.technomar.ee\/wp-content\/uploads\/2015\/11\/decorative21.jpg 300w\" sizes=\"(max-width: 226px) 100vw, 226px\" \/><\/a><\/p>\n<p>Technomar &amp; Adrem poolt toodetud paneele saab kasutada seina- v\u00f5i lagepaneelidena s\u00f5ltuvalt kasutatavast kinnitusprofiilist. Lisateabe saamiseks k\u00fclastage <a title=\"Paigaldus\" onclick=\"_gaq.push(['_trackEvent', 'outbound-article-int', 'http:\/\/restore.technomar.ee\/index.php\/products\/wall-and-seiling-panels\/installation\/', 'installation guide']);\" href=\"http:\/\/www.technomar.ee\/products\/wall-and-ceiling-panels\/installation\/\">paigaldusjuhendit<\/a>. Lisateabe saamiseks pinna t\u00f6\u00f6tlemise kohta vaadake v\u00e4rvimise ja viimistlemise <a title=\"V\u00e4rvid ja viimistlused\" onclick=\"_gaq.push(['_trackEvent', 'outbound-article-int', 'http:\/\/restore.technomar.ee\/index.php\/products\/wall-and-seiling-panels\/colors-and-veneers\/', 'page']);\" href=\"http:\/\/www.technomar.ee\/products\/wall-and-ceiling-panels\/colors-and-veneers\/\">lehte<\/a>.<\/p>\n<p><a class=\"single_photoswipe\" href=\"https:\/\/www.technomar.ee\/wp-content\/uploads\/2020\/12\/Technomar-Wall-Panels-Luther-fotoMarisTomba-2.jpg\" data-size=\"1000x667\"><\/a><a class=\"single_photoswipe\" href=\"http:\/\/www.technomar.ee\/wp-content\/uploads\/2020\/12\/Wall-Panels-by-Technomar-.jpg\" data-size=\"2048x1365\"><img decoding=\"async\" class=\"alignnone wp-image-1265 size-full\" alt=\"\" src=\"http:\/\/www.technomar.ee\/wp-content\/uploads\/2020\/12\/Wall-Panels-by-Technomar-.jpg\" width=\"2048\" height=\"1365\" srcset=\"https:\/\/www.technomar.ee\/wp-content\/uploads\/2020\/12\/Wall-Panels-by-Technomar-.jpg 2048w, https:\/\/www.technomar.ee\/wp-content\/uploads\/2020\/12\/Wall-Panels-by-Technomar--300x200.jpg 300w, https:\/\/www.technomar.ee\/wp-content\/uploads\/2020\/12\/Wall-Panels-by-Technomar--1024x683.jpg 1024w, https:\/\/www.technomar.ee\/wp-content\/uploads\/2020\/12\/Wall-Panels-by-Technomar--768x512.jpg 768w, https:\/\/www.technomar.ee\/wp-content\/uploads\/2020\/12\/Wall-Panels-by-Technomar--500x333.jpg 500w, https:\/\/www.technomar.ee\/wp-content\/uploads\/2020\/12\/Wall-Panels-by-Technomar--1800x1200.jpg 1800w, https:\/\/www.technomar.ee\/wp-content\/uploads\/2020\/12\/Wall-Panels-by-Technomar--1536x1024.jpg 1536w\" sizes=\"(max-width: 2048px) 100vw, 2048px\" \/><\/a><a class=\"single_photoswipe\" href=\"https:\/\/www.technomar.ee\/wp-content\/uploads\/2020\/12\/Technomar-Wall-Panels-Luther-fotoMarisTomba-2.jpg\" data-size=\"1000x667\"><\/a><br \/>\n<a href=\"https:\/\/www.technomar.ee\/wp-content\/uploads\/2020\/12\/Technomar-Wall-Panels-Luther-fotoMarisTomba-3.jpg\"><\/a><\/p>\n<p>&nbsp;<\/p>\n\n    <div class=\"xs_social_share_widget xs_share_url after_content \t\tmain_content  wslu-style-1 wslu-share-box-shaped wslu-fill-colored wslu-none wslu-share-horizontal wslu-theme-font-no wslu-main_content\">\n\n\t\t\n        <ul>\n\t\t\t        <\/ul>\n    <\/div> \n","protected":false},"excerpt":{"rendered":"<p>Dekoratiivsed paneelid (kasesaepuru s\u00fcdamikuga): V\u00f5ib v\u00e4rvida ja harjata ainulaadse disaini saavutamiseks V\u00f5ib viimistleda peaaegu iga puuliigiga (kask, tamm, saar, p\u00f6\u00f6k, kirss jne) Grav\u00fc\u00fcr vastavalt teie disainile on v\u00f5imalik Puitpaneelidega kaetud sein toob soojust ja looduslike materjalide tunnet. Pinnad saab lakkida, \u00f5litada, v\u00e4rvida, harjata, et luua disain vastavalt kliendi vajadustele. Dekoratiivsed saare viimistlusega paneelid spordiklubis Eestis<br \/><a class=\"read-more\" href=\"https:\/\/www.technomar.ee\/et\/tooted\/seina-ja-laepaneelid\/dekoratiivsed-paneelid\/\">Continue reading<span class=\"sr-only\">: Dekoratiivsed paneelid<\/span><span class=\"meta-nav\">&rarr;<\/span><\/a><\/p>\n","protected":false},"author":1,"featured_media":0,"parent":1823,"menu_order":0,"comment_status":"closed","ping_status":"closed","template":"","meta":{"_acf_changed":false,"postBodyCss":"","postBodyMargin":[],"postBodyPadding":[],"postBodyBackground":{"backgroundType":"classic","gradient":""},"footnotes":""},"class_list":["post-2084","page","type-page","status-publish","hentry"],"acf":[],"yoast_head":"<!-- This site is optimized with the Yoast SEO plugin v22.5 - https:\/\/yoast.com\/wordpress\/plugins\/seo\/ -->\n<title>Dekoratiivsed paneelid - Technomar &amp; Adrem<\/title>\n<meta name=\"robots\" content=\"index, follow, max-snippet:-1, max-image-preview:large, max-video-preview:-1\" \/>\n<link rel=\"canonical\" href=\"https:\/\/www.technomar.ee\/et\/tooted\/seina-ja-laepaneelid\/dekoratiivsed-paneelid\/\" \/>\n<meta property=\"og:locale\" content=\"et_EE\" \/>\n<meta property=\"og:type\" content=\"article\" \/>\n<meta property=\"og:title\" content=\"Dekoratiivsed paneelid - Technomar &amp; Adrem\" \/>\n<meta property=\"og:description\" content=\"Dekoratiivsed paneelid (kasesaepuru s\u00fcdamikuga): V\u00f5ib v\u00e4rvida ja harjata ainulaadse disaini saavutamiseks V\u00f5ib viimistleda peaaegu iga puuliigiga (kask, tamm, saar, p\u00f6\u00f6k, kirss jne) Grav\u00fc\u00fcr vastavalt teie disainile on v\u00f5imalik Puitpaneelidega kaetud sein toob soojust ja looduslike materjalide tunnet. Pinnad saab lakkida, \u00f5litada, v\u00e4rvida, harjata, et luua disain vastavalt kliendi vajadustele. Dekoratiivsed saare viimistlusega paneelid spordiklubis EestisContinue reading: Dekoratiivsed paneelid&rarr;\" \/>\n<meta property=\"og:url\" content=\"https:\/\/www.technomar.ee\/et\/tooted\/seina-ja-laepaneelid\/dekoratiivsed-paneelid\/\" \/>\n<meta property=\"og:site_name\" content=\"Technomar &amp; Adrem\" \/>\n<meta property=\"og:image\" content=\"http:\/\/www.technomar.ee\/wp-content\/uploads\/2015\/11\/decorative1.jpg\" \/>\n<meta name=\"twitter:card\" content=\"summary_large_image\" \/>\n<meta name=\"twitter:label1\" content=\"Est. reading time\" \/>\n\t<meta name=\"twitter:data1\" content=\"1 minut\" \/>\n<script type=\"application\/ld+json\" class=\"yoast-schema-graph\">{\"@context\":\"https:\/\/schema.org\",\"@graph\":[{\"@type\":\"WebPage\",\"@id\":\"https:\/\/www.technomar.ee\/et\/tooted\/seina-ja-laepaneelid\/dekoratiivsed-paneelid\/\",\"url\":\"https:\/\/www.technomar.ee\/et\/tooted\/seina-ja-laepaneelid\/dekoratiivsed-paneelid\/\",\"name\":\"Dekoratiivsed paneelid - Technomar &amp; Adrem\",\"isPartOf\":{\"@id\":\"https:\/\/www.technomar.ee\/et\/#website\"},\"primaryImageOfPage\":{\"@id\":\"https:\/\/www.technomar.ee\/et\/tooted\/seina-ja-laepaneelid\/dekoratiivsed-paneelid\/#primaryimage\"},\"image\":{\"@id\":\"https:\/\/www.technomar.ee\/et\/tooted\/seina-ja-laepaneelid\/dekoratiivsed-paneelid\/#primaryimage\"},\"thumbnailUrl\":\"http:\/\/www.technomar.ee\/wp-content\/uploads\/2015\/11\/decorative1.jpg\",\"datePublished\":\"2015-11-12T02:05:19+00:00\",\"dateModified\":\"2015-11-12T02:05:19+00:00\",\"breadcrumb\":{\"@id\":\"https:\/\/www.technomar.ee\/et\/tooted\/seina-ja-laepaneelid\/dekoratiivsed-paneelid\/#breadcrumb\"},\"inLanguage\":\"et\",\"potentialAction\":[{\"@type\":\"ReadAction\",\"target\":[\"https:\/\/www.technomar.ee\/et\/tooted\/seina-ja-laepaneelid\/dekoratiivsed-paneelid\/\"]}]},{\"@type\":\"ImageObject\",\"inLanguage\":\"et\",\"@id\":\"https:\/\/www.technomar.ee\/et\/tooted\/seina-ja-laepaneelid\/dekoratiivsed-paneelid\/#primaryimage\",\"url\":\"http:\/\/www.technomar.ee\/wp-content\/uploads\/2015\/11\/decorative1.jpg\",\"contentUrl\":\"http:\/\/www.technomar.ee\/wp-content\/uploads\/2015\/11\/decorative1.jpg\"},{\"@type\":\"BreadcrumbList\",\"@id\":\"https:\/\/www.technomar.ee\/et\/tooted\/seina-ja-laepaneelid\/dekoratiivsed-paneelid\/#breadcrumb\",\"itemListElement\":[{\"@type\":\"ListItem\",\"position\":1,\"name\":\"Home\",\"item\":\"https:\/\/www.technomar.ee\/et\/\"},{\"@type\":\"ListItem\",\"position\":2,\"name\":\"Tooted\",\"item\":\"https:\/\/www.technomar.ee\/et\/tooted\/\"},{\"@type\":\"ListItem\",\"position\":3,\"name\":\"Seina- ja laepaneelid\",\"item\":\"https:\/\/www.technomar.ee\/et\/tooted\/seina-ja-laepaneelid\/\"},{\"@type\":\"ListItem\",\"position\":4,\"name\":\"Dekoratiivsed paneelid\"}]},{\"@type\":\"WebSite\",\"@id\":\"https:\/\/www.technomar.ee\/et\/#website\",\"url\":\"https:\/\/www.technomar.ee\/et\/\",\"name\":\"Technomar &amp; Adrem\",\"description\":\"\",\"potentialAction\":[{\"@type\":\"SearchAction\",\"target\":{\"@type\":\"EntryPoint\",\"urlTemplate\":\"https:\/\/www.technomar.ee\/et\/?s={search_term_string}\"},\"query-input\":\"required name=search_term_string\"}],\"inLanguage\":\"et\"}]}<\/script>\n<!-- \/ Yoast SEO plugin. -->","yoast_head_json":{"title":"Dekoratiivsed paneelid - Technomar &amp; Adrem","robots":{"index":"index","follow":"follow","max-snippet":"max-snippet:-1","max-image-preview":"max-image-preview:large","max-video-preview":"max-video-preview:-1"},"canonical":"https:\/\/www.technomar.ee\/et\/tooted\/seina-ja-laepaneelid\/dekoratiivsed-paneelid\/","og_locale":"et_EE","og_type":"article","og_title":"Dekoratiivsed paneelid - Technomar &amp; Adrem","og_description":"Dekoratiivsed paneelid (kasesaepuru s\u00fcdamikuga): V\u00f5ib v\u00e4rvida ja harjata ainulaadse disaini saavutamiseks V\u00f5ib viimistleda peaaegu iga puuliigiga (kask, tamm, saar, p\u00f6\u00f6k, kirss jne) Grav\u00fc\u00fcr vastavalt teie disainile on v\u00f5imalik Puitpaneelidega kaetud sein toob soojust ja looduslike materjalide tunnet. Pinnad saab lakkida, \u00f5litada, v\u00e4rvida, harjata, et luua disain vastavalt kliendi vajadustele. Dekoratiivsed saare viimistlusega paneelid spordiklubis EestisContinue reading: Dekoratiivsed paneelid&rarr;","og_url":"https:\/\/www.technomar.ee\/et\/tooted\/seina-ja-laepaneelid\/dekoratiivsed-paneelid\/","og_site_name":"Technomar &amp; Adrem","og_image":[{"url":"http:\/\/www.technomar.ee\/wp-content\/uploads\/2015\/11\/decorative1.jpg"}],"twitter_card":"summary_large_image","twitter_misc":{"Est. reading time":"1 minut"},"schema":{"@context":"https:\/\/schema.org","@graph":[{"@type":"WebPage","@id":"https:\/\/www.technomar.ee\/et\/tooted\/seina-ja-laepaneelid\/dekoratiivsed-paneelid\/","url":"https:\/\/www.technomar.ee\/et\/tooted\/seina-ja-laepaneelid\/dekoratiivsed-paneelid\/","name":"Dekoratiivsed paneelid - Technomar &amp; Adrem","isPartOf":{"@id":"https:\/\/www.technomar.ee\/et\/#website"},"primaryImageOfPage":{"@id":"https:\/\/www.technomar.ee\/et\/tooted\/seina-ja-laepaneelid\/dekoratiivsed-paneelid\/#primaryimage"},"image":{"@id":"https:\/\/www.technomar.ee\/et\/tooted\/seina-ja-laepaneelid\/dekoratiivsed-paneelid\/#primaryimage"},"thumbnailUrl":"http:\/\/www.technomar.ee\/wp-content\/uploads\/2015\/11\/decorative1.jpg","datePublished":"2015-11-12T02:05:19+00:00","dateModified":"2015-11-12T02:05:19+00:00","breadcrumb":{"@id":"https:\/\/www.technomar.ee\/et\/tooted\/seina-ja-laepaneelid\/dekoratiivsed-paneelid\/#breadcrumb"},"inLanguage":"et","potentialAction":[{"@type":"ReadAction","target":["https:\/\/www.technomar.ee\/et\/tooted\/seina-ja-laepaneelid\/dekoratiivsed-paneelid\/"]}]},{"@type":"ImageObject","inLanguage":"et","@id":"https:\/\/www.technomar.ee\/et\/tooted\/seina-ja-laepaneelid\/dekoratiivsed-paneelid\/#primaryimage","url":"http:\/\/www.technomar.ee\/wp-content\/uploads\/2015\/11\/decorative1.jpg","contentUrl":"http:\/\/www.technomar.ee\/wp-content\/uploads\/2015\/11\/decorative1.jpg"},{"@type":"BreadcrumbList","@id":"https:\/\/www.technomar.ee\/et\/tooted\/seina-ja-laepaneelid\/dekoratiivsed-paneelid\/#breadcrumb","itemListElement":[{"@type":"ListItem","position":1,"name":"Home","item":"https:\/\/www.technomar.ee\/et\/"},{"@type":"ListItem","position":2,"name":"Tooted","item":"https:\/\/www.technomar.ee\/et\/tooted\/"},{"@type":"ListItem","position":3,"name":"Seina- ja laepaneelid","item":"https:\/\/www.technomar.ee\/et\/tooted\/seina-ja-laepaneelid\/"},{"@type":"ListItem","position":4,"name":"Dekoratiivsed paneelid"}]},{"@type":"WebSite","@id":"https:\/\/www.technomar.ee\/et\/#website","url":"https:\/\/www.technomar.ee\/et\/","name":"Technomar &amp; Adrem","description":"","potentialAction":[{"@type":"SearchAction","target":{"@type":"EntryPoint","urlTemplate":"https:\/\/www.technomar.ee\/et\/?s={search_term_string}"},"query-input":"required name=search_term_string"}],"inLanguage":"et"}]}},"_links":{"self":[{"href":"https:\/\/www.technomar.ee\/et\/wp-json\/wp\/v2\/pages\/2084","targetHints":{"allow":["GET"]}}],"collection":[{"href":"https:\/\/www.technomar.ee\/et\/wp-json\/wp\/v2\/pages"}],"about":[{"href":"https:\/\/www.technomar.ee\/et\/wp-json\/wp\/v2\/types\/page"}],"author":[{"embeddable":true,"href":"https:\/\/www.technomar.ee\/et\/wp-json\/wp\/v2\/users\/1"}],"replies":[{"embeddable":true,"href":"https:\/\/www.technomar.ee\/et\/wp-json\/wp\/v2\/comments?post=2084"}],"version-history":[{"count":0,"href":"https:\/\/www.technomar.ee\/et\/wp-json\/wp\/v2\/pages\/2084\/revisions"}],"up":[{"embeddable":true,"href":"https:\/\/www.technomar.ee\/et\/wp-json\/wp\/v2\/pages\/1823"}],"wp:attachment":[{"href":"https:\/\/www.technomar.ee\/et\/wp-json\/wp\/v2\/media?parent=2084"}],"curies":[{"name":"wp","href":"https:\/\/api.w.org\/{rel}","templated":true}]}}