{"id":2101,"date":"2015-11-12T04:06:42","date_gmt":"2015-11-12T02:06:42","guid":{"rendered":"https:\/\/www.technomar.ee\/vineer\/"},"modified":"2025-10-17T16:17:06","modified_gmt":"2025-10-17T13:17:06","slug":"vineer","status":"publish","type":"page","link":"https:\/\/www.technomar.ee\/et\/tooted\/plaatmaterjalid\/vineer\/","title":{"rendered":"Vineer"},"content":{"rendered":"<p><strong>Kase-, haava- v\u00f5i kombineeritud WBP v\u00e4lis- v\u00f5i siseliimiga vineer.<\/strong><\/p>\n<p>Standardm\u00f5\u00f5dud:<br \/>\n2500 x 1250 mm<img fetchpriority=\"high\" decoding=\"async\" class=\"alignright wp-image-287 size-medium\" alt=\"Vineer\" src=\"http:\/\/www.technomar.ee\/wp-content\/uploads\/2015\/11\/plywood1.jpg\" width=\"300\" height=\"220\"><br \/>\n2440 x 1220 mm<br \/>\n2135 x 1220 mm<br \/>\n1830 x 1525 mm<br \/>\n1830 x 1220 mm<br \/>\n1525 x 1525 mm<br \/>\n1525 x 1270 mm<\/p>\n<p><strong>Standardpaksused:<\/strong><\/p>\n<p>3, 4, 5, 6, 8, 9, 12, 15, 18, 21, 24, 27, 30 mm<\/p>\n<p><strong>Kvaliteediklassid:<\/strong><br \/>\nB\/B, B\/BB, BB\/BB, BB\/CP, BB\/C, CP\/CP, CP\/C, C+\/C, C\/C.<\/p>\n<p><img decoding=\"async\" class=\"alignright wp-image-288 size-medium\" alt=\"Vineer\" src=\"http:\/\/www.technomar.ee\/wp-content\/uploads\/2015\/11\/plywood2Thumb.jpg\" width=\"300\" height=\"241\"><strong>Liimikiht:<\/strong><br \/>\nMR (niiskuskindel) ja WBP (v\u00e4listingimustesse)<\/p>\n<p>Erim\u00f5\u00f5dud, -paksused ja -kvaliteediklassid<\/p>\n<p>Pikij\u00e4tkatud plaadid laiusega kuni 2600 mm ja pikkusega kuni 13500 mm<br \/>\nPlaadid paksusega kuni 90 mm<\/p>\n<p>Vineer vastavalt kliendi spetsifikatsioonile<\/p>\n\n    <div class=\"xs_social_share_widget xs_share_url after_content \t\tmain_content  wslu-style-1 wslu-share-box-shaped wslu-fill-colored wslu-none wslu-share-horizontal wslu-theme-font-no wslu-main_content\">\n\n\t\t\n        <ul>\n\t\t\t        <\/ul>\n    <\/div> \n","protected":false},"excerpt":{"rendered":"<p>Kase-, haava- v\u00f5i kombineeritud WBP v\u00e4lis- v\u00f5i siseliimiga vineer. Standardm\u00f5\u00f5dud: 2500 x 1250 mm 2440 x 1220 mm 2135 x 1220 mm 1830 x 1525 mm 1830 x 1220 mm 1525 x 1525 mm 1525 x 1270 mm Standardpaksused: 3, 4, 5, 6, 8, 9, 12, 15, 18, 21, 24, 27, 30 mm Kvaliteediklassid: B\/B,<br \/><a class=\"read-more\" href=\"https:\/\/www.technomar.ee\/et\/tooted\/plaatmaterjalid\/vineer\/\">Continue reading<span class=\"sr-only\">: Vineer<\/span><span class=\"meta-nav\">&rarr;<\/span><\/a><\/p>\n","protected":false},"author":1,"featured_media":0,"parent":2802,"menu_order":0,"comment_status":"closed","ping_status":"closed","template":"","meta":{"_acf_changed":false,"postBodyCss":"","postBodyMargin":[],"postBodyPadding":[],"postBodyBackground":{"backgroundType":"classic","gradient":""},"footnotes":""},"class_list":["post-2101","page","type-page","status-publish","hentry"],"acf":[],"yoast_head":"<!-- This site is optimized with the Yoast SEO plugin v22.5 - https:\/\/yoast.com\/wordpress\/plugins\/seo\/ -->\n<title>Vineer - Technomar &amp; Adrem<\/title>\n<meta name=\"description\" content=\"Lai valik kvaliteetseid liimparketti, plaatmaterjale, puidust m\u00f6\u00f6blikomponente, pakendilahendusi, CNC-t\u00f6\u00f6deldud materjale, kaablitrumleid ning seina- ja laepaneele. Technomar &amp; Adrem pakub vastupidavaid ja j\u00e4tkusuutlikke tooteid, mis on loodud nii ilu kui funktsionaalsust silmas pidades.\" \/>\n<meta name=\"robots\" content=\"index, follow, max-snippet:-1, max-image-preview:large, max-video-preview:-1\" \/>\n<link rel=\"canonical\" href=\"https:\/\/www.technomar.ee\/et\/tooted\/plaatmaterjalid\/vineer\/\" \/>\n<meta property=\"og:locale\" content=\"et_EE\" \/>\n<meta property=\"og:type\" content=\"article\" \/>\n<meta property=\"og:title\" content=\"Vineer - Technomar &amp; Adrem\" \/>\n<meta property=\"og:description\" content=\"Lai valik kvaliteetseid liimparketti, plaatmaterjale, puidust m\u00f6\u00f6blikomponente, pakendilahendusi, CNC-t\u00f6\u00f6deldud materjale, kaablitrumleid ning seina- ja laepaneele. Technomar &amp; Adrem pakub vastupidavaid ja j\u00e4tkusuutlikke tooteid, mis on loodud nii ilu kui funktsionaalsust silmas pidades.\" \/>\n<meta property=\"og:url\" content=\"https:\/\/www.technomar.ee\/et\/tooted\/plaatmaterjalid\/vineer\/\" \/>\n<meta property=\"og:site_name\" content=\"Technomar &amp; Adrem\" \/>\n<meta property=\"article:modified_time\" content=\"2025-10-17T13:17:06+00:00\" \/>\n<meta property=\"og:image\" content=\"http:\/\/www.technomar.ee\/wp-content\/uploads\/2015\/11\/plywood1.jpg\" \/>\n<meta name=\"twitter:card\" content=\"summary_large_image\" \/>\n<script type=\"application\/ld+json\" class=\"yoast-schema-graph\">{\"@context\":\"https:\/\/schema.org\",\"@graph\":[{\"@type\":\"WebPage\",\"@id\":\"https:\/\/www.technomar.ee\/et\/tooted\/plaatmaterjalid\/vineer\/\",\"url\":\"https:\/\/www.technomar.ee\/et\/tooted\/plaatmaterjalid\/vineer\/\",\"name\":\"Vineer - Technomar &amp; Adrem\",\"isPartOf\":{\"@id\":\"https:\/\/www.technomar.ee\/et\/#website\"},\"primaryImageOfPage\":{\"@id\":\"https:\/\/www.technomar.ee\/et\/tooted\/plaatmaterjalid\/vineer\/#primaryimage\"},\"image\":{\"@id\":\"https:\/\/www.technomar.ee\/et\/tooted\/plaatmaterjalid\/vineer\/#primaryimage\"},\"thumbnailUrl\":\"http:\/\/www.technomar.ee\/wp-content\/uploads\/2015\/11\/plywood1.jpg\",\"datePublished\":\"2015-11-12T02:06:42+00:00\",\"dateModified\":\"2025-10-17T13:17:06+00:00\",\"description\":\"Lai valik kvaliteetseid liimparketti, plaatmaterjale, puidust m\u00f6\u00f6blikomponente, pakendilahendusi, CNC-t\u00f6\u00f6deldud materjale, kaablitrumleid ning seina- ja laepaneele. Technomar & Adrem pakub vastupidavaid ja j\u00e4tkusuutlikke tooteid, mis on loodud nii ilu kui funktsionaalsust silmas pidades.\",\"breadcrumb\":{\"@id\":\"https:\/\/www.technomar.ee\/et\/tooted\/plaatmaterjalid\/vineer\/#breadcrumb\"},\"inLanguage\":\"et\",\"potentialAction\":[{\"@type\":\"ReadAction\",\"target\":[\"https:\/\/www.technomar.ee\/et\/tooted\/plaatmaterjalid\/vineer\/\"]}]},{\"@type\":\"ImageObject\",\"inLanguage\":\"et\",\"@id\":\"https:\/\/www.technomar.ee\/et\/tooted\/plaatmaterjalid\/vineer\/#primaryimage\",\"url\":\"http:\/\/www.technomar.ee\/wp-content\/uploads\/2015\/11\/plywood1.jpg\",\"contentUrl\":\"http:\/\/www.technomar.ee\/wp-content\/uploads\/2015\/11\/plywood1.jpg\"},{\"@type\":\"BreadcrumbList\",\"@id\":\"https:\/\/www.technomar.ee\/et\/tooted\/plaatmaterjalid\/vineer\/#breadcrumb\",\"itemListElement\":[{\"@type\":\"ListItem\",\"position\":1,\"name\":\"Home\",\"item\":\"https:\/\/www.technomar.ee\/et\/\"},{\"@type\":\"ListItem\",\"position\":2,\"name\":\"Tooted\",\"item\":\"https:\/\/www.technomar.ee\/et\/tooted\/\"},{\"@type\":\"ListItem\",\"position\":3,\"name\":\"Plaatmaterjalid\",\"item\":\"https:\/\/www.technomar.ee\/et\/tooted\/plaatmaterjalid\/\"},{\"@type\":\"ListItem\",\"position\":4,\"name\":\"Vineer\"}]},{\"@type\":\"WebSite\",\"@id\":\"https:\/\/www.technomar.ee\/et\/#website\",\"url\":\"https:\/\/www.technomar.ee\/et\/\",\"name\":\"Technomar &amp; Adrem\",\"description\":\"\",\"potentialAction\":[{\"@type\":\"SearchAction\",\"target\":{\"@type\":\"EntryPoint\",\"urlTemplate\":\"https:\/\/www.technomar.ee\/et\/?s={search_term_string}\"},\"query-input\":\"required name=search_term_string\"}],\"inLanguage\":\"et\"}]}<\/script>\n<!-- \/ Yoast SEO plugin. -->","yoast_head_json":{"title":"Vineer - Technomar &amp; Adrem","description":"Lai valik kvaliteetseid liimparketti, plaatmaterjale, puidust m\u00f6\u00f6blikomponente, pakendilahendusi, CNC-t\u00f6\u00f6deldud materjale, kaablitrumleid ning seina- ja laepaneele. Technomar & Adrem pakub vastupidavaid ja j\u00e4tkusuutlikke tooteid, mis on loodud nii ilu kui funktsionaalsust silmas pidades.","robots":{"index":"index","follow":"follow","max-snippet":"max-snippet:-1","max-image-preview":"max-image-preview:large","max-video-preview":"max-video-preview:-1"},"canonical":"https:\/\/www.technomar.ee\/et\/tooted\/plaatmaterjalid\/vineer\/","og_locale":"et_EE","og_type":"article","og_title":"Vineer - Technomar &amp; Adrem","og_description":"Lai valik kvaliteetseid liimparketti, plaatmaterjale, puidust m\u00f6\u00f6blikomponente, pakendilahendusi, CNC-t\u00f6\u00f6deldud materjale, kaablitrumleid ning seina- ja laepaneele. Technomar & Adrem pakub vastupidavaid ja j\u00e4tkusuutlikke tooteid, mis on loodud nii ilu kui funktsionaalsust silmas pidades.","og_url":"https:\/\/www.technomar.ee\/et\/tooted\/plaatmaterjalid\/vineer\/","og_site_name":"Technomar &amp; Adrem","article_modified_time":"2025-10-17T13:17:06+00:00","og_image":[{"url":"http:\/\/www.technomar.ee\/wp-content\/uploads\/2015\/11\/plywood1.jpg"}],"twitter_card":"summary_large_image","schema":{"@context":"https:\/\/schema.org","@graph":[{"@type":"WebPage","@id":"https:\/\/www.technomar.ee\/et\/tooted\/plaatmaterjalid\/vineer\/","url":"https:\/\/www.technomar.ee\/et\/tooted\/plaatmaterjalid\/vineer\/","name":"Vineer - Technomar &amp; Adrem","isPartOf":{"@id":"https:\/\/www.technomar.ee\/et\/#website"},"primaryImageOfPage":{"@id":"https:\/\/www.technomar.ee\/et\/tooted\/plaatmaterjalid\/vineer\/#primaryimage"},"image":{"@id":"https:\/\/www.technomar.ee\/et\/tooted\/plaatmaterjalid\/vineer\/#primaryimage"},"thumbnailUrl":"http:\/\/www.technomar.ee\/wp-content\/uploads\/2015\/11\/plywood1.jpg","datePublished":"2015-11-12T02:06:42+00:00","dateModified":"2025-10-17T13:17:06+00:00","description":"Lai valik kvaliteetseid liimparketti, plaatmaterjale, puidust m\u00f6\u00f6blikomponente, pakendilahendusi, CNC-t\u00f6\u00f6deldud materjale, kaablitrumleid ning seina- ja laepaneele. Technomar & Adrem pakub vastupidavaid ja j\u00e4tkusuutlikke tooteid, mis on loodud nii ilu kui funktsionaalsust silmas pidades.","breadcrumb":{"@id":"https:\/\/www.technomar.ee\/et\/tooted\/plaatmaterjalid\/vineer\/#breadcrumb"},"inLanguage":"et","potentialAction":[{"@type":"ReadAction","target":["https:\/\/www.technomar.ee\/et\/tooted\/plaatmaterjalid\/vineer\/"]}]},{"@type":"ImageObject","inLanguage":"et","@id":"https:\/\/www.technomar.ee\/et\/tooted\/plaatmaterjalid\/vineer\/#primaryimage","url":"http:\/\/www.technomar.ee\/wp-content\/uploads\/2015\/11\/plywood1.jpg","contentUrl":"http:\/\/www.technomar.ee\/wp-content\/uploads\/2015\/11\/plywood1.jpg"},{"@type":"BreadcrumbList","@id":"https:\/\/www.technomar.ee\/et\/tooted\/plaatmaterjalid\/vineer\/#breadcrumb","itemListElement":[{"@type":"ListItem","position":1,"name":"Home","item":"https:\/\/www.technomar.ee\/et\/"},{"@type":"ListItem","position":2,"name":"Tooted","item":"https:\/\/www.technomar.ee\/et\/tooted\/"},{"@type":"ListItem","position":3,"name":"Plaatmaterjalid","item":"https:\/\/www.technomar.ee\/et\/tooted\/plaatmaterjalid\/"},{"@type":"ListItem","position":4,"name":"Vineer"}]},{"@type":"WebSite","@id":"https:\/\/www.technomar.ee\/et\/#website","url":"https:\/\/www.technomar.ee\/et\/","name":"Technomar &amp; Adrem","description":"","potentialAction":[{"@type":"SearchAction","target":{"@type":"EntryPoint","urlTemplate":"https:\/\/www.technomar.ee\/et\/?s={search_term_string}"},"query-input":"required name=search_term_string"}],"inLanguage":"et"}]}},"_links":{"self":[{"href":"https:\/\/www.technomar.ee\/et\/wp-json\/wp\/v2\/pages\/2101","targetHints":{"allow":["GET"]}}],"collection":[{"href":"https:\/\/www.technomar.ee\/et\/wp-json\/wp\/v2\/pages"}],"about":[{"href":"https:\/\/www.technomar.ee\/et\/wp-json\/wp\/v2\/types\/page"}],"author":[{"embeddable":true,"href":"https:\/\/www.technomar.ee\/et\/wp-json\/wp\/v2\/users\/1"}],"replies":[{"embeddable":true,"href":"https:\/\/www.technomar.ee\/et\/wp-json\/wp\/v2\/comments?post=2101"}],"version-history":[{"count":1,"href":"https:\/\/www.technomar.ee\/et\/wp-json\/wp\/v2\/pages\/2101\/revisions"}],"predecessor-version":[{"id":2803,"href":"https:\/\/www.technomar.ee\/et\/wp-json\/wp\/v2\/pages\/2101\/revisions\/2803"}],"up":[{"embeddable":true,"href":"https:\/\/www.technomar.ee\/et\/wp-json\/wp\/v2\/pages\/2802"}],"wp:attachment":[{"href":"https:\/\/www.technomar.ee\/et\/wp-json\/wp\/v2\/media?parent=2101"}],"curies":[{"name":"wp","href":"https:\/\/api.w.org\/{rel}","templated":true}]}}