{"id":2117,"date":"2015-11-12T04:07:29","date_gmt":"2015-11-12T02:07:29","guid":{"rendered":"https:\/\/www.technomar.ee\/spoonitud-plaadid\/"},"modified":"2025-10-17T16:17:06","modified_gmt":"2025-10-17T13:17:06","slug":"spoonitud-plaadid","status":"publish","type":"page","link":"https:\/\/www.technomar.ee\/et\/tooted\/plaatmaterjalid\/spoonitud-plaadid\/","title":{"rendered":"Spoonitud plaadid"},"content":{"rendered":"<p>Pakume k\u00f5rgeima kvaliteediga puitspoonitud plaate<img fetchpriority=\"high\" decoding=\"async\" class=\"alignright wp-image-307 size-medium\" alt=\"Spoonitud plaadid\" src=\"http:\/\/www.technomar.ee\/wp-content\/uploads\/2015\/11\/veneer1Thumb.jpg\" width=\"300\" height=\"218\">, mis valmistatakse vastavalt tellimusele; valikus on \u00fcle 50 erineva puiduliigi.<\/p>\n<p>Meie tootevalikusse kuuluvad spoonitud vineer, spoonitud MDF-plaat ja spoonitud puitlaastplaat<\/p>\n<p>Paksused vahemikus 3\u201338 mm<\/p>\n<p>Saadaval standardsuurused: 1220 mm \u00d7 3050 mm, 1220 mm \u00d7 2440 mm ning ka vastupidi.<\/p>\n<p>Meie teenus sobib ettev\u00f5tetele, kes vajavad k\u00f5rge <a class=\"single_photoswipe\" href=\"http:\/\/www.technomar.ee\/wp-content\/uploads\/2015\/11\/veneer.png\" data-size=\"280x206\"><br \/>\n  <img decoding=\"async\" class=\"alignright wp-image-1033 size-full\" alt=\"spoon\" src=\"http:\/\/www.technomar.ee\/wp-content\/uploads\/2015\/11\/veneer.png\" width=\"280\" height=\"206\"><br \/>\n<\/a><br \/>\nkvaliteediga spoonitud paneele esinduslike t\u00f6\u00f6de jaoks, eesk\u00e4tt n\u00e4iteks hotellide, pankade, raamatukogude ja b\u00fcroode sisustamisel ja siseviimistlemisel jne.<\/p>\n<p>Spoonitud plaadid saab vajaduse korral sobitada konkreetsete alade j\u00e4rgi.<\/p>\n\n    <div class=\"xs_social_share_widget xs_share_url after_content \t\tmain_content  wslu-style-1 wslu-share-box-shaped wslu-fill-colored wslu-none wslu-share-horizontal wslu-theme-font-no wslu-main_content\">\n\n\t\t\n        <ul>\n\t\t\t        <\/ul>\n    <\/div> \n","protected":false},"excerpt":{"rendered":"<p>Pakume k\u00f5rgeima kvaliteediga puitspoonitud plaate, mis valmistatakse vastavalt tellimusele; valikus on \u00fcle 50 erineva puiduliigi. Meie tootevalikusse kuuluvad spoonitud vineer, spoonitud MDF-plaat ja spoonitud puitlaastplaat Paksused vahemikus 3\u201338 mm Saadaval standardsuurused: 1220 mm \u00d7 3050 mm, 1220 mm \u00d7 2440 mm ning ka vastupidi. Meie teenus sobib ettev\u00f5tetele, kes vajavad k\u00f5rge kvaliteediga spoonitud paneele esinduslike<br \/><a class=\"read-more\" href=\"https:\/\/www.technomar.ee\/et\/tooted\/plaatmaterjalid\/spoonitud-plaadid\/\">Continue reading<span class=\"sr-only\">: Spoonitud plaadid<\/span><span class=\"meta-nav\">&rarr;<\/span><\/a><\/p>\n","protected":false},"author":1,"featured_media":0,"parent":2802,"menu_order":0,"comment_status":"closed","ping_status":"closed","template":"","meta":{"_acf_changed":false,"postBodyCss":"","postBodyMargin":[],"postBodyPadding":[],"postBodyBackground":{"backgroundType":"classic","gradient":""},"footnotes":""},"class_list":["post-2117","page","type-page","status-publish","hentry"],"acf":[],"yoast_head":"<!-- This site is optimized with the Yoast SEO plugin v22.5 - https:\/\/yoast.com\/wordpress\/plugins\/seo\/ -->\n<title>Spoonitud plaadid - Technomar &amp; Adrem<\/title>\n<meta name=\"robots\" content=\"index, follow, max-snippet:-1, max-image-preview:large, max-video-preview:-1\" \/>\n<link rel=\"canonical\" href=\"https:\/\/www.technomar.ee\/et\/tooted\/plaatmaterjalid\/spoonitud-plaadid\/\" \/>\n<meta property=\"og:locale\" content=\"et_EE\" \/>\n<meta property=\"og:type\" content=\"article\" \/>\n<meta property=\"og:title\" content=\"Spoonitud plaadid - Technomar &amp; Adrem\" \/>\n<meta property=\"og:description\" content=\"Pakume k\u00f5rgeima kvaliteediga puitspoonitud plaate, mis valmistatakse vastavalt tellimusele; valikus on \u00fcle 50 erineva puiduliigi. Meie tootevalikusse kuuluvad spoonitud vineer, spoonitud MDF-plaat ja spoonitud puitlaastplaat Paksused vahemikus 3\u201338 mm Saadaval standardsuurused: 1220 mm \u00d7 3050 mm, 1220 mm \u00d7 2440 mm ning ka vastupidi. Meie teenus sobib ettev\u00f5tetele, kes vajavad k\u00f5rge kvaliteediga spoonitud paneele esinduslikeContinue reading: Spoonitud plaadid&rarr;\" \/>\n<meta property=\"og:url\" content=\"https:\/\/www.technomar.ee\/et\/tooted\/plaatmaterjalid\/spoonitud-plaadid\/\" \/>\n<meta property=\"og:site_name\" content=\"Technomar &amp; Adrem\" \/>\n<meta property=\"article:modified_time\" content=\"2025-10-17T13:17:06+00:00\" \/>\n<meta property=\"og:image\" content=\"http:\/\/www.technomar.ee\/wp-content\/uploads\/2015\/11\/veneer1Thumb.jpg\" \/>\n<meta name=\"twitter:card\" content=\"summary_large_image\" \/>\n<script type=\"application\/ld+json\" class=\"yoast-schema-graph\">{\"@context\":\"https:\/\/schema.org\",\"@graph\":[{\"@type\":\"WebPage\",\"@id\":\"https:\/\/www.technomar.ee\/et\/tooted\/plaatmaterjalid\/spoonitud-plaadid\/\",\"url\":\"https:\/\/www.technomar.ee\/et\/tooted\/plaatmaterjalid\/spoonitud-plaadid\/\",\"name\":\"Spoonitud plaadid - Technomar &amp; Adrem\",\"isPartOf\":{\"@id\":\"https:\/\/www.technomar.ee\/et\/#website\"},\"primaryImageOfPage\":{\"@id\":\"https:\/\/www.technomar.ee\/et\/tooted\/plaatmaterjalid\/spoonitud-plaadid\/#primaryimage\"},\"image\":{\"@id\":\"https:\/\/www.technomar.ee\/et\/tooted\/plaatmaterjalid\/spoonitud-plaadid\/#primaryimage\"},\"thumbnailUrl\":\"http:\/\/www.technomar.ee\/wp-content\/uploads\/2015\/11\/veneer1Thumb.jpg\",\"datePublished\":\"2015-11-12T02:07:29+00:00\",\"dateModified\":\"2025-10-17T13:17:06+00:00\",\"breadcrumb\":{\"@id\":\"https:\/\/www.technomar.ee\/et\/tooted\/plaatmaterjalid\/spoonitud-plaadid\/#breadcrumb\"},\"inLanguage\":\"et\",\"potentialAction\":[{\"@type\":\"ReadAction\",\"target\":[\"https:\/\/www.technomar.ee\/et\/tooted\/plaatmaterjalid\/spoonitud-plaadid\/\"]}]},{\"@type\":\"ImageObject\",\"inLanguage\":\"et\",\"@id\":\"https:\/\/www.technomar.ee\/et\/tooted\/plaatmaterjalid\/spoonitud-plaadid\/#primaryimage\",\"url\":\"http:\/\/www.technomar.ee\/wp-content\/uploads\/2015\/11\/veneer1Thumb.jpg\",\"contentUrl\":\"http:\/\/www.technomar.ee\/wp-content\/uploads\/2015\/11\/veneer1Thumb.jpg\"},{\"@type\":\"BreadcrumbList\",\"@id\":\"https:\/\/www.technomar.ee\/et\/tooted\/plaatmaterjalid\/spoonitud-plaadid\/#breadcrumb\",\"itemListElement\":[{\"@type\":\"ListItem\",\"position\":1,\"name\":\"Home\",\"item\":\"https:\/\/www.technomar.ee\/et\/\"},{\"@type\":\"ListItem\",\"position\":2,\"name\":\"Tooted\",\"item\":\"https:\/\/www.technomar.ee\/et\/tooted\/\"},{\"@type\":\"ListItem\",\"position\":3,\"name\":\"Plaatmaterjalid\",\"item\":\"https:\/\/www.technomar.ee\/et\/tooted\/plaatmaterjalid\/\"},{\"@type\":\"ListItem\",\"position\":4,\"name\":\"Spoonitud plaadid\"}]},{\"@type\":\"WebSite\",\"@id\":\"https:\/\/www.technomar.ee\/et\/#website\",\"url\":\"https:\/\/www.technomar.ee\/et\/\",\"name\":\"Technomar &amp; Adrem\",\"description\":\"\",\"potentialAction\":[{\"@type\":\"SearchAction\",\"target\":{\"@type\":\"EntryPoint\",\"urlTemplate\":\"https:\/\/www.technomar.ee\/et\/?s={search_term_string}\"},\"query-input\":\"required name=search_term_string\"}],\"inLanguage\":\"et\"}]}<\/script>\n<!-- \/ Yoast SEO plugin. -->","yoast_head_json":{"title":"Spoonitud plaadid - Technomar &amp; Adrem","robots":{"index":"index","follow":"follow","max-snippet":"max-snippet:-1","max-image-preview":"max-image-preview:large","max-video-preview":"max-video-preview:-1"},"canonical":"https:\/\/www.technomar.ee\/et\/tooted\/plaatmaterjalid\/spoonitud-plaadid\/","og_locale":"et_EE","og_type":"article","og_title":"Spoonitud plaadid - Technomar &amp; Adrem","og_description":"Pakume k\u00f5rgeima kvaliteediga puitspoonitud plaate, mis valmistatakse vastavalt tellimusele; valikus on \u00fcle 50 erineva puiduliigi. Meie tootevalikusse kuuluvad spoonitud vineer, spoonitud MDF-plaat ja spoonitud puitlaastplaat Paksused vahemikus 3\u201338 mm Saadaval standardsuurused: 1220 mm \u00d7 3050 mm, 1220 mm \u00d7 2440 mm ning ka vastupidi. Meie teenus sobib ettev\u00f5tetele, kes vajavad k\u00f5rge kvaliteediga spoonitud paneele esinduslikeContinue reading: Spoonitud plaadid&rarr;","og_url":"https:\/\/www.technomar.ee\/et\/tooted\/plaatmaterjalid\/spoonitud-plaadid\/","og_site_name":"Technomar &amp; Adrem","article_modified_time":"2025-10-17T13:17:06+00:00","og_image":[{"url":"http:\/\/www.technomar.ee\/wp-content\/uploads\/2015\/11\/veneer1Thumb.jpg"}],"twitter_card":"summary_large_image","schema":{"@context":"https:\/\/schema.org","@graph":[{"@type":"WebPage","@id":"https:\/\/www.technomar.ee\/et\/tooted\/plaatmaterjalid\/spoonitud-plaadid\/","url":"https:\/\/www.technomar.ee\/et\/tooted\/plaatmaterjalid\/spoonitud-plaadid\/","name":"Spoonitud plaadid - Technomar &amp; Adrem","isPartOf":{"@id":"https:\/\/www.technomar.ee\/et\/#website"},"primaryImageOfPage":{"@id":"https:\/\/www.technomar.ee\/et\/tooted\/plaatmaterjalid\/spoonitud-plaadid\/#primaryimage"},"image":{"@id":"https:\/\/www.technomar.ee\/et\/tooted\/plaatmaterjalid\/spoonitud-plaadid\/#primaryimage"},"thumbnailUrl":"http:\/\/www.technomar.ee\/wp-content\/uploads\/2015\/11\/veneer1Thumb.jpg","datePublished":"2015-11-12T02:07:29+00:00","dateModified":"2025-10-17T13:17:06+00:00","breadcrumb":{"@id":"https:\/\/www.technomar.ee\/et\/tooted\/plaatmaterjalid\/spoonitud-plaadid\/#breadcrumb"},"inLanguage":"et","potentialAction":[{"@type":"ReadAction","target":["https:\/\/www.technomar.ee\/et\/tooted\/plaatmaterjalid\/spoonitud-plaadid\/"]}]},{"@type":"ImageObject","inLanguage":"et","@id":"https:\/\/www.technomar.ee\/et\/tooted\/plaatmaterjalid\/spoonitud-plaadid\/#primaryimage","url":"http:\/\/www.technomar.ee\/wp-content\/uploads\/2015\/11\/veneer1Thumb.jpg","contentUrl":"http:\/\/www.technomar.ee\/wp-content\/uploads\/2015\/11\/veneer1Thumb.jpg"},{"@type":"BreadcrumbList","@id":"https:\/\/www.technomar.ee\/et\/tooted\/plaatmaterjalid\/spoonitud-plaadid\/#breadcrumb","itemListElement":[{"@type":"ListItem","position":1,"name":"Home","item":"https:\/\/www.technomar.ee\/et\/"},{"@type":"ListItem","position":2,"name":"Tooted","item":"https:\/\/www.technomar.ee\/et\/tooted\/"},{"@type":"ListItem","position":3,"name":"Plaatmaterjalid","item":"https:\/\/www.technomar.ee\/et\/tooted\/plaatmaterjalid\/"},{"@type":"ListItem","position":4,"name":"Spoonitud plaadid"}]},{"@type":"WebSite","@id":"https:\/\/www.technomar.ee\/et\/#website","url":"https:\/\/www.technomar.ee\/et\/","name":"Technomar &amp; Adrem","description":"","potentialAction":[{"@type":"SearchAction","target":{"@type":"EntryPoint","urlTemplate":"https:\/\/www.technomar.ee\/et\/?s={search_term_string}"},"query-input":"required name=search_term_string"}],"inLanguage":"et"}]}},"_links":{"self":[{"href":"https:\/\/www.technomar.ee\/et\/wp-json\/wp\/v2\/pages\/2117","targetHints":{"allow":["GET"]}}],"collection":[{"href":"https:\/\/www.technomar.ee\/et\/wp-json\/wp\/v2\/pages"}],"about":[{"href":"https:\/\/www.technomar.ee\/et\/wp-json\/wp\/v2\/types\/page"}],"author":[{"embeddable":true,"href":"https:\/\/www.technomar.ee\/et\/wp-json\/wp\/v2\/users\/1"}],"replies":[{"embeddable":true,"href":"https:\/\/www.technomar.ee\/et\/wp-json\/wp\/v2\/comments?post=2117"}],"version-history":[{"count":1,"href":"https:\/\/www.technomar.ee\/et\/wp-json\/wp\/v2\/pages\/2117\/revisions"}],"predecessor-version":[{"id":2809,"href":"https:\/\/www.technomar.ee\/et\/wp-json\/wp\/v2\/pages\/2117\/revisions\/2809"}],"up":[{"embeddable":true,"href":"https:\/\/www.technomar.ee\/et\/wp-json\/wp\/v2\/pages\/2802"}],"wp:attachment":[{"href":"https:\/\/www.technomar.ee\/et\/wp-json\/wp\/v2\/media?parent=2117"}],"curies":[{"name":"wp","href":"https:\/\/api.w.org\/{rel}","templated":true}]}}