{"id":2142,"date":"2015-11-12T03:52:43","date_gmt":"2015-11-12T01:52:43","guid":{"rendered":"https:\/\/www.technomar.ee\/ettevottest\/sertifikaadid\/"},"modified":"2015-11-12T03:52:43","modified_gmt":"2015-11-12T01:52:43","slug":"sertifikaadid","status":"publish","type":"page","link":"https:\/\/www.technomar.ee\/et\/ettevottest\/sertifikaadid\/","title":{"rendered":"Sertifikaadid"},"content":{"rendered":"<p>Aastal 2000 rekertifitseeriti Technomar &amp; Adrem vastavaks ISO 9001 standardi n\u00f5uetele; sertifikaati uuendatakse iga 3 aasta j\u00e4rel.<\/p>\n<p>Eelised, mis on saavutatud alates ISO 9001:2015 kvaliteedijuhtimiss\u00fcsteemi juurutamisest:<\/p>\n<ul>\n<li>Klientide usaldus ettev\u00f5tte tulemuslikkuse vastu<\/li>\n<li>Suurenenud k\u00f5rgtehnoloogiliste tellimuste maht<\/li>\n<li>Tootmisvigade osakaal toodangus langes 0,2%-ni<\/li>\n<li>Meie kvaliteedijuhtimiss\u00fcsteemi poliitika saamiseks <a href=\"mailto:technomar@technomar.ee\"><br \/>\n  <strong>kirjutage meile!<\/strong><br \/>\n<\/a><\/li>\n<\/ul>\n<p><a href=\"https:\/\/www.technomar.ee\/wp-content\/uploads\/2025\/05\/Technomar-Adrem-AS-FSC-SGS-global-services-2021-scaled.jpeg\"><\/a><\/p>\n<div style=\"margin-bottom: 20px; display: block; clear: both;\" class=\"image-container\"><div id=\"envira-gallery-wrap-1656\" class=\"envira-gallery-wrap envira-gallery-theme-base envira-lightbox-theme-base\" itemscope itemtype=\"https:\/\/schema.org\/ImageGallery\"><div data-row-height=\"\" data-gallery-theme=\"\" id=\"envira-gallery-1656\" class=\"envira-gallery-public  envira-gallery-3-columns envira-clear enviratope envira-gallery-css-animations\" data-envira-columns=\"3\"><div id=\"envira-gallery-item-1659\" class=\"envira-gallery-item enviratope-item envira-gallery-item-1 envira-lazy-load\" style=\"padding-left: 5px; padding-bottom: 50px; padding-right: 5px;\"  itemscope itemtype=\"https:\/\/schema.org\/ImageObject\"><div class=\"envira-gallery-item-inner\"><div class=\"envira-gallery-position-overlay  envira-gallery-top-left\"><\/div><div class=\"envira-gallery-position-overlay  envira-gallery-top-right\"><\/div><div class=\"envira-gallery-position-overlay  envira-gallery-bottom-left\"><\/div><div class=\"envira-gallery-position-overlay  envira-gallery-bottom-right\"><\/div><a href=\"https:\/\/www.technomar.ee\/wp-content\/uploads\/2025\/05\/2023-2026-ISO.jpg\" class=\"envira-gallery-1656 envira-gallery-link\" rel=\"enviragallery1656\" title=\"2023-2026 ISO\" data-envira-caption=\"2023-2026 ISO\" data-envira-retina=\"\" data-thumbnail=\"\"  itemprop=\"contentUrl\"><div class=\"envira-lazy\" data-test-width=\"640\" data-test-height=\"480\" style=\"padding-bottom:75%;\"><img decoding=\"async\" id=\"envira-gallery-image-1659\" class=\"envira-gallery-image envira-gallery-image-1\" data-envira-index=\"1\" src=\"https:\/\/www.technomar.ee\/wp-content\/uploads\/2025\/05\/2023-2026-ISO-715x1024.jpg\" data-envira-src=\"https:\/\/www.technomar.ee\/wp-content\/uploads\/2025\/05\/2023-2026-ISO-715x1024.jpg\" data-envira-gallery-id=\"1656\" data-envira-item-id=\"1659\" data-envira-caption=\"2023-2026 ISO\" alt=\"\" title=\"2023-2026 ISO\"  itemprop=\"thumbnailUrl\" data-envira-srcset=\"https:\/\/www.technomar.ee\/wp-content\/uploads\/2025\/05\/2023-2026-ISO-715x1024.jpg 400w,https:\/\/www.technomar.ee\/wp-content\/uploads\/2025\/05\/2023-2026-ISO-715x1024.jpg 2x\" srcset=\"data:image\/gif;base64,R0lGODlhAQABAIAAAP\/\/\/\/\/\/\/yH5BAEKAAEALAAAAAABAAEAAAICTAEAOw==\" \/><\/div><\/a><\/div><\/div><div id=\"envira-gallery-item-1660\" class=\"envira-gallery-item enviratope-item envira-gallery-item-2 envira-lazy-load\" style=\"padding-left: 5px; padding-bottom: 50px; padding-right: 5px;\"  itemscope itemtype=\"https:\/\/schema.org\/ImageObject\"><div class=\"envira-gallery-item-inner\"><div class=\"envira-gallery-position-overlay  envira-gallery-top-left\"><\/div><div class=\"envira-gallery-position-overlay  envira-gallery-top-right\"><\/div><div class=\"envira-gallery-position-overlay  envira-gallery-bottom-left\"><\/div><div class=\"envira-gallery-position-overlay  envira-gallery-bottom-right\"><\/div><a href=\"https:\/\/www.technomar.ee\/wp-content\/uploads\/2025\/05\/2023-2026.jpg\" class=\"envira-gallery-1656 envira-gallery-link\" rel=\"enviragallery1656\" title=\"2023-2026\" data-envira-caption=\"2023-2026\" data-envira-retina=\"\" data-thumbnail=\"\"  itemprop=\"contentUrl\"><div class=\"envira-lazy\" data-test-width=\"640\" data-test-height=\"480\" style=\"padding-bottom:75%;\"><img decoding=\"async\" id=\"envira-gallery-image-1660\" class=\"envira-gallery-image envira-gallery-image-2\" data-envira-index=\"2\" src=\"https:\/\/www.technomar.ee\/wp-content\/uploads\/2025\/05\/2023-2026-715x1024.jpg\" data-envira-src=\"https:\/\/www.technomar.ee\/wp-content\/uploads\/2025\/05\/2023-2026-715x1024.jpg\" data-envira-gallery-id=\"1656\" data-envira-item-id=\"1660\" data-envira-caption=\"2023-2026\" alt=\"\" title=\"2023-2026\"  itemprop=\"thumbnailUrl\" data-envira-srcset=\"https:\/\/www.technomar.ee\/wp-content\/uploads\/2025\/05\/2023-2026-715x1024.jpg 400w,https:\/\/www.technomar.ee\/wp-content\/uploads\/2025\/05\/2023-2026-715x1024.jpg 2x\" srcset=\"data:image\/gif;base64,R0lGODlhAQABAIAAAP\/\/\/\/\/\/\/yH5BAEKAAEALAAAAAABAAEAAAICTAEAOw==\" \/><\/div><\/a><\/div><\/div><div id=\"envira-gallery-item-1666\" class=\"envira-gallery-item enviratope-item envira-gallery-item-3 envira-lazy-load\" style=\"padding-left: 5px; padding-bottom: 50px; padding-right: 5px;\"  itemscope itemtype=\"https:\/\/schema.org\/ImageObject\"><div class=\"envira-gallery-item-inner\"><div class=\"envira-gallery-position-overlay  envira-gallery-top-left\"><\/div><div class=\"envira-gallery-position-overlay  envira-gallery-top-right\"><\/div><div class=\"envira-gallery-position-overlay  envira-gallery-bottom-left\"><\/div><div class=\"envira-gallery-position-overlay  envira-gallery-bottom-right\"><\/div><a href=\"https:\/\/www.technomar.ee\/wp-content\/uploads\/2025\/05\/TechnomarAdrem-AS-M1-Certificate-scaled.jpg\" class=\"envira-gallery-1656 envira-gallery-link\" rel=\"enviragallery1656\" title=\"TechnomarAdrem-AS-M1-Certificate\" data-envira-caption=\"TechnomarAdrem-AS-M1-Certificate\" data-envira-retina=\"\" data-thumbnail=\"\"  itemprop=\"contentUrl\"><div class=\"envira-lazy\" data-test-width=\"640\" data-test-height=\"480\" style=\"padding-bottom:75%;\"><img decoding=\"async\" id=\"envira-gallery-image-1666\" class=\"envira-gallery-image envira-gallery-image-3\" data-envira-index=\"3\" src=\"https:\/\/www.technomar.ee\/wp-content\/uploads\/2025\/05\/TechnomarAdrem-AS-M1-Certificate-710x1024.jpg\" data-envira-src=\"https:\/\/www.technomar.ee\/wp-content\/uploads\/2025\/05\/TechnomarAdrem-AS-M1-Certificate-710x1024.jpg\" data-envira-gallery-id=\"1656\" data-envira-item-id=\"1666\" data-envira-caption=\"TechnomarAdrem-AS-M1-Certificate\" alt=\"\" title=\"TechnomarAdrem-AS-M1-Certificate\"  itemprop=\"thumbnailUrl\" data-envira-srcset=\"https:\/\/www.technomar.ee\/wp-content\/uploads\/2025\/05\/TechnomarAdrem-AS-M1-Certificate-710x1024.jpg 400w,https:\/\/www.technomar.ee\/wp-content\/uploads\/2025\/05\/TechnomarAdrem-AS-M1-Certificate-710x1024.jpg 2x\" srcset=\"data:image\/gif;base64,R0lGODlhAQABAIAAAP\/\/\/\/\/\/\/yH5BAEKAAEALAAAAAABAAEAAAICTAEAOw==\" \/><\/div><\/a><\/div><\/div><div id=\"envira-gallery-item-1665\" class=\"envira-gallery-item enviratope-item envira-gallery-item-4 envira-lazy-load\" style=\"padding-left: 5px; padding-bottom: 50px; padding-right: 5px;\"  itemscope itemtype=\"https:\/\/schema.org\/ImageObject\"><div class=\"envira-gallery-item-inner\"><div class=\"envira-gallery-position-overlay  envira-gallery-top-left\"><\/div><div class=\"envira-gallery-position-overlay  envira-gallery-top-right\"><\/div><div class=\"envira-gallery-position-overlay  envira-gallery-bottom-left\"><\/div><div class=\"envira-gallery-position-overlay  envira-gallery-bottom-right\"><\/div><a href=\"https:\/\/www.technomar.ee\/wp-content\/uploads\/2025\/05\/Technomar-Adrem-AS-FSC-SGS-global-services-2021-01.jpg\" class=\"envira-gallery-1656 envira-gallery-link\" rel=\"enviragallery1656\" title=\"Technomar-Adrem-AS-FSC-SGS-global-services-2021-01\" data-envira-caption=\"Technomar-Adrem-AS-FSC-SGS-global-services-2021-01\" data-envira-retina=\"\" data-thumbnail=\"\"  itemprop=\"contentUrl\"><div class=\"envira-lazy\" data-test-width=\"640\" data-test-height=\"480\" style=\"padding-bottom:75%;\"><img decoding=\"async\" id=\"envira-gallery-image-1665\" class=\"envira-gallery-image envira-gallery-image-4\" data-envira-index=\"4\" src=\"https:\/\/www.technomar.ee\/wp-content\/uploads\/2025\/05\/Technomar-Adrem-AS-FSC-SGS-global-services-2021-01-1024x791.jpg\" data-envira-src=\"https:\/\/www.technomar.ee\/wp-content\/uploads\/2025\/05\/Technomar-Adrem-AS-FSC-SGS-global-services-2021-01-1024x791.jpg\" data-envira-gallery-id=\"1656\" data-envira-item-id=\"1665\" data-envira-caption=\"Technomar-Adrem-AS-FSC-SGS-global-services-2021-01\" alt=\"\" title=\"Technomar-Adrem-AS-FSC-SGS-global-services-2021-01\"  itemprop=\"thumbnailUrl\" data-envira-srcset=\"https:\/\/www.technomar.ee\/wp-content\/uploads\/2025\/05\/Technomar-Adrem-AS-FSC-SGS-global-services-2021-01-1024x791.jpg 400w,https:\/\/www.technomar.ee\/wp-content\/uploads\/2025\/05\/Technomar-Adrem-AS-FSC-SGS-global-services-2021-01-1024x791.jpg 2x\" srcset=\"data:image\/gif;base64,R0lGODlhAQABAIAAAP\/\/\/\/\/\/\/yH5BAEKAAEALAAAAAABAAEAAAICTAEAOw==\" \/><\/div><\/a><\/div><\/div><div id=\"envira-gallery-item-1750\" class=\"envira-gallery-item enviratope-item envira-gallery-item-5 envira-lazy-load\" style=\"padding-left: 5px; padding-bottom: 50px; padding-right: 5px;\"  itemscope itemtype=\"https:\/\/schema.org\/ImageObject\"><div class=\"envira-gallery-item-inner\"><div class=\"envira-gallery-position-overlay  envira-gallery-top-left\"><\/div><div class=\"envira-gallery-position-overlay  envira-gallery-top-right\"><\/div><div class=\"envira-gallery-position-overlay  envira-gallery-bottom-left\"><\/div><div class=\"envira-gallery-position-overlay  envira-gallery-bottom-right\"><\/div><a href=\"https:\/\/www.technomar.ee\/wp-content\/uploads\/2025\/05\/FEP-Membership-certificate-EstaParket-2025.png\" class=\"envira-gallery-1656 envira-gallery-link\" rel=\"enviragallery1656\" title=\"FEP-Membership-certificate-EstaParket-2025\" data-envira-caption=\"FEP-Membership-certificate-EstaParket-2025\" data-envira-retina=\"\" data-thumbnail=\"\"  itemprop=\"contentUrl\"><div class=\"envira-lazy\" data-test-width=\"640\" data-test-height=\"480\" style=\"padding-bottom:75%;\"><img decoding=\"async\" id=\"envira-gallery-image-1750\" class=\"envira-gallery-image envira-gallery-image-5\" data-envira-index=\"5\" src=\"https:\/\/www.technomar.ee\/wp-content\/uploads\/2025\/05\/FEP-Membership-certificate-EstaParket-2025-1024x786.png\" data-envira-src=\"https:\/\/www.technomar.ee\/wp-content\/uploads\/2025\/05\/FEP-Membership-certificate-EstaParket-2025-1024x786.png\" data-envira-gallery-id=\"1656\" data-envira-item-id=\"1750\" data-envira-caption=\"FEP-Membership-certificate-EstaParket-2025\" alt=\"\" title=\"FEP-Membership-certificate-EstaParket-2025\"  itemprop=\"thumbnailUrl\" data-envira-srcset=\"https:\/\/www.technomar.ee\/wp-content\/uploads\/2025\/05\/FEP-Membership-certificate-EstaParket-2025-1024x786.png 400w,https:\/\/www.technomar.ee\/wp-content\/uploads\/2025\/05\/FEP-Membership-certificate-EstaParket-2025-1024x786.png 2x\" srcset=\"data:image\/gif;base64,R0lGODlhAQABAIAAAP\/\/\/\/\/\/\/yH5BAEKAAEALAAAAAABAAEAAAICTAEAOw==\" \/><\/div><\/a><\/div><\/div><div id=\"envira-gallery-item-1662\" class=\"envira-gallery-item enviratope-item envira-gallery-item-6 envira-lazy-load\" style=\"padding-left: 5px; padding-bottom: 50px; padding-right: 5px;\"  itemscope itemtype=\"https:\/\/schema.org\/ImageObject\"><div class=\"envira-gallery-item-inner\"><div class=\"envira-gallery-position-overlay  envira-gallery-top-left\"><\/div><div class=\"envira-gallery-position-overlay  envira-gallery-top-right\"><\/div><div class=\"envira-gallery-position-overlay  envira-gallery-bottom-left\"><\/div><div class=\"envira-gallery-position-overlay  envira-gallery-bottom-right\"><\/div><a href=\"https:\/\/www.technomar.ee\/wp-content\/uploads\/2025\/05\/estaparket_technomar_KLUMPP_Miraphen-UV-Parquet-Coatings_certificate.jpg\" class=\"envira-gallery-1656 envira-gallery-link\" rel=\"enviragallery1656\" title=\"estaparket_technomar_KLUMPP_Miraphen-UV-Parquet-Coatings_certificate\" data-envira-caption=\"estaparket_technomar_KLUMPP_Miraphen-UV-Parquet-Coatings_certificate\" data-envira-retina=\"\" data-thumbnail=\"\"  itemprop=\"contentUrl\"><div class=\"envira-lazy\" data-test-width=\"640\" data-test-height=\"480\" style=\"padding-bottom:75%;\"><img decoding=\"async\" id=\"envira-gallery-image-1662\" class=\"envira-gallery-image envira-gallery-image-6\" data-envira-index=\"6\" src=\"https:\/\/www.technomar.ee\/wp-content\/uploads\/2025\/05\/estaparket_technomar_KLUMPP_Miraphen-UV-Parquet-Coatings_certificate-724x1024.jpg\" data-envira-src=\"https:\/\/www.technomar.ee\/wp-content\/uploads\/2025\/05\/estaparket_technomar_KLUMPP_Miraphen-UV-Parquet-Coatings_certificate-724x1024.jpg\" data-envira-gallery-id=\"1656\" data-envira-item-id=\"1662\" data-envira-caption=\"estaparket_technomar_KLUMPP_Miraphen-UV-Parquet-Coatings_certificate\" alt=\"\" title=\"estaparket_technomar_KLUMPP_Miraphen-UV-Parquet-Coatings_certificate\"  itemprop=\"thumbnailUrl\" data-envira-srcset=\"https:\/\/www.technomar.ee\/wp-content\/uploads\/2025\/05\/estaparket_technomar_KLUMPP_Miraphen-UV-Parquet-Coatings_certificate-724x1024.jpg 400w,https:\/\/www.technomar.ee\/wp-content\/uploads\/2025\/05\/estaparket_technomar_KLUMPP_Miraphen-UV-Parquet-Coatings_certificate-724x1024.jpg 2x\" srcset=\"data:image\/gif;base64,R0lGODlhAQABAIAAAP\/\/\/\/\/\/\/yH5BAEKAAEALAAAAAABAAEAAAICTAEAOw==\" \/><\/div><\/a><\/div><\/div><div id=\"envira-gallery-item-1661\" class=\"envira-gallery-item enviratope-item envira-gallery-item-7 envira-lazy-load\" style=\"padding-left: 5px; padding-bottom: 50px; padding-right: 5px;\"  itemscope itemtype=\"https:\/\/schema.org\/ImageObject\"><div class=\"envira-gallery-item-inner\"><div class=\"envira-gallery-position-overlay  envira-gallery-top-left\"><\/div><div class=\"envira-gallery-position-overlay  envira-gallery-top-right\"><\/div><div class=\"envira-gallery-position-overlay  envira-gallery-bottom-left\"><\/div><div class=\"envira-gallery-position-overlay  envira-gallery-bottom-right\"><\/div><a href=\"https:\/\/www.technomar.ee\/wp-content\/uploads\/2025\/05\/Bona.jpg\" class=\"envira-gallery-1656 envira-gallery-link\" rel=\"enviragallery1656\" title=\"Bona\" data-envira-caption=\"Bona\" data-envira-retina=\"\" data-thumbnail=\"\"  itemprop=\"contentUrl\"><div class=\"envira-lazy\" data-test-width=\"640\" data-test-height=\"480\" style=\"padding-bottom:75%;\"><img decoding=\"async\" id=\"envira-gallery-image-1661\" class=\"envira-gallery-image envira-gallery-image-7\" data-envira-index=\"7\" src=\"https:\/\/www.technomar.ee\/wp-content\/uploads\/2025\/05\/Bona-772x1024.jpg\" data-envira-src=\"https:\/\/www.technomar.ee\/wp-content\/uploads\/2025\/05\/Bona-772x1024.jpg\" data-envira-gallery-id=\"1656\" data-envira-item-id=\"1661\" data-envira-caption=\"Bona\" alt=\"\" title=\"Bona\"  itemprop=\"thumbnailUrl\" data-envira-srcset=\"https:\/\/www.technomar.ee\/wp-content\/uploads\/2025\/05\/Bona-772x1024.jpg 400w,https:\/\/www.technomar.ee\/wp-content\/uploads\/2025\/05\/Bona-772x1024.jpg 2x\" srcset=\"data:image\/gif;base64,R0lGODlhAQABAIAAAP\/\/\/\/\/\/\/yH5BAEKAAEALAAAAAABAAEAAAICTAEAOw==\" \/><\/div><\/a><\/div><\/div><div id=\"envira-gallery-item-1752\" class=\"envira-gallery-item enviratope-item envira-gallery-item-8 envira-lazy-load\" style=\"padding-left: 5px; padding-bottom: 50px; padding-right: 5px;\"  itemscope itemtype=\"https:\/\/schema.org\/ImageObject\"><div class=\"envira-gallery-item-inner\"><div class=\"envira-gallery-position-overlay  envira-gallery-top-left\"><\/div><div class=\"envira-gallery-position-overlay  envira-gallery-top-right\"><\/div><div class=\"envira-gallery-position-overlay  envira-gallery-bottom-left\"><\/div><div class=\"envira-gallery-position-overlay  envira-gallery-bottom-right\"><\/div><a href=\"https:\/\/www.technomar.ee\/wp-content\/uploads\/2025\/05\/CHAMBER-OF-COMMERCE-scaled.jpg\" class=\"envira-gallery-1656 envira-gallery-link\" rel=\"enviragallery1656\" title=\"CHAMBER OF COMMERCE\" data-envira-caption=\"CHAMBER OF COMMERCE\" data-envira-retina=\"\" data-thumbnail=\"\"  itemprop=\"contentUrl\"><div class=\"envira-lazy\" data-test-width=\"640\" data-test-height=\"480\" style=\"padding-bottom:75%;\"><img decoding=\"async\" id=\"envira-gallery-image-1752\" class=\"envira-gallery-image envira-gallery-image-8\" data-envira-index=\"8\" src=\"https:\/\/www.technomar.ee\/wp-content\/uploads\/2025\/05\/CHAMBER-OF-COMMERCE-791x1024.jpg\" data-envira-src=\"https:\/\/www.technomar.ee\/wp-content\/uploads\/2025\/05\/CHAMBER-OF-COMMERCE-791x1024.jpg\" data-envira-gallery-id=\"1656\" data-envira-item-id=\"1752\" data-envira-caption=\"CHAMBER OF COMMERCE\" alt=\"\" title=\"CHAMBER OF COMMERCE\"  itemprop=\"thumbnailUrl\" data-envira-srcset=\"https:\/\/www.technomar.ee\/wp-content\/uploads\/2025\/05\/CHAMBER-OF-COMMERCE-791x1024.jpg 400w,https:\/\/www.technomar.ee\/wp-content\/uploads\/2025\/05\/CHAMBER-OF-COMMERCE-791x1024.jpg 2x\" srcset=\"data:image\/gif;base64,R0lGODlhAQABAIAAAP\/\/\/\/\/\/\/yH5BAEKAAEALAAAAAABAAEAAAICTAEAOw==\" \/><\/div><\/a><\/div><\/div><\/div><\/div><noscript><img decoding=\"async\" src=\"https:\/\/www.technomar.ee\/wp-content\/uploads\/2025\/05\/2023-2026-ISO.jpg\" alt=\"\" \/><img decoding=\"async\" src=\"https:\/\/www.technomar.ee\/wp-content\/uploads\/2025\/05\/2023-2026.jpg\" alt=\"\" \/><img decoding=\"async\" src=\"https:\/\/www.technomar.ee\/wp-content\/uploads\/2025\/05\/TechnomarAdrem-AS-M1-Certificate-scaled.jpg\" alt=\"\" \/><img decoding=\"async\" src=\"https:\/\/www.technomar.ee\/wp-content\/uploads\/2025\/05\/Technomar-Adrem-AS-FSC-SGS-global-services-2021-01.jpg\" alt=\"\" \/><img decoding=\"async\" src=\"https:\/\/www.technomar.ee\/wp-content\/uploads\/2025\/05\/FEP-Membership-certificate-EstaParket-2025.png\" alt=\"\" \/><img decoding=\"async\" src=\"https:\/\/www.technomar.ee\/wp-content\/uploads\/2025\/05\/estaparket_technomar_KLUMPP_Miraphen-UV-Parquet-Coatings_certificate.jpg\" alt=\"\" \/><img decoding=\"async\" src=\"https:\/\/www.technomar.ee\/wp-content\/uploads\/2025\/05\/Bona.jpg\" alt=\"\" \/><img decoding=\"async\" src=\"https:\/\/www.technomar.ee\/wp-content\/uploads\/2025\/05\/CHAMBER-OF-COMMERCE-scaled.jpg\" alt=\"\" \/><\/noscript><\/div>\n<div style=\"margin-bottom: 20px; display: block; clear: both;\" class=\"image-container\"><a class=\"single_photoswipe\" href=\"https:\/\/www.technomar.ee\/wp-content\/uploads\/2024\/11\/4455_Technomar-Adrem-AS_2024-10-11_en-2.jpg\" data-size=\"1654x2339\"> <\/a><\/div>\n\n    <div class=\"xs_social_share_widget xs_share_url after_content \t\tmain_content  wslu-style-1 wslu-share-box-shaped wslu-fill-colored wslu-none wslu-share-horizontal wslu-theme-font-no wslu-main_content\">\n\n\t\t\n        <ul>\n\t\t\t        <\/ul>\n    <\/div> \n","protected":false},"excerpt":{"rendered":"<p>Aastal 2000 rekertifitseeriti Technomar &amp; Adrem vastavaks ISO 9001 standardi n\u00f5uetele; sertifikaati uuendatakse iga 3 aasta j\u00e4rel. Eelised, mis on saavutatud alates ISO 9001:2015 kvaliteedijuhtimiss\u00fcsteemi juurutamisest: Klientide usaldus ettev\u00f5tte tulemuslikkuse vastu Suurenenud k\u00f5rgtehnoloogiliste tellimuste maht Tootmisvigade osakaal toodangus langes 0,2%-ni Meie kvaliteedijuhtimiss\u00fcsteemi poliitika saamiseks kirjutage meile!<\/p>\n","protected":false},"author":1,"featured_media":0,"parent":2053,"menu_order":0,"comment_status":"closed","ping_status":"closed","template":"","meta":{"_acf_changed":false,"postBodyCss":"","postBodyMargin":[],"postBodyPadding":[],"postBodyBackground":{"backgroundType":"classic","gradient":""},"footnotes":""},"class_list":["post-2142","page","type-page","status-publish","hentry"],"acf":[],"yoast_head":"<!-- This site is optimized with the Yoast SEO plugin v22.5 - https:\/\/yoast.com\/wordpress\/plugins\/seo\/ -->\n<title>Sertifikaadid - Technomar &amp; Adrem<\/title>\n<meta name=\"robots\" content=\"index, follow, max-snippet:-1, max-image-preview:large, max-video-preview:-1\" \/>\n<link rel=\"canonical\" href=\"https:\/\/www.technomar.ee\/et\/ettevottest\/sertifikaadid\/\" \/>\n<meta property=\"og:locale\" content=\"et_EE\" \/>\n<meta property=\"og:type\" content=\"article\" \/>\n<meta property=\"og:title\" content=\"Sertifikaadid - Technomar &amp; Adrem\" \/>\n<meta property=\"og:description\" content=\"Aastal 2000 rekertifitseeriti Technomar &amp; Adrem vastavaks ISO 9001 standardi n\u00f5uetele; sertifikaati uuendatakse iga 3 aasta j\u00e4rel. Eelised, mis on saavutatud alates ISO 9001:2015 kvaliteedijuhtimiss\u00fcsteemi juurutamisest: Klientide usaldus ettev\u00f5tte tulemuslikkuse vastu Suurenenud k\u00f5rgtehnoloogiliste tellimuste maht Tootmisvigade osakaal toodangus langes 0,2%-ni Meie kvaliteedijuhtimiss\u00fcsteemi poliitika saamiseks kirjutage meile!\" \/>\n<meta property=\"og:url\" content=\"https:\/\/www.technomar.ee\/et\/ettevottest\/sertifikaadid\/\" \/>\n<meta property=\"og:site_name\" content=\"Technomar &amp; Adrem\" \/>\n<meta name=\"twitter:card\" content=\"summary_large_image\" \/>\n<script type=\"application\/ld+json\" class=\"yoast-schema-graph\">{\"@context\":\"https:\/\/schema.org\",\"@graph\":[{\"@type\":\"WebPage\",\"@id\":\"https:\/\/www.technomar.ee\/et\/ettevottest\/sertifikaadid\/\",\"url\":\"https:\/\/www.technomar.ee\/et\/ettevottest\/sertifikaadid\/\",\"name\":\"Sertifikaadid - Technomar &amp; Adrem\",\"isPartOf\":{\"@id\":\"https:\/\/www.technomar.ee\/et\/#website\"},\"datePublished\":\"2015-11-12T01:52:43+00:00\",\"dateModified\":\"2015-11-12T01:52:43+00:00\",\"breadcrumb\":{\"@id\":\"https:\/\/www.technomar.ee\/et\/ettevottest\/sertifikaadid\/#breadcrumb\"},\"inLanguage\":\"et\",\"potentialAction\":[{\"@type\":\"ReadAction\",\"target\":[\"https:\/\/www.technomar.ee\/et\/ettevottest\/sertifikaadid\/\"]}]},{\"@type\":\"BreadcrumbList\",\"@id\":\"https:\/\/www.technomar.ee\/et\/ettevottest\/sertifikaadid\/#breadcrumb\",\"itemListElement\":[{\"@type\":\"ListItem\",\"position\":1,\"name\":\"Home\",\"item\":\"https:\/\/www.technomar.ee\/et\/\"},{\"@type\":\"ListItem\",\"position\":2,\"name\":\"Ettev\u00f5ttest\",\"item\":\"https:\/\/www.technomar.ee\/et\/ettevottest\/\"},{\"@type\":\"ListItem\",\"position\":3,\"name\":\"Sertifikaadid\"}]},{\"@type\":\"WebSite\",\"@id\":\"https:\/\/www.technomar.ee\/et\/#website\",\"url\":\"https:\/\/www.technomar.ee\/et\/\",\"name\":\"Technomar &amp; Adrem\",\"description\":\"\",\"potentialAction\":[{\"@type\":\"SearchAction\",\"target\":{\"@type\":\"EntryPoint\",\"urlTemplate\":\"https:\/\/www.technomar.ee\/et\/?s={search_term_string}\"},\"query-input\":\"required name=search_term_string\"}],\"inLanguage\":\"et\"}]}<\/script>\n<!-- \/ Yoast SEO plugin. -->","yoast_head_json":{"title":"Sertifikaadid - Technomar &amp; Adrem","robots":{"index":"index","follow":"follow","max-snippet":"max-snippet:-1","max-image-preview":"max-image-preview:large","max-video-preview":"max-video-preview:-1"},"canonical":"https:\/\/www.technomar.ee\/et\/ettevottest\/sertifikaadid\/","og_locale":"et_EE","og_type":"article","og_title":"Sertifikaadid - Technomar &amp; Adrem","og_description":"Aastal 2000 rekertifitseeriti Technomar &amp; Adrem vastavaks ISO 9001 standardi n\u00f5uetele; sertifikaati uuendatakse iga 3 aasta j\u00e4rel. Eelised, mis on saavutatud alates ISO 9001:2015 kvaliteedijuhtimiss\u00fcsteemi juurutamisest: Klientide usaldus ettev\u00f5tte tulemuslikkuse vastu Suurenenud k\u00f5rgtehnoloogiliste tellimuste maht Tootmisvigade osakaal toodangus langes 0,2%-ni Meie kvaliteedijuhtimiss\u00fcsteemi poliitika saamiseks kirjutage meile!","og_url":"https:\/\/www.technomar.ee\/et\/ettevottest\/sertifikaadid\/","og_site_name":"Technomar &amp; Adrem","twitter_card":"summary_large_image","schema":{"@context":"https:\/\/schema.org","@graph":[{"@type":"WebPage","@id":"https:\/\/www.technomar.ee\/et\/ettevottest\/sertifikaadid\/","url":"https:\/\/www.technomar.ee\/et\/ettevottest\/sertifikaadid\/","name":"Sertifikaadid - Technomar &amp; Adrem","isPartOf":{"@id":"https:\/\/www.technomar.ee\/et\/#website"},"datePublished":"2015-11-12T01:52:43+00:00","dateModified":"2015-11-12T01:52:43+00:00","breadcrumb":{"@id":"https:\/\/www.technomar.ee\/et\/ettevottest\/sertifikaadid\/#breadcrumb"},"inLanguage":"et","potentialAction":[{"@type":"ReadAction","target":["https:\/\/www.technomar.ee\/et\/ettevottest\/sertifikaadid\/"]}]},{"@type":"BreadcrumbList","@id":"https:\/\/www.technomar.ee\/et\/ettevottest\/sertifikaadid\/#breadcrumb","itemListElement":[{"@type":"ListItem","position":1,"name":"Home","item":"https:\/\/www.technomar.ee\/et\/"},{"@type":"ListItem","position":2,"name":"Ettev\u00f5ttest","item":"https:\/\/www.technomar.ee\/et\/ettevottest\/"},{"@type":"ListItem","position":3,"name":"Sertifikaadid"}]},{"@type":"WebSite","@id":"https:\/\/www.technomar.ee\/et\/#website","url":"https:\/\/www.technomar.ee\/et\/","name":"Technomar &amp; Adrem","description":"","potentialAction":[{"@type":"SearchAction","target":{"@type":"EntryPoint","urlTemplate":"https:\/\/www.technomar.ee\/et\/?s={search_term_string}"},"query-input":"required name=search_term_string"}],"inLanguage":"et"}]}},"_links":{"self":[{"href":"https:\/\/www.technomar.ee\/et\/wp-json\/wp\/v2\/pages\/2142","targetHints":{"allow":["GET"]}}],"collection":[{"href":"https:\/\/www.technomar.ee\/et\/wp-json\/wp\/v2\/pages"}],"about":[{"href":"https:\/\/www.technomar.ee\/et\/wp-json\/wp\/v2\/types\/page"}],"author":[{"embeddable":true,"href":"https:\/\/www.technomar.ee\/et\/wp-json\/wp\/v2\/users\/1"}],"replies":[{"embeddable":true,"href":"https:\/\/www.technomar.ee\/et\/wp-json\/wp\/v2\/comments?post=2142"}],"version-history":[{"count":0,"href":"https:\/\/www.technomar.ee\/et\/wp-json\/wp\/v2\/pages\/2142\/revisions"}],"up":[{"embeddable":true,"href":"https:\/\/www.technomar.ee\/et\/wp-json\/wp\/v2\/pages\/2053"}],"wp:attachment":[{"href":"https:\/\/www.technomar.ee\/et\/wp-json\/wp\/v2\/media?parent=2142"}],"curies":[{"name":"wp","href":"https:\/\/api.w.org\/{rel}","templated":true}]}}