{"id":2180,"date":"2015-11-12T03:52:54","date_gmt":"2015-11-12T01:52:54","guid":{"rendered":"https:\/\/www.technomar.ee\/ettevottest\/brosuurid\/"},"modified":"2015-11-12T03:52:54","modified_gmt":"2015-11-12T01:52:54","slug":"brosuurid","status":"publish","type":"page","link":"https:\/\/www.technomar.ee\/et\/ettevottest\/brosuurid\/","title":{"rendered":"Bro\u0161\u00fc\u00fcrid"},"content":{"rendered":"<ul>\n<li>\n<h2><span style=\"font-size: 15px;\"><a href=\"http:\/\/www.technomar.ee\/wp-content\/uploads\/2016\/09\/Technobox-.pdf\">TechnoBox (En\/De)<\/a><\/span><\/h2>\n<\/li>\n<li>\n<h2><span style=\"font-size: 15px;\"><a onclick=\"_gaq.push(['_trackEvent','download','https:\/\/www.technomar.ee\/wp-content\/uploads\/2015\/11\/drawerSidesEnDe.pdf']);\" target=\"_blank\" href=\"https:\/\/www.technomar.ee\/wp-content\/uploads\/2015\/11\/drawerSidesEnDe.pdf\" rel=\"noopener\">Sahtli k\u00fcljed (En\/De)<\/a><\/span><\/h2>\n<\/li>\n<li>\n<h2><span style=\"font-size: 15px;\"><a onclick=\"_gaq.push(['_trackEvent','download','https:\/\/www.technomar.ee\/wp-content\/uploads\/2015\/11\/flangesEnDe.pdf']);\" target=\"_blank\" href=\"https:\/\/www.technomar.ee\/wp-content\/uploads\/2015\/11\/flangesEnDe.pdf\" rel=\"noopener\">\u00c4\u00e4rised (En\/De)<\/a><\/span><\/h2>\n<\/li>\n<li>\n<h2><span style=\"font-size: 15px;\"><a onclick=\"_gaq.push(['_trackEvent','download','https:\/\/www.technomar.ee\/wp-content\/uploads\/2015\/11\/furniturePartsEnDe.pdf']);\" target=\"_blank\" href=\"https:\/\/www.technomar.ee\/wp-content\/uploads\/2015\/11\/furniturePartsEnDe.pdf\" rel=\"noopener\">M\u00f6\u00f6blidetailid (En\/De)<\/a><\/span><\/h2>\n<\/li>\n<li>\n<h2><span style=\"font-size: 15px;\"><a target=\"_blank\" href=\"http:\/\/www.technomar.ee\/new\/data\/booklets\/plywoodLaser.pdf\" rel=\"noopener\">Laseriga l\u00f5igatud vineer (En\/De)<\/a><\/span><\/h2>\n<\/li>\n<li>\n<h2><span style=\"font-size: 15px;\"><a target=\"_blank\" href=\"https:\/\/www.technomar.ee\/wp-content\/uploads\/2015\/11\/plywoodMouldingsEnDe.pdf\" rel=\"noopener\">Vineeri liistud (En\/De)<\/a><\/span><\/h2>\n<\/li>\n<li>\n<h2><span style=\"font-size: 15px;\"><a onclick=\"_gaq.push(['_trackEvent','download','https:\/\/www.technomar.ee\/wp-content\/uploads\/2015\/11\/plywoodPackagingEnDe.pdf']);\" target=\"_blank\" href=\"https:\/\/www.technomar.ee\/wp-content\/uploads\/2015\/11\/plywoodPackagingEnDe.pdf\" rel=\"noopener\">Pakendite vineer (En\/De)<\/a><\/span><\/h2>\n<\/li>\n<li>\n<h2><span style=\"font-size: 15px;\"><a onclick=\"_gaq.push(['_trackEvent','download','https:\/\/www.technomar.ee\/wp-content\/uploads\/2015\/11\/reelsEnDe.pdf']);\" target=\"_blank\" href=\"https:\/\/www.technomar.ee\/wp-content\/uploads\/2015\/11\/reelsEnDe.pdf\" rel=\"noopener\">Poolid (En\/De)<\/a><\/span><\/h2>\n<\/li>\n<li>\n<h2><span style=\"font-size: 15px;\"><a onclick=\"_gaq.push(['_trackEvent','download','http:\/\/www.technomar.ee\/wp-content\/uploads\/2015\/11\/bookletFullEnDe.pdf']);\" target=\"_blank\" href=\"http:\/\/www.technomar.ee\/wp-content\/uploads\/2015\/12\/Technomar-Complete-Booklet-Copy.compressed.pdf\" rel=\"noopener\">T\u00e4ielik bro\u0161\u00fc\u00fcr (En\/De)<\/a><\/span><\/h2>\n<\/li>\n<\/ul>\n\n    <div class=\"xs_social_share_widget xs_share_url after_content \t\tmain_content  wslu-style-1 wslu-share-box-shaped wslu-fill-colored wslu-none wslu-share-horizontal wslu-theme-font-no wslu-main_content\">\n\n\t\t\n        <ul>\n\t\t\t        <\/ul>\n    <\/div> \n","protected":false},"excerpt":{"rendered":"<p>TechnoBox (En\/De) Sahtli k\u00fcljed (En\/De) \u00c4\u00e4rised (En\/De) M\u00f6\u00f6blidetailid (En\/De) Laseriga l\u00f5igatud vineer (En\/De) Vineeri liistud (En\/De) Pakendite vineer (En\/De) Poolid (En\/De) T\u00e4ielik bro\u0161\u00fc\u00fcr (En\/De)<\/p>\n","protected":false},"author":1,"featured_media":0,"parent":2053,"menu_order":0,"comment_status":"closed","ping_status":"closed","template":"","meta":{"_acf_changed":false,"postBodyCss":"","postBodyMargin":[],"postBodyPadding":[],"postBodyBackground":{"backgroundType":"classic","gradient":""},"footnotes":""},"class_list":["post-2180","page","type-page","status-publish","hentry"],"acf":[],"yoast_head":"<!-- This site is optimized with the Yoast SEO plugin v22.5 - https:\/\/yoast.com\/wordpress\/plugins\/seo\/ -->\n<title>Bro\u0161\u00fc\u00fcrid - Technomar &amp; Adrem<\/title>\n<meta name=\"robots\" content=\"index, follow, max-snippet:-1, max-image-preview:large, max-video-preview:-1\" \/>\n<link rel=\"canonical\" href=\"https:\/\/www.technomar.ee\/et\/ettevottest\/brosuurid\/\" \/>\n<meta property=\"og:locale\" content=\"et_EE\" \/>\n<meta property=\"og:type\" content=\"article\" \/>\n<meta property=\"og:title\" content=\"Bro\u0161\u00fc\u00fcrid - Technomar &amp; Adrem\" \/>\n<meta property=\"og:description\" content=\"TechnoBox (En\/De) Sahtli k\u00fcljed (En\/De) \u00c4\u00e4rised (En\/De) M\u00f6\u00f6blidetailid (En\/De) Laseriga l\u00f5igatud vineer (En\/De) Vineeri liistud (En\/De) Pakendite vineer (En\/De) Poolid (En\/De) T\u00e4ielik bro\u0161\u00fc\u00fcr (En\/De)\" \/>\n<meta property=\"og:url\" content=\"https:\/\/www.technomar.ee\/et\/ettevottest\/brosuurid\/\" \/>\n<meta property=\"og:site_name\" content=\"Technomar &amp; Adrem\" \/>\n<meta name=\"twitter:card\" content=\"summary_large_image\" \/>\n<script type=\"application\/ld+json\" class=\"yoast-schema-graph\">{\"@context\":\"https:\/\/schema.org\",\"@graph\":[{\"@type\":\"WebPage\",\"@id\":\"https:\/\/www.technomar.ee\/et\/ettevottest\/brosuurid\/\",\"url\":\"https:\/\/www.technomar.ee\/et\/ettevottest\/brosuurid\/\",\"name\":\"Bro\u0161\u00fc\u00fcrid - Technomar &amp; Adrem\",\"isPartOf\":{\"@id\":\"https:\/\/www.technomar.ee\/et\/#website\"},\"datePublished\":\"2015-11-12T01:52:54+00:00\",\"dateModified\":\"2015-11-12T01:52:54+00:00\",\"breadcrumb\":{\"@id\":\"https:\/\/www.technomar.ee\/et\/ettevottest\/brosuurid\/#breadcrumb\"},\"inLanguage\":\"et\",\"potentialAction\":[{\"@type\":\"ReadAction\",\"target\":[\"https:\/\/www.technomar.ee\/et\/ettevottest\/brosuurid\/\"]}]},{\"@type\":\"BreadcrumbList\",\"@id\":\"https:\/\/www.technomar.ee\/et\/ettevottest\/brosuurid\/#breadcrumb\",\"itemListElement\":[{\"@type\":\"ListItem\",\"position\":1,\"name\":\"Home\",\"item\":\"https:\/\/www.technomar.ee\/et\/\"},{\"@type\":\"ListItem\",\"position\":2,\"name\":\"Ettev\u00f5ttest\",\"item\":\"https:\/\/www.technomar.ee\/et\/ettevottest\/\"},{\"@type\":\"ListItem\",\"position\":3,\"name\":\"Bro\u0161\u00fc\u00fcrid\"}]},{\"@type\":\"WebSite\",\"@id\":\"https:\/\/www.technomar.ee\/et\/#website\",\"url\":\"https:\/\/www.technomar.ee\/et\/\",\"name\":\"Technomar &amp; Adrem\",\"description\":\"\",\"potentialAction\":[{\"@type\":\"SearchAction\",\"target\":{\"@type\":\"EntryPoint\",\"urlTemplate\":\"https:\/\/www.technomar.ee\/et\/?s={search_term_string}\"},\"query-input\":\"required name=search_term_string\"}],\"inLanguage\":\"et\"}]}<\/script>\n<!-- \/ Yoast SEO plugin. -->","yoast_head_json":{"title":"Bro\u0161\u00fc\u00fcrid - Technomar &amp; Adrem","robots":{"index":"index","follow":"follow","max-snippet":"max-snippet:-1","max-image-preview":"max-image-preview:large","max-video-preview":"max-video-preview:-1"},"canonical":"https:\/\/www.technomar.ee\/et\/ettevottest\/brosuurid\/","og_locale":"et_EE","og_type":"article","og_title":"Bro\u0161\u00fc\u00fcrid - Technomar &amp; Adrem","og_description":"TechnoBox (En\/De) Sahtli k\u00fcljed (En\/De) \u00c4\u00e4rised (En\/De) M\u00f6\u00f6blidetailid (En\/De) Laseriga l\u00f5igatud vineer (En\/De) Vineeri liistud (En\/De) Pakendite vineer (En\/De) Poolid (En\/De) T\u00e4ielik bro\u0161\u00fc\u00fcr (En\/De)","og_url":"https:\/\/www.technomar.ee\/et\/ettevottest\/brosuurid\/","og_site_name":"Technomar &amp; Adrem","twitter_card":"summary_large_image","schema":{"@context":"https:\/\/schema.org","@graph":[{"@type":"WebPage","@id":"https:\/\/www.technomar.ee\/et\/ettevottest\/brosuurid\/","url":"https:\/\/www.technomar.ee\/et\/ettevottest\/brosuurid\/","name":"Bro\u0161\u00fc\u00fcrid - Technomar &amp; Adrem","isPartOf":{"@id":"https:\/\/www.technomar.ee\/et\/#website"},"datePublished":"2015-11-12T01:52:54+00:00","dateModified":"2015-11-12T01:52:54+00:00","breadcrumb":{"@id":"https:\/\/www.technomar.ee\/et\/ettevottest\/brosuurid\/#breadcrumb"},"inLanguage":"et","potentialAction":[{"@type":"ReadAction","target":["https:\/\/www.technomar.ee\/et\/ettevottest\/brosuurid\/"]}]},{"@type":"BreadcrumbList","@id":"https:\/\/www.technomar.ee\/et\/ettevottest\/brosuurid\/#breadcrumb","itemListElement":[{"@type":"ListItem","position":1,"name":"Home","item":"https:\/\/www.technomar.ee\/et\/"},{"@type":"ListItem","position":2,"name":"Ettev\u00f5ttest","item":"https:\/\/www.technomar.ee\/et\/ettevottest\/"},{"@type":"ListItem","position":3,"name":"Bro\u0161\u00fc\u00fcrid"}]},{"@type":"WebSite","@id":"https:\/\/www.technomar.ee\/et\/#website","url":"https:\/\/www.technomar.ee\/et\/","name":"Technomar &amp; Adrem","description":"","potentialAction":[{"@type":"SearchAction","target":{"@type":"EntryPoint","urlTemplate":"https:\/\/www.technomar.ee\/et\/?s={search_term_string}"},"query-input":"required name=search_term_string"}],"inLanguage":"et"}]}},"_links":{"self":[{"href":"https:\/\/www.technomar.ee\/et\/wp-json\/wp\/v2\/pages\/2180","targetHints":{"allow":["GET"]}}],"collection":[{"href":"https:\/\/www.technomar.ee\/et\/wp-json\/wp\/v2\/pages"}],"about":[{"href":"https:\/\/www.technomar.ee\/et\/wp-json\/wp\/v2\/types\/page"}],"author":[{"embeddable":true,"href":"https:\/\/www.technomar.ee\/et\/wp-json\/wp\/v2\/users\/1"}],"replies":[{"embeddable":true,"href":"https:\/\/www.technomar.ee\/et\/wp-json\/wp\/v2\/comments?post=2180"}],"version-history":[{"count":0,"href":"https:\/\/www.technomar.ee\/et\/wp-json\/wp\/v2\/pages\/2180\/revisions"}],"up":[{"embeddable":true,"href":"https:\/\/www.technomar.ee\/et\/wp-json\/wp\/v2\/pages\/2053"}],"wp:attachment":[{"href":"https:\/\/www.technomar.ee\/et\/wp-json\/wp\/v2\/media?parent=2180"}],"curies":[{"name":"wp","href":"https:\/\/api.w.org\/{rel}","templated":true}]}}