{"id":2190,"date":"2015-11-12T03:59:32","date_gmt":"2015-11-12T01:59:32","guid":{"rendered":"https:\/\/www.technomar.ee\/tooted\/parkett\/"},"modified":"2015-11-12T03:59:32","modified_gmt":"2015-11-12T01:59:32","slug":"parkett","status":"publish","type":"page","link":"https:\/\/www.technomar.ee\/et\/tooted\/parkett\/","title":{"rendered":"Parkett"},"content":{"rendered":"<p><a href=\"https:\/\/www.technomar.ee\/wp-content\/uploads\/2025\/05\/Esta-Parket-Nova-scaled.webp\"><img fetchpriority=\"high\" decoding=\"async\" class=\"alignright size-full wp-image-1698\" alt=\"\" src=\"https:\/\/www.technomar.ee\/wp-content\/uploads\/2025\/05\/Esta-Parket-Nova-scaled.webp\" width=\"2560\" height=\"1447\"><\/a><\/p>\n<p>&nbsp;<\/p>\n<p>&nbsp;<\/p>\n<p>&nbsp;<\/p>\n<p>&nbsp;<\/p>\n<p>Parkett on valmistatud looduslikust puidust. Kaasaegsed tootmismeetodid ja tipptasemel masinapark tagavad, et puidu traditsioonilised omadused ja ilu tulevad esile k\u00f5rgekvaliteedilisel p\u00f5randal, mida on lihtne paigaldada ja h\u00f5lbus hooldada. <\/p>\n<p>Meie p\u00f5randakatted valmistatakse tammest, saarest, p\u00e4hklist, merbaust, jatobast, lehisest ning termot\u00f6\u00f6deldud tammest ja saarest. Enamik puiduliike on saadaval mitmes kvaliteediklassis. Pakume erinevaid viimistlusv\u00f5imalusi, sealhulgas lakkimist ja \u00f5litamist.  <\/p>\n<p>Parketilauad on saadaval 1-, 2- ja 3-lipilistena. Liimivaba paigaldus on v\u00f5imalik kas Click-s\u00fcsteemiga v\u00f5i traditsioonilise punn-soon \u00fchendusega (T&amp;G). Lisaks standardkonstruktsioonile kaalume ka eritellimuslikku tootmist.<br \/>\nLisateabe saamiseks k\u00fclastage <a href=\"http:\/\/www.estaparket.eu\"><br \/>\n  <strong>WWW.ESTAPARKET.EU<\/strong><br \/>\n<\/a>  <\/p>\n<p>&nbsp;<\/p>\n<p><iframe src=\"https:\/\/www.youtube.com\/embed\/76nzVmPbqhc\" width=\"560\" height=\"315\"><\/iframe><\/p>\n<p><a href=\"http:\/\/www.estaparket.eu\"><\/a><a target=\"_blank\" href=\"http:\/\/www.estaparket.eu\/\" rel=\"noopener\"><br \/>\n<\/a><\/p>\n\n    <div class=\"xs_social_share_widget xs_share_url after_content \t\tmain_content  wslu-style-1 wslu-share-box-shaped wslu-fill-colored wslu-none wslu-share-horizontal wslu-theme-font-no wslu-main_content\">\n\n\t\t\n        <ul>\n\t\t\t        <\/ul>\n    <\/div> \n","protected":false},"excerpt":{"rendered":"<p>&nbsp; &nbsp; &nbsp; &nbsp; Parkett on valmistatud looduslikust puidust. Kaasaegsed tootmismeetodid ja tipptasemel masinapark tagavad, et puidu traditsioonilised omadused ja ilu tulevad esile k\u00f5rgekvaliteedilisel p\u00f5randal, mida on lihtne paigaldada ja h\u00f5lbus hooldada. Meie p\u00f5randakatted valmistatakse tammest, saarest, p\u00e4hklist, merbaust, jatobast, lehisest ning termot\u00f6\u00f6deldud tammest ja saarest. Enamik puiduliike on saadaval mitmes kvaliteediklassis. Pakume erinevaid viimistlusv\u00f5imalusi,<br \/><a class=\"read-more\" href=\"https:\/\/www.technomar.ee\/et\/tooted\/parkett\/\">Continue reading<span class=\"sr-only\">: Parkett<\/span><span class=\"meta-nav\">&rarr;<\/span><\/a><\/p>\n","protected":false},"author":1,"featured_media":0,"parent":2018,"menu_order":0,"comment_status":"closed","ping_status":"closed","template":"","meta":{"_acf_changed":false,"postBodyCss":"","postBodyMargin":[],"postBodyPadding":[],"postBodyBackground":{"backgroundType":"classic","gradient":""},"footnotes":""},"class_list":["post-2190","page","type-page","status-publish","hentry"],"acf":[],"yoast_head":"<!-- This site is optimized with the Yoast SEO plugin v22.5 - https:\/\/yoast.com\/wordpress\/plugins\/seo\/ -->\n<title>Parkett - Technomar &amp; Adrem<\/title>\n<meta name=\"robots\" content=\"index, follow, max-snippet:-1, max-image-preview:large, max-video-preview:-1\" \/>\n<link rel=\"canonical\" href=\"https:\/\/www.technomar.ee\/et\/tooted\/parkett\/\" \/>\n<meta property=\"og:locale\" content=\"et_EE\" \/>\n<meta property=\"og:type\" content=\"article\" \/>\n<meta property=\"og:title\" content=\"Parkett - Technomar &amp; Adrem\" \/>\n<meta property=\"og:description\" content=\"&nbsp; &nbsp; &nbsp; &nbsp; Parkett on valmistatud looduslikust puidust. Kaasaegsed tootmismeetodid ja tipptasemel masinapark tagavad, et puidu traditsioonilised omadused ja ilu tulevad esile k\u00f5rgekvaliteedilisel p\u00f5randal, mida on lihtne paigaldada ja h\u00f5lbus hooldada. Meie p\u00f5randakatted valmistatakse tammest, saarest, p\u00e4hklist, merbaust, jatobast, lehisest ning termot\u00f6\u00f6deldud tammest ja saarest. Enamik puiduliike on saadaval mitmes kvaliteediklassis. Pakume erinevaid viimistlusv\u00f5imalusi,Continue reading: Parkett&rarr;\" \/>\n<meta property=\"og:url\" content=\"https:\/\/www.technomar.ee\/et\/tooted\/parkett\/\" \/>\n<meta property=\"og:site_name\" content=\"Technomar &amp; Adrem\" \/>\n<meta property=\"og:image\" content=\"https:\/\/www.technomar.ee\/wp-content\/uploads\/2025\/05\/Esta-Parket-Nova-scaled.webp\" \/>\n<meta name=\"twitter:card\" content=\"summary_large_image\" \/>\n<meta name=\"twitter:label1\" content=\"Est. reading time\" \/>\n\t<meta name=\"twitter:data1\" content=\"1 minut\" \/>\n<script type=\"application\/ld+json\" class=\"yoast-schema-graph\">{\"@context\":\"https:\/\/schema.org\",\"@graph\":[{\"@type\":\"WebPage\",\"@id\":\"https:\/\/www.technomar.ee\/et\/tooted\/parkett\/\",\"url\":\"https:\/\/www.technomar.ee\/et\/tooted\/parkett\/\",\"name\":\"Parkett - Technomar &amp; Adrem\",\"isPartOf\":{\"@id\":\"https:\/\/www.technomar.ee\/et\/#website\"},\"primaryImageOfPage\":{\"@id\":\"https:\/\/www.technomar.ee\/et\/tooted\/parkett\/#primaryimage\"},\"image\":{\"@id\":\"https:\/\/www.technomar.ee\/et\/tooted\/parkett\/#primaryimage\"},\"thumbnailUrl\":\"https:\/\/www.technomar.ee\/wp-content\/uploads\/2025\/05\/Esta-Parket-Nova-scaled.webp\",\"datePublished\":\"2015-11-12T01:59:32+00:00\",\"dateModified\":\"2015-11-12T01:59:32+00:00\",\"breadcrumb\":{\"@id\":\"https:\/\/www.technomar.ee\/et\/tooted\/parkett\/#breadcrumb\"},\"inLanguage\":\"et\",\"potentialAction\":[{\"@type\":\"ReadAction\",\"target\":[\"https:\/\/www.technomar.ee\/et\/tooted\/parkett\/\"]}]},{\"@type\":\"ImageObject\",\"inLanguage\":\"et\",\"@id\":\"https:\/\/www.technomar.ee\/et\/tooted\/parkett\/#primaryimage\",\"url\":\"https:\/\/www.technomar.ee\/wp-content\/uploads\/2025\/05\/Esta-Parket-Nova-scaled.webp\",\"contentUrl\":\"https:\/\/www.technomar.ee\/wp-content\/uploads\/2025\/05\/Esta-Parket-Nova-scaled.webp\"},{\"@type\":\"BreadcrumbList\",\"@id\":\"https:\/\/www.technomar.ee\/et\/tooted\/parkett\/#breadcrumb\",\"itemListElement\":[{\"@type\":\"ListItem\",\"position\":1,\"name\":\"Home\",\"item\":\"https:\/\/www.technomar.ee\/et\/\"},{\"@type\":\"ListItem\",\"position\":2,\"name\":\"Tooted\",\"item\":\"https:\/\/www.technomar.ee\/et\/tooted\/\"},{\"@type\":\"ListItem\",\"position\":3,\"name\":\"Parkett\"}]},{\"@type\":\"WebSite\",\"@id\":\"https:\/\/www.technomar.ee\/et\/#website\",\"url\":\"https:\/\/www.technomar.ee\/et\/\",\"name\":\"Technomar &amp; Adrem\",\"description\":\"\",\"potentialAction\":[{\"@type\":\"SearchAction\",\"target\":{\"@type\":\"EntryPoint\",\"urlTemplate\":\"https:\/\/www.technomar.ee\/et\/?s={search_term_string}\"},\"query-input\":\"required name=search_term_string\"}],\"inLanguage\":\"et\"}]}<\/script>\n<!-- \/ Yoast SEO plugin. -->","yoast_head_json":{"title":"Parkett - Technomar &amp; Adrem","robots":{"index":"index","follow":"follow","max-snippet":"max-snippet:-1","max-image-preview":"max-image-preview:large","max-video-preview":"max-video-preview:-1"},"canonical":"https:\/\/www.technomar.ee\/et\/tooted\/parkett\/","og_locale":"et_EE","og_type":"article","og_title":"Parkett - Technomar &amp; Adrem","og_description":"&nbsp; &nbsp; &nbsp; &nbsp; Parkett on valmistatud looduslikust puidust. Kaasaegsed tootmismeetodid ja tipptasemel masinapark tagavad, et puidu traditsioonilised omadused ja ilu tulevad esile k\u00f5rgekvaliteedilisel p\u00f5randal, mida on lihtne paigaldada ja h\u00f5lbus hooldada. Meie p\u00f5randakatted valmistatakse tammest, saarest, p\u00e4hklist, merbaust, jatobast, lehisest ning termot\u00f6\u00f6deldud tammest ja saarest. Enamik puiduliike on saadaval mitmes kvaliteediklassis. Pakume erinevaid viimistlusv\u00f5imalusi,Continue reading: Parkett&rarr;","og_url":"https:\/\/www.technomar.ee\/et\/tooted\/parkett\/","og_site_name":"Technomar &amp; Adrem","og_image":[{"url":"https:\/\/www.technomar.ee\/wp-content\/uploads\/2025\/05\/Esta-Parket-Nova-scaled.webp"}],"twitter_card":"summary_large_image","twitter_misc":{"Est. reading time":"1 minut"},"schema":{"@context":"https:\/\/schema.org","@graph":[{"@type":"WebPage","@id":"https:\/\/www.technomar.ee\/et\/tooted\/parkett\/","url":"https:\/\/www.technomar.ee\/et\/tooted\/parkett\/","name":"Parkett - Technomar &amp; Adrem","isPartOf":{"@id":"https:\/\/www.technomar.ee\/et\/#website"},"primaryImageOfPage":{"@id":"https:\/\/www.technomar.ee\/et\/tooted\/parkett\/#primaryimage"},"image":{"@id":"https:\/\/www.technomar.ee\/et\/tooted\/parkett\/#primaryimage"},"thumbnailUrl":"https:\/\/www.technomar.ee\/wp-content\/uploads\/2025\/05\/Esta-Parket-Nova-scaled.webp","datePublished":"2015-11-12T01:59:32+00:00","dateModified":"2015-11-12T01:59:32+00:00","breadcrumb":{"@id":"https:\/\/www.technomar.ee\/et\/tooted\/parkett\/#breadcrumb"},"inLanguage":"et","potentialAction":[{"@type":"ReadAction","target":["https:\/\/www.technomar.ee\/et\/tooted\/parkett\/"]}]},{"@type":"ImageObject","inLanguage":"et","@id":"https:\/\/www.technomar.ee\/et\/tooted\/parkett\/#primaryimage","url":"https:\/\/www.technomar.ee\/wp-content\/uploads\/2025\/05\/Esta-Parket-Nova-scaled.webp","contentUrl":"https:\/\/www.technomar.ee\/wp-content\/uploads\/2025\/05\/Esta-Parket-Nova-scaled.webp"},{"@type":"BreadcrumbList","@id":"https:\/\/www.technomar.ee\/et\/tooted\/parkett\/#breadcrumb","itemListElement":[{"@type":"ListItem","position":1,"name":"Home","item":"https:\/\/www.technomar.ee\/et\/"},{"@type":"ListItem","position":2,"name":"Tooted","item":"https:\/\/www.technomar.ee\/et\/tooted\/"},{"@type":"ListItem","position":3,"name":"Parkett"}]},{"@type":"WebSite","@id":"https:\/\/www.technomar.ee\/et\/#website","url":"https:\/\/www.technomar.ee\/et\/","name":"Technomar &amp; Adrem","description":"","potentialAction":[{"@type":"SearchAction","target":{"@type":"EntryPoint","urlTemplate":"https:\/\/www.technomar.ee\/et\/?s={search_term_string}"},"query-input":"required name=search_term_string"}],"inLanguage":"et"}]}},"_links":{"self":[{"href":"https:\/\/www.technomar.ee\/et\/wp-json\/wp\/v2\/pages\/2190","targetHints":{"allow":["GET"]}}],"collection":[{"href":"https:\/\/www.technomar.ee\/et\/wp-json\/wp\/v2\/pages"}],"about":[{"href":"https:\/\/www.technomar.ee\/et\/wp-json\/wp\/v2\/types\/page"}],"author":[{"embeddable":true,"href":"https:\/\/www.technomar.ee\/et\/wp-json\/wp\/v2\/users\/1"}],"replies":[{"embeddable":true,"href":"https:\/\/www.technomar.ee\/et\/wp-json\/wp\/v2\/comments?post=2190"}],"version-history":[{"count":0,"href":"https:\/\/www.technomar.ee\/et\/wp-json\/wp\/v2\/pages\/2190\/revisions"}],"up":[{"embeddable":true,"href":"https:\/\/www.technomar.ee\/et\/wp-json\/wp\/v2\/pages\/2018"}],"wp:attachment":[{"href":"https:\/\/www.technomar.ee\/et\/wp-json\/wp\/v2\/media?parent=2190"}],"curies":[{"name":"wp","href":"https:\/\/api.w.org\/{rel}","templated":true}]}}