{"id":2203,"date":"2015-11-12T03:53:05","date_gmt":"2015-11-12T01:53:05","guid":{"rendered":"https:\/\/www.technomar.ee\/ettevottest\/logistika\/"},"modified":"2015-11-12T03:53:05","modified_gmt":"2015-11-12T01:53:05","slug":"logistika","status":"publish","type":"page","link":"https:\/\/www.technomar.ee\/et\/ettevottest\/logistika\/","title":{"rendered":"Logistika"},"content":{"rendered":"<p>Technomar &amp; Adrem AS asub Eestis, vaid 12 km kaugusel pealinna peamisest sadamast. K\u00f5igil neljal tehasel on oma raudtee\u00fchendus. Ettev\u00f5te ekspordib praegu 95% oma toodangust enam kui 50 riiki Euroopas, USA-s, Kagu- ja Kesk-Aasias.  <\/p>\n<p>Tarned Mandri-Euroopasse toimuvad ettev\u00f5tte oma maanteetranspordiga ja v\u00f5tavad tavaliselt aega 1 kuni 7 p\u00e4eva. Technomar &amp; Adrem&#8217;i tavapraktika kohaselt saadetakse kaubad teele 2-10 p\u00e4eva jooksul alates tellimuse kuup\u00e4evast, s\u00f5ltuvalt mahtudest ja tootmisprotsessi keerukusest. <\/p>\n<p><iframe style=\"border: 0;\" src=\"https:\/\/www.google.com\/maps\/embed?pb=!1m14!1m8!1m3!1d8111.378302151437!2d24.94537!3d59.452343!3m2!1i1024!2i768!4f13.1!3m3!1m2!1s0x0%3A0x2f12cc6164edb8d5!2sTechnomar+%26+Adrem+AS!5e0!3m2!1sen!2see!4v1448450424709\" width=\"400\" height=\"300\"><\/iframe><\/p>\n\n    <div class=\"xs_social_share_widget xs_share_url after_content \t\tmain_content  wslu-style-1 wslu-share-box-shaped wslu-fill-colored wslu-none wslu-share-horizontal wslu-theme-font-no wslu-main_content\">\n\n\t\t\n        <ul>\n\t\t\t        <\/ul>\n    <\/div> \n","protected":false},"excerpt":{"rendered":"<p>Technomar &amp; Adrem AS asub Eestis, vaid 12 km kaugusel pealinna peamisest sadamast. K\u00f5igil neljal tehasel on oma raudtee\u00fchendus. Ettev\u00f5te ekspordib praegu 95% oma toodangust enam kui 50 riiki Euroopas, USA-s, Kagu- ja Kesk-Aasias. Tarned Mandri-Euroopasse toimuvad ettev\u00f5tte oma maanteetranspordiga ja v\u00f5tavad tavaliselt aega 1 kuni 7 p\u00e4eva. Technomar &amp; Adrem&#8217;i tavapraktika kohaselt saadetakse kaubad<br \/><a class=\"read-more\" href=\"https:\/\/www.technomar.ee\/et\/ettevottest\/logistika\/\">Continue reading<span class=\"sr-only\">: Logistika<\/span><span class=\"meta-nav\">&rarr;<\/span><\/a><\/p>\n","protected":false},"author":1,"featured_media":2204,"parent":2053,"menu_order":0,"comment_status":"closed","ping_status":"closed","template":"","meta":{"_acf_changed":false,"postBodyCss":"","postBodyMargin":[],"postBodyPadding":[],"postBodyBackground":{"backgroundType":"classic","gradient":""},"footnotes":""},"class_list":["post-2203","page","type-page","status-publish","has-post-thumbnail","hentry"],"acf":[],"yoast_head":"<!-- This site is optimized with the Yoast SEO plugin v22.5 - https:\/\/yoast.com\/wordpress\/plugins\/seo\/ -->\n<title>Logistika - Technomar &amp; Adrem<\/title>\n<meta name=\"robots\" content=\"index, follow, max-snippet:-1, max-image-preview:large, max-video-preview:-1\" \/>\n<link rel=\"canonical\" href=\"https:\/\/www.technomar.ee\/et\/ettevottest\/logistika\/\" \/>\n<meta property=\"og:locale\" content=\"et_EE\" \/>\n<meta property=\"og:type\" content=\"article\" \/>\n<meta property=\"og:title\" content=\"Logistika - Technomar &amp; Adrem\" \/>\n<meta property=\"og:description\" content=\"Technomar &amp; Adrem AS asub Eestis, vaid 12 km kaugusel pealinna peamisest sadamast. K\u00f5igil neljal tehasel on oma raudtee\u00fchendus. Ettev\u00f5te ekspordib praegu 95% oma toodangust enam kui 50 riiki Euroopas, USA-s, Kagu- ja Kesk-Aasias. Tarned Mandri-Euroopasse toimuvad ettev\u00f5tte oma maanteetranspordiga ja v\u00f5tavad tavaliselt aega 1 kuni 7 p\u00e4eva. Technomar &amp; Adrem&#8217;i tavapraktika kohaselt saadetakse kaubadContinue reading: Logistika&rarr;\" \/>\n<meta property=\"og:url\" content=\"https:\/\/www.technomar.ee\/et\/ettevottest\/logistika\/\" \/>\n<meta property=\"og:site_name\" content=\"Technomar &amp; Adrem\" \/>\n<meta property=\"og:image\" content=\"https:\/\/www.technomar.ee\/wp-content\/uploads\/2015\/11\/logisticsMapThumb.png\" \/>\n\t<meta property=\"og:image:width\" content=\"280\" \/>\n\t<meta property=\"og:image:height\" content=\"274\" \/>\n\t<meta property=\"og:image:type\" content=\"image\/png\" \/>\n<meta name=\"twitter:card\" content=\"summary_large_image\" \/>\n<script type=\"application\/ld+json\" class=\"yoast-schema-graph\">{\"@context\":\"https:\/\/schema.org\",\"@graph\":[{\"@type\":\"WebPage\",\"@id\":\"https:\/\/www.technomar.ee\/et\/ettevottest\/logistika\/\",\"url\":\"https:\/\/www.technomar.ee\/et\/ettevottest\/logistika\/\",\"name\":\"Logistika - Technomar &amp; Adrem\",\"isPartOf\":{\"@id\":\"https:\/\/www.technomar.ee\/et\/#website\"},\"primaryImageOfPage\":{\"@id\":\"https:\/\/www.technomar.ee\/et\/ettevottest\/logistika\/#primaryimage\"},\"image\":{\"@id\":\"https:\/\/www.technomar.ee\/et\/ettevottest\/logistika\/#primaryimage\"},\"thumbnailUrl\":\"https:\/\/www.technomar.ee\/wp-content\/uploads\/2015\/11\/logisticsMapThumb.png\",\"datePublished\":\"2015-11-12T01:53:05+00:00\",\"dateModified\":\"2015-11-12T01:53:05+00:00\",\"breadcrumb\":{\"@id\":\"https:\/\/www.technomar.ee\/et\/ettevottest\/logistika\/#breadcrumb\"},\"inLanguage\":\"et\",\"potentialAction\":[{\"@type\":\"ReadAction\",\"target\":[\"https:\/\/www.technomar.ee\/et\/ettevottest\/logistika\/\"]}]},{\"@type\":\"ImageObject\",\"inLanguage\":\"et\",\"@id\":\"https:\/\/www.technomar.ee\/et\/ettevottest\/logistika\/#primaryimage\",\"url\":\"https:\/\/www.technomar.ee\/wp-content\/uploads\/2015\/11\/logisticsMapThumb.png\",\"contentUrl\":\"https:\/\/www.technomar.ee\/wp-content\/uploads\/2015\/11\/logisticsMapThumb.png\",\"width\":280,\"height\":274},{\"@type\":\"BreadcrumbList\",\"@id\":\"https:\/\/www.technomar.ee\/et\/ettevottest\/logistika\/#breadcrumb\",\"itemListElement\":[{\"@type\":\"ListItem\",\"position\":1,\"name\":\"Home\",\"item\":\"https:\/\/www.technomar.ee\/et\/\"},{\"@type\":\"ListItem\",\"position\":2,\"name\":\"Ettev\u00f5ttest\",\"item\":\"https:\/\/www.technomar.ee\/et\/ettevottest\/\"},{\"@type\":\"ListItem\",\"position\":3,\"name\":\"Logistika\"}]},{\"@type\":\"WebSite\",\"@id\":\"https:\/\/www.technomar.ee\/et\/#website\",\"url\":\"https:\/\/www.technomar.ee\/et\/\",\"name\":\"Technomar &amp; Adrem\",\"description\":\"\",\"potentialAction\":[{\"@type\":\"SearchAction\",\"target\":{\"@type\":\"EntryPoint\",\"urlTemplate\":\"https:\/\/www.technomar.ee\/et\/?s={search_term_string}\"},\"query-input\":\"required name=search_term_string\"}],\"inLanguage\":\"et\"}]}<\/script>\n<!-- \/ Yoast SEO plugin. -->","yoast_head_json":{"title":"Logistika - Technomar &amp; Adrem","robots":{"index":"index","follow":"follow","max-snippet":"max-snippet:-1","max-image-preview":"max-image-preview:large","max-video-preview":"max-video-preview:-1"},"canonical":"https:\/\/www.technomar.ee\/et\/ettevottest\/logistika\/","og_locale":"et_EE","og_type":"article","og_title":"Logistika - Technomar &amp; Adrem","og_description":"Technomar &amp; Adrem AS asub Eestis, vaid 12 km kaugusel pealinna peamisest sadamast. K\u00f5igil neljal tehasel on oma raudtee\u00fchendus. Ettev\u00f5te ekspordib praegu 95% oma toodangust enam kui 50 riiki Euroopas, USA-s, Kagu- ja Kesk-Aasias. Tarned Mandri-Euroopasse toimuvad ettev\u00f5tte oma maanteetranspordiga ja v\u00f5tavad tavaliselt aega 1 kuni 7 p\u00e4eva. Technomar &amp; Adrem&#8217;i tavapraktika kohaselt saadetakse kaubadContinue reading: Logistika&rarr;","og_url":"https:\/\/www.technomar.ee\/et\/ettevottest\/logistika\/","og_site_name":"Technomar &amp; Adrem","og_image":[{"width":280,"height":274,"url":"https:\/\/www.technomar.ee\/wp-content\/uploads\/2015\/11\/logisticsMapThumb.png","type":"image\/png"}],"twitter_card":"summary_large_image","schema":{"@context":"https:\/\/schema.org","@graph":[{"@type":"WebPage","@id":"https:\/\/www.technomar.ee\/et\/ettevottest\/logistika\/","url":"https:\/\/www.technomar.ee\/et\/ettevottest\/logistika\/","name":"Logistika - Technomar &amp; Adrem","isPartOf":{"@id":"https:\/\/www.technomar.ee\/et\/#website"},"primaryImageOfPage":{"@id":"https:\/\/www.technomar.ee\/et\/ettevottest\/logistika\/#primaryimage"},"image":{"@id":"https:\/\/www.technomar.ee\/et\/ettevottest\/logistika\/#primaryimage"},"thumbnailUrl":"https:\/\/www.technomar.ee\/wp-content\/uploads\/2015\/11\/logisticsMapThumb.png","datePublished":"2015-11-12T01:53:05+00:00","dateModified":"2015-11-12T01:53:05+00:00","breadcrumb":{"@id":"https:\/\/www.technomar.ee\/et\/ettevottest\/logistika\/#breadcrumb"},"inLanguage":"et","potentialAction":[{"@type":"ReadAction","target":["https:\/\/www.technomar.ee\/et\/ettevottest\/logistika\/"]}]},{"@type":"ImageObject","inLanguage":"et","@id":"https:\/\/www.technomar.ee\/et\/ettevottest\/logistika\/#primaryimage","url":"https:\/\/www.technomar.ee\/wp-content\/uploads\/2015\/11\/logisticsMapThumb.png","contentUrl":"https:\/\/www.technomar.ee\/wp-content\/uploads\/2015\/11\/logisticsMapThumb.png","width":280,"height":274},{"@type":"BreadcrumbList","@id":"https:\/\/www.technomar.ee\/et\/ettevottest\/logistika\/#breadcrumb","itemListElement":[{"@type":"ListItem","position":1,"name":"Home","item":"https:\/\/www.technomar.ee\/et\/"},{"@type":"ListItem","position":2,"name":"Ettev\u00f5ttest","item":"https:\/\/www.technomar.ee\/et\/ettevottest\/"},{"@type":"ListItem","position":3,"name":"Logistika"}]},{"@type":"WebSite","@id":"https:\/\/www.technomar.ee\/et\/#website","url":"https:\/\/www.technomar.ee\/et\/","name":"Technomar &amp; Adrem","description":"","potentialAction":[{"@type":"SearchAction","target":{"@type":"EntryPoint","urlTemplate":"https:\/\/www.technomar.ee\/et\/?s={search_term_string}"},"query-input":"required name=search_term_string"}],"inLanguage":"et"}]}},"_links":{"self":[{"href":"https:\/\/www.technomar.ee\/et\/wp-json\/wp\/v2\/pages\/2203","targetHints":{"allow":["GET"]}}],"collection":[{"href":"https:\/\/www.technomar.ee\/et\/wp-json\/wp\/v2\/pages"}],"about":[{"href":"https:\/\/www.technomar.ee\/et\/wp-json\/wp\/v2\/types\/page"}],"author":[{"embeddable":true,"href":"https:\/\/www.technomar.ee\/et\/wp-json\/wp\/v2\/users\/1"}],"replies":[{"embeddable":true,"href":"https:\/\/www.technomar.ee\/et\/wp-json\/wp\/v2\/comments?post=2203"}],"version-history":[{"count":0,"href":"https:\/\/www.technomar.ee\/et\/wp-json\/wp\/v2\/pages\/2203\/revisions"}],"up":[{"embeddable":true,"href":"https:\/\/www.technomar.ee\/et\/wp-json\/wp\/v2\/pages\/2053"}],"wp:featuredmedia":[{"embeddable":true,"href":"https:\/\/www.technomar.ee\/et\/wp-json\/wp\/v2\/media\/2204"}],"wp:attachment":[{"href":"https:\/\/www.technomar.ee\/et\/wp-json\/wp\/v2\/media?parent=2203"}],"curies":[{"name":"wp","href":"https:\/\/api.w.org\/{rel}","templated":true}]}}