{"id":2222,"date":"2015-11-12T04:07:06","date_gmt":"2015-11-12T02:07:06","guid":{"rendered":"https:\/\/www.technomar.ee\/laserloikusvineer\/"},"modified":"2025-10-17T16:17:06","modified_gmt":"2025-10-17T13:17:06","slug":"laserloikusvineer","status":"publish","type":"page","link":"https:\/\/www.technomar.ee\/et\/tooted\/plaatmaterjalid\/laserloikusvineer\/","title":{"rendered":"Laserl\u00f5ikusvineer"},"content":{"rendered":"<p><strong>Technoply<\/strong><\/p>\n<p>Technoply on spetsiaalselt konstrueeritud kasevineer, mida tarnitakse kas <a class=\"single_photoswipe\" data-size=\"280x180\" href=\"http:\/\/www.technomar.ee\/wp-content\/uploads\/2015\/11\/laserCutPlywood1Thumb.png\"><img fetchpriority=\"high\" decoding=\"async\" class=\"alignright wp-image-1025 size-full\" alt=\"VINEER LASERL\u00d5IKUSEKS\" src=\"http:\/\/www.technomar.ee\/wp-content\/uploads\/2015\/11\/laserCutPlywood1Thumb.png\" width=\"280\" height=\"180\"><\/a><br \/>\nUV-laki kattega v\u00f5i ilma, valmistatud lasermasinatega stantsimiseks.<\/p>\n<p><strong>M\u00f5\u00f5dud:<\/strong><\/p>\n<p>M\u00f5\u00f5tude vahemik 600 x 800 mm kuni 1250 x 2500 mm,<br \/>\n sealhulgas 1525 x 1525 mm ja 1525 x 1270 mm.<\/p>\n<p><strong>Standardpaksused:<\/strong><\/p>\n<p>9, 12, 15, 18, 21 mm<\/p>\n<p><strong>Klass<\/strong><br \/>\nBB\/BB<\/p>\n\n    <div class=\"xs_social_share_widget xs_share_url after_content \t\tmain_content  wslu-style-1 wslu-share-box-shaped wslu-fill-colored wslu-none wslu-share-horizontal wslu-theme-font-no wslu-main_content\">\n\n\t\t\n        <ul>\n\t\t\t        <\/ul>\n    <\/div> \n","protected":false},"excerpt":{"rendered":"<p>Technoply Technoply on spetsiaalselt konstrueeritud kasevineer, mida tarnitakse kas UV-laki kattega v\u00f5i ilma, valmistatud lasermasinatega stantsimiseks. M\u00f5\u00f5dud: M\u00f5\u00f5tude vahemik 600 x 800 mm kuni 1250 x 2500 mm, sealhulgas 1525 x 1525 mm ja 1525 x 1270 mm. Standardpaksused: 9, 12, 15, 18, 21 mm Klass BB\/BB<\/p>\n","protected":false},"author":1,"featured_media":0,"parent":2802,"menu_order":0,"comment_status":"closed","ping_status":"closed","template":"","meta":{"_acf_changed":false,"postBodyCss":"","postBodyMargin":[],"postBodyPadding":[],"postBodyBackground":{"backgroundType":"classic","gradient":""},"footnotes":""},"class_list":["post-2222","page","type-page","status-publish","hentry"],"acf":[],"yoast_head":"<!-- This site is optimized with the Yoast SEO plugin v22.5 - https:\/\/yoast.com\/wordpress\/plugins\/seo\/ -->\n<title>Laserl\u00f5ikusvineer - Technomar &amp; Adrem<\/title>\n<meta name=\"robots\" content=\"index, follow, max-snippet:-1, max-image-preview:large, max-video-preview:-1\" \/>\n<link rel=\"canonical\" href=\"https:\/\/www.technomar.ee\/et\/tooted\/plaatmaterjalid\/laserloikusvineer\/\" \/>\n<meta property=\"og:locale\" content=\"et_EE\" \/>\n<meta property=\"og:type\" content=\"article\" \/>\n<meta property=\"og:title\" content=\"Laserl\u00f5ikusvineer - Technomar &amp; Adrem\" \/>\n<meta property=\"og:description\" content=\"Technoply Technoply on spetsiaalselt konstrueeritud kasevineer, mida tarnitakse kas UV-laki kattega v\u00f5i ilma, valmistatud lasermasinatega stantsimiseks. M\u00f5\u00f5dud: M\u00f5\u00f5tude vahemik 600 x 800 mm kuni 1250 x 2500 mm, sealhulgas 1525 x 1525 mm ja 1525 x 1270 mm. Standardpaksused: 9, 12, 15, 18, 21 mm Klass BB\/BB\" \/>\n<meta property=\"og:url\" content=\"https:\/\/www.technomar.ee\/et\/tooted\/plaatmaterjalid\/laserloikusvineer\/\" \/>\n<meta property=\"og:site_name\" content=\"Technomar &amp; Adrem\" \/>\n<meta property=\"article:modified_time\" content=\"2025-10-17T13:17:06+00:00\" \/>\n<meta property=\"og:image\" content=\"http:\/\/www.technomar.ee\/wp-content\/uploads\/2015\/11\/laserCutPlywood1Thumb.png\" \/>\n<meta name=\"twitter:card\" content=\"summary_large_image\" \/>\n<script type=\"application\/ld+json\" class=\"yoast-schema-graph\">{\"@context\":\"https:\/\/schema.org\",\"@graph\":[{\"@type\":\"WebPage\",\"@id\":\"https:\/\/www.technomar.ee\/et\/tooted\/plaatmaterjalid\/laserloikusvineer\/\",\"url\":\"https:\/\/www.technomar.ee\/et\/tooted\/plaatmaterjalid\/laserloikusvineer\/\",\"name\":\"Laserl\u00f5ikusvineer - Technomar &amp; Adrem\",\"isPartOf\":{\"@id\":\"https:\/\/www.technomar.ee\/et\/#website\"},\"primaryImageOfPage\":{\"@id\":\"https:\/\/www.technomar.ee\/et\/tooted\/plaatmaterjalid\/laserloikusvineer\/#primaryimage\"},\"image\":{\"@id\":\"https:\/\/www.technomar.ee\/et\/tooted\/plaatmaterjalid\/laserloikusvineer\/#primaryimage\"},\"thumbnailUrl\":\"http:\/\/www.technomar.ee\/wp-content\/uploads\/2015\/11\/laserCutPlywood1Thumb.png\",\"datePublished\":\"2015-11-12T02:07:06+00:00\",\"dateModified\":\"2025-10-17T13:17:06+00:00\",\"breadcrumb\":{\"@id\":\"https:\/\/www.technomar.ee\/et\/tooted\/plaatmaterjalid\/laserloikusvineer\/#breadcrumb\"},\"inLanguage\":\"et\",\"potentialAction\":[{\"@type\":\"ReadAction\",\"target\":[\"https:\/\/www.technomar.ee\/et\/tooted\/plaatmaterjalid\/laserloikusvineer\/\"]}]},{\"@type\":\"ImageObject\",\"inLanguage\":\"et\",\"@id\":\"https:\/\/www.technomar.ee\/et\/tooted\/plaatmaterjalid\/laserloikusvineer\/#primaryimage\",\"url\":\"http:\/\/www.technomar.ee\/wp-content\/uploads\/2015\/11\/laserCutPlywood1Thumb.png\",\"contentUrl\":\"http:\/\/www.technomar.ee\/wp-content\/uploads\/2015\/11\/laserCutPlywood1Thumb.png\"},{\"@type\":\"BreadcrumbList\",\"@id\":\"https:\/\/www.technomar.ee\/et\/tooted\/plaatmaterjalid\/laserloikusvineer\/#breadcrumb\",\"itemListElement\":[{\"@type\":\"ListItem\",\"position\":1,\"name\":\"Home\",\"item\":\"https:\/\/www.technomar.ee\/et\/\"},{\"@type\":\"ListItem\",\"position\":2,\"name\":\"Tooted\",\"item\":\"https:\/\/www.technomar.ee\/et\/tooted\/\"},{\"@type\":\"ListItem\",\"position\":3,\"name\":\"Plaatmaterjalid\",\"item\":\"https:\/\/www.technomar.ee\/et\/tooted\/plaatmaterjalid\/\"},{\"@type\":\"ListItem\",\"position\":4,\"name\":\"Laserl\u00f5ikusvineer\"}]},{\"@type\":\"WebSite\",\"@id\":\"https:\/\/www.technomar.ee\/et\/#website\",\"url\":\"https:\/\/www.technomar.ee\/et\/\",\"name\":\"Technomar &amp; Adrem\",\"description\":\"\",\"potentialAction\":[{\"@type\":\"SearchAction\",\"target\":{\"@type\":\"EntryPoint\",\"urlTemplate\":\"https:\/\/www.technomar.ee\/et\/?s={search_term_string}\"},\"query-input\":\"required name=search_term_string\"}],\"inLanguage\":\"et\"}]}<\/script>\n<!-- \/ Yoast SEO plugin. -->","yoast_head_json":{"title":"Laserl\u00f5ikusvineer - Technomar &amp; Adrem","robots":{"index":"index","follow":"follow","max-snippet":"max-snippet:-1","max-image-preview":"max-image-preview:large","max-video-preview":"max-video-preview:-1"},"canonical":"https:\/\/www.technomar.ee\/et\/tooted\/plaatmaterjalid\/laserloikusvineer\/","og_locale":"et_EE","og_type":"article","og_title":"Laserl\u00f5ikusvineer - Technomar &amp; Adrem","og_description":"Technoply Technoply on spetsiaalselt konstrueeritud kasevineer, mida tarnitakse kas UV-laki kattega v\u00f5i ilma, valmistatud lasermasinatega stantsimiseks. M\u00f5\u00f5dud: M\u00f5\u00f5tude vahemik 600 x 800 mm kuni 1250 x 2500 mm, sealhulgas 1525 x 1525 mm ja 1525 x 1270 mm. Standardpaksused: 9, 12, 15, 18, 21 mm Klass BB\/BB","og_url":"https:\/\/www.technomar.ee\/et\/tooted\/plaatmaterjalid\/laserloikusvineer\/","og_site_name":"Technomar &amp; Adrem","article_modified_time":"2025-10-17T13:17:06+00:00","og_image":[{"url":"http:\/\/www.technomar.ee\/wp-content\/uploads\/2015\/11\/laserCutPlywood1Thumb.png"}],"twitter_card":"summary_large_image","schema":{"@context":"https:\/\/schema.org","@graph":[{"@type":"WebPage","@id":"https:\/\/www.technomar.ee\/et\/tooted\/plaatmaterjalid\/laserloikusvineer\/","url":"https:\/\/www.technomar.ee\/et\/tooted\/plaatmaterjalid\/laserloikusvineer\/","name":"Laserl\u00f5ikusvineer - Technomar &amp; Adrem","isPartOf":{"@id":"https:\/\/www.technomar.ee\/et\/#website"},"primaryImageOfPage":{"@id":"https:\/\/www.technomar.ee\/et\/tooted\/plaatmaterjalid\/laserloikusvineer\/#primaryimage"},"image":{"@id":"https:\/\/www.technomar.ee\/et\/tooted\/plaatmaterjalid\/laserloikusvineer\/#primaryimage"},"thumbnailUrl":"http:\/\/www.technomar.ee\/wp-content\/uploads\/2015\/11\/laserCutPlywood1Thumb.png","datePublished":"2015-11-12T02:07:06+00:00","dateModified":"2025-10-17T13:17:06+00:00","breadcrumb":{"@id":"https:\/\/www.technomar.ee\/et\/tooted\/plaatmaterjalid\/laserloikusvineer\/#breadcrumb"},"inLanguage":"et","potentialAction":[{"@type":"ReadAction","target":["https:\/\/www.technomar.ee\/et\/tooted\/plaatmaterjalid\/laserloikusvineer\/"]}]},{"@type":"ImageObject","inLanguage":"et","@id":"https:\/\/www.technomar.ee\/et\/tooted\/plaatmaterjalid\/laserloikusvineer\/#primaryimage","url":"http:\/\/www.technomar.ee\/wp-content\/uploads\/2015\/11\/laserCutPlywood1Thumb.png","contentUrl":"http:\/\/www.technomar.ee\/wp-content\/uploads\/2015\/11\/laserCutPlywood1Thumb.png"},{"@type":"BreadcrumbList","@id":"https:\/\/www.technomar.ee\/et\/tooted\/plaatmaterjalid\/laserloikusvineer\/#breadcrumb","itemListElement":[{"@type":"ListItem","position":1,"name":"Home","item":"https:\/\/www.technomar.ee\/et\/"},{"@type":"ListItem","position":2,"name":"Tooted","item":"https:\/\/www.technomar.ee\/et\/tooted\/"},{"@type":"ListItem","position":3,"name":"Plaatmaterjalid","item":"https:\/\/www.technomar.ee\/et\/tooted\/plaatmaterjalid\/"},{"@type":"ListItem","position":4,"name":"Laserl\u00f5ikusvineer"}]},{"@type":"WebSite","@id":"https:\/\/www.technomar.ee\/et\/#website","url":"https:\/\/www.technomar.ee\/et\/","name":"Technomar &amp; Adrem","description":"","potentialAction":[{"@type":"SearchAction","target":{"@type":"EntryPoint","urlTemplate":"https:\/\/www.technomar.ee\/et\/?s={search_term_string}"},"query-input":"required name=search_term_string"}],"inLanguage":"et"}]}},"_links":{"self":[{"href":"https:\/\/www.technomar.ee\/et\/wp-json\/wp\/v2\/pages\/2222","targetHints":{"allow":["GET"]}}],"collection":[{"href":"https:\/\/www.technomar.ee\/et\/wp-json\/wp\/v2\/pages"}],"about":[{"href":"https:\/\/www.technomar.ee\/et\/wp-json\/wp\/v2\/types\/page"}],"author":[{"embeddable":true,"href":"https:\/\/www.technomar.ee\/et\/wp-json\/wp\/v2\/users\/1"}],"replies":[{"embeddable":true,"href":"https:\/\/www.technomar.ee\/et\/wp-json\/wp\/v2\/comments?post=2222"}],"version-history":[{"count":1,"href":"https:\/\/www.technomar.ee\/et\/wp-json\/wp\/v2\/pages\/2222\/revisions"}],"predecessor-version":[{"id":2806,"href":"https:\/\/www.technomar.ee\/et\/wp-json\/wp\/v2\/pages\/2222\/revisions\/2806"}],"up":[{"embeddable":true,"href":"https:\/\/www.technomar.ee\/et\/wp-json\/wp\/v2\/pages\/2802"}],"wp:attachment":[{"href":"https:\/\/www.technomar.ee\/et\/wp-json\/wp\/v2\/media?parent=2222"}],"curies":[{"name":"wp","href":"https:\/\/api.w.org\/{rel}","templated":true}]}}