{"id":2504,"date":"2015-11-12T04:00:24","date_gmt":"2015-11-12T02:00:24","guid":{"rendered":"https:\/\/www.technomar.ee\/tooted\/mooblikomponendid\/sahtliseinad\/"},"modified":"2015-11-12T04:00:24","modified_gmt":"2015-11-12T02:00:24","slug":"sahtliseinad","status":"publish","type":"page","link":"https:\/\/www.technomar.ee\/et\/tooted\/mooblikomponendid\/sahtliseinad\/","title":{"rendered":"Sahtliseinad"},"content":{"rendered":"<p>Technomar &amp; Adrem ekspordib kuni 20 konteinerit t\u00f6\u00f6deldud sahtliseinu kuus. K\u00f6\u00f6gikappide sahtliseinad, v\u00e4ljat\u00f5mmatavad mehhanismid, esi- ja tagak\u00fcljed on saadaval peamiselt nii t\u00e4ispuidust kasepuust kui ka kasevineerist. Muude tarnitavate toodete n\u00e4ited on:  <\/p>\n<ul>\n<li>Vineeriribad \u00fcmarate (bull-nosed) servadega v\u00f5i ilma<\/li>\n<li>Eelvalmistatud sahtliseinad vastavalt kliendi spetsifikatsioonile<\/li>\n<li>Komplektsed eelvalmistatud ja puuritud osade komplektid isekokoamiseks<\/li>\n<li>Sahtlip\u00f5hjad<\/li>\n<li>K\u00f5ik osad on saadaval viimistlemata v\u00f5i UV-kattega<\/li>\n<\/ul>\n<p>Kvaliteediklassid ja viimistlus vastavalt teie soovile.<\/p>\n<p><a href=\"https:\/\/www.technomar.ee\/wp-content\/uploads\/2015\/11\/Techomar-Plywood-birch-drawer-300x154.png\"><img decoding=\"async\" class=\"active aligncenter wp-image-546 size-medium\" alt=\"Sahtliseinad\" src=\"https:\/\/www.technomar.ee\/wp-content\/uploads\/2015\/11\/Techomar-Plywood-birch-drawer-300x154.png\" width=\"300\" height=\"154\" srcset=\"https:\/\/www.technomar.ee\/wp-content\/uploads\/2015\/11\/Techomar-Plywood-birch-drawer-300x154.png 300w, https:\/\/www.technomar.ee\/wp-content\/uploads\/2015\/11\/Techomar-Plywood-birch-drawer-500x256.png 500w, https:\/\/www.technomar.ee\/wp-content\/uploads\/2015\/11\/Techomar-Plywood-birch-drawer.png 800w\" sizes=\"(max-width: 300px) 100vw, 300px\" \/><\/a><\/p>\n\n    <div class=\"xs_social_share_widget xs_share_url after_content \t\tmain_content  wslu-style-1 wslu-share-box-shaped wslu-fill-colored wslu-none wslu-share-horizontal wslu-theme-font-no wslu-main_content\">\n\n\t\t\n        <ul>\n\t\t\t        <\/ul>\n    <\/div> \n","protected":false},"excerpt":{"rendered":"<p>Technomar &amp; Adrem ekspordib kuni 20 konteinerit t\u00f6\u00f6deldud sahtliseinu kuus. K\u00f6\u00f6gikappide sahtliseinad, v\u00e4ljat\u00f5mmatavad mehhanismid, esi- ja tagak\u00fcljed on saadaval peamiselt nii t\u00e4ispuidust kasepuust kui ka kasevineerist. Muude tarnitavate toodete n\u00e4ited on: Vineeriribad \u00fcmarate (bull-nosed) servadega v\u00f5i ilma Eelvalmistatud sahtliseinad vastavalt kliendi spetsifikatsioonile Komplektsed eelvalmistatud ja puuritud osade komplektid isekokoamiseks Sahtlip\u00f5hjad K\u00f5ik osad on saadaval viimistlemata<br \/><a class=\"read-more\" href=\"https:\/\/www.technomar.ee\/et\/tooted\/mooblikomponendid\/sahtliseinad\/\">Continue reading<span class=\"sr-only\">: Sahtliseinad<\/span><span class=\"meta-nav\">&rarr;<\/span><\/a><\/p>\n","protected":false},"author":1,"featured_media":0,"parent":2005,"menu_order":0,"comment_status":"closed","ping_status":"closed","template":"","meta":{"_acf_changed":false,"postBodyCss":"","postBodyMargin":[],"postBodyPadding":[],"postBodyBackground":{"backgroundType":"classic","gradient":""},"footnotes":""},"class_list":["post-2504","page","type-page","status-publish","hentry"],"acf":[],"yoast_head":"<!-- This site is optimized with the Yoast SEO plugin v22.5 - https:\/\/yoast.com\/wordpress\/plugins\/seo\/ -->\n<title>Sahtliseinad - Technomar &amp; Adrem<\/title>\n<meta name=\"robots\" content=\"index, follow, max-snippet:-1, max-image-preview:large, max-video-preview:-1\" \/>\n<link rel=\"canonical\" href=\"https:\/\/www.technomar.ee\/et\/tooted\/mooblikomponendid\/sahtliseinad\/\" \/>\n<meta property=\"og:locale\" content=\"et_EE\" \/>\n<meta property=\"og:type\" content=\"article\" \/>\n<meta property=\"og:title\" content=\"Sahtliseinad - Technomar &amp; Adrem\" \/>\n<meta property=\"og:description\" content=\"Technomar &amp; Adrem ekspordib kuni 20 konteinerit t\u00f6\u00f6deldud sahtliseinu kuus. K\u00f6\u00f6gikappide sahtliseinad, v\u00e4ljat\u00f5mmatavad mehhanismid, esi- ja tagak\u00fcljed on saadaval peamiselt nii t\u00e4ispuidust kasepuust kui ka kasevineerist. Muude tarnitavate toodete n\u00e4ited on: Vineeriribad \u00fcmarate (bull-nosed) servadega v\u00f5i ilma Eelvalmistatud sahtliseinad vastavalt kliendi spetsifikatsioonile Komplektsed eelvalmistatud ja puuritud osade komplektid isekokoamiseks Sahtlip\u00f5hjad K\u00f5ik osad on saadaval viimistlemataContinue reading: Sahtliseinad&rarr;\" \/>\n<meta property=\"og:url\" content=\"https:\/\/www.technomar.ee\/et\/tooted\/mooblikomponendid\/sahtliseinad\/\" \/>\n<meta property=\"og:site_name\" content=\"Technomar &amp; Adrem\" \/>\n<meta property=\"og:image\" content=\"https:\/\/www.technomar.ee\/wp-content\/uploads\/2015\/11\/Techomar-Plywood-birch-drawer-300x154.png\" \/>\n<meta name=\"twitter:card\" content=\"summary_large_image\" \/>\n<script type=\"application\/ld+json\" class=\"yoast-schema-graph\">{\"@context\":\"https:\/\/schema.org\",\"@graph\":[{\"@type\":\"WebPage\",\"@id\":\"https:\/\/www.technomar.ee\/et\/tooted\/mooblikomponendid\/sahtliseinad\/\",\"url\":\"https:\/\/www.technomar.ee\/et\/tooted\/mooblikomponendid\/sahtliseinad\/\",\"name\":\"Sahtliseinad - Technomar &amp; Adrem\",\"isPartOf\":{\"@id\":\"https:\/\/www.technomar.ee\/et\/#website\"},\"primaryImageOfPage\":{\"@id\":\"https:\/\/www.technomar.ee\/et\/tooted\/mooblikomponendid\/sahtliseinad\/#primaryimage\"},\"image\":{\"@id\":\"https:\/\/www.technomar.ee\/et\/tooted\/mooblikomponendid\/sahtliseinad\/#primaryimage\"},\"thumbnailUrl\":\"https:\/\/www.technomar.ee\/wp-content\/uploads\/2015\/11\/Techomar-Plywood-birch-drawer-300x154.png\",\"datePublished\":\"2015-11-12T02:00:24+00:00\",\"dateModified\":\"2015-11-12T02:00:24+00:00\",\"breadcrumb\":{\"@id\":\"https:\/\/www.technomar.ee\/et\/tooted\/mooblikomponendid\/sahtliseinad\/#breadcrumb\"},\"inLanguage\":\"et\",\"potentialAction\":[{\"@type\":\"ReadAction\",\"target\":[\"https:\/\/www.technomar.ee\/et\/tooted\/mooblikomponendid\/sahtliseinad\/\"]}]},{\"@type\":\"ImageObject\",\"inLanguage\":\"et\",\"@id\":\"https:\/\/www.technomar.ee\/et\/tooted\/mooblikomponendid\/sahtliseinad\/#primaryimage\",\"url\":\"https:\/\/www.technomar.ee\/wp-content\/uploads\/2015\/11\/Techomar-Plywood-birch-drawer-300x154.png\",\"contentUrl\":\"https:\/\/www.technomar.ee\/wp-content\/uploads\/2015\/11\/Techomar-Plywood-birch-drawer-300x154.png\"},{\"@type\":\"BreadcrumbList\",\"@id\":\"https:\/\/www.technomar.ee\/et\/tooted\/mooblikomponendid\/sahtliseinad\/#breadcrumb\",\"itemListElement\":[{\"@type\":\"ListItem\",\"position\":1,\"name\":\"Home\",\"item\":\"https:\/\/www.technomar.ee\/et\/\"},{\"@type\":\"ListItem\",\"position\":2,\"name\":\"Tooted\",\"item\":\"https:\/\/www.technomar.ee\/et\/tooted\/\"},{\"@type\":\"ListItem\",\"position\":3,\"name\":\"M\u00f6\u00f6blikomponendid\",\"item\":\"https:\/\/www.technomar.ee\/et\/tooted\/mooblikomponendid\/\"},{\"@type\":\"ListItem\",\"position\":4,\"name\":\"Sahtliseinad\"}]},{\"@type\":\"WebSite\",\"@id\":\"https:\/\/www.technomar.ee\/et\/#website\",\"url\":\"https:\/\/www.technomar.ee\/et\/\",\"name\":\"Technomar &amp; Adrem\",\"description\":\"\",\"potentialAction\":[{\"@type\":\"SearchAction\",\"target\":{\"@type\":\"EntryPoint\",\"urlTemplate\":\"https:\/\/www.technomar.ee\/et\/?s={search_term_string}\"},\"query-input\":\"required name=search_term_string\"}],\"inLanguage\":\"et\"}]}<\/script>\n<!-- \/ Yoast SEO plugin. -->","yoast_head_json":{"title":"Sahtliseinad - Technomar &amp; Adrem","robots":{"index":"index","follow":"follow","max-snippet":"max-snippet:-1","max-image-preview":"max-image-preview:large","max-video-preview":"max-video-preview:-1"},"canonical":"https:\/\/www.technomar.ee\/et\/tooted\/mooblikomponendid\/sahtliseinad\/","og_locale":"et_EE","og_type":"article","og_title":"Sahtliseinad - Technomar &amp; Adrem","og_description":"Technomar &amp; Adrem ekspordib kuni 20 konteinerit t\u00f6\u00f6deldud sahtliseinu kuus. K\u00f6\u00f6gikappide sahtliseinad, v\u00e4ljat\u00f5mmatavad mehhanismid, esi- ja tagak\u00fcljed on saadaval peamiselt nii t\u00e4ispuidust kasepuust kui ka kasevineerist. Muude tarnitavate toodete n\u00e4ited on: Vineeriribad \u00fcmarate (bull-nosed) servadega v\u00f5i ilma Eelvalmistatud sahtliseinad vastavalt kliendi spetsifikatsioonile Komplektsed eelvalmistatud ja puuritud osade komplektid isekokoamiseks Sahtlip\u00f5hjad K\u00f5ik osad on saadaval viimistlemataContinue reading: Sahtliseinad&rarr;","og_url":"https:\/\/www.technomar.ee\/et\/tooted\/mooblikomponendid\/sahtliseinad\/","og_site_name":"Technomar &amp; Adrem","og_image":[{"url":"https:\/\/www.technomar.ee\/wp-content\/uploads\/2015\/11\/Techomar-Plywood-birch-drawer-300x154.png"}],"twitter_card":"summary_large_image","schema":{"@context":"https:\/\/schema.org","@graph":[{"@type":"WebPage","@id":"https:\/\/www.technomar.ee\/et\/tooted\/mooblikomponendid\/sahtliseinad\/","url":"https:\/\/www.technomar.ee\/et\/tooted\/mooblikomponendid\/sahtliseinad\/","name":"Sahtliseinad - Technomar &amp; Adrem","isPartOf":{"@id":"https:\/\/www.technomar.ee\/et\/#website"},"primaryImageOfPage":{"@id":"https:\/\/www.technomar.ee\/et\/tooted\/mooblikomponendid\/sahtliseinad\/#primaryimage"},"image":{"@id":"https:\/\/www.technomar.ee\/et\/tooted\/mooblikomponendid\/sahtliseinad\/#primaryimage"},"thumbnailUrl":"https:\/\/www.technomar.ee\/wp-content\/uploads\/2015\/11\/Techomar-Plywood-birch-drawer-300x154.png","datePublished":"2015-11-12T02:00:24+00:00","dateModified":"2015-11-12T02:00:24+00:00","breadcrumb":{"@id":"https:\/\/www.technomar.ee\/et\/tooted\/mooblikomponendid\/sahtliseinad\/#breadcrumb"},"inLanguage":"et","potentialAction":[{"@type":"ReadAction","target":["https:\/\/www.technomar.ee\/et\/tooted\/mooblikomponendid\/sahtliseinad\/"]}]},{"@type":"ImageObject","inLanguage":"et","@id":"https:\/\/www.technomar.ee\/et\/tooted\/mooblikomponendid\/sahtliseinad\/#primaryimage","url":"https:\/\/www.technomar.ee\/wp-content\/uploads\/2015\/11\/Techomar-Plywood-birch-drawer-300x154.png","contentUrl":"https:\/\/www.technomar.ee\/wp-content\/uploads\/2015\/11\/Techomar-Plywood-birch-drawer-300x154.png"},{"@type":"BreadcrumbList","@id":"https:\/\/www.technomar.ee\/et\/tooted\/mooblikomponendid\/sahtliseinad\/#breadcrumb","itemListElement":[{"@type":"ListItem","position":1,"name":"Home","item":"https:\/\/www.technomar.ee\/et\/"},{"@type":"ListItem","position":2,"name":"Tooted","item":"https:\/\/www.technomar.ee\/et\/tooted\/"},{"@type":"ListItem","position":3,"name":"M\u00f6\u00f6blikomponendid","item":"https:\/\/www.technomar.ee\/et\/tooted\/mooblikomponendid\/"},{"@type":"ListItem","position":4,"name":"Sahtliseinad"}]},{"@type":"WebSite","@id":"https:\/\/www.technomar.ee\/et\/#website","url":"https:\/\/www.technomar.ee\/et\/","name":"Technomar &amp; Adrem","description":"","potentialAction":[{"@type":"SearchAction","target":{"@type":"EntryPoint","urlTemplate":"https:\/\/www.technomar.ee\/et\/?s={search_term_string}"},"query-input":"required name=search_term_string"}],"inLanguage":"et"}]}},"_links":{"self":[{"href":"https:\/\/www.technomar.ee\/et\/wp-json\/wp\/v2\/pages\/2504","targetHints":{"allow":["GET"]}}],"collection":[{"href":"https:\/\/www.technomar.ee\/et\/wp-json\/wp\/v2\/pages"}],"about":[{"href":"https:\/\/www.technomar.ee\/et\/wp-json\/wp\/v2\/types\/page"}],"author":[{"embeddable":true,"href":"https:\/\/www.technomar.ee\/et\/wp-json\/wp\/v2\/users\/1"}],"replies":[{"embeddable":true,"href":"https:\/\/www.technomar.ee\/et\/wp-json\/wp\/v2\/comments?post=2504"}],"version-history":[{"count":0,"href":"https:\/\/www.technomar.ee\/et\/wp-json\/wp\/v2\/pages\/2504\/revisions"}],"up":[{"embeddable":true,"href":"https:\/\/www.technomar.ee\/et\/wp-json\/wp\/v2\/pages\/2005"}],"wp:attachment":[{"href":"https:\/\/www.technomar.ee\/et\/wp-json\/wp\/v2\/media?parent=2504"}],"curies":[{"name":"wp","href":"https:\/\/api.w.org\/{rel}","templated":true}]}}