{"id":2510,"date":"2015-11-12T04:00:06","date_gmt":"2015-11-12T02:00:06","guid":{"rendered":"https:\/\/www.technomar.ee\/tooted\/mooblikomponendid\/servliimitud-paneelid\/"},"modified":"2015-11-12T04:00:06","modified_gmt":"2015-11-12T02:00:06","slug":"servliimitud-paneelid","status":"publish","type":"page","link":"https:\/\/www.technomar.ee\/et\/tooted\/mooblikomponendid\/servliimitud-paneelid\/","title":{"rendered":"Servliimitud paneelid"},"content":{"rendered":"<p>Meie ettev\u00f5te toodab servliimitud paneele, mida tuntakse ka lamineeritud paneelidena, erinevatest puiduliikidest, peamiselt kasest ja tammest (teised liigid tellimisel s\u00f5ltuvalt mahust). Servliimitud paneelid on kvaliteetse m\u00f6\u00f6bli oluline komponent. Servliimitud paneele saab kasutada lauaplaatidena, l\u00f5ikelaudadena, pinkidena, ustena jne. Pakume servliimitud paneele nii t\u00e4ispuidust kui ka s\u00f5rmj\u00e4tkatud lamellidest vastavalt teie soovile.   <\/p>\n<p><a href=\"https:\/\/www.technomar.ee\/wp-content\/uploads\/2015\/11\/EGP-Birch-300x145.jpg\"><img decoding=\"async\" class=\"active alignnone wp-image-563 size-medium\" alt=\"Servliimitud paneelid\" src=\"https:\/\/www.technomar.ee\/wp-content\/uploads\/2015\/11\/EGP-Birch-300x145.jpg\" width=\"300\" height=\"145\" srcset=\"https:\/\/www.technomar.ee\/wp-content\/uploads\/2015\/11\/EGP-Birch-300x145.jpg 300w, https:\/\/www.technomar.ee\/wp-content\/uploads\/2015\/11\/EGP-Birch-1024x494.jpg 1024w, https:\/\/www.technomar.ee\/wp-content\/uploads\/2015\/11\/EGP-Birch-500x241.jpg 500w, https:\/\/www.technomar.ee\/wp-content\/uploads\/2015\/11\/EGP-Birch.jpg 1251w\" sizes=\"(max-width: 300px) 100vw, 300px\" \/><\/a><\/p>\n\n    <div class=\"xs_social_share_widget xs_share_url after_content \t\tmain_content  wslu-style-1 wslu-share-box-shaped wslu-fill-colored wslu-none wslu-share-horizontal wslu-theme-font-no wslu-main_content\">\n\n\t\t\n        <ul>\n\t\t\t        <\/ul>\n    <\/div> \n","protected":false},"excerpt":{"rendered":"<p>Meie ettev\u00f5te toodab servliimitud paneele, mida tuntakse ka lamineeritud paneelidena, erinevatest puiduliikidest, peamiselt kasest ja tammest (teised liigid tellimisel s\u00f5ltuvalt mahust). Servliimitud paneelid on kvaliteetse m\u00f6\u00f6bli oluline komponent. Servliimitud paneele saab kasutada lauaplaatidena, l\u00f5ikelaudadena, pinkidena, ustena jne. Pakume servliimitud paneele nii t\u00e4ispuidust kui ka s\u00f5rmj\u00e4tkatud lamellidest vastavalt teie soovile.<\/p>\n","protected":false},"author":1,"featured_media":0,"parent":2005,"menu_order":0,"comment_status":"closed","ping_status":"closed","template":"","meta":{"_acf_changed":false,"postBodyCss":"","postBodyMargin":[],"postBodyPadding":[],"postBodyBackground":{"backgroundType":"classic","gradient":""},"footnotes":""},"class_list":["post-2510","page","type-page","status-publish","hentry"],"acf":[],"yoast_head":"<!-- This site is optimized with the Yoast SEO plugin v22.5 - https:\/\/yoast.com\/wordpress\/plugins\/seo\/ -->\n<title>Servliimitud paneelid - Technomar &amp; Adrem<\/title>\n<meta name=\"robots\" content=\"index, follow, max-snippet:-1, max-image-preview:large, max-video-preview:-1\" \/>\n<link rel=\"canonical\" href=\"https:\/\/www.technomar.ee\/et\/tooted\/mooblikomponendid\/servliimitud-paneelid\/\" \/>\n<meta property=\"og:locale\" content=\"et_EE\" \/>\n<meta property=\"og:type\" content=\"article\" \/>\n<meta property=\"og:title\" content=\"Servliimitud paneelid - Technomar &amp; Adrem\" \/>\n<meta property=\"og:description\" content=\"Meie ettev\u00f5te toodab servliimitud paneele, mida tuntakse ka lamineeritud paneelidena, erinevatest puiduliikidest, peamiselt kasest ja tammest (teised liigid tellimisel s\u00f5ltuvalt mahust). Servliimitud paneelid on kvaliteetse m\u00f6\u00f6bli oluline komponent. Servliimitud paneele saab kasutada lauaplaatidena, l\u00f5ikelaudadena, pinkidena, ustena jne. Pakume servliimitud paneele nii t\u00e4ispuidust kui ka s\u00f5rmj\u00e4tkatud lamellidest vastavalt teie soovile.\" \/>\n<meta property=\"og:url\" content=\"https:\/\/www.technomar.ee\/et\/tooted\/mooblikomponendid\/servliimitud-paneelid\/\" \/>\n<meta property=\"og:site_name\" content=\"Technomar &amp; Adrem\" \/>\n<meta property=\"og:image\" content=\"https:\/\/www.technomar.ee\/wp-content\/uploads\/2015\/11\/EGP-Birch-300x145.jpg\" \/>\n<meta name=\"twitter:card\" content=\"summary_large_image\" \/>\n<script type=\"application\/ld+json\" class=\"yoast-schema-graph\">{\"@context\":\"https:\/\/schema.org\",\"@graph\":[{\"@type\":\"WebPage\",\"@id\":\"https:\/\/www.technomar.ee\/et\/tooted\/mooblikomponendid\/servliimitud-paneelid\/\",\"url\":\"https:\/\/www.technomar.ee\/et\/tooted\/mooblikomponendid\/servliimitud-paneelid\/\",\"name\":\"Servliimitud paneelid - Technomar &amp; Adrem\",\"isPartOf\":{\"@id\":\"https:\/\/www.technomar.ee\/et\/#website\"},\"primaryImageOfPage\":{\"@id\":\"https:\/\/www.technomar.ee\/et\/tooted\/mooblikomponendid\/servliimitud-paneelid\/#primaryimage\"},\"image\":{\"@id\":\"https:\/\/www.technomar.ee\/et\/tooted\/mooblikomponendid\/servliimitud-paneelid\/#primaryimage\"},\"thumbnailUrl\":\"https:\/\/www.technomar.ee\/wp-content\/uploads\/2015\/11\/EGP-Birch-300x145.jpg\",\"datePublished\":\"2015-11-12T02:00:06+00:00\",\"dateModified\":\"2015-11-12T02:00:06+00:00\",\"breadcrumb\":{\"@id\":\"https:\/\/www.technomar.ee\/et\/tooted\/mooblikomponendid\/servliimitud-paneelid\/#breadcrumb\"},\"inLanguage\":\"et\",\"potentialAction\":[{\"@type\":\"ReadAction\",\"target\":[\"https:\/\/www.technomar.ee\/et\/tooted\/mooblikomponendid\/servliimitud-paneelid\/\"]}]},{\"@type\":\"ImageObject\",\"inLanguage\":\"et\",\"@id\":\"https:\/\/www.technomar.ee\/et\/tooted\/mooblikomponendid\/servliimitud-paneelid\/#primaryimage\",\"url\":\"https:\/\/www.technomar.ee\/wp-content\/uploads\/2015\/11\/EGP-Birch-300x145.jpg\",\"contentUrl\":\"https:\/\/www.technomar.ee\/wp-content\/uploads\/2015\/11\/EGP-Birch-300x145.jpg\"},{\"@type\":\"BreadcrumbList\",\"@id\":\"https:\/\/www.technomar.ee\/et\/tooted\/mooblikomponendid\/servliimitud-paneelid\/#breadcrumb\",\"itemListElement\":[{\"@type\":\"ListItem\",\"position\":1,\"name\":\"Home\",\"item\":\"https:\/\/www.technomar.ee\/et\/\"},{\"@type\":\"ListItem\",\"position\":2,\"name\":\"Tooted\",\"item\":\"https:\/\/www.technomar.ee\/et\/tooted\/\"},{\"@type\":\"ListItem\",\"position\":3,\"name\":\"M\u00f6\u00f6blikomponendid\",\"item\":\"https:\/\/www.technomar.ee\/et\/tooted\/mooblikomponendid\/\"},{\"@type\":\"ListItem\",\"position\":4,\"name\":\"Servliimitud paneelid\"}]},{\"@type\":\"WebSite\",\"@id\":\"https:\/\/www.technomar.ee\/et\/#website\",\"url\":\"https:\/\/www.technomar.ee\/et\/\",\"name\":\"Technomar &amp; Adrem\",\"description\":\"\",\"potentialAction\":[{\"@type\":\"SearchAction\",\"target\":{\"@type\":\"EntryPoint\",\"urlTemplate\":\"https:\/\/www.technomar.ee\/et\/?s={search_term_string}\"},\"query-input\":\"required name=search_term_string\"}],\"inLanguage\":\"et\"}]}<\/script>\n<!-- \/ Yoast SEO plugin. -->","yoast_head_json":{"title":"Servliimitud paneelid - Technomar &amp; Adrem","robots":{"index":"index","follow":"follow","max-snippet":"max-snippet:-1","max-image-preview":"max-image-preview:large","max-video-preview":"max-video-preview:-1"},"canonical":"https:\/\/www.technomar.ee\/et\/tooted\/mooblikomponendid\/servliimitud-paneelid\/","og_locale":"et_EE","og_type":"article","og_title":"Servliimitud paneelid - Technomar &amp; Adrem","og_description":"Meie ettev\u00f5te toodab servliimitud paneele, mida tuntakse ka lamineeritud paneelidena, erinevatest puiduliikidest, peamiselt kasest ja tammest (teised liigid tellimisel s\u00f5ltuvalt mahust). Servliimitud paneelid on kvaliteetse m\u00f6\u00f6bli oluline komponent. Servliimitud paneele saab kasutada lauaplaatidena, l\u00f5ikelaudadena, pinkidena, ustena jne. Pakume servliimitud paneele nii t\u00e4ispuidust kui ka s\u00f5rmj\u00e4tkatud lamellidest vastavalt teie soovile.","og_url":"https:\/\/www.technomar.ee\/et\/tooted\/mooblikomponendid\/servliimitud-paneelid\/","og_site_name":"Technomar &amp; Adrem","og_image":[{"url":"https:\/\/www.technomar.ee\/wp-content\/uploads\/2015\/11\/EGP-Birch-300x145.jpg"}],"twitter_card":"summary_large_image","schema":{"@context":"https:\/\/schema.org","@graph":[{"@type":"WebPage","@id":"https:\/\/www.technomar.ee\/et\/tooted\/mooblikomponendid\/servliimitud-paneelid\/","url":"https:\/\/www.technomar.ee\/et\/tooted\/mooblikomponendid\/servliimitud-paneelid\/","name":"Servliimitud paneelid - Technomar &amp; Adrem","isPartOf":{"@id":"https:\/\/www.technomar.ee\/et\/#website"},"primaryImageOfPage":{"@id":"https:\/\/www.technomar.ee\/et\/tooted\/mooblikomponendid\/servliimitud-paneelid\/#primaryimage"},"image":{"@id":"https:\/\/www.technomar.ee\/et\/tooted\/mooblikomponendid\/servliimitud-paneelid\/#primaryimage"},"thumbnailUrl":"https:\/\/www.technomar.ee\/wp-content\/uploads\/2015\/11\/EGP-Birch-300x145.jpg","datePublished":"2015-11-12T02:00:06+00:00","dateModified":"2015-11-12T02:00:06+00:00","breadcrumb":{"@id":"https:\/\/www.technomar.ee\/et\/tooted\/mooblikomponendid\/servliimitud-paneelid\/#breadcrumb"},"inLanguage":"et","potentialAction":[{"@type":"ReadAction","target":["https:\/\/www.technomar.ee\/et\/tooted\/mooblikomponendid\/servliimitud-paneelid\/"]}]},{"@type":"ImageObject","inLanguage":"et","@id":"https:\/\/www.technomar.ee\/et\/tooted\/mooblikomponendid\/servliimitud-paneelid\/#primaryimage","url":"https:\/\/www.technomar.ee\/wp-content\/uploads\/2015\/11\/EGP-Birch-300x145.jpg","contentUrl":"https:\/\/www.technomar.ee\/wp-content\/uploads\/2015\/11\/EGP-Birch-300x145.jpg"},{"@type":"BreadcrumbList","@id":"https:\/\/www.technomar.ee\/et\/tooted\/mooblikomponendid\/servliimitud-paneelid\/#breadcrumb","itemListElement":[{"@type":"ListItem","position":1,"name":"Home","item":"https:\/\/www.technomar.ee\/et\/"},{"@type":"ListItem","position":2,"name":"Tooted","item":"https:\/\/www.technomar.ee\/et\/tooted\/"},{"@type":"ListItem","position":3,"name":"M\u00f6\u00f6blikomponendid","item":"https:\/\/www.technomar.ee\/et\/tooted\/mooblikomponendid\/"},{"@type":"ListItem","position":4,"name":"Servliimitud paneelid"}]},{"@type":"WebSite","@id":"https:\/\/www.technomar.ee\/et\/#website","url":"https:\/\/www.technomar.ee\/et\/","name":"Technomar &amp; Adrem","description":"","potentialAction":[{"@type":"SearchAction","target":{"@type":"EntryPoint","urlTemplate":"https:\/\/www.technomar.ee\/et\/?s={search_term_string}"},"query-input":"required name=search_term_string"}],"inLanguage":"et"}]}},"_links":{"self":[{"href":"https:\/\/www.technomar.ee\/et\/wp-json\/wp\/v2\/pages\/2510","targetHints":{"allow":["GET"]}}],"collection":[{"href":"https:\/\/www.technomar.ee\/et\/wp-json\/wp\/v2\/pages"}],"about":[{"href":"https:\/\/www.technomar.ee\/et\/wp-json\/wp\/v2\/types\/page"}],"author":[{"embeddable":true,"href":"https:\/\/www.technomar.ee\/et\/wp-json\/wp\/v2\/users\/1"}],"replies":[{"embeddable":true,"href":"https:\/\/www.technomar.ee\/et\/wp-json\/wp\/v2\/comments?post=2510"}],"version-history":[{"count":0,"href":"https:\/\/www.technomar.ee\/et\/wp-json\/wp\/v2\/pages\/2510\/revisions"}],"up":[{"embeddable":true,"href":"https:\/\/www.technomar.ee\/et\/wp-json\/wp\/v2\/pages\/2005"}],"wp:attachment":[{"href":"https:\/\/www.technomar.ee\/et\/wp-json\/wp\/v2\/media?parent=2510"}],"curies":[{"name":"wp","href":"https:\/\/api.w.org\/{rel}","templated":true}]}}