{"id":2517,"date":"2015-11-12T03:59:57","date_gmt":"2015-11-12T01:59:57","guid":{"rendered":"https:\/\/www.technomar.ee\/tooted\/mooblikomponendid\/moobliuksed-ja-raamid\/"},"modified":"2015-11-12T03:59:57","modified_gmt":"2015-11-12T01:59:57","slug":"moobliuksed-ja-raamid","status":"publish","type":"page","link":"https:\/\/www.technomar.ee\/et\/tooted\/mooblikomponendid\/moobliuksed-ja-raamid\/","title":{"rendered":"M\u00f6\u00f6bliuksed ja raamid"},"content":{"rendered":"<p>Technomar &amp; Adrem toodab kasespoonist m\u00f6\u00f6bliuksi ja -raame. Teostame profileerimist vastavalt teie disainile. Uksi ja raame saab osta nii viimistletud (UV-lakitud v\u00f5i v\u00e4rvitud) kui ka viimistlemata kujul. Keskosa saab valmistada kas t\u00e4iskasest v\u00f5i kasevineerist.   <\/p>\n<div class=\"row\"><a href=\"https:\/\/www.technomar.ee\/wp-content\/uploads\/2015\/11\/door2-165x300.jpg\"><img decoding=\"async\" class=\"alignleft wp-image-559 size-medium\" alt=\"m\u00f6\u00f6bliuksed ja raamid\" src=\"https:\/\/www.technomar.ee\/wp-content\/uploads\/2015\/11\/door2-165x300.jpg\" width=\"165\" height=\"300\" srcset=\"https:\/\/www.technomar.ee\/wp-content\/uploads\/2015\/11\/door2-165x300.jpg 165w, https:\/\/www.technomar.ee\/wp-content\/uploads\/2015\/11\/door2.jpg 275w\" sizes=\"(max-width: 165px) 100vw, 165px\" \/><\/a><a href=\"https:\/\/www.technomar.ee\/wp-content\/uploads\/2015\/11\/Door-184x300.jpg\"><img fetchpriority=\"high\" decoding=\"async\" class=\"active alignnone wp-image-541 size-medium\" alt=\"m\u00f6\u00f6bliuksed ja raamid\" src=\"https:\/\/www.technomar.ee\/wp-content\/uploads\/2015\/11\/Door-184x300.jpg\" width=\"184\" height=\"300\" srcset=\"https:\/\/www.technomar.ee\/wp-content\/uploads\/2015\/11\/Door-184x300.jpg 184w, https:\/\/www.technomar.ee\/wp-content\/uploads\/2015\/11\/Door-626x1024.jpg 626w, https:\/\/www.technomar.ee\/wp-content\/uploads\/2015\/11\/Door-306x500.jpg 306w, https:\/\/www.technomar.ee\/wp-content\/uploads\/2015\/11\/Door.jpg 909w\" sizes=\"(max-width: 184px) 100vw, 184px\" \/><\/a><\/div>\n<div class=\"row\"><\/div>\n<p>&nbsp;<\/p>\n<p>&nbsp;<\/p>\n\n    <div class=\"xs_social_share_widget xs_share_url after_content \t\tmain_content  wslu-style-1 wslu-share-box-shaped wslu-fill-colored wslu-none wslu-share-horizontal wslu-theme-font-no wslu-main_content\">\n\n\t\t\n        <ul>\n\t\t\t        <\/ul>\n    <\/div> \n","protected":false},"excerpt":{"rendered":"<p>Technomar &amp; Adrem toodab kasespoonist m\u00f6\u00f6bliuksi ja -raame. Teostame profileerimist vastavalt teie disainile. Uksi ja raame saab osta nii viimistletud (UV-lakitud v\u00f5i v\u00e4rvitud) kui ka viimistlemata kujul. Keskosa saab valmistada kas t\u00e4iskasest v\u00f5i kasevineerist. &nbsp; &nbsp;<\/p>\n","protected":false},"author":1,"featured_media":0,"parent":2005,"menu_order":0,"comment_status":"closed","ping_status":"closed","template":"","meta":{"_acf_changed":false,"postBodyCss":"","postBodyMargin":[],"postBodyPadding":[],"postBodyBackground":{"backgroundType":"classic","gradient":""},"footnotes":""},"class_list":["post-2517","page","type-page","status-publish","hentry"],"acf":[],"yoast_head":"<!-- This site is optimized with the Yoast SEO plugin v22.5 - https:\/\/yoast.com\/wordpress\/plugins\/seo\/ -->\n<title>M\u00f6\u00f6bliuksed ja raamid - Technomar &amp; Adrem<\/title>\n<meta name=\"robots\" content=\"index, follow, max-snippet:-1, max-image-preview:large, max-video-preview:-1\" \/>\n<link rel=\"canonical\" href=\"https:\/\/www.technomar.ee\/et\/tooted\/mooblikomponendid\/moobliuksed-ja-raamid\/\" \/>\n<meta property=\"og:locale\" content=\"et_EE\" \/>\n<meta property=\"og:type\" content=\"article\" \/>\n<meta property=\"og:title\" content=\"M\u00f6\u00f6bliuksed ja raamid - Technomar &amp; Adrem\" \/>\n<meta property=\"og:description\" content=\"Technomar &amp; Adrem toodab kasespoonist m\u00f6\u00f6bliuksi ja -raame. Teostame profileerimist vastavalt teie disainile. Uksi ja raame saab osta nii viimistletud (UV-lakitud v\u00f5i v\u00e4rvitud) kui ka viimistlemata kujul. Keskosa saab valmistada kas t\u00e4iskasest v\u00f5i kasevineerist. &nbsp; &nbsp;\" \/>\n<meta property=\"og:url\" content=\"https:\/\/www.technomar.ee\/et\/tooted\/mooblikomponendid\/moobliuksed-ja-raamid\/\" \/>\n<meta property=\"og:site_name\" content=\"Technomar &amp; Adrem\" \/>\n<meta property=\"og:image\" content=\"https:\/\/www.technomar.ee\/wp-content\/uploads\/2015\/11\/door2-165x300.jpg\" \/>\n<meta name=\"twitter:card\" content=\"summary_large_image\" \/>\n<script type=\"application\/ld+json\" class=\"yoast-schema-graph\">{\"@context\":\"https:\/\/schema.org\",\"@graph\":[{\"@type\":\"WebPage\",\"@id\":\"https:\/\/www.technomar.ee\/et\/tooted\/mooblikomponendid\/moobliuksed-ja-raamid\/\",\"url\":\"https:\/\/www.technomar.ee\/et\/tooted\/mooblikomponendid\/moobliuksed-ja-raamid\/\",\"name\":\"M\u00f6\u00f6bliuksed ja raamid - Technomar &amp; Adrem\",\"isPartOf\":{\"@id\":\"https:\/\/www.technomar.ee\/et\/#website\"},\"primaryImageOfPage\":{\"@id\":\"https:\/\/www.technomar.ee\/et\/tooted\/mooblikomponendid\/moobliuksed-ja-raamid\/#primaryimage\"},\"image\":{\"@id\":\"https:\/\/www.technomar.ee\/et\/tooted\/mooblikomponendid\/moobliuksed-ja-raamid\/#primaryimage\"},\"thumbnailUrl\":\"https:\/\/www.technomar.ee\/wp-content\/uploads\/2015\/11\/door2-165x300.jpg\",\"datePublished\":\"2015-11-12T01:59:57+00:00\",\"dateModified\":\"2015-11-12T01:59:57+00:00\",\"breadcrumb\":{\"@id\":\"https:\/\/www.technomar.ee\/et\/tooted\/mooblikomponendid\/moobliuksed-ja-raamid\/#breadcrumb\"},\"inLanguage\":\"et\",\"potentialAction\":[{\"@type\":\"ReadAction\",\"target\":[\"https:\/\/www.technomar.ee\/et\/tooted\/mooblikomponendid\/moobliuksed-ja-raamid\/\"]}]},{\"@type\":\"ImageObject\",\"inLanguage\":\"et\",\"@id\":\"https:\/\/www.technomar.ee\/et\/tooted\/mooblikomponendid\/moobliuksed-ja-raamid\/#primaryimage\",\"url\":\"https:\/\/www.technomar.ee\/wp-content\/uploads\/2015\/11\/door2-165x300.jpg\",\"contentUrl\":\"https:\/\/www.technomar.ee\/wp-content\/uploads\/2015\/11\/door2-165x300.jpg\"},{\"@type\":\"BreadcrumbList\",\"@id\":\"https:\/\/www.technomar.ee\/et\/tooted\/mooblikomponendid\/moobliuksed-ja-raamid\/#breadcrumb\",\"itemListElement\":[{\"@type\":\"ListItem\",\"position\":1,\"name\":\"Home\",\"item\":\"https:\/\/www.technomar.ee\/et\/\"},{\"@type\":\"ListItem\",\"position\":2,\"name\":\"Tooted\",\"item\":\"https:\/\/www.technomar.ee\/et\/tooted\/\"},{\"@type\":\"ListItem\",\"position\":3,\"name\":\"M\u00f6\u00f6blikomponendid\",\"item\":\"https:\/\/www.technomar.ee\/et\/tooted\/mooblikomponendid\/\"},{\"@type\":\"ListItem\",\"position\":4,\"name\":\"M\u00f6\u00f6bliuksed ja raamid\"}]},{\"@type\":\"WebSite\",\"@id\":\"https:\/\/www.technomar.ee\/et\/#website\",\"url\":\"https:\/\/www.technomar.ee\/et\/\",\"name\":\"Technomar &amp; Adrem\",\"description\":\"\",\"potentialAction\":[{\"@type\":\"SearchAction\",\"target\":{\"@type\":\"EntryPoint\",\"urlTemplate\":\"https:\/\/www.technomar.ee\/et\/?s={search_term_string}\"},\"query-input\":\"required name=search_term_string\"}],\"inLanguage\":\"et\"}]}<\/script>\n<!-- \/ Yoast SEO plugin. -->","yoast_head_json":{"title":"M\u00f6\u00f6bliuksed ja raamid - Technomar &amp; Adrem","robots":{"index":"index","follow":"follow","max-snippet":"max-snippet:-1","max-image-preview":"max-image-preview:large","max-video-preview":"max-video-preview:-1"},"canonical":"https:\/\/www.technomar.ee\/et\/tooted\/mooblikomponendid\/moobliuksed-ja-raamid\/","og_locale":"et_EE","og_type":"article","og_title":"M\u00f6\u00f6bliuksed ja raamid - Technomar &amp; Adrem","og_description":"Technomar &amp; Adrem toodab kasespoonist m\u00f6\u00f6bliuksi ja -raame. Teostame profileerimist vastavalt teie disainile. Uksi ja raame saab osta nii viimistletud (UV-lakitud v\u00f5i v\u00e4rvitud) kui ka viimistlemata kujul. Keskosa saab valmistada kas t\u00e4iskasest v\u00f5i kasevineerist. &nbsp; &nbsp;","og_url":"https:\/\/www.technomar.ee\/et\/tooted\/mooblikomponendid\/moobliuksed-ja-raamid\/","og_site_name":"Technomar &amp; Adrem","og_image":[{"url":"https:\/\/www.technomar.ee\/wp-content\/uploads\/2015\/11\/door2-165x300.jpg"}],"twitter_card":"summary_large_image","schema":{"@context":"https:\/\/schema.org","@graph":[{"@type":"WebPage","@id":"https:\/\/www.technomar.ee\/et\/tooted\/mooblikomponendid\/moobliuksed-ja-raamid\/","url":"https:\/\/www.technomar.ee\/et\/tooted\/mooblikomponendid\/moobliuksed-ja-raamid\/","name":"M\u00f6\u00f6bliuksed ja raamid - Technomar &amp; Adrem","isPartOf":{"@id":"https:\/\/www.technomar.ee\/et\/#website"},"primaryImageOfPage":{"@id":"https:\/\/www.technomar.ee\/et\/tooted\/mooblikomponendid\/moobliuksed-ja-raamid\/#primaryimage"},"image":{"@id":"https:\/\/www.technomar.ee\/et\/tooted\/mooblikomponendid\/moobliuksed-ja-raamid\/#primaryimage"},"thumbnailUrl":"https:\/\/www.technomar.ee\/wp-content\/uploads\/2015\/11\/door2-165x300.jpg","datePublished":"2015-11-12T01:59:57+00:00","dateModified":"2015-11-12T01:59:57+00:00","breadcrumb":{"@id":"https:\/\/www.technomar.ee\/et\/tooted\/mooblikomponendid\/moobliuksed-ja-raamid\/#breadcrumb"},"inLanguage":"et","potentialAction":[{"@type":"ReadAction","target":["https:\/\/www.technomar.ee\/et\/tooted\/mooblikomponendid\/moobliuksed-ja-raamid\/"]}]},{"@type":"ImageObject","inLanguage":"et","@id":"https:\/\/www.technomar.ee\/et\/tooted\/mooblikomponendid\/moobliuksed-ja-raamid\/#primaryimage","url":"https:\/\/www.technomar.ee\/wp-content\/uploads\/2015\/11\/door2-165x300.jpg","contentUrl":"https:\/\/www.technomar.ee\/wp-content\/uploads\/2015\/11\/door2-165x300.jpg"},{"@type":"BreadcrumbList","@id":"https:\/\/www.technomar.ee\/et\/tooted\/mooblikomponendid\/moobliuksed-ja-raamid\/#breadcrumb","itemListElement":[{"@type":"ListItem","position":1,"name":"Home","item":"https:\/\/www.technomar.ee\/et\/"},{"@type":"ListItem","position":2,"name":"Tooted","item":"https:\/\/www.technomar.ee\/et\/tooted\/"},{"@type":"ListItem","position":3,"name":"M\u00f6\u00f6blikomponendid","item":"https:\/\/www.technomar.ee\/et\/tooted\/mooblikomponendid\/"},{"@type":"ListItem","position":4,"name":"M\u00f6\u00f6bliuksed ja raamid"}]},{"@type":"WebSite","@id":"https:\/\/www.technomar.ee\/et\/#website","url":"https:\/\/www.technomar.ee\/et\/","name":"Technomar &amp; Adrem","description":"","potentialAction":[{"@type":"SearchAction","target":{"@type":"EntryPoint","urlTemplate":"https:\/\/www.technomar.ee\/et\/?s={search_term_string}"},"query-input":"required name=search_term_string"}],"inLanguage":"et"}]}},"_links":{"self":[{"href":"https:\/\/www.technomar.ee\/et\/wp-json\/wp\/v2\/pages\/2517","targetHints":{"allow":["GET"]}}],"collection":[{"href":"https:\/\/www.technomar.ee\/et\/wp-json\/wp\/v2\/pages"}],"about":[{"href":"https:\/\/www.technomar.ee\/et\/wp-json\/wp\/v2\/types\/page"}],"author":[{"embeddable":true,"href":"https:\/\/www.technomar.ee\/et\/wp-json\/wp\/v2\/users\/1"}],"replies":[{"embeddable":true,"href":"https:\/\/www.technomar.ee\/et\/wp-json\/wp\/v2\/comments?post=2517"}],"version-history":[{"count":0,"href":"https:\/\/www.technomar.ee\/et\/wp-json\/wp\/v2\/pages\/2517\/revisions"}],"up":[{"embeddable":true,"href":"https:\/\/www.technomar.ee\/et\/wp-json\/wp\/v2\/pages\/2005"}],"wp:attachment":[{"href":"https:\/\/www.technomar.ee\/et\/wp-json\/wp\/v2\/media?parent=2517"}],"curies":[{"name":"wp","href":"https:\/\/api.w.org\/{rel}","templated":true}]}}