{"id":2530,"date":"2015-11-12T04:01:07","date_gmt":"2015-11-12T02:01:07","guid":{"rendered":"https:\/\/www.technomar.ee\/tooted\/mooblikomponendid\/toolid-pingid-redelid\/"},"modified":"2015-11-12T04:01:07","modified_gmt":"2015-11-12T02:01:07","slug":"toolid-pingid-redelid","status":"publish","type":"page","link":"https:\/\/www.technomar.ee\/et\/tooted\/mooblikomponendid\/toolid-pingid-redelid\/","title":{"rendered":"Toolid\/pingid\/redelid"},"content":{"rendered":"<p><strong>Puidust toolid <\/strong><\/p>\n<p>Tooli iste v\u00f5ib olla valmistatud looduslikust tammest, kasest, saarest v\u00f5i p\u00f6\u00f6gist. Raam on valmistatud kroommetalist. <\/p>\n<p>Disainiv\u00f5imalused:<\/p>\n<p><a href=\"https:\/\/www.technomar.ee\/wp-content\/uploads\/2015\/11\/stool-tops-300x102.jpg\"><img fetchpriority=\"high\" decoding=\"async\" class=\"alignnone wp-image-521\" alt=\"taburettide pealisplaadid\" src=\"https:\/\/www.technomar.ee\/wp-content\/uploads\/2015\/11\/stool-tops-300x102.jpg\" width=\"391\" height=\"133\" srcset=\"https:\/\/www.technomar.ee\/wp-content\/uploads\/2015\/11\/stool-tops-300x102.jpg 300w, https:\/\/www.technomar.ee\/wp-content\/uploads\/2015\/11\/stool-tops-500x170.jpg 500w, https:\/\/www.technomar.ee\/wp-content\/uploads\/2015\/11\/stool-tops.jpg 819w\" sizes=\"(max-width: 391px) 100vw, 391px\" \/><\/a><\/p>\n<p>Tooli istmed\/pealised on peamiselt valmistatud massiivsest kasest ja tammest (teised liigid tellimuse korral). Saadaval on lakitud, \u00f5litatud ja v\u00e4rvitud viimistlused. <a href=\"http:\/\/www.technomar.ee\/wp-content\/uploads\/2015\/12\/Stools.pdf\"> Vaata l\u00e4hemalt<\/a><\/p>\n<p><a href=\"https:\/\/www.technomar.ee\/wp-content\/uploads\/2015\/11\/stool-278x300.png\"><img decoding=\"async\" class=\"alignleft wp-image-524 size-medium\" alt=\"Puidust toolid \" src=\"https:\/\/www.technomar.ee\/wp-content\/uploads\/2015\/11\/stool-278x300.png\" width=\"278\" height=\"300\" srcset=\"https:\/\/www.technomar.ee\/wp-content\/uploads\/2015\/11\/stool-278x300.png 278w, https:\/\/www.technomar.ee\/wp-content\/uploads\/2015\/11\/stool.png 445w\" sizes=\"(max-width: 278px) 100vw, 278px\" \/><\/a> <a href=\"https:\/\/www.technomar.ee\/wp-content\/uploads\/2015\/11\/stoools-257x300.png\"><img decoding=\"async\" class=\"aligncenter wp-image-525 size-medium\" alt=\"Puidust toolid \" src=\"https:\/\/www.technomar.ee\/wp-content\/uploads\/2015\/11\/stoools-257x300.png\" width=\"257\" height=\"300\" srcset=\"https:\/\/www.technomar.ee\/wp-content\/uploads\/2015\/11\/stoools-257x300.png 257w, https:\/\/www.technomar.ee\/wp-content\/uploads\/2015\/11\/stoools.png 391w\" sizes=\"(max-width: 257px) 100vw, 257px\" \/><\/a><\/p>\n<p><strong>Riietuskapipingid<\/strong><\/p>\n<p>Riietuskapipingid ja tooli istmed on toodetud servast liimitud paneelidena paksemast materjalist. Saadaval on viimistletud ja viimistlemata variandid. Tavaliselt on pingi ja tooli istmetel CNC-ga t\u00f6\u00f6deldud \u00fcmmargustatud serv.  <\/p>\n<p><a href=\"https:\/\/www.technomar.ee\/wp-content\/uploads\/2015\/11\/bench_seat-300x300.jpg\"><img loading=\"lazy\" decoding=\"async\" class=\"alignnone wp-image-569 size-medium\" alt=\"Riietuskapipingid\" src=\"https:\/\/www.technomar.ee\/wp-content\/uploads\/2015\/11\/bench_seat-300x300.jpg\" width=\"300\" height=\"300\" srcset=\"https:\/\/www.technomar.ee\/wp-content\/uploads\/2015\/11\/bench_seat-300x300.jpg 300w, https:\/\/www.technomar.ee\/wp-content\/uploads\/2015\/11\/bench_seat-150x150.jpg 150w, https:\/\/www.technomar.ee\/wp-content\/uploads\/2015\/11\/bench_seat-500x500.jpg 500w, https:\/\/www.technomar.ee\/wp-content\/uploads\/2015\/11\/bench_seat.jpg 550w\" sizes=\"(max-width: 300px) 100vw, 300px\" \/><\/a><\/p>\n<p><strong>Redelid<\/strong><\/p>\n<p>Redelid on samuti saadaval massiivsest kasest ja tammest vastavalt kliendi spetsifikatsioonidele.<\/p>\n<p style=\"text-align: center;\"><a href=\"https:\/\/www.technomar.ee\/wp-content\/uploads\/2015\/11\/1stool-236x300.png\"><img loading=\"lazy\" decoding=\"async\" class=\"alignleft wp-image-532 size-medium\" alt=\"Redelid\" src=\"https:\/\/www.technomar.ee\/wp-content\/uploads\/2015\/11\/1stool-236x300.png\" width=\"236\" height=\"300\" srcset=\"https:\/\/www.technomar.ee\/wp-content\/uploads\/2015\/11\/1stool-236x300.png 236w, https:\/\/www.technomar.ee\/wp-content\/uploads\/2015\/11\/1stool-393x500.png 393w, https:\/\/www.technomar.ee\/wp-content\/uploads\/2015\/11\/1stool.png 400w\" sizes=\"(max-width: 236px) 100vw, 236px\" \/><\/a><a href=\"https:\/\/www.technomar.ee\/wp-content\/uploads\/2015\/11\/ddd-219x300.png\"><img loading=\"lazy\" decoding=\"async\" class=\"alignright wp-image-570\" alt=\"Redelid\" src=\"https:\/\/www.technomar.ee\/wp-content\/uploads\/2015\/11\/ddd-219x300.png\" width=\"248\" height=\"340\" srcset=\"https:\/\/www.technomar.ee\/wp-content\/uploads\/2015\/11\/ddd-219x300.png 219w, https:\/\/www.technomar.ee\/wp-content\/uploads\/2015\/11\/ddd-365x500.png 365w, https:\/\/www.technomar.ee\/wp-content\/uploads\/2015\/11\/ddd.png 378w\" sizes=\"(max-width: 248px) 100vw, 248px\" \/><\/a><a href=\"https:\/\/www.technomar.ee\/wp-content\/uploads\/2015\/11\/IMG_0020-300x175.jpg\"><img loading=\"lazy\" decoding=\"async\" class=\"alignnone wp-image-901\" alt=\"Redelid\" src=\"https:\/\/www.technomar.ee\/wp-content\/uploads\/2015\/11\/IMG_0020-300x175.jpg\" width=\"393\" height=\"229\" srcset=\"https:\/\/www.technomar.ee\/wp-content\/uploads\/2015\/11\/IMG_0020-300x175.jpg 300w, https:\/\/www.technomar.ee\/wp-content\/uploads\/2015\/11\/IMG_0020-1024x597.jpg 1024w, https:\/\/www.technomar.ee\/wp-content\/uploads\/2015\/11\/IMG_0020-500x292.jpg 500w, https:\/\/www.technomar.ee\/wp-content\/uploads\/2015\/11\/IMG_0020.jpg 1500w\" sizes=\"(max-width: 393px) 100vw, 393px\" \/><\/a><a href=\"https:\/\/www.technomar.ee\/wp-content\/uploads\/2015\/11\/ddd-219x300.png\"><\/a><\/p>\n\n    <div class=\"xs_social_share_widget xs_share_url after_content \t\tmain_content  wslu-style-1 wslu-share-box-shaped wslu-fill-colored wslu-none wslu-share-horizontal wslu-theme-font-no wslu-main_content\">\n\n\t\t\n        <ul>\n\t\t\t        <\/ul>\n    <\/div> \n","protected":false},"excerpt":{"rendered":"<p>Puidust toolid Tooli iste v\u00f5ib olla valmistatud looduslikust tammest, kasest, saarest v\u00f5i p\u00f6\u00f6gist. Raam on valmistatud kroommetalist. Disainiv\u00f5imalused: Tooli istmed\/pealised on peamiselt valmistatud massiivsest kasest ja tammest (teised liigid tellimuse korral). Saadaval on lakitud, \u00f5litatud ja v\u00e4rvitud viimistlused. Vaata l\u00e4hemalt Riietuskapipingid Riietuskapipingid ja tooli istmed on toodetud servast liimitud paneelidena paksemast materjalist. Saadaval on viimistletud<br \/><a class=\"read-more\" href=\"https:\/\/www.technomar.ee\/et\/tooted\/mooblikomponendid\/toolid-pingid-redelid\/\">Continue reading<span class=\"sr-only\">: Toolid\/pingid\/redelid<\/span><span class=\"meta-nav\">&rarr;<\/span><\/a><\/p>\n","protected":false},"author":1,"featured_media":0,"parent":2005,"menu_order":0,"comment_status":"closed","ping_status":"closed","template":"","meta":{"_acf_changed":false,"postBodyCss":"","postBodyMargin":[],"postBodyPadding":[],"postBodyBackground":{"backgroundType":"classic","gradient":""},"footnotes":""},"class_list":["post-2530","page","type-page","status-publish","hentry"],"acf":[],"yoast_head":"<!-- This site is optimized with the Yoast SEO plugin v22.5 - https:\/\/yoast.com\/wordpress\/plugins\/seo\/ -->\n<title>Toolid\/pingid\/redelid - Technomar &amp; Adrem<\/title>\n<meta name=\"robots\" content=\"index, follow, max-snippet:-1, max-image-preview:large, max-video-preview:-1\" \/>\n<link rel=\"canonical\" href=\"https:\/\/www.technomar.ee\/et\/tooted\/mooblikomponendid\/toolid-pingid-redelid\/\" \/>\n<meta property=\"og:locale\" content=\"et_EE\" \/>\n<meta property=\"og:type\" content=\"article\" \/>\n<meta property=\"og:title\" content=\"Toolid\/pingid\/redelid - Technomar &amp; Adrem\" \/>\n<meta property=\"og:description\" content=\"Puidust toolid Tooli iste v\u00f5ib olla valmistatud looduslikust tammest, kasest, saarest v\u00f5i p\u00f6\u00f6gist. Raam on valmistatud kroommetalist. Disainiv\u00f5imalused: Tooli istmed\/pealised on peamiselt valmistatud massiivsest kasest ja tammest (teised liigid tellimuse korral). Saadaval on lakitud, \u00f5litatud ja v\u00e4rvitud viimistlused. Vaata l\u00e4hemalt Riietuskapipingid Riietuskapipingid ja tooli istmed on toodetud servast liimitud paneelidena paksemast materjalist. Saadaval on viimistletudContinue reading: Toolid\/pingid\/redelid&rarr;\" \/>\n<meta property=\"og:url\" content=\"https:\/\/www.technomar.ee\/et\/tooted\/mooblikomponendid\/toolid-pingid-redelid\/\" \/>\n<meta property=\"og:site_name\" content=\"Technomar &amp; Adrem\" \/>\n<meta property=\"og:image\" content=\"https:\/\/www.technomar.ee\/wp-content\/uploads\/2015\/11\/stool-tops-300x102.jpg\" \/>\n<meta name=\"twitter:card\" content=\"summary_large_image\" \/>\n<script type=\"application\/ld+json\" class=\"yoast-schema-graph\">{\"@context\":\"https:\/\/schema.org\",\"@graph\":[{\"@type\":\"WebPage\",\"@id\":\"https:\/\/www.technomar.ee\/et\/tooted\/mooblikomponendid\/toolid-pingid-redelid\/\",\"url\":\"https:\/\/www.technomar.ee\/et\/tooted\/mooblikomponendid\/toolid-pingid-redelid\/\",\"name\":\"Toolid\/pingid\/redelid - Technomar &amp; Adrem\",\"isPartOf\":{\"@id\":\"https:\/\/www.technomar.ee\/et\/#website\"},\"primaryImageOfPage\":{\"@id\":\"https:\/\/www.technomar.ee\/et\/tooted\/mooblikomponendid\/toolid-pingid-redelid\/#primaryimage\"},\"image\":{\"@id\":\"https:\/\/www.technomar.ee\/et\/tooted\/mooblikomponendid\/toolid-pingid-redelid\/#primaryimage\"},\"thumbnailUrl\":\"https:\/\/www.technomar.ee\/wp-content\/uploads\/2015\/11\/stool-tops-300x102.jpg\",\"datePublished\":\"2015-11-12T02:01:07+00:00\",\"dateModified\":\"2015-11-12T02:01:07+00:00\",\"breadcrumb\":{\"@id\":\"https:\/\/www.technomar.ee\/et\/tooted\/mooblikomponendid\/toolid-pingid-redelid\/#breadcrumb\"},\"inLanguage\":\"et\",\"potentialAction\":[{\"@type\":\"ReadAction\",\"target\":[\"https:\/\/www.technomar.ee\/et\/tooted\/mooblikomponendid\/toolid-pingid-redelid\/\"]}]},{\"@type\":\"ImageObject\",\"inLanguage\":\"et\",\"@id\":\"https:\/\/www.technomar.ee\/et\/tooted\/mooblikomponendid\/toolid-pingid-redelid\/#primaryimage\",\"url\":\"https:\/\/www.technomar.ee\/wp-content\/uploads\/2015\/11\/stool-tops-300x102.jpg\",\"contentUrl\":\"https:\/\/www.technomar.ee\/wp-content\/uploads\/2015\/11\/stool-tops-300x102.jpg\"},{\"@type\":\"BreadcrumbList\",\"@id\":\"https:\/\/www.technomar.ee\/et\/tooted\/mooblikomponendid\/toolid-pingid-redelid\/#breadcrumb\",\"itemListElement\":[{\"@type\":\"ListItem\",\"position\":1,\"name\":\"Home\",\"item\":\"https:\/\/www.technomar.ee\/et\/\"},{\"@type\":\"ListItem\",\"position\":2,\"name\":\"Tooted\",\"item\":\"https:\/\/www.technomar.ee\/et\/tooted\/\"},{\"@type\":\"ListItem\",\"position\":3,\"name\":\"M\u00f6\u00f6blikomponendid\",\"item\":\"https:\/\/www.technomar.ee\/et\/tooted\/mooblikomponendid\/\"},{\"@type\":\"ListItem\",\"position\":4,\"name\":\"Toolid\/pingid\/redelid\"}]},{\"@type\":\"WebSite\",\"@id\":\"https:\/\/www.technomar.ee\/et\/#website\",\"url\":\"https:\/\/www.technomar.ee\/et\/\",\"name\":\"Technomar &amp; Adrem\",\"description\":\"\",\"potentialAction\":[{\"@type\":\"SearchAction\",\"target\":{\"@type\":\"EntryPoint\",\"urlTemplate\":\"https:\/\/www.technomar.ee\/et\/?s={search_term_string}\"},\"query-input\":\"required name=search_term_string\"}],\"inLanguage\":\"et\"}]}<\/script>\n<!-- \/ Yoast SEO plugin. -->","yoast_head_json":{"title":"Toolid\/pingid\/redelid - Technomar &amp; Adrem","robots":{"index":"index","follow":"follow","max-snippet":"max-snippet:-1","max-image-preview":"max-image-preview:large","max-video-preview":"max-video-preview:-1"},"canonical":"https:\/\/www.technomar.ee\/et\/tooted\/mooblikomponendid\/toolid-pingid-redelid\/","og_locale":"et_EE","og_type":"article","og_title":"Toolid\/pingid\/redelid - Technomar &amp; Adrem","og_description":"Puidust toolid Tooli iste v\u00f5ib olla valmistatud looduslikust tammest, kasest, saarest v\u00f5i p\u00f6\u00f6gist. Raam on valmistatud kroommetalist. Disainiv\u00f5imalused: Tooli istmed\/pealised on peamiselt valmistatud massiivsest kasest ja tammest (teised liigid tellimuse korral). Saadaval on lakitud, \u00f5litatud ja v\u00e4rvitud viimistlused. Vaata l\u00e4hemalt Riietuskapipingid Riietuskapipingid ja tooli istmed on toodetud servast liimitud paneelidena paksemast materjalist. Saadaval on viimistletudContinue reading: Toolid\/pingid\/redelid&rarr;","og_url":"https:\/\/www.technomar.ee\/et\/tooted\/mooblikomponendid\/toolid-pingid-redelid\/","og_site_name":"Technomar &amp; Adrem","og_image":[{"url":"https:\/\/www.technomar.ee\/wp-content\/uploads\/2015\/11\/stool-tops-300x102.jpg"}],"twitter_card":"summary_large_image","schema":{"@context":"https:\/\/schema.org","@graph":[{"@type":"WebPage","@id":"https:\/\/www.technomar.ee\/et\/tooted\/mooblikomponendid\/toolid-pingid-redelid\/","url":"https:\/\/www.technomar.ee\/et\/tooted\/mooblikomponendid\/toolid-pingid-redelid\/","name":"Toolid\/pingid\/redelid - Technomar &amp; Adrem","isPartOf":{"@id":"https:\/\/www.technomar.ee\/et\/#website"},"primaryImageOfPage":{"@id":"https:\/\/www.technomar.ee\/et\/tooted\/mooblikomponendid\/toolid-pingid-redelid\/#primaryimage"},"image":{"@id":"https:\/\/www.technomar.ee\/et\/tooted\/mooblikomponendid\/toolid-pingid-redelid\/#primaryimage"},"thumbnailUrl":"https:\/\/www.technomar.ee\/wp-content\/uploads\/2015\/11\/stool-tops-300x102.jpg","datePublished":"2015-11-12T02:01:07+00:00","dateModified":"2015-11-12T02:01:07+00:00","breadcrumb":{"@id":"https:\/\/www.technomar.ee\/et\/tooted\/mooblikomponendid\/toolid-pingid-redelid\/#breadcrumb"},"inLanguage":"et","potentialAction":[{"@type":"ReadAction","target":["https:\/\/www.technomar.ee\/et\/tooted\/mooblikomponendid\/toolid-pingid-redelid\/"]}]},{"@type":"ImageObject","inLanguage":"et","@id":"https:\/\/www.technomar.ee\/et\/tooted\/mooblikomponendid\/toolid-pingid-redelid\/#primaryimage","url":"https:\/\/www.technomar.ee\/wp-content\/uploads\/2015\/11\/stool-tops-300x102.jpg","contentUrl":"https:\/\/www.technomar.ee\/wp-content\/uploads\/2015\/11\/stool-tops-300x102.jpg"},{"@type":"BreadcrumbList","@id":"https:\/\/www.technomar.ee\/et\/tooted\/mooblikomponendid\/toolid-pingid-redelid\/#breadcrumb","itemListElement":[{"@type":"ListItem","position":1,"name":"Home","item":"https:\/\/www.technomar.ee\/et\/"},{"@type":"ListItem","position":2,"name":"Tooted","item":"https:\/\/www.technomar.ee\/et\/tooted\/"},{"@type":"ListItem","position":3,"name":"M\u00f6\u00f6blikomponendid","item":"https:\/\/www.technomar.ee\/et\/tooted\/mooblikomponendid\/"},{"@type":"ListItem","position":4,"name":"Toolid\/pingid\/redelid"}]},{"@type":"WebSite","@id":"https:\/\/www.technomar.ee\/et\/#website","url":"https:\/\/www.technomar.ee\/et\/","name":"Technomar &amp; Adrem","description":"","potentialAction":[{"@type":"SearchAction","target":{"@type":"EntryPoint","urlTemplate":"https:\/\/www.technomar.ee\/et\/?s={search_term_string}"},"query-input":"required name=search_term_string"}],"inLanguage":"et"}]}},"_links":{"self":[{"href":"https:\/\/www.technomar.ee\/et\/wp-json\/wp\/v2\/pages\/2530","targetHints":{"allow":["GET"]}}],"collection":[{"href":"https:\/\/www.technomar.ee\/et\/wp-json\/wp\/v2\/pages"}],"about":[{"href":"https:\/\/www.technomar.ee\/et\/wp-json\/wp\/v2\/types\/page"}],"author":[{"embeddable":true,"href":"https:\/\/www.technomar.ee\/et\/wp-json\/wp\/v2\/users\/1"}],"replies":[{"embeddable":true,"href":"https:\/\/www.technomar.ee\/et\/wp-json\/wp\/v2\/comments?post=2530"}],"version-history":[{"count":0,"href":"https:\/\/www.technomar.ee\/et\/wp-json\/wp\/v2\/pages\/2530\/revisions"}],"up":[{"embeddable":true,"href":"https:\/\/www.technomar.ee\/et\/wp-json\/wp\/v2\/pages\/2005"}],"wp:attachment":[{"href":"https:\/\/www.technomar.ee\/et\/wp-json\/wp\/v2\/media?parent=2530"}],"curies":[{"name":"wp","href":"https:\/\/api.w.org\/{rel}","templated":true}]}}