{"id":2546,"date":"2015-11-12T04:00:58","date_gmt":"2015-11-12T02:00:58","guid":{"rendered":"https:\/\/www.technomar.ee\/tooted\/mooblikomponendid\/lauatoopinnad-ja-lihunikupakust-toopinnad\/"},"modified":"2015-11-12T04:00:58","modified_gmt":"2015-11-12T02:00:58","slug":"lauatoopinnad-ja-lihunikupakust-toopinnad","status":"publish","type":"page","link":"https:\/\/www.technomar.ee\/et\/tooted\/mooblikomponendid\/lauatoopinnad-ja-lihunikupakust-toopinnad\/","title":{"rendered":"Lauat\u00f6\u00f6pinnad ja lihunikupakust t\u00f6\u00f6pinnad"},"content":{"rendered":"<p>Teine tugev ja paks kasepuidust toode. Paksud s\u00f5rmj\u00e4tkatud v\u00f5i t\u00e4ispuidust lamellid liimitakse kokku, moodustades k\u00f6\u00f6kides kasutatava t\u00f6\u00f6pinna. T\u00f6\u00f6pindu saab toota nii viimistletud kui ka viimistlemata kujul.  <\/p>\n<p><a href=\"https:\/\/www.technomar.ee\/wp-content\/uploads\/2015\/11\/Birch-countertops-300x192.jpg\"><img fetchpriority=\"high\" decoding=\"async\" class=\"active alignnone wp-image-536 size-medium\" alt=\"Lauat\u00f6\u00f6pinnad ja lihunikupakust t\u00f6\u00f6pinnad\" src=\"https:\/\/www.technomar.ee\/wp-content\/uploads\/2015\/11\/Birch-countertops-300x192.jpg\" width=\"300\" height=\"192\" srcset=\"https:\/\/www.technomar.ee\/wp-content\/uploads\/2015\/11\/Birch-countertops-300x192.jpg 300w, https:\/\/www.technomar.ee\/wp-content\/uploads\/2015\/11\/Birch-countertops.jpg 435w\" sizes=\"(max-width: 300px) 100vw, 300px\" \/><\/a><\/p>\n\n    <div class=\"xs_social_share_widget xs_share_url after_content \t\tmain_content  wslu-style-1 wslu-share-box-shaped wslu-fill-colored wslu-none wslu-share-horizontal wslu-theme-font-no wslu-main_content\">\n\n\t\t\n        <ul>\n\t\t\t        <\/ul>\n    <\/div> \n","protected":false},"excerpt":{"rendered":"<p>Teine tugev ja paks kasepuidust toode. Paksud s\u00f5rmj\u00e4tkatud v\u00f5i t\u00e4ispuidust lamellid liimitakse kokku, moodustades k\u00f6\u00f6kides kasutatava t\u00f6\u00f6pinna. T\u00f6\u00f6pindu saab toota nii viimistletud kui ka viimistlemata kujul.<\/p>\n","protected":false},"author":1,"featured_media":0,"parent":2005,"menu_order":0,"comment_status":"closed","ping_status":"closed","template":"","meta":{"_acf_changed":false,"postBodyCss":"","postBodyMargin":[],"postBodyPadding":[],"postBodyBackground":{"backgroundType":"classic","gradient":""},"footnotes":""},"class_list":["post-2546","page","type-page","status-publish","hentry"],"acf":[],"yoast_head":"<!-- This site is optimized with the Yoast SEO plugin v22.5 - https:\/\/yoast.com\/wordpress\/plugins\/seo\/ -->\n<title>Lauat\u00f6\u00f6pinnad ja lihunikupakust t\u00f6\u00f6pinnad - Technomar &amp; Adrem<\/title>\n<meta name=\"robots\" content=\"index, follow, max-snippet:-1, max-image-preview:large, max-video-preview:-1\" \/>\n<link rel=\"canonical\" href=\"https:\/\/www.technomar.ee\/et\/tooted\/mooblikomponendid\/lauatoopinnad-ja-lihunikupakust-toopinnad\/\" \/>\n<meta property=\"og:locale\" content=\"et_EE\" \/>\n<meta property=\"og:type\" content=\"article\" \/>\n<meta property=\"og:title\" content=\"Lauat\u00f6\u00f6pinnad ja lihunikupakust t\u00f6\u00f6pinnad - Technomar &amp; Adrem\" \/>\n<meta property=\"og:description\" content=\"Teine tugev ja paks kasepuidust toode. Paksud s\u00f5rmj\u00e4tkatud v\u00f5i t\u00e4ispuidust lamellid liimitakse kokku, moodustades k\u00f6\u00f6kides kasutatava t\u00f6\u00f6pinna. T\u00f6\u00f6pindu saab toota nii viimistletud kui ka viimistlemata kujul.\" \/>\n<meta property=\"og:url\" content=\"https:\/\/www.technomar.ee\/et\/tooted\/mooblikomponendid\/lauatoopinnad-ja-lihunikupakust-toopinnad\/\" \/>\n<meta property=\"og:site_name\" content=\"Technomar &amp; Adrem\" \/>\n<meta property=\"og:image\" content=\"https:\/\/www.technomar.ee\/wp-content\/uploads\/2015\/11\/Birch-countertops-300x192.jpg\" \/>\n<meta name=\"twitter:card\" content=\"summary_large_image\" \/>\n<script type=\"application\/ld+json\" class=\"yoast-schema-graph\">{\"@context\":\"https:\/\/schema.org\",\"@graph\":[{\"@type\":\"WebPage\",\"@id\":\"https:\/\/www.technomar.ee\/et\/tooted\/mooblikomponendid\/lauatoopinnad-ja-lihunikupakust-toopinnad\/\",\"url\":\"https:\/\/www.technomar.ee\/et\/tooted\/mooblikomponendid\/lauatoopinnad-ja-lihunikupakust-toopinnad\/\",\"name\":\"Lauat\u00f6\u00f6pinnad ja lihunikupakust t\u00f6\u00f6pinnad - Technomar &amp; Adrem\",\"isPartOf\":{\"@id\":\"https:\/\/www.technomar.ee\/et\/#website\"},\"primaryImageOfPage\":{\"@id\":\"https:\/\/www.technomar.ee\/et\/tooted\/mooblikomponendid\/lauatoopinnad-ja-lihunikupakust-toopinnad\/#primaryimage\"},\"image\":{\"@id\":\"https:\/\/www.technomar.ee\/et\/tooted\/mooblikomponendid\/lauatoopinnad-ja-lihunikupakust-toopinnad\/#primaryimage\"},\"thumbnailUrl\":\"https:\/\/www.technomar.ee\/wp-content\/uploads\/2015\/11\/Birch-countertops-300x192.jpg\",\"datePublished\":\"2015-11-12T02:00:58+00:00\",\"dateModified\":\"2015-11-12T02:00:58+00:00\",\"breadcrumb\":{\"@id\":\"https:\/\/www.technomar.ee\/et\/tooted\/mooblikomponendid\/lauatoopinnad-ja-lihunikupakust-toopinnad\/#breadcrumb\"},\"inLanguage\":\"et\",\"potentialAction\":[{\"@type\":\"ReadAction\",\"target\":[\"https:\/\/www.technomar.ee\/et\/tooted\/mooblikomponendid\/lauatoopinnad-ja-lihunikupakust-toopinnad\/\"]}]},{\"@type\":\"ImageObject\",\"inLanguage\":\"et\",\"@id\":\"https:\/\/www.technomar.ee\/et\/tooted\/mooblikomponendid\/lauatoopinnad-ja-lihunikupakust-toopinnad\/#primaryimage\",\"url\":\"https:\/\/www.technomar.ee\/wp-content\/uploads\/2015\/11\/Birch-countertops-300x192.jpg\",\"contentUrl\":\"https:\/\/www.technomar.ee\/wp-content\/uploads\/2015\/11\/Birch-countertops-300x192.jpg\"},{\"@type\":\"BreadcrumbList\",\"@id\":\"https:\/\/www.technomar.ee\/et\/tooted\/mooblikomponendid\/lauatoopinnad-ja-lihunikupakust-toopinnad\/#breadcrumb\",\"itemListElement\":[{\"@type\":\"ListItem\",\"position\":1,\"name\":\"Home\",\"item\":\"https:\/\/www.technomar.ee\/et\/\"},{\"@type\":\"ListItem\",\"position\":2,\"name\":\"Tooted\",\"item\":\"https:\/\/www.technomar.ee\/et\/tooted\/\"},{\"@type\":\"ListItem\",\"position\":3,\"name\":\"M\u00f6\u00f6blikomponendid\",\"item\":\"https:\/\/www.technomar.ee\/et\/tooted\/mooblikomponendid\/\"},{\"@type\":\"ListItem\",\"position\":4,\"name\":\"Lauat\u00f6\u00f6pinnad ja lihunikupakust t\u00f6\u00f6pinnad\"}]},{\"@type\":\"WebSite\",\"@id\":\"https:\/\/www.technomar.ee\/et\/#website\",\"url\":\"https:\/\/www.technomar.ee\/et\/\",\"name\":\"Technomar &amp; Adrem\",\"description\":\"\",\"potentialAction\":[{\"@type\":\"SearchAction\",\"target\":{\"@type\":\"EntryPoint\",\"urlTemplate\":\"https:\/\/www.technomar.ee\/et\/?s={search_term_string}\"},\"query-input\":\"required name=search_term_string\"}],\"inLanguage\":\"et\"}]}<\/script>\n<!-- \/ Yoast SEO plugin. -->","yoast_head_json":{"title":"Lauat\u00f6\u00f6pinnad ja lihunikupakust t\u00f6\u00f6pinnad - Technomar &amp; Adrem","robots":{"index":"index","follow":"follow","max-snippet":"max-snippet:-1","max-image-preview":"max-image-preview:large","max-video-preview":"max-video-preview:-1"},"canonical":"https:\/\/www.technomar.ee\/et\/tooted\/mooblikomponendid\/lauatoopinnad-ja-lihunikupakust-toopinnad\/","og_locale":"et_EE","og_type":"article","og_title":"Lauat\u00f6\u00f6pinnad ja lihunikupakust t\u00f6\u00f6pinnad - Technomar &amp; Adrem","og_description":"Teine tugev ja paks kasepuidust toode. Paksud s\u00f5rmj\u00e4tkatud v\u00f5i t\u00e4ispuidust lamellid liimitakse kokku, moodustades k\u00f6\u00f6kides kasutatava t\u00f6\u00f6pinna. T\u00f6\u00f6pindu saab toota nii viimistletud kui ka viimistlemata kujul.","og_url":"https:\/\/www.technomar.ee\/et\/tooted\/mooblikomponendid\/lauatoopinnad-ja-lihunikupakust-toopinnad\/","og_site_name":"Technomar &amp; Adrem","og_image":[{"url":"https:\/\/www.technomar.ee\/wp-content\/uploads\/2015\/11\/Birch-countertops-300x192.jpg"}],"twitter_card":"summary_large_image","schema":{"@context":"https:\/\/schema.org","@graph":[{"@type":"WebPage","@id":"https:\/\/www.technomar.ee\/et\/tooted\/mooblikomponendid\/lauatoopinnad-ja-lihunikupakust-toopinnad\/","url":"https:\/\/www.technomar.ee\/et\/tooted\/mooblikomponendid\/lauatoopinnad-ja-lihunikupakust-toopinnad\/","name":"Lauat\u00f6\u00f6pinnad ja lihunikupakust t\u00f6\u00f6pinnad - Technomar &amp; Adrem","isPartOf":{"@id":"https:\/\/www.technomar.ee\/et\/#website"},"primaryImageOfPage":{"@id":"https:\/\/www.technomar.ee\/et\/tooted\/mooblikomponendid\/lauatoopinnad-ja-lihunikupakust-toopinnad\/#primaryimage"},"image":{"@id":"https:\/\/www.technomar.ee\/et\/tooted\/mooblikomponendid\/lauatoopinnad-ja-lihunikupakust-toopinnad\/#primaryimage"},"thumbnailUrl":"https:\/\/www.technomar.ee\/wp-content\/uploads\/2015\/11\/Birch-countertops-300x192.jpg","datePublished":"2015-11-12T02:00:58+00:00","dateModified":"2015-11-12T02:00:58+00:00","breadcrumb":{"@id":"https:\/\/www.technomar.ee\/et\/tooted\/mooblikomponendid\/lauatoopinnad-ja-lihunikupakust-toopinnad\/#breadcrumb"},"inLanguage":"et","potentialAction":[{"@type":"ReadAction","target":["https:\/\/www.technomar.ee\/et\/tooted\/mooblikomponendid\/lauatoopinnad-ja-lihunikupakust-toopinnad\/"]}]},{"@type":"ImageObject","inLanguage":"et","@id":"https:\/\/www.technomar.ee\/et\/tooted\/mooblikomponendid\/lauatoopinnad-ja-lihunikupakust-toopinnad\/#primaryimage","url":"https:\/\/www.technomar.ee\/wp-content\/uploads\/2015\/11\/Birch-countertops-300x192.jpg","contentUrl":"https:\/\/www.technomar.ee\/wp-content\/uploads\/2015\/11\/Birch-countertops-300x192.jpg"},{"@type":"BreadcrumbList","@id":"https:\/\/www.technomar.ee\/et\/tooted\/mooblikomponendid\/lauatoopinnad-ja-lihunikupakust-toopinnad\/#breadcrumb","itemListElement":[{"@type":"ListItem","position":1,"name":"Home","item":"https:\/\/www.technomar.ee\/et\/"},{"@type":"ListItem","position":2,"name":"Tooted","item":"https:\/\/www.technomar.ee\/et\/tooted\/"},{"@type":"ListItem","position":3,"name":"M\u00f6\u00f6blikomponendid","item":"https:\/\/www.technomar.ee\/et\/tooted\/mooblikomponendid\/"},{"@type":"ListItem","position":4,"name":"Lauat\u00f6\u00f6pinnad ja lihunikupakust t\u00f6\u00f6pinnad"}]},{"@type":"WebSite","@id":"https:\/\/www.technomar.ee\/et\/#website","url":"https:\/\/www.technomar.ee\/et\/","name":"Technomar &amp; Adrem","description":"","potentialAction":[{"@type":"SearchAction","target":{"@type":"EntryPoint","urlTemplate":"https:\/\/www.technomar.ee\/et\/?s={search_term_string}"},"query-input":"required name=search_term_string"}],"inLanguage":"et"}]}},"_links":{"self":[{"href":"https:\/\/www.technomar.ee\/et\/wp-json\/wp\/v2\/pages\/2546","targetHints":{"allow":["GET"]}}],"collection":[{"href":"https:\/\/www.technomar.ee\/et\/wp-json\/wp\/v2\/pages"}],"about":[{"href":"https:\/\/www.technomar.ee\/et\/wp-json\/wp\/v2\/types\/page"}],"author":[{"embeddable":true,"href":"https:\/\/www.technomar.ee\/et\/wp-json\/wp\/v2\/users\/1"}],"replies":[{"embeddable":true,"href":"https:\/\/www.technomar.ee\/et\/wp-json\/wp\/v2\/comments?post=2546"}],"version-history":[{"count":0,"href":"https:\/\/www.technomar.ee\/et\/wp-json\/wp\/v2\/pages\/2546\/revisions"}],"up":[{"embeddable":true,"href":"https:\/\/www.technomar.ee\/et\/wp-json\/wp\/v2\/pages\/2005"}],"wp:attachment":[{"href":"https:\/\/www.technomar.ee\/et\/wp-json\/wp\/v2\/media?parent=2546"}],"curies":[{"name":"wp","href":"https:\/\/api.w.org\/{rel}","templated":true}]}}