{"id":2579,"date":"2015-11-12T04:02:06","date_gmt":"2015-11-12T02:02:06","guid":{"rendered":"https:\/\/www.technomar.ee\/foldable-boxes-from-plywood\/"},"modified":"2025-10-17T15:20:55","modified_gmt":"2025-10-17T12:20:55","slug":"foldable-boxes-from-plywood","status":"publish","type":"page","link":"https:\/\/www.technomar.ee\/et\/foldable-boxes-from-plywood\/","title":{"rendered":"Kokkupandavad kastid vineerist"},"content":{"rendered":"<p style=\"text-align: left;\"><a href=\"https:\/\/www.technomar.ee\/wp-content\/uploads\/2015\/11\/Technobox_24-300x200.jpg\"><img fetchpriority=\"high\" decoding=\"async\" class=\"alignnone wp-image-549 size-medium\" alt=\"KOKKUPANDAVAD KASTID VINEERIST\" src=\"https:\/\/www.technomar.ee\/wp-content\/uploads\/2015\/11\/Technobox_24-300x200.jpg\" width=\"300\" height=\"200\" srcset=\"https:\/\/www.technomar.ee\/wp-content\/uploads\/2015\/11\/Technobox_24-300x200.jpg 300w, https:\/\/www.technomar.ee\/wp-content\/uploads\/2015\/11\/Technobox_24-1024x683.jpg 1024w, https:\/\/www.technomar.ee\/wp-content\/uploads\/2015\/11\/Technobox_24-500x333.jpg 500w, https:\/\/www.technomar.ee\/wp-content\/uploads\/2015\/11\/Technobox_24-1800x1200.jpg 1800w\" sizes=\"(max-width: 300px) 100vw, 300px\" \/><\/a><a href=\"https:\/\/www.technomar.ee\/wp-content\/uploads\/2015\/11\/technomar_technobox_01-300x200.jpg\"><img decoding=\"async\" class=\"active alignright wp-image-550 size-medium\" alt=\"KOKKUPANDAVAD KASTID VINEERIST\" src=\"https:\/\/www.technomar.ee\/wp-content\/uploads\/2015\/11\/technomar_technobox_01-300x200.jpg\" width=\"300\" height=\"200\" srcset=\"https:\/\/www.technomar.ee\/wp-content\/uploads\/2015\/11\/technomar_technobox_01-300x200.jpg 300w, https:\/\/www.technomar.ee\/wp-content\/uploads\/2015\/11\/technomar_technobox_01-500x333.jpg 500w, https:\/\/www.technomar.ee\/wp-content\/uploads\/2015\/11\/technomar_technobox_01.jpg 800w\" sizes=\"(max-width: 300px) 100vw, 300px\" \/><\/a><\/p>\n<p><strong>TechnoBox<\/strong> on vastupidav, kauakestev ja korduvkasutatav pakkekast metallist ja vineerist. See materjalide kombinatsioon loob kerge ja erakordselt tugeva pakendilahenduse. Paljud pakendamisrakendused saavad kasu ruumi, kaalu ja aja v\u00e4hendamisest, mida TechnoBox pakub.  <\/p>\n<p>Kasti konstruktsioonis kasutatud materjalid tagavad selle t\u00f6\u00f6kindluse ja vastupidavuse. Kasevineer on v\u00e4ga kerge, tugev ja ilmastikukindel, kammerdatud servad muudavad konstruktsiooni v\u00e4ga stabiilseks. Galvaniseeritud metallnurgad ja galvaniseeritud \u00fchendusklambrid annavad t\u00fc\u00fcpilise vineerkasti tugevuse, kuid on kergemad ja v\u00e4iksemate v\u00e4lism\u00f5\u00f5tmetega. Galvaniseeritud teras v\u00f5imaldab kinnitustappide korduvat painutamist.   <\/p>\n<p>TechnoBox on naelavaba lahendus, mis ei vaja naelu, klambreid, sidumist ega muid materjale, seda saab kiiresti ja lihtsalt kokku panna peaaegu k\u00f5ikjal. Peamiselt saadetakse see lahtiv\u00f5etuna, mis v\u00e4hendab sissetulevat veokulu. <\/p>\n<p><strong>Peamised omadused:  <\/strong><\/p>\n<ul>\n<li>Vastupidav, kauakestev, ilmastikukindel<\/li>\n<li>V\u00e4hendab kaalu, transpordikulusid, lihtne ladustada ja liigutada<\/li>\n<li>Ei vaja sidumist, naelutamist, klammerdamist ega liime<\/li>\n<li>Korduvkasutatav, lihtne kokku panna, lahti v\u00f5tta ja hilisemaks kasutamiseks ladustada.<\/li>\n<li>Teatud suurused on sertifitseeritud ohtlike kaupade transpordiks.<\/li>\n<\/ul>\n\n    <div class=\"xs_social_share_widget xs_share_url after_content \t\tmain_content  wslu-style-1 wslu-share-box-shaped wslu-fill-colored wslu-none wslu-share-horizontal wslu-theme-font-no wslu-main_content\">\n\n\t\t\n        <ul>\n\t\t\t        <\/ul>\n    <\/div> \n","protected":false},"excerpt":{"rendered":"<p>TechnoBox on vastupidav, kauakestev ja korduvkasutatav pakkekast metallist ja vineerist. See materjalide kombinatsioon loob kerge ja erakordselt tugeva pakendilahenduse. Paljud pakendamisrakendused saavad kasu ruumi, kaalu ja aja v\u00e4hendamisest, mida TechnoBox pakub. Kasti konstruktsioonis kasutatud materjalid tagavad selle t\u00f6\u00f6kindluse ja vastupidavuse. Kasevineer on v\u00e4ga kerge, tugev ja ilmastikukindel, kammerdatud servad muudavad konstruktsiooni v\u00e4ga stabiilseks. Galvaniseeritud metallnurgad<br \/><a class=\"read-more\" href=\"https:\/\/www.technomar.ee\/et\/foldable-boxes-from-plywood\/\">Continue reading<span class=\"sr-only\">: Kokkupandavad kastid vineerist<\/span><span class=\"meta-nav\">&rarr;<\/span><\/a><\/p>\n","protected":false},"author":1,"featured_media":0,"parent":0,"menu_order":0,"comment_status":"closed","ping_status":"closed","template":"","meta":{"_acf_changed":false,"postBodyCss":"","postBodyMargin":[],"postBodyPadding":[],"postBodyBackground":{"backgroundType":"classic","gradient":""},"footnotes":""},"class_list":["post-2579","page","type-page","status-publish","hentry"],"acf":[],"yoast_head":"<!-- This site is optimized with the Yoast SEO plugin v22.5 - https:\/\/yoast.com\/wordpress\/plugins\/seo\/ -->\n<title>Kokkupandavad kastid vineerist - Technomar &amp; Adrem<\/title>\n<meta name=\"robots\" content=\"index, follow, max-snippet:-1, max-image-preview:large, max-video-preview:-1\" \/>\n<link rel=\"canonical\" href=\"https:\/\/www.technomar.ee\/et\/foldable-boxes-from-plywood\/\" \/>\n<meta property=\"og:locale\" content=\"et_EE\" \/>\n<meta property=\"og:type\" content=\"article\" \/>\n<meta property=\"og:title\" content=\"Kokkupandavad kastid vineerist - Technomar &amp; Adrem\" \/>\n<meta property=\"og:description\" content=\"TechnoBox on vastupidav, kauakestev ja korduvkasutatav pakkekast metallist ja vineerist. See materjalide kombinatsioon loob kerge ja erakordselt tugeva pakendilahenduse. Paljud pakendamisrakendused saavad kasu ruumi, kaalu ja aja v\u00e4hendamisest, mida TechnoBox pakub. Kasti konstruktsioonis kasutatud materjalid tagavad selle t\u00f6\u00f6kindluse ja vastupidavuse. Kasevineer on v\u00e4ga kerge, tugev ja ilmastikukindel, kammerdatud servad muudavad konstruktsiooni v\u00e4ga stabiilseks. Galvaniseeritud metallnurgadContinue reading: Kokkupandavad kastid vineerist&rarr;\" \/>\n<meta property=\"og:url\" content=\"https:\/\/www.technomar.ee\/et\/foldable-boxes-from-plywood\/\" \/>\n<meta property=\"og:site_name\" content=\"Technomar &amp; Adrem\" \/>\n<meta property=\"article:modified_time\" content=\"2025-10-17T12:20:55+00:00\" \/>\n<meta property=\"og:image\" content=\"https:\/\/www.technomar.ee\/wp-content\/uploads\/2015\/11\/Technobox_24-300x200.jpg\" \/>\n<meta name=\"twitter:card\" content=\"summary_large_image\" \/>\n<meta name=\"twitter:label1\" content=\"Est. reading time\" \/>\n\t<meta name=\"twitter:data1\" content=\"1 minut\" \/>\n<script type=\"application\/ld+json\" class=\"yoast-schema-graph\">{\"@context\":\"https:\/\/schema.org\",\"@graph\":[{\"@type\":\"WebPage\",\"@id\":\"https:\/\/www.technomar.ee\/et\/foldable-boxes-from-plywood\/\",\"url\":\"https:\/\/www.technomar.ee\/et\/foldable-boxes-from-plywood\/\",\"name\":\"Kokkupandavad kastid vineerist - Technomar &amp; Adrem\",\"isPartOf\":{\"@id\":\"https:\/\/www.technomar.ee\/et\/#website\"},\"primaryImageOfPage\":{\"@id\":\"https:\/\/www.technomar.ee\/et\/foldable-boxes-from-plywood\/#primaryimage\"},\"image\":{\"@id\":\"https:\/\/www.technomar.ee\/et\/foldable-boxes-from-plywood\/#primaryimage\"},\"thumbnailUrl\":\"https:\/\/www.technomar.ee\/wp-content\/uploads\/2015\/11\/Technobox_24-300x200.jpg\",\"datePublished\":\"2015-11-12T02:02:06+00:00\",\"dateModified\":\"2025-10-17T12:20:55+00:00\",\"breadcrumb\":{\"@id\":\"https:\/\/www.technomar.ee\/et\/foldable-boxes-from-plywood\/#breadcrumb\"},\"inLanguage\":\"et\",\"potentialAction\":[{\"@type\":\"ReadAction\",\"target\":[\"https:\/\/www.technomar.ee\/et\/foldable-boxes-from-plywood\/\"]}]},{\"@type\":\"ImageObject\",\"inLanguage\":\"et\",\"@id\":\"https:\/\/www.technomar.ee\/et\/foldable-boxes-from-plywood\/#primaryimage\",\"url\":\"https:\/\/www.technomar.ee\/wp-content\/uploads\/2015\/11\/Technobox_24-300x200.jpg\",\"contentUrl\":\"https:\/\/www.technomar.ee\/wp-content\/uploads\/2015\/11\/Technobox_24-300x200.jpg\"},{\"@type\":\"BreadcrumbList\",\"@id\":\"https:\/\/www.technomar.ee\/et\/foldable-boxes-from-plywood\/#breadcrumb\",\"itemListElement\":[{\"@type\":\"ListItem\",\"position\":1,\"name\":\"Home\",\"item\":\"https:\/\/www.technomar.ee\/et\/\"},{\"@type\":\"ListItem\",\"position\":2,\"name\":\"Tooted\",\"item\":\"https:\/\/www.technomar.ee\/et\/tooted\/\"},{\"@type\":\"ListItem\",\"position\":3,\"name\":\"Kokkupandavad kastid vineerist\"}]},{\"@type\":\"WebSite\",\"@id\":\"https:\/\/www.technomar.ee\/et\/#website\",\"url\":\"https:\/\/www.technomar.ee\/et\/\",\"name\":\"Technomar &amp; Adrem\",\"description\":\"\",\"potentialAction\":[{\"@type\":\"SearchAction\",\"target\":{\"@type\":\"EntryPoint\",\"urlTemplate\":\"https:\/\/www.technomar.ee\/et\/?s={search_term_string}\"},\"query-input\":\"required name=search_term_string\"}],\"inLanguage\":\"et\"}]}<\/script>\n<!-- \/ Yoast SEO plugin. -->","yoast_head_json":{"title":"Kokkupandavad kastid vineerist - Technomar &amp; Adrem","robots":{"index":"index","follow":"follow","max-snippet":"max-snippet:-1","max-image-preview":"max-image-preview:large","max-video-preview":"max-video-preview:-1"},"canonical":"https:\/\/www.technomar.ee\/et\/foldable-boxes-from-plywood\/","og_locale":"et_EE","og_type":"article","og_title":"Kokkupandavad kastid vineerist - Technomar &amp; Adrem","og_description":"TechnoBox on vastupidav, kauakestev ja korduvkasutatav pakkekast metallist ja vineerist. See materjalide kombinatsioon loob kerge ja erakordselt tugeva pakendilahenduse. Paljud pakendamisrakendused saavad kasu ruumi, kaalu ja aja v\u00e4hendamisest, mida TechnoBox pakub. Kasti konstruktsioonis kasutatud materjalid tagavad selle t\u00f6\u00f6kindluse ja vastupidavuse. Kasevineer on v\u00e4ga kerge, tugev ja ilmastikukindel, kammerdatud servad muudavad konstruktsiooni v\u00e4ga stabiilseks. Galvaniseeritud metallnurgadContinue reading: Kokkupandavad kastid vineerist&rarr;","og_url":"https:\/\/www.technomar.ee\/et\/foldable-boxes-from-plywood\/","og_site_name":"Technomar &amp; Adrem","article_modified_time":"2025-10-17T12:20:55+00:00","og_image":[{"url":"https:\/\/www.technomar.ee\/wp-content\/uploads\/2015\/11\/Technobox_24-300x200.jpg"}],"twitter_card":"summary_large_image","twitter_misc":{"Est. reading time":"1 minut"},"schema":{"@context":"https:\/\/schema.org","@graph":[{"@type":"WebPage","@id":"https:\/\/www.technomar.ee\/et\/foldable-boxes-from-plywood\/","url":"https:\/\/www.technomar.ee\/et\/foldable-boxes-from-plywood\/","name":"Kokkupandavad kastid vineerist - Technomar &amp; Adrem","isPartOf":{"@id":"https:\/\/www.technomar.ee\/et\/#website"},"primaryImageOfPage":{"@id":"https:\/\/www.technomar.ee\/et\/foldable-boxes-from-plywood\/#primaryimage"},"image":{"@id":"https:\/\/www.technomar.ee\/et\/foldable-boxes-from-plywood\/#primaryimage"},"thumbnailUrl":"https:\/\/www.technomar.ee\/wp-content\/uploads\/2015\/11\/Technobox_24-300x200.jpg","datePublished":"2015-11-12T02:02:06+00:00","dateModified":"2025-10-17T12:20:55+00:00","breadcrumb":{"@id":"https:\/\/www.technomar.ee\/et\/foldable-boxes-from-plywood\/#breadcrumb"},"inLanguage":"et","potentialAction":[{"@type":"ReadAction","target":["https:\/\/www.technomar.ee\/et\/foldable-boxes-from-plywood\/"]}]},{"@type":"ImageObject","inLanguage":"et","@id":"https:\/\/www.technomar.ee\/et\/foldable-boxes-from-plywood\/#primaryimage","url":"https:\/\/www.technomar.ee\/wp-content\/uploads\/2015\/11\/Technobox_24-300x200.jpg","contentUrl":"https:\/\/www.technomar.ee\/wp-content\/uploads\/2015\/11\/Technobox_24-300x200.jpg"},{"@type":"BreadcrumbList","@id":"https:\/\/www.technomar.ee\/et\/foldable-boxes-from-plywood\/#breadcrumb","itemListElement":[{"@type":"ListItem","position":1,"name":"Home","item":"https:\/\/www.technomar.ee\/et\/"},{"@type":"ListItem","position":2,"name":"Tooted","item":"https:\/\/www.technomar.ee\/et\/tooted\/"},{"@type":"ListItem","position":3,"name":"Kokkupandavad kastid vineerist"}]},{"@type":"WebSite","@id":"https:\/\/www.technomar.ee\/et\/#website","url":"https:\/\/www.technomar.ee\/et\/","name":"Technomar &amp; Adrem","description":"","potentialAction":[{"@type":"SearchAction","target":{"@type":"EntryPoint","urlTemplate":"https:\/\/www.technomar.ee\/et\/?s={search_term_string}"},"query-input":"required name=search_term_string"}],"inLanguage":"et"}]}},"_links":{"self":[{"href":"https:\/\/www.technomar.ee\/et\/wp-json\/wp\/v2\/pages\/2579","targetHints":{"allow":["GET"]}}],"collection":[{"href":"https:\/\/www.technomar.ee\/et\/wp-json\/wp\/v2\/pages"}],"about":[{"href":"https:\/\/www.technomar.ee\/et\/wp-json\/wp\/v2\/types\/page"}],"author":[{"embeddable":true,"href":"https:\/\/www.technomar.ee\/et\/wp-json\/wp\/v2\/users\/1"}],"replies":[{"embeddable":true,"href":"https:\/\/www.technomar.ee\/et\/wp-json\/wp\/v2\/comments?post=2579"}],"version-history":[{"count":1,"href":"https:\/\/www.technomar.ee\/et\/wp-json\/wp\/v2\/pages\/2579\/revisions"}],"predecessor-version":[{"id":2768,"href":"https:\/\/www.technomar.ee\/et\/wp-json\/wp\/v2\/pages\/2579\/revisions\/2768"}],"wp:attachment":[{"href":"https:\/\/www.technomar.ee\/et\/wp-json\/wp\/v2\/media?parent=2579"}],"curies":[{"name":"wp","href":"https:\/\/api.w.org\/{rel}","templated":true}]}}