{"id":2692,"date":"2015-11-12T04:05:33","date_gmt":"2015-11-12T02:05:33","guid":{"rendered":"https:\/\/www.technomar.ee\/tooted\/seina-ja-laepaneelid\/tulekindel\/"},"modified":"2015-11-12T04:05:33","modified_gmt":"2015-11-12T02:05:33","slug":"tulekindel","status":"publish","type":"page","link":"https:\/\/www.technomar.ee\/et\/tooted\/seina-ja-laepaneelid\/tulekindel\/","title":{"rendered":"Tulekindel"},"content":{"rendered":"<p><strong>Tulekindlad paneelid <span>BS1D0<\/span><\/strong><\/p>\n<p>See vineer on spetsiaalselt t\u00f6\u00f6deldud tuleklassifikatsiooni BS1D0 saavutamiseks. Pinnad saab lakkida, \u00f5litada, v\u00e4rvida, harjata, et luua disain vastavalt kliendi vajadustele. <\/p>\n<p>Variant 1: t\u00f6\u00f6deldud s\u00fcdamikuga kasevineeri, teie valitud viimistlus\/v\u00e4rvus<\/p>\n<p>Variant 2: tsemendiga seotud puitlaastplaat s\u00fcdamikuga, teie valitud viimistlus<\/p>\n<p><strong> Perforeeritud tulekindlaid paneele saab kasutada ka akustiliste paneelidena<\/strong><\/p>\n<p style=\"text-align: center;\"><strong>Euroklassi klassifikatsioon<\/strong><\/p>\n<div class=\"table-responsive\">\n<table class=\"table table-striped table-bordered table-hover\">\n<thead>\n<tr>\n<th>Klass<\/th>\n<th>Materjali kirjeldus<\/th>\n<th>Toimivuse kirjeldus<\/th>\n<th>\u00dclevilumine<\/th>\n<\/tr>\n<\/thead>\n<tbody>\n<tr>\n<th>A1<\/th>\n<td>Mittes\u00fcttiv<\/td>\n<td>Ei aita tuld kaasa<\/td>\n<td>\u00dcle 20 minuti \u00fclevilumiseni<\/td>\n<\/tr>\n<tr>\n<th>A2<\/th>\n<td>Mittes\u00fcttiv<\/td>\n<td>Ei aita tuld kaasa<\/td>\n<td>\u00dcle 20 minuti \u00fclevilumiseni<\/td>\n<\/tr>\n<tr>\n<th>B<\/th>\n<td><strong>S\u00fcttiv<\/strong><\/td>\n<td><strong>V\u00e4ga piiratud panus tulde<\/strong><\/td>\n<td><strong>\u00dcle 20 minuti \u00fclevilumiseni<\/strong><\/td>\n<\/tr>\n<tr>\n<th>C<\/th>\n<td>S\u00fcttiv<\/td>\n<td>Piiratud panus tulde<\/td>\n<td>10-20 minutit \u00fclevilumiseni<\/td>\n<\/tr>\n<tr>\n<th>D<\/th>\n<td>S\u00fcttiv<\/td>\n<td>Vastuv\u00f5etav panus tulde<\/td>\n<td>10-20 minutit \u00fclevilumiseni<\/td>\n<\/tr>\n<tr>\n<th>E<\/th>\n<td>S\u00fcttiv<\/td>\n<td>Vastuv\u00f5etav panus tulde<\/td>\n<td>Alla 2 minuti \u00fclevilumiseni<\/td>\n<\/tr>\n<tr>\n<th>F<\/th>\n<td>S\u00fcttiv<\/td>\n<td>Toimivusn\u00f5uded puuduvad<\/td>\n<td>Alla 2 minuti \u00fclevilumiseni<\/td>\n<\/tr>\n<\/tbody>\n<\/table>\n<\/div>\n<p>&nbsp;<\/p>\n<p style=\"text-align: left;\"><strong>P\u00f5levate tilkade klassifikatsioon <\/strong><\/p>\n<div class=\"table-responsive\">\n<table style=\"width: 499px; height: 75px;\" class=\"table table-hover table-bordered table-striped\">\n<tbody>\n<tr>\n<th>D0<\/th>\n<td><strong>P\u00f5levaid tilku ei teki<\/strong><\/td>\n<\/tr>\n<tr>\n<th>D1<\/th>\n<td>P\u00f5levaid tilku ei teki, mis p\u00fcsiksid alla 10 sekundi<\/td>\n<\/tr>\n<tr>\n<th>D2<\/th>\n<td>P\u00f5levad tilgad<\/td>\n<\/tr>\n<\/tbody>\n<\/table>\n<\/div>\n<p style=\"text-align: left;\"><strong> Suitsu klassifikatsioon<\/strong><\/p>\n<table style=\"width: 419px; height: 64px;\" class=\"table table-striped table-bordered table-hover\">\n<tbody>\n<tr>\n<th>S1<\/th>\n<td><strong>V\u00e4he suitsu<\/strong><\/td>\n<\/tr>\n<tr>\n<th>S2<\/th>\n<td>Keskmine suits<\/td>\n<\/tr>\n<tr>\n<th>S3<\/th>\n<td>Palju suitsu<\/td>\n<\/tr>\n<\/tbody>\n<\/table>\n<p style=\"text-align: center;\"><em>T\u00f6\u00f6deldud vineer vs tavaline vineer<\/em>                                          <em>T\u00f6\u00f6deldud perforeeritud vineer vs tavaline perforeeritud vineer<\/em><\/p>\n<p style=\"text-align: left;\"><a href=\"https:\/\/www.technomar.ee\/wp-content\/uploads\/2015\/11\/fireretardant3-300x232.png\"><img fetchpriority=\"high\" decoding=\"async\" class=\"alignleft wp-image-579 size-medium\" alt=\"T\u00f6\u00f6deldud vineer vs tavaline vineer \" src=\"https:\/\/www.technomar.ee\/wp-content\/uploads\/2015\/11\/fireretardant3-300x232.png\" width=\"300\" height=\"232\" srcset=\"https:\/\/www.technomar.ee\/wp-content\/uploads\/2015\/11\/fireretardant3-300x232.png 300w, https:\/\/www.technomar.ee\/wp-content\/uploads\/2015\/11\/fireretardant3.png 324w\" sizes=\"(max-width: 300px) 100vw, 300px\" \/><\/a><\/p>\n<p style=\"text-align: left;\"><img decoding=\"async\" class=\"active aligncenter wp-image-580 size-medium\" alt=\"T\u00f6\u00f6deldud perforeeritud vineer vs tavaline perforeeritud vineer\" src=\"https:\/\/www.technomar.ee\/wp-content\/uploads\/2015\/11\/fireretardant4-300x221.png\" width=\"300\" height=\"221\" srcset=\"https:\/\/www.technomar.ee\/wp-content\/uploads\/2015\/11\/fireretardant4-300x221.png 300w, https:\/\/www.technomar.ee\/wp-content\/uploads\/2015\/11\/fireretardant4.png 340w\" sizes=\"(max-width: 300px) 100vw, 300px\" \/><\/p>\n<p style=\"text-align: left;\"> <a href=\"https:\/\/www.technomar.ee\/wp-content\/uploads\/2015\/11\/fireretardant4-300x221.png\"><br \/>\n<\/a><\/p>\n<p>Lisateabe saamiseks pinna t\u00f6\u00f6tlemise kohta vaadake v\u00e4rvimise ja viimistlemise <a title=\"spoonitud lauad\" onclick=\"_gaq.push(['_trackEvent', 'outbound-article-int', 'http:\/\/restore.technomar.ee\/index.php\/products\/sheet-materials\/veneered-boards\/', 'page']);\" href=\"http:\/\/restore.technomar.ee\/index.php\/products\/sheet-materials\/veneered-boards\/\">lehte<\/a>.<\/p>\n<p>Technomar &amp; Adremi toodetud paneele saab kasutada seina- v\u00f5i laepaneelidena, s\u00f5ltuvalt kasutatavast kinnitusprofiilist. Lisateabe saamiseks k\u00fclastage palun <a title=\"Paigaldus\" onclick=\"_gaq.push(['_trackEvent', 'outbound-article-int', 'http:\/\/restore.technomar.ee\/index.php\/products\/wall-and-seiling-panels\/installation\/', 'installation guide']);\" href=\"http:\/\/restore.technomar.ee\/index.php\/products\/wall-and-seiling-panels\/installation\/\">paigaldusjuhendit<\/a>. <\/p>\n\n    <div class=\"xs_social_share_widget xs_share_url after_content \t\tmain_content  wslu-style-1 wslu-share-box-shaped wslu-fill-colored wslu-none wslu-share-horizontal wslu-theme-font-no wslu-main_content\">\n\n\t\t\n        <ul>\n\t\t\t        <\/ul>\n    <\/div> \n","protected":false},"excerpt":{"rendered":"<p>Tulekindlad paneelid BS1D0 See vineer on spetsiaalselt t\u00f6\u00f6deldud tuleklassifikatsiooni BS1D0 saavutamiseks. Pinnad saab lakkida, \u00f5litada, v\u00e4rvida, harjata, et luua disain vastavalt kliendi vajadustele. Variant 1: t\u00f6\u00f6deldud s\u00fcdamikuga kasevineeri, teie valitud viimistlus\/v\u00e4rvus Variant 2: tsemendiga seotud puitlaastplaat s\u00fcdamikuga, teie valitud viimistlus Perforeeritud tulekindlaid paneele saab kasutada ka akustiliste paneelidena Euroklassi klassifikatsioon Klass Materjali kirjeldus Toimivuse kirjeldus<br \/><a class=\"read-more\" href=\"https:\/\/www.technomar.ee\/et\/tooted\/seina-ja-laepaneelid\/tulekindel\/\">Continue reading<span class=\"sr-only\">: Tulekindel<\/span><span class=\"meta-nav\">&rarr;<\/span><\/a><\/p>\n","protected":false},"author":1,"featured_media":0,"parent":1823,"menu_order":0,"comment_status":"closed","ping_status":"closed","template":"","meta":{"_acf_changed":false,"postBodyCss":"","postBodyMargin":[],"postBodyPadding":[],"postBodyBackground":{"backgroundType":"classic","gradient":""},"footnotes":""},"class_list":["post-2692","page","type-page","status-publish","hentry"],"acf":[],"yoast_head":"<!-- This site is optimized with the Yoast SEO plugin v22.5 - https:\/\/yoast.com\/wordpress\/plugins\/seo\/ -->\n<title>Tulekindel - Technomar &amp; Adrem<\/title>\n<meta name=\"robots\" content=\"index, follow, max-snippet:-1, max-image-preview:large, max-video-preview:-1\" \/>\n<link rel=\"canonical\" href=\"https:\/\/www.technomar.ee\/et\/tooted\/seina-ja-laepaneelid\/tulekindel\/\" \/>\n<meta property=\"og:locale\" content=\"et_EE\" \/>\n<meta property=\"og:type\" content=\"article\" \/>\n<meta property=\"og:title\" content=\"Tulekindel - Technomar &amp; Adrem\" \/>\n<meta property=\"og:description\" content=\"Tulekindlad paneelid BS1D0 See vineer on spetsiaalselt t\u00f6\u00f6deldud tuleklassifikatsiooni BS1D0 saavutamiseks. Pinnad saab lakkida, \u00f5litada, v\u00e4rvida, harjata, et luua disain vastavalt kliendi vajadustele. Variant 1: t\u00f6\u00f6deldud s\u00fcdamikuga kasevineeri, teie valitud viimistlus\/v\u00e4rvus Variant 2: tsemendiga seotud puitlaastplaat s\u00fcdamikuga, teie valitud viimistlus Perforeeritud tulekindlaid paneele saab kasutada ka akustiliste paneelidena Euroklassi klassifikatsioon Klass Materjali kirjeldus Toimivuse kirjeldusContinue reading: Tulekindel&rarr;\" \/>\n<meta property=\"og:url\" content=\"https:\/\/www.technomar.ee\/et\/tooted\/seina-ja-laepaneelid\/tulekindel\/\" \/>\n<meta property=\"og:site_name\" content=\"Technomar &amp; Adrem\" \/>\n<meta property=\"og:image\" content=\"https:\/\/www.technomar.ee\/wp-content\/uploads\/2015\/11\/fireretardant3-300x232.png\" \/>\n<meta name=\"twitter:card\" content=\"summary_large_image\" \/>\n<meta name=\"twitter:label1\" content=\"Est. reading time\" \/>\n\t<meta name=\"twitter:data1\" content=\"1 minut\" \/>\n<script type=\"application\/ld+json\" class=\"yoast-schema-graph\">{\"@context\":\"https:\/\/schema.org\",\"@graph\":[{\"@type\":\"WebPage\",\"@id\":\"https:\/\/www.technomar.ee\/et\/tooted\/seina-ja-laepaneelid\/tulekindel\/\",\"url\":\"https:\/\/www.technomar.ee\/et\/tooted\/seina-ja-laepaneelid\/tulekindel\/\",\"name\":\"Tulekindel - Technomar &amp; Adrem\",\"isPartOf\":{\"@id\":\"https:\/\/www.technomar.ee\/et\/#website\"},\"primaryImageOfPage\":{\"@id\":\"https:\/\/www.technomar.ee\/et\/tooted\/seina-ja-laepaneelid\/tulekindel\/#primaryimage\"},\"image\":{\"@id\":\"https:\/\/www.technomar.ee\/et\/tooted\/seina-ja-laepaneelid\/tulekindel\/#primaryimage\"},\"thumbnailUrl\":\"https:\/\/www.technomar.ee\/wp-content\/uploads\/2015\/11\/fireretardant3-300x232.png\",\"datePublished\":\"2015-11-12T02:05:33+00:00\",\"dateModified\":\"2015-11-12T02:05:33+00:00\",\"breadcrumb\":{\"@id\":\"https:\/\/www.technomar.ee\/et\/tooted\/seina-ja-laepaneelid\/tulekindel\/#breadcrumb\"},\"inLanguage\":\"et\",\"potentialAction\":[{\"@type\":\"ReadAction\",\"target\":[\"https:\/\/www.technomar.ee\/et\/tooted\/seina-ja-laepaneelid\/tulekindel\/\"]}]},{\"@type\":\"ImageObject\",\"inLanguage\":\"et\",\"@id\":\"https:\/\/www.technomar.ee\/et\/tooted\/seina-ja-laepaneelid\/tulekindel\/#primaryimage\",\"url\":\"https:\/\/www.technomar.ee\/wp-content\/uploads\/2015\/11\/fireretardant3-300x232.png\",\"contentUrl\":\"https:\/\/www.technomar.ee\/wp-content\/uploads\/2015\/11\/fireretardant3-300x232.png\"},{\"@type\":\"BreadcrumbList\",\"@id\":\"https:\/\/www.technomar.ee\/et\/tooted\/seina-ja-laepaneelid\/tulekindel\/#breadcrumb\",\"itemListElement\":[{\"@type\":\"ListItem\",\"position\":1,\"name\":\"Home\",\"item\":\"https:\/\/www.technomar.ee\/et\/\"},{\"@type\":\"ListItem\",\"position\":2,\"name\":\"Tooted\",\"item\":\"https:\/\/www.technomar.ee\/et\/tooted\/\"},{\"@type\":\"ListItem\",\"position\":3,\"name\":\"Seina- ja laepaneelid\",\"item\":\"https:\/\/www.technomar.ee\/et\/tooted\/seina-ja-laepaneelid\/\"},{\"@type\":\"ListItem\",\"position\":4,\"name\":\"Tulekindel\"}]},{\"@type\":\"WebSite\",\"@id\":\"https:\/\/www.technomar.ee\/et\/#website\",\"url\":\"https:\/\/www.technomar.ee\/et\/\",\"name\":\"Technomar &amp; Adrem\",\"description\":\"\",\"potentialAction\":[{\"@type\":\"SearchAction\",\"target\":{\"@type\":\"EntryPoint\",\"urlTemplate\":\"https:\/\/www.technomar.ee\/et\/?s={search_term_string}\"},\"query-input\":\"required name=search_term_string\"}],\"inLanguage\":\"et\"}]}<\/script>\n<!-- \/ Yoast SEO plugin. -->","yoast_head_json":{"title":"Tulekindel - Technomar &amp; Adrem","robots":{"index":"index","follow":"follow","max-snippet":"max-snippet:-1","max-image-preview":"max-image-preview:large","max-video-preview":"max-video-preview:-1"},"canonical":"https:\/\/www.technomar.ee\/et\/tooted\/seina-ja-laepaneelid\/tulekindel\/","og_locale":"et_EE","og_type":"article","og_title":"Tulekindel - Technomar &amp; Adrem","og_description":"Tulekindlad paneelid BS1D0 See vineer on spetsiaalselt t\u00f6\u00f6deldud tuleklassifikatsiooni BS1D0 saavutamiseks. Pinnad saab lakkida, \u00f5litada, v\u00e4rvida, harjata, et luua disain vastavalt kliendi vajadustele. Variant 1: t\u00f6\u00f6deldud s\u00fcdamikuga kasevineeri, teie valitud viimistlus\/v\u00e4rvus Variant 2: tsemendiga seotud puitlaastplaat s\u00fcdamikuga, teie valitud viimistlus Perforeeritud tulekindlaid paneele saab kasutada ka akustiliste paneelidena Euroklassi klassifikatsioon Klass Materjali kirjeldus Toimivuse kirjeldusContinue reading: Tulekindel&rarr;","og_url":"https:\/\/www.technomar.ee\/et\/tooted\/seina-ja-laepaneelid\/tulekindel\/","og_site_name":"Technomar &amp; Adrem","og_image":[{"url":"https:\/\/www.technomar.ee\/wp-content\/uploads\/2015\/11\/fireretardant3-300x232.png"}],"twitter_card":"summary_large_image","twitter_misc":{"Est. reading time":"1 minut"},"schema":{"@context":"https:\/\/schema.org","@graph":[{"@type":"WebPage","@id":"https:\/\/www.technomar.ee\/et\/tooted\/seina-ja-laepaneelid\/tulekindel\/","url":"https:\/\/www.technomar.ee\/et\/tooted\/seina-ja-laepaneelid\/tulekindel\/","name":"Tulekindel - Technomar &amp; Adrem","isPartOf":{"@id":"https:\/\/www.technomar.ee\/et\/#website"},"primaryImageOfPage":{"@id":"https:\/\/www.technomar.ee\/et\/tooted\/seina-ja-laepaneelid\/tulekindel\/#primaryimage"},"image":{"@id":"https:\/\/www.technomar.ee\/et\/tooted\/seina-ja-laepaneelid\/tulekindel\/#primaryimage"},"thumbnailUrl":"https:\/\/www.technomar.ee\/wp-content\/uploads\/2015\/11\/fireretardant3-300x232.png","datePublished":"2015-11-12T02:05:33+00:00","dateModified":"2015-11-12T02:05:33+00:00","breadcrumb":{"@id":"https:\/\/www.technomar.ee\/et\/tooted\/seina-ja-laepaneelid\/tulekindel\/#breadcrumb"},"inLanguage":"et","potentialAction":[{"@type":"ReadAction","target":["https:\/\/www.technomar.ee\/et\/tooted\/seina-ja-laepaneelid\/tulekindel\/"]}]},{"@type":"ImageObject","inLanguage":"et","@id":"https:\/\/www.technomar.ee\/et\/tooted\/seina-ja-laepaneelid\/tulekindel\/#primaryimage","url":"https:\/\/www.technomar.ee\/wp-content\/uploads\/2015\/11\/fireretardant3-300x232.png","contentUrl":"https:\/\/www.technomar.ee\/wp-content\/uploads\/2015\/11\/fireretardant3-300x232.png"},{"@type":"BreadcrumbList","@id":"https:\/\/www.technomar.ee\/et\/tooted\/seina-ja-laepaneelid\/tulekindel\/#breadcrumb","itemListElement":[{"@type":"ListItem","position":1,"name":"Home","item":"https:\/\/www.technomar.ee\/et\/"},{"@type":"ListItem","position":2,"name":"Tooted","item":"https:\/\/www.technomar.ee\/et\/tooted\/"},{"@type":"ListItem","position":3,"name":"Seina- ja laepaneelid","item":"https:\/\/www.technomar.ee\/et\/tooted\/seina-ja-laepaneelid\/"},{"@type":"ListItem","position":4,"name":"Tulekindel"}]},{"@type":"WebSite","@id":"https:\/\/www.technomar.ee\/et\/#website","url":"https:\/\/www.technomar.ee\/et\/","name":"Technomar &amp; Adrem","description":"","potentialAction":[{"@type":"SearchAction","target":{"@type":"EntryPoint","urlTemplate":"https:\/\/www.technomar.ee\/et\/?s={search_term_string}"},"query-input":"required name=search_term_string"}],"inLanguage":"et"}]}},"_links":{"self":[{"href":"https:\/\/www.technomar.ee\/et\/wp-json\/wp\/v2\/pages\/2692","targetHints":{"allow":["GET"]}}],"collection":[{"href":"https:\/\/www.technomar.ee\/et\/wp-json\/wp\/v2\/pages"}],"about":[{"href":"https:\/\/www.technomar.ee\/et\/wp-json\/wp\/v2\/types\/page"}],"author":[{"embeddable":true,"href":"https:\/\/www.technomar.ee\/et\/wp-json\/wp\/v2\/users\/1"}],"replies":[{"embeddable":true,"href":"https:\/\/www.technomar.ee\/et\/wp-json\/wp\/v2\/comments?post=2692"}],"version-history":[{"count":0,"href":"https:\/\/www.technomar.ee\/et\/wp-json\/wp\/v2\/pages\/2692\/revisions"}],"up":[{"embeddable":true,"href":"https:\/\/www.technomar.ee\/et\/wp-json\/wp\/v2\/pages\/1823"}],"wp:attachment":[{"href":"https:\/\/www.technomar.ee\/et\/wp-json\/wp\/v2\/media?parent=2692"}],"curies":[{"name":"wp","href":"https:\/\/api.w.org\/{rel}","templated":true}]}}