{"id":2762,"date":"2025-10-17T14:14:57","date_gmt":"2025-10-17T11:14:57","guid":{"rendered":"https:\/\/www.technomar.ee\/akustilised-paneelid\/"},"modified":"2025-10-17T15:20:12","modified_gmt":"2025-10-17T12:20:12","slug":"akustilised-paneelid","status":"publish","type":"page","link":"https:\/\/www.technomar.ee\/et\/akustilised-paneelid\/","title":{"rendered":"Akustilised paneelid"},"content":{"rendered":"\t\t<div data-elementor-type=\"wp-page\" data-elementor-id=\"2762\" class=\"elementor elementor-2762 elementor-2728\">\n\t\t\t\t<div class=\"elementor-element elementor-element-4b86b91 e-flex e-con-boxed e-con e-parent\" data-id=\"4b86b91\" data-element_type=\"container\">\n\t\t\t\t\t<div class=\"e-con-inner\">\n\t\t<div class=\"elementor-element elementor-element-9c910a5 e-con-full e-flex e-con e-child\" data-id=\"9c910a5\" data-element_type=\"container\">\n\t\t\t\t<div class=\"elementor-element elementor-element-60a4824 elementor-widget elementor-widget-heading\" data-id=\"60a4824\" data-element_type=\"widget\" data-widget_type=\"heading.default\">\n\t\t\t\t<div class=\"elementor-widget-container\">\n\t\t\t\t\t<h2 class=\"elementor-heading-title elementor-size-default\">Akustilised paneelid<\/h2>\t\t\t\t<\/div>\n\t\t\t\t<\/div>\n\t\t\t\t<div class=\"elementor-element elementor-element-a6a5ce7 elementor-widget elementor-widget-heading\" data-id=\"a6a5ce7\" data-element_type=\"widget\" data-widget_type=\"heading.default\">\n\t\t\t\t<div class=\"elementor-widget-container\">\n\t\t\t\t\t<h3 class=\"elementor-heading-title elementor-size-default\">V\u00f5imalikud on erinevad perforatsioonimustrid:<\/h3>\t\t\t\t<\/div>\n\t\t\t\t<\/div>\n\t\t\t\t<div class=\"elementor-element elementor-element-00b2185 elementor-widget elementor-widget-image\" data-id=\"00b2185\" data-element_type=\"widget\" data-widget_type=\"image.default\">\n\t\t\t\t<div class=\"elementor-widget-container\">\n\t\t\t\t\t\t\t\t\t\t\t\t\t\t\t<img fetchpriority=\"high\" decoding=\"async\" width=\"2560\" height=\"985\" src=\"https:\/\/www.technomar.ee\/wp-content\/uploads\/2025\/10\/acoustic-panels-1-1-scaled.jpg\" class=\"attachment-full size-full wp-image-2755\" alt=\"\" srcset=\"https:\/\/www.technomar.ee\/wp-content\/uploads\/2025\/10\/acoustic-panels-1-1-scaled.jpg 2560w, https:\/\/www.technomar.ee\/wp-content\/uploads\/2025\/10\/acoustic-panels-1-1-300x115.jpg 300w, https:\/\/www.technomar.ee\/wp-content\/uploads\/2025\/10\/acoustic-panels-1-1-1024x394.jpg 1024w, https:\/\/www.technomar.ee\/wp-content\/uploads\/2025\/10\/acoustic-panels-1-1-768x296.jpg 768w, https:\/\/www.technomar.ee\/wp-content\/uploads\/2025\/10\/acoustic-panels-1-1-1536x591.jpg 1536w, https:\/\/www.technomar.ee\/wp-content\/uploads\/2025\/10\/acoustic-panels-1-1-2048x788.jpg 2048w, https:\/\/www.technomar.ee\/wp-content\/uploads\/2025\/10\/acoustic-panels-1-1-500x192.jpg 500w, https:\/\/www.technomar.ee\/wp-content\/uploads\/2025\/10\/acoustic-panels-1-1-1800x693.jpg 1800w\" sizes=\"(max-width: 2560px) 100vw, 2560px\" \/>\t\t\t\t\t\t\t\t\t\t\t\t\t\t\t<\/div>\n\t\t\t\t<\/div>\n\t\t\t\t<div class=\"elementor-element elementor-element-6f533c6 elementor-widget elementor-widget-image\" data-id=\"6f533c6\" data-element_type=\"widget\" data-widget_type=\"image.default\">\n\t\t\t\t<div class=\"elementor-widget-container\">\n\t\t\t\t\t\t\t\t\t\t\t\t\t\t\t<img decoding=\"async\" width=\"2560\" height=\"580\" src=\"https:\/\/www.technomar.ee\/wp-content\/uploads\/2025\/10\/acoustic-panels-2-scaled.jpg\" class=\"attachment-full size-full wp-image-2756\" alt=\"\" srcset=\"https:\/\/www.technomar.ee\/wp-content\/uploads\/2025\/10\/acoustic-panels-2-scaled.jpg 2560w, https:\/\/www.technomar.ee\/wp-content\/uploads\/2025\/10\/acoustic-panels-2-300x68.jpg 300w, https:\/\/www.technomar.ee\/wp-content\/uploads\/2025\/10\/acoustic-panels-2-1024x232.jpg 1024w, https:\/\/www.technomar.ee\/wp-content\/uploads\/2025\/10\/acoustic-panels-2-768x174.jpg 768w, https:\/\/www.technomar.ee\/wp-content\/uploads\/2025\/10\/acoustic-panels-2-1536x348.jpg 1536w, https:\/\/www.technomar.ee\/wp-content\/uploads\/2025\/10\/acoustic-panels-2-2048x464.jpg 2048w, https:\/\/www.technomar.ee\/wp-content\/uploads\/2025\/10\/acoustic-panels-2-500x113.jpg 500w, https:\/\/www.technomar.ee\/wp-content\/uploads\/2025\/10\/acoustic-panels-2-1800x408.jpg 1800w\" sizes=\"(max-width: 2560px) 100vw, 2560px\" \/>\t\t\t\t\t\t\t\t\t\t\t\t\t\t\t<\/div>\n\t\t\t\t<\/div>\n\t\t\t\t<\/div>\n\t\t<div class=\"elementor-element elementor-element-a1f0cb1 e-con-full e-flex e-con e-child\" data-id=\"a1f0cb1\" data-element_type=\"container\">\n\t\t\t\t<div class=\"elementor-element elementor-element-da03c07 elementor-widget elementor-widget-heading\" data-id=\"da03c07\" data-element_type=\"widget\" data-widget_type=\"heading.default\">\n\t\t\t\t<div class=\"elementor-widget-container\">\n\t\t\t\t\t<h3 class=\"elementor-heading-title elementor-size-default\">Paneele kasutatakse akustilise keskkonna reguleerimiseks lennujaamades, raudteejaamades, kontserdisaalides, restoranides ja muudes avalikes kohtades.<\/h3>\t\t\t\t<\/div>\n\t\t\t\t<\/div>\n\t\t\t\t<div class=\"elementor-element elementor-element-dba241b elementor-widget elementor-widget-text-editor\" data-id=\"dba241b\" data-element_type=\"widget\" data-widget_type=\"text-editor.default\">\n\t\t\t\t<div class=\"elementor-widget-container\">\n\t\t\t\t\t\t\t\t\t<p><strong data-start=\"216\" data-end=\"236\">Heli neeldumine<\/strong> saavutatakse paneelide <strong data-start=\"261\" data-end=\"282\">perforeeritud konstruktsiooni <\/strong>ja <strong data-start=\"345\" data-end=\"377\" data-is-only-node=\"\">paneelide<\/strong> <strong data-start=\"307\" data-end=\"335\">all oleva heli neelava aluskihi <\/strong>v\u00f5i <strong data-start=\"345\" data-end=\"377\" data-is-only-node=\"\">\u00f5hukihi<\/strong> abil.<\/p><p>Helineelduvus muutub oluliseks k\u00fcsimuseks, kui disainerid t\u00f6\u00f6tavad avalike kohtadega nagu lennujaamad, raudteejaamad, bussijaamad, galeriid, teatrid, hotellid, restoranid, konverentsikeskused ja paljud teised. Technomar &amp; Adremi toodetud akustilised paneelid aitavad luua akustiliselt s\u00f5bralikku keskkonda. On tungivalt soovitatav, et disainerid konsulteeriksid parimate tulemuste saavutamiseks akustikuga. Helineelduvus saavutatakse t\u00e4nu paneelides olevatele piludele ja nende \u00f5igele konfiguratsioonile \u00f5huruumis.   <\/p>\t\t\t\t\t\t\t\t<\/div>\n\t\t\t\t<\/div>\n\t\t\t\t<div class=\"elementor-element elementor-element-6767115 elementor-widget elementor-widget-text-editor\" data-id=\"6767115\" data-element_type=\"widget\" data-widget_type=\"text-editor.default\">\n\t\t\t\t<div class=\"elementor-widget-container\">\n\t\t\t\t\t\t\t\t\t<p><strong>Technomar &amp; Adremi toodetud paneele saab kasutada seina- v\u00f5i laepaneelidena, s\u00f5ltuvalt kasutatavast kinnitusprofiilist. Lisateabe saamiseks k\u00fclastage palun <a href=\"http:\/\/www.technomar.ee\/products\/wall-and-ceiling-panels\/installation\/\">paigaldusjuhendit<\/a>. <\/strong><\/p>\t\t\t\t\t\t\t\t<\/div>\n\t\t\t\t<\/div>\n\t\t\t\t<\/div>\n\t\t\t\t\t<\/div>\n\t\t\t\t<\/div>\n\t\t<div class=\"elementor-element elementor-element-a2ac09f e-flex e-con-boxed e-con e-parent\" data-id=\"a2ac09f\" data-element_type=\"container\">\n\t\t\t\t\t<div class=\"e-con-inner\">\n\t\t\t\t<div class=\"elementor-element elementor-element-5cd783e elementor-arrows-position-inside elementor-pagination-position-outside elementor-widget elementor-widget-image-carousel\" data-id=\"5cd783e\" data-element_type=\"widget\" data-settings=\"{&quot;slides_to_show&quot;:&quot;2&quot;,&quot;slides_to_scroll&quot;:&quot;1&quot;,&quot;lazyload&quot;:&quot;yes&quot;,&quot;navigation&quot;:&quot;both&quot;,&quot;autoplay&quot;:&quot;yes&quot;,&quot;pause_on_hover&quot;:&quot;yes&quot;,&quot;pause_on_interaction&quot;:&quot;yes&quot;,&quot;autoplay_speed&quot;:5000,&quot;infinite&quot;:&quot;yes&quot;,&quot;speed&quot;:500}\" data-widget_type=\"image-carousel.default\">\n\t\t\t\t<div class=\"elementor-widget-container\">\n\t\t\t\t\t\t\t<div class=\"elementor-image-carousel-wrapper swiper\" role=\"region\" aria-roledescription=\"carousel\" aria-label=\"Image Carousel\" dir=\"ltr\">\n\t\t\t<div class=\"elementor-image-carousel swiper-wrapper\" aria-live=\"off\">\n\t\t\t\t\t\t\t\t<div class=\"swiper-slide\" role=\"group\" aria-roledescription=\"slide\" aria-label=\"1 of 5\"><figure class=\"swiper-slide-inner\"><img class=\"swiper-slide-image swiper-lazy\" data-src=\"https:\/\/www.technomar.ee\/wp-content\/uploads\/2025\/10\/Technomar-Wall-Panels-Luther-fotoMarisTomba.jpg-2-1.jpg\" alt=\"Technomar seinapaneelid Luther fotoMarisTomba.jpg 2 (1)\" \/><div class=\"swiper-lazy-preloader\"><\/div><\/figure><\/div><div class=\"swiper-slide\" role=\"group\" aria-roledescription=\"slide\" aria-label=\"2 of 5\"><figure class=\"swiper-slide-inner\"><img class=\"swiper-slide-image swiper-lazy\" data-src=\"https:\/\/www.technomar.ee\/wp-content\/uploads\/2025\/10\/IMG_0445_Luther_fotoMarisTomba-1.jpg\" alt=\"IMG_0445_Luther_fotoMarisTomba (1)\" \/><div class=\"swiper-lazy-preloader\"><\/div><\/figure><\/div><div class=\"swiper-slide\" role=\"group\" aria-roledescription=\"slide\" aria-label=\"3 of 5\"><figure class=\"swiper-slide-inner\"><img class=\"swiper-slide-image swiper-lazy\" data-src=\"https:\/\/www.technomar.ee\/wp-content\/uploads\/2025\/10\/IMG_0469_Lutheri_masinasaal_fotoMarisTomba-copy-1-scaled.jpg\" alt=\"IMG_0469_Lutheri_masinasaal_fotoMarisTomba-copy (1)\" \/><div class=\"swiper-lazy-preloader\"><\/div><\/figure><\/div><div class=\"swiper-slide\" role=\"group\" aria-roledescription=\"slide\" aria-label=\"4 of 5\"><figure class=\"swiper-slide-inner\"><img class=\"swiper-slide-image swiper-lazy\" data-src=\"https:\/\/www.technomar.ee\/wp-content\/uploads\/2025\/10\/MG_2767-2-scaled.jpg\" alt=\"MG_2767 (2)\" \/><div class=\"swiper-lazy-preloader\"><\/div><\/figure><\/div><div class=\"swiper-slide\" role=\"group\" aria-roledescription=\"slide\" aria-label=\"5 of 5\"><figure class=\"swiper-slide-inner\"><img class=\"swiper-slide-image swiper-lazy\" data-src=\"https:\/\/www.technomar.ee\/wp-content\/uploads\/2025\/10\/Terje-Ugandi_DSC_6473-2-scaled.jpg\" alt=\"Terje-Ugandi_DSC_6473 (2)\" \/><div class=\"swiper-lazy-preloader\"><\/div><\/figure><\/div>\t\t\t<\/div>\n\t\t\t\t\t\t\t\t\t\t\t\t<div class=\"elementor-swiper-button elementor-swiper-button-prev\" role=\"button\" tabindex=\"0\">\n\t\t\t\t\t\t<svg aria-hidden=\"true\" class=\"e-font-icon-svg e-eicon-chevron-left\" viewBox=\"0 0 1000 1000\" xmlns=\"http:\/\/www.w3.org\/2000\/svg\"><path d=\"M646 125C629 125 613 133 604 142L308 442C296 454 292 471 292 487 292 504 296 521 308 533L604 854C617 867 629 875 646 875 663 875 679 871 692 858 704 846 713 829 713 812 713 796 708 779 692 767L438 487 692 225C700 217 708 204 708 187 708 171 704 154 692 142 675 129 663 125 646 125Z\"><\/path><\/svg>\t\t\t\t\t<\/div>\n\t\t\t\t\t<div class=\"elementor-swiper-button elementor-swiper-button-next\" role=\"button\" tabindex=\"0\">\n\t\t\t\t\t\t<svg aria-hidden=\"true\" class=\"e-font-icon-svg e-eicon-chevron-right\" viewBox=\"0 0 1000 1000\" xmlns=\"http:\/\/www.w3.org\/2000\/svg\"><path d=\"M696 533C708 521 713 504 713 487 713 471 708 454 696 446L400 146C388 133 375 125 354 125 338 125 325 129 313 142 300 154 292 171 292 187 292 204 296 221 308 233L563 492 304 771C292 783 288 800 288 817 288 833 296 850 308 863 321 871 338 875 354 875 371 875 388 867 400 854L696 533Z\"><\/path><\/svg>\t\t\t\t\t<\/div>\n\t\t\t\t\n\t\t\t\t\t\t\t\t\t<div class=\"swiper-pagination\"><\/div>\n\t\t\t\t\t\t\t\t\t<\/div>\n\t\t\t\t\t\t<\/div>\n\t\t\t\t<\/div>\n\t\t\t\t\t<\/div>\n\t\t\t\t<\/div>\n\t\t\t\t<\/div>\n\t\t\n    <div class=\"xs_social_share_widget xs_share_url after_content \t\tmain_content  wslu-style-1 wslu-share-box-shaped wslu-fill-colored wslu-none wslu-share-horizontal wslu-theme-font-no wslu-main_content\">\n\n\t\t\n        <ul>\n\t\t\t        <\/ul>\n    <\/div> \n","protected":false},"excerpt":{"rendered":"<p>Akustilised paneelid V\u00f5imalikud on erinevad perforatsioonimustrid: Paneele kasutatakse akustilise keskkonna reguleerimiseks lennujaamades, raudteejaamades, kontserdisaalides, restoranides ja muudes avalikes kohtades. Heli neeldumine saavutatakse paneelide perforeeritud konstruktsiooni ja paneelide all oleva heli neelava aluskihi v\u00f5i \u00f5hukihi abil. Helineelduvus muutub oluliseks k\u00fcsimuseks, kui disainerid t\u00f6\u00f6tavad avalike kohtadega nagu lennujaamad, raudteejaamad, bussijaamad, galeriid, teatrid, hotellid, restoranid, konverentsikeskused ja paljud<br \/><a class=\"read-more\" href=\"https:\/\/www.technomar.ee\/et\/akustilised-paneelid\/\">Continue reading<span class=\"sr-only\">: Akustilised paneelid<\/span><span class=\"meta-nav\">&rarr;<\/span><\/a><\/p>\n","protected":false},"author":2,"featured_media":0,"parent":0,"menu_order":0,"comment_status":"closed","ping_status":"closed","template":"","meta":{"_acf_changed":false,"postBodyCss":"","postBodyMargin":[],"postBodyPadding":[],"postBodyBackground":{"backgroundType":"classic","gradient":""},"footnotes":""},"class_list":["post-2762","page","type-page","status-publish","hentry"],"acf":[],"yoast_head":"<!-- This site is optimized with the Yoast SEO plugin v22.5 - https:\/\/yoast.com\/wordpress\/plugins\/seo\/ -->\n<title>Akustilised paneelid - Technomar &amp; Adrem<\/title>\n<meta name=\"robots\" content=\"index, follow, max-snippet:-1, max-image-preview:large, max-video-preview:-1\" \/>\n<link rel=\"canonical\" href=\"https:\/\/www.technomar.ee\/et\/akustilised-paneelid\/\" \/>\n<meta property=\"og:locale\" content=\"et_EE\" \/>\n<meta property=\"og:type\" content=\"article\" \/>\n<meta property=\"og:title\" content=\"Akustilised paneelid - Technomar &amp; Adrem\" \/>\n<meta property=\"og:description\" content=\"Akustilised paneelid V\u00f5imalikud on erinevad perforatsioonimustrid: Paneele kasutatakse akustilise keskkonna reguleerimiseks lennujaamades, raudteejaamades, kontserdisaalides, restoranides ja muudes avalikes kohtades. Heli neeldumine saavutatakse paneelide perforeeritud konstruktsiooni ja paneelide all oleva heli neelava aluskihi v\u00f5i \u00f5hukihi abil. Helineelduvus muutub oluliseks k\u00fcsimuseks, kui disainerid t\u00f6\u00f6tavad avalike kohtadega nagu lennujaamad, raudteejaamad, bussijaamad, galeriid, teatrid, hotellid, restoranid, konverentsikeskused ja paljudContinue reading: Akustilised paneelid&rarr;\" \/>\n<meta property=\"og:url\" content=\"https:\/\/www.technomar.ee\/et\/akustilised-paneelid\/\" \/>\n<meta property=\"og:site_name\" content=\"Technomar &amp; Adrem\" \/>\n<meta property=\"article:modified_time\" content=\"2025-10-17T12:20:12+00:00\" \/>\n<meta property=\"og:image\" content=\"https:\/\/www.technomar.ee\/wp-content\/uploads\/2025\/10\/acoustic-panels-1-1-scaled.jpg\" \/>\n<meta name=\"twitter:card\" content=\"summary_large_image\" \/>\n<meta name=\"twitter:label1\" content=\"Est. reading time\" \/>\n\t<meta name=\"twitter:data1\" content=\"1 minut\" \/>\n<script type=\"application\/ld+json\" class=\"yoast-schema-graph\">{\"@context\":\"https:\/\/schema.org\",\"@graph\":[{\"@type\":\"WebPage\",\"@id\":\"https:\/\/www.technomar.ee\/et\/akustilised-paneelid\/\",\"url\":\"https:\/\/www.technomar.ee\/et\/akustilised-paneelid\/\",\"name\":\"Akustilised paneelid - Technomar &amp; Adrem\",\"isPartOf\":{\"@id\":\"https:\/\/www.technomar.ee\/et\/#website\"},\"primaryImageOfPage\":{\"@id\":\"https:\/\/www.technomar.ee\/et\/akustilised-paneelid\/#primaryimage\"},\"image\":{\"@id\":\"https:\/\/www.technomar.ee\/et\/akustilised-paneelid\/#primaryimage\"},\"thumbnailUrl\":\"https:\/\/www.technomar.ee\/wp-content\/uploads\/2025\/10\/acoustic-panels-1-1-scaled.jpg\",\"datePublished\":\"2025-10-17T11:14:57+00:00\",\"dateModified\":\"2025-10-17T12:20:12+00:00\",\"breadcrumb\":{\"@id\":\"https:\/\/www.technomar.ee\/et\/akustilised-paneelid\/#breadcrumb\"},\"inLanguage\":\"et\",\"potentialAction\":[{\"@type\":\"ReadAction\",\"target\":[\"https:\/\/www.technomar.ee\/et\/akustilised-paneelid\/\"]}]},{\"@type\":\"ImageObject\",\"inLanguage\":\"et\",\"@id\":\"https:\/\/www.technomar.ee\/et\/akustilised-paneelid\/#primaryimage\",\"url\":\"https:\/\/www.technomar.ee\/wp-content\/uploads\/2025\/10\/acoustic-panels-1-1-scaled.jpg\",\"contentUrl\":\"https:\/\/www.technomar.ee\/wp-content\/uploads\/2025\/10\/acoustic-panels-1-1-scaled.jpg\"},{\"@type\":\"BreadcrumbList\",\"@id\":\"https:\/\/www.technomar.ee\/et\/akustilised-paneelid\/#breadcrumb\",\"itemListElement\":[{\"@type\":\"ListItem\",\"position\":1,\"name\":\"Home\",\"item\":\"https:\/\/www.technomar.ee\/et\/\"},{\"@type\":\"ListItem\",\"position\":2,\"name\":\"Akustilised paneelid\"}]},{\"@type\":\"WebSite\",\"@id\":\"https:\/\/www.technomar.ee\/et\/#website\",\"url\":\"https:\/\/www.technomar.ee\/et\/\",\"name\":\"Technomar &amp; Adrem\",\"description\":\"\",\"potentialAction\":[{\"@type\":\"SearchAction\",\"target\":{\"@type\":\"EntryPoint\",\"urlTemplate\":\"https:\/\/www.technomar.ee\/et\/?s={search_term_string}\"},\"query-input\":\"required name=search_term_string\"}],\"inLanguage\":\"et\"}]}<\/script>\n<!-- \/ Yoast SEO plugin. -->","yoast_head_json":{"title":"Akustilised paneelid - Technomar &amp; Adrem","robots":{"index":"index","follow":"follow","max-snippet":"max-snippet:-1","max-image-preview":"max-image-preview:large","max-video-preview":"max-video-preview:-1"},"canonical":"https:\/\/www.technomar.ee\/et\/akustilised-paneelid\/","og_locale":"et_EE","og_type":"article","og_title":"Akustilised paneelid - Technomar &amp; Adrem","og_description":"Akustilised paneelid V\u00f5imalikud on erinevad perforatsioonimustrid: Paneele kasutatakse akustilise keskkonna reguleerimiseks lennujaamades, raudteejaamades, kontserdisaalides, restoranides ja muudes avalikes kohtades. Heli neeldumine saavutatakse paneelide perforeeritud konstruktsiooni ja paneelide all oleva heli neelava aluskihi v\u00f5i \u00f5hukihi abil. Helineelduvus muutub oluliseks k\u00fcsimuseks, kui disainerid t\u00f6\u00f6tavad avalike kohtadega nagu lennujaamad, raudteejaamad, bussijaamad, galeriid, teatrid, hotellid, restoranid, konverentsikeskused ja paljudContinue reading: Akustilised paneelid&rarr;","og_url":"https:\/\/www.technomar.ee\/et\/akustilised-paneelid\/","og_site_name":"Technomar &amp; Adrem","article_modified_time":"2025-10-17T12:20:12+00:00","og_image":[{"url":"https:\/\/www.technomar.ee\/wp-content\/uploads\/2025\/10\/acoustic-panels-1-1-scaled.jpg"}],"twitter_card":"summary_large_image","twitter_misc":{"Est. reading time":"1 minut"},"schema":{"@context":"https:\/\/schema.org","@graph":[{"@type":"WebPage","@id":"https:\/\/www.technomar.ee\/et\/akustilised-paneelid\/","url":"https:\/\/www.technomar.ee\/et\/akustilised-paneelid\/","name":"Akustilised paneelid - Technomar &amp; Adrem","isPartOf":{"@id":"https:\/\/www.technomar.ee\/et\/#website"},"primaryImageOfPage":{"@id":"https:\/\/www.technomar.ee\/et\/akustilised-paneelid\/#primaryimage"},"image":{"@id":"https:\/\/www.technomar.ee\/et\/akustilised-paneelid\/#primaryimage"},"thumbnailUrl":"https:\/\/www.technomar.ee\/wp-content\/uploads\/2025\/10\/acoustic-panels-1-1-scaled.jpg","datePublished":"2025-10-17T11:14:57+00:00","dateModified":"2025-10-17T12:20:12+00:00","breadcrumb":{"@id":"https:\/\/www.technomar.ee\/et\/akustilised-paneelid\/#breadcrumb"},"inLanguage":"et","potentialAction":[{"@type":"ReadAction","target":["https:\/\/www.technomar.ee\/et\/akustilised-paneelid\/"]}]},{"@type":"ImageObject","inLanguage":"et","@id":"https:\/\/www.technomar.ee\/et\/akustilised-paneelid\/#primaryimage","url":"https:\/\/www.technomar.ee\/wp-content\/uploads\/2025\/10\/acoustic-panels-1-1-scaled.jpg","contentUrl":"https:\/\/www.technomar.ee\/wp-content\/uploads\/2025\/10\/acoustic-panels-1-1-scaled.jpg"},{"@type":"BreadcrumbList","@id":"https:\/\/www.technomar.ee\/et\/akustilised-paneelid\/#breadcrumb","itemListElement":[{"@type":"ListItem","position":1,"name":"Home","item":"https:\/\/www.technomar.ee\/et\/"},{"@type":"ListItem","position":2,"name":"Akustilised paneelid"}]},{"@type":"WebSite","@id":"https:\/\/www.technomar.ee\/et\/#website","url":"https:\/\/www.technomar.ee\/et\/","name":"Technomar &amp; Adrem","description":"","potentialAction":[{"@type":"SearchAction","target":{"@type":"EntryPoint","urlTemplate":"https:\/\/www.technomar.ee\/et\/?s={search_term_string}"},"query-input":"required name=search_term_string"}],"inLanguage":"et"}]}},"_links":{"self":[{"href":"https:\/\/www.technomar.ee\/et\/wp-json\/wp\/v2\/pages\/2762","targetHints":{"allow":["GET"]}}],"collection":[{"href":"https:\/\/www.technomar.ee\/et\/wp-json\/wp\/v2\/pages"}],"about":[{"href":"https:\/\/www.technomar.ee\/et\/wp-json\/wp\/v2\/types\/page"}],"author":[{"embeddable":true,"href":"https:\/\/www.technomar.ee\/et\/wp-json\/wp\/v2\/users\/2"}],"replies":[{"embeddable":true,"href":"https:\/\/www.technomar.ee\/et\/wp-json\/wp\/v2\/comments?post=2762"}],"version-history":[{"count":1,"href":"https:\/\/www.technomar.ee\/et\/wp-json\/wp\/v2\/pages\/2762\/revisions"}],"predecessor-version":[{"id":2765,"href":"https:\/\/www.technomar.ee\/et\/wp-json\/wp\/v2\/pages\/2762\/revisions\/2765"}],"wp:attachment":[{"href":"https:\/\/www.technomar.ee\/et\/wp-json\/wp\/v2\/media?parent=2762"}],"curies":[{"name":"wp","href":"https:\/\/api.w.org\/{rel}","templated":true}]}}