{"id":2913,"date":"2025-10-20T11:59:37","date_gmt":"2025-10-20T08:59:37","guid":{"rendered":"https:\/\/www.technomar.ee\/varvid-ja-spoonid\/"},"modified":"2025-10-20T12:03:10","modified_gmt":"2025-10-20T09:03:10","slug":"varvid-ja-spoonid","status":"publish","type":"page","link":"https:\/\/www.technomar.ee\/et\/varvid-ja-spoonid\/","title":{"rendered":"V\u00e4rvid ja spoonid"},"content":{"rendered":"\t\t<div data-elementor-type=\"wp-page\" data-elementor-id=\"2913\" class=\"elementor elementor-2913 elementor-2886\">\n\t\t\t\t<div class=\"elementor-element elementor-element-7cca974 e-flex e-con-boxed e-con e-parent\" data-id=\"7cca974\" data-element_type=\"container\">\n\t\t\t\t\t<div class=\"e-con-inner\">\n\t\t<div class=\"elementor-element elementor-element-19e3c70 e-con-full e-flex e-con e-child\" data-id=\"19e3c70\" data-element_type=\"container\">\n\t\t\t\t<div class=\"elementor-element elementor-element-fb015a0 elementor-widget elementor-widget-heading\" data-id=\"fb015a0\" data-element_type=\"widget\" data-widget_type=\"heading.default\">\n\t\t\t\t<div class=\"elementor-widget-container\">\n\t\t\t\t\t<h2 class=\"elementor-heading-title elementor-size-default\">V\u00e4rvid ja spoonid<\/h2>\t\t\t\t<\/div>\n\t\t\t\t<\/div>\n\t\t\t\t<div class=\"elementor-element elementor-element-ad3a36c elementor-widget elementor-widget-heading\" data-id=\"ad3a36c\" data-element_type=\"widget\" data-widget_type=\"heading.default\">\n\t\t\t\t<div class=\"elementor-widget-container\">\n\t\t\t\t\t<h2 class=\"elementor-heading-title elementor-size-default\">V\u00e4rvide ja spooni valik:<\/h2>\t\t\t\t<\/div>\n\t\t\t\t<\/div>\n\t\t\t\t<div class=\"elementor-element elementor-element-4e81ca1 elementor-widget elementor-widget-text-editor\" data-id=\"4e81ca1\" data-element_type=\"widget\" data-widget_type=\"text-editor.default\">\n\t\t\t\t<div class=\"elementor-widget-container\">\n\t\t\t\t\t\t\t\t\t<p>Meie pealmine vineerikiht on saadaval mitmesugustes v\u00e4rvides. M\u00f5ned n\u00e4ited on toodud allpool.<\/p>\t\t\t\t\t\t\t\t<\/div>\n\t\t\t\t<\/div>\n\t\t\t\t<div class=\"elementor-element elementor-element-9f19d82 elementor-widget elementor-widget-image\" data-id=\"9f19d82\" data-element_type=\"widget\" data-widget_type=\"image.default\">\n\t\t\t\t<div class=\"elementor-widget-container\">\n\t\t\t\t\t\t\t\t\t\t\t\t\t\t\t<img fetchpriority=\"high\" decoding=\"async\" width=\"640\" height=\"427\" src=\"https:\/\/www.technomar.ee\/wp-content\/uploads\/2025\/10\/Group-1-1024x683.webp\" class=\"attachment-large size-large wp-image-2911\" alt=\"\" srcset=\"https:\/\/www.technomar.ee\/wp-content\/uploads\/2025\/10\/Group-1-1024x683.webp 1024w, https:\/\/www.technomar.ee\/wp-content\/uploads\/2025\/10\/Group-1-300x200.webp 300w, https:\/\/www.technomar.ee\/wp-content\/uploads\/2025\/10\/Group-1-768x512.webp 768w, https:\/\/www.technomar.ee\/wp-content\/uploads\/2025\/10\/Group-1-1536x1024.webp 1536w, https:\/\/www.technomar.ee\/wp-content\/uploads\/2025\/10\/Group-1-2048x1365.webp 2048w, https:\/\/www.technomar.ee\/wp-content\/uploads\/2025\/10\/Group-1-500x333.webp 500w, https:\/\/www.technomar.ee\/wp-content\/uploads\/2025\/10\/Group-1-1800x1200.webp 1800w\" sizes=\"(max-width: 640px) 100vw, 640px\" \/>\t\t\t\t\t\t\t\t\t\t\t\t\t\t\t<\/div>\n\t\t\t\t<\/div>\n\t\t\t\t<div class=\"elementor-element elementor-element-b1079f5 elementor-widget elementor-widget-heading\" data-id=\"b1079f5\" data-element_type=\"widget\" data-widget_type=\"heading.default\">\n\t\t\t\t<div class=\"elementor-widget-container\">\n\t\t\t\t\t<h2 class=\"elementor-heading-title elementor-size-default\">V\u00e4rvid<\/h2>\t\t\t\t<\/div>\n\t\t\t\t<\/div>\n\t\t\t\t<div class=\"elementor-element elementor-element-574b925 elementor-widget elementor-widget-image\" data-id=\"574b925\" data-element_type=\"widget\" data-widget_type=\"image.default\">\n\t\t\t\t<div class=\"elementor-widget-container\">\n\t\t\t\t\t\t\t\t\t\t\t\t\t\t\t<img decoding=\"async\" width=\"640\" height=\"826\" src=\"https:\/\/www.technomar.ee\/wp-content\/uploads\/2025\/10\/panels-793x1024.webp\" class=\"attachment-large size-large wp-image-2912\" alt=\"\" srcset=\"https:\/\/www.technomar.ee\/wp-content\/uploads\/2025\/10\/panels-793x1024.webp 793w, https:\/\/www.technomar.ee\/wp-content\/uploads\/2025\/10\/panels-232x300.webp 232w, https:\/\/www.technomar.ee\/wp-content\/uploads\/2025\/10\/panels-768x992.webp 768w, https:\/\/www.technomar.ee\/wp-content\/uploads\/2025\/10\/panels-1189x1536.webp 1189w, https:\/\/www.technomar.ee\/wp-content\/uploads\/2025\/10\/panels-1586x2048.webp 1586w, https:\/\/www.technomar.ee\/wp-content\/uploads\/2025\/10\/panels-387x500.webp 387w, https:\/\/www.technomar.ee\/wp-content\/uploads\/2025\/10\/panels.webp 1692w\" sizes=\"(max-width: 640px) 100vw, 640px\" \/>\t\t\t\t\t\t\t\t\t\t\t\t\t\t\t<\/div>\n\t\t\t\t<\/div>\n\t\t\t\t<\/div>\n\t\t<div class=\"elementor-element elementor-element-cc4e727 e-con-full e-flex e-con e-child\" data-id=\"cc4e727\" data-element_type=\"container\">\n\t\t\t\t<div class=\"elementor-element elementor-element-b61a982 elementor-widget elementor-widget-heading\" data-id=\"b61a982\" data-element_type=\"widget\" data-widget_type=\"heading.default\">\n\t\t\t\t<div class=\"elementor-widget-container\">\n\t\t\t\t\t<h2 class=\"elementor-heading-title elementor-size-default\">Viilud<\/h2>\t\t\t\t<\/div>\n\t\t\t\t<\/div>\n\t\t\t\t<div class=\"elementor-element elementor-element-448e941 elementor-widget elementor-widget-text-editor\" data-id=\"448e941\" data-element_type=\"widget\" data-widget_type=\"text-editor.default\">\n\t\t\t\t<div class=\"elementor-widget-container\">\n\t\t\t\t\t\t\t\t\t<p>V\u00e4rvimise asemel pakume ka spoonitud pealiskihti. M\u00f5ned n\u00e4ited on toodud allpool.<\/p>\t\t\t\t\t\t\t\t<\/div>\n\t\t\t\t<\/div>\n\t\t\t\t<div class=\"elementor-element elementor-element-997d6ae elementor-widget elementor-widget-heading\" data-id=\"997d6ae\" data-element_type=\"widget\" data-widget_type=\"heading.default\">\n\t\t\t\t<div class=\"elementor-widget-container\">\n\t\t\t\t\t<h2 class=\"elementor-heading-title elementor-size-default\">Paneelid Dekoratsioon<\/h2>\t\t\t\t<\/div>\n\t\t\t\t<\/div>\n\t\t\t\t<div class=\"elementor-element elementor-element-22bed80 elementor-widget elementor-widget-text-editor\" data-id=\"22bed80\" data-element_type=\"widget\" data-widget_type=\"text-editor.default\">\n\t\t\t\t<div class=\"elementor-widget-container\">\n\t\t\t\t\t\t\t\t\t<p>V\u00e4rvimise asemel pakume ka spoonitud pealiskihti. M\u00f5ned n\u00e4ited on toodud allpool.<\/p>\t\t\t\t\t\t\t\t<\/div>\n\t\t\t\t<\/div>\n\t\t\t\t<div class=\"elementor-element elementor-element-a4ac88d elementor-widget elementor-widget-shortcode\" data-id=\"a4ac88d\" data-element_type=\"widget\" data-widget_type=\"shortcode.default\">\n\t\t\t\t<div class=\"elementor-widget-container\">\n\t\t\t\t\t\t\t<div class=\"elementor-shortcode\">\n<table id=\"tablepress-1\" class=\"tablepress tablepress-id-1\">\n<thead>\n<tr class=\"row-1\">\n\t<th class=\"column-1\">Veneers choice:<\/th><th class=\"column-2\">Stains choice:<\/th>\n<\/tr>\n<\/thead>\n<tbody class=\"row-striping row-hover\">\n<tr class=\"row-2\">\n\t<td class=\"column-1\">Birch<\/td><td class=\"column-2\">Coil Black<\/td>\n<\/tr>\n<tr class=\"row-3\">\n\t<td class=\"column-1\">Oak<\/td><td class=\"column-2\">Sea Blue<\/td>\n<\/tr>\n<tr class=\"row-4\">\n\t<td class=\"column-1\">Ash<\/td><td class=\"column-2\">Coral<\/td>\n<\/tr>\n<tr class=\"row-5\">\n\t<td class=\"column-1\">Walnut<\/td><td class=\"column-2\">Yellow Lemon<\/td>\n<\/tr>\n<tr class=\"row-6\">\n\t<td class=\"column-1\">Beech<\/td><td class=\"column-2\">Natural Yellow<\/td>\n<\/tr>\n<tr class=\"row-7\">\n\t<td class=\"column-1\">Cherry<\/td><td class=\"column-2\"><\/td>\n<\/tr>\n<\/tbody>\n<\/table>\n<!-- #tablepress-1 from cache -->\n<\/div>\n\t\t\t\t\t\t<\/div>\n\t\t\t\t<\/div>\n\t\t\t\t<div class=\"elementor-element elementor-element-ce657a5 elementor-widget elementor-widget-text-editor\" data-id=\"ce657a5\" data-element_type=\"widget\" data-widget_type=\"text-editor.default\">\n\t\t\t\t<div class=\"elementor-widget-container\">\n\t\t\t\t\t\t\t\t\t<p><strong><em>*Need on vaid n\u00e4idissponid ja -peitsid. V\u00f5imalikud on ka muud lahendused.  <\/em><\/strong><\/p>\t\t\t\t\t\t\t\t<\/div>\n\t\t\t\t<\/div>\n\t\t\t\t<div class=\"elementor-element elementor-element-4fde3e4 elementor-widget elementor-widget-heading\" data-id=\"4fde3e4\" data-element_type=\"widget\" data-widget_type=\"heading.default\">\n\t\t\t\t<div class=\"elementor-widget-container\">\n\t\t\t\t\t<h2 class=\"elementor-heading-title elementor-size-default\">Paneelide suurused &amp; omadused<\/h2>\t\t\t\t<\/div>\n\t\t\t\t<\/div>\n\t\t\t\t<div class=\"elementor-element elementor-element-2fe8e6d elementor-widget elementor-widget-shortcode\" data-id=\"2fe8e6d\" data-element_type=\"widget\" data-widget_type=\"shortcode.default\">\n\t\t\t\t<div class=\"elementor-widget-container\">\n\t\t\t\t\t\t\t<div class=\"elementor-shortcode\">\n<table id=\"tablepress-2\" class=\"tablepress tablepress-id-2\">\n<thead>\n<tr class=\"row-1\">\n\t<th class=\"column-1\">Lengths<\/th><th class=\"column-2\">600, 800, 1200, 2400<\/th>\n<\/tr>\n<\/thead>\n<tbody class=\"row-striping row-hover\">\n<tr class=\"row-2\">\n\t<td class=\"column-1\">Widths<\/td><td class=\"column-2\">400, 600, 1200<\/td>\n<\/tr>\n<tr class=\"row-3\">\n\t<td class=\"column-1\">Lengths 2<\/td><td class=\"column-2\">500, 750, 1500<\/td>\n<\/tr>\n<tr class=\"row-4\">\n\t<td class=\"column-1\">Widths 2<\/td><td class=\"column-2\">500, 750, 1500<\/td>\n<\/tr>\n<tr class=\"row-5\">\n\t<td class=\"column-1\">Thickness<\/td><td class=\"column-2\">10, 12,13 mm<\/td>\n<\/tr>\n<tr class=\"row-6\">\n\t<td class=\"column-1\">Surface<\/td><td class=\"column-2\">UV- Lacquer<\/td>\n<\/tr>\n<tr class=\"row-7\">\n\t<td class=\"column-1\">Plywood weight<\/td><td class=\"column-2\">700 kg\/m2<\/td>\n<\/tr>\n<tr class=\"row-8\">\n\t<td class=\"column-1\">CBPB weight<\/td><td class=\"column-2\">1400 kg\/m2<\/td>\n<\/tr>\n<\/tbody>\n<\/table>\n<!-- #tablepress-2 from cache -->\n<\/div>\n\t\t\t\t\t\t<\/div>\n\t\t\t\t<\/div>\n\t\t\t\t<\/div>\n\t\t\t\t\t<\/div>\n\t\t\t\t<\/div>\n\t\t\t\t<\/div>\n\t\t\n    <div class=\"xs_social_share_widget xs_share_url after_content \t\tmain_content  wslu-style-1 wslu-share-box-shaped wslu-fill-colored wslu-none wslu-share-horizontal wslu-theme-font-no wslu-main_content\">\n\n\t\t\n        <ul>\n\t\t\t        <\/ul>\n    <\/div> \n","protected":false},"excerpt":{"rendered":"<p>V\u00e4rvid ja spoonid V\u00e4rvide ja spooni valik: Meie pealmine vineerikiht on saadaval mitmesugustes v\u00e4rvides. M\u00f5ned n\u00e4ited on toodud allpool. V\u00e4rvid Viilud V\u00e4rvimise asemel pakume ka spoonitud pealiskihti. M\u00f5ned n\u00e4ited on toodud allpool. Paneelid Dekoratsioon V\u00e4rvimise asemel pakume ka spoonitud pealiskihti. M\u00f5ned n\u00e4ited on toodud allpool. *Need on vaid n\u00e4idissponid ja -peitsid. V\u00f5imalikud on ka muud<br \/><a class=\"read-more\" href=\"https:\/\/www.technomar.ee\/et\/varvid-ja-spoonid\/\">Continue reading<span class=\"sr-only\">: V\u00e4rvid ja spoonid<\/span><span class=\"meta-nav\">&rarr;<\/span><\/a><\/p>\n","protected":false},"author":2,"featured_media":0,"parent":0,"menu_order":0,"comment_status":"closed","ping_status":"closed","template":"","meta":{"_acf_changed":false,"postBodyCss":"","postBodyMargin":[],"postBodyPadding":[],"postBodyBackground":{"backgroundType":"classic","gradient":""},"footnotes":""},"class_list":["post-2913","page","type-page","status-publish","hentry"],"acf":[],"yoast_head":"<!-- This site is optimized with the Yoast SEO plugin v22.5 - https:\/\/yoast.com\/wordpress\/plugins\/seo\/ -->\n<title>V\u00e4rvid ja spoonid - Technomar &amp; Adrem<\/title>\n<meta name=\"robots\" content=\"index, follow, max-snippet:-1, max-image-preview:large, max-video-preview:-1\" \/>\n<link rel=\"canonical\" href=\"https:\/\/www.technomar.ee\/et\/varvid-ja-spoonid\/\" \/>\n<meta property=\"og:locale\" content=\"et_EE\" \/>\n<meta property=\"og:type\" content=\"article\" \/>\n<meta property=\"og:title\" content=\"V\u00e4rvid ja spoonid - Technomar &amp; Adrem\" \/>\n<meta property=\"og:description\" content=\"V\u00e4rvid ja spoonid V\u00e4rvide ja spooni valik: Meie pealmine vineerikiht on saadaval mitmesugustes v\u00e4rvides. M\u00f5ned n\u00e4ited on toodud allpool. V\u00e4rvid Viilud V\u00e4rvimise asemel pakume ka spoonitud pealiskihti. M\u00f5ned n\u00e4ited on toodud allpool. Paneelid Dekoratsioon V\u00e4rvimise asemel pakume ka spoonitud pealiskihti. M\u00f5ned n\u00e4ited on toodud allpool. *Need on vaid n\u00e4idissponid ja -peitsid. V\u00f5imalikud on ka muudContinue reading: V\u00e4rvid ja spoonid&rarr;\" \/>\n<meta property=\"og:url\" content=\"https:\/\/www.technomar.ee\/et\/varvid-ja-spoonid\/\" \/>\n<meta property=\"og:site_name\" content=\"Technomar &amp; Adrem\" \/>\n<meta property=\"article:modified_time\" content=\"2025-10-20T09:03:10+00:00\" \/>\n<meta property=\"og:image\" content=\"https:\/\/www.technomar.ee\/wp-content\/uploads\/2025\/10\/Group-1-1024x683.webp\" \/>\n<meta name=\"twitter:card\" content=\"summary_large_image\" \/>\n<script type=\"application\/ld+json\" class=\"yoast-schema-graph\">{\"@context\":\"https:\/\/schema.org\",\"@graph\":[{\"@type\":\"WebPage\",\"@id\":\"https:\/\/www.technomar.ee\/et\/varvid-ja-spoonid\/\",\"url\":\"https:\/\/www.technomar.ee\/et\/varvid-ja-spoonid\/\",\"name\":\"V\u00e4rvid ja spoonid - Technomar &amp; Adrem\",\"isPartOf\":{\"@id\":\"https:\/\/www.technomar.ee\/et\/#website\"},\"primaryImageOfPage\":{\"@id\":\"https:\/\/www.technomar.ee\/et\/varvid-ja-spoonid\/#primaryimage\"},\"image\":{\"@id\":\"https:\/\/www.technomar.ee\/et\/varvid-ja-spoonid\/#primaryimage\"},\"thumbnailUrl\":\"https:\/\/www.technomar.ee\/wp-content\/uploads\/2025\/10\/Group-1-1024x683.webp\",\"datePublished\":\"2025-10-20T08:59:37+00:00\",\"dateModified\":\"2025-10-20T09:03:10+00:00\",\"breadcrumb\":{\"@id\":\"https:\/\/www.technomar.ee\/et\/varvid-ja-spoonid\/#breadcrumb\"},\"inLanguage\":\"et\",\"potentialAction\":[{\"@type\":\"ReadAction\",\"target\":[\"https:\/\/www.technomar.ee\/et\/varvid-ja-spoonid\/\"]}]},{\"@type\":\"ImageObject\",\"inLanguage\":\"et\",\"@id\":\"https:\/\/www.technomar.ee\/et\/varvid-ja-spoonid\/#primaryimage\",\"url\":\"https:\/\/www.technomar.ee\/wp-content\/uploads\/2025\/10\/Group-1-1024x683.webp\",\"contentUrl\":\"https:\/\/www.technomar.ee\/wp-content\/uploads\/2025\/10\/Group-1-1024x683.webp\"},{\"@type\":\"BreadcrumbList\",\"@id\":\"https:\/\/www.technomar.ee\/et\/varvid-ja-spoonid\/#breadcrumb\",\"itemListElement\":[{\"@type\":\"ListItem\",\"position\":1,\"name\":\"Home\",\"item\":\"https:\/\/www.technomar.ee\/et\/\"},{\"@type\":\"ListItem\",\"position\":2,\"name\":\"V\u00e4rvid ja spoonid\"}]},{\"@type\":\"WebSite\",\"@id\":\"https:\/\/www.technomar.ee\/et\/#website\",\"url\":\"https:\/\/www.technomar.ee\/et\/\",\"name\":\"Technomar &amp; Adrem\",\"description\":\"\",\"potentialAction\":[{\"@type\":\"SearchAction\",\"target\":{\"@type\":\"EntryPoint\",\"urlTemplate\":\"https:\/\/www.technomar.ee\/et\/?s={search_term_string}\"},\"query-input\":\"required name=search_term_string\"}],\"inLanguage\":\"et\"}]}<\/script>\n<!-- \/ Yoast SEO plugin. -->","yoast_head_json":{"title":"V\u00e4rvid ja spoonid - Technomar &amp; Adrem","robots":{"index":"index","follow":"follow","max-snippet":"max-snippet:-1","max-image-preview":"max-image-preview:large","max-video-preview":"max-video-preview:-1"},"canonical":"https:\/\/www.technomar.ee\/et\/varvid-ja-spoonid\/","og_locale":"et_EE","og_type":"article","og_title":"V\u00e4rvid ja spoonid - Technomar &amp; Adrem","og_description":"V\u00e4rvid ja spoonid V\u00e4rvide ja spooni valik: Meie pealmine vineerikiht on saadaval mitmesugustes v\u00e4rvides. M\u00f5ned n\u00e4ited on toodud allpool. V\u00e4rvid Viilud V\u00e4rvimise asemel pakume ka spoonitud pealiskihti. M\u00f5ned n\u00e4ited on toodud allpool. Paneelid Dekoratsioon V\u00e4rvimise asemel pakume ka spoonitud pealiskihti. M\u00f5ned n\u00e4ited on toodud allpool. *Need on vaid n\u00e4idissponid ja -peitsid. V\u00f5imalikud on ka muudContinue reading: V\u00e4rvid ja spoonid&rarr;","og_url":"https:\/\/www.technomar.ee\/et\/varvid-ja-spoonid\/","og_site_name":"Technomar &amp; Adrem","article_modified_time":"2025-10-20T09:03:10+00:00","og_image":[{"url":"https:\/\/www.technomar.ee\/wp-content\/uploads\/2025\/10\/Group-1-1024x683.webp"}],"twitter_card":"summary_large_image","schema":{"@context":"https:\/\/schema.org","@graph":[{"@type":"WebPage","@id":"https:\/\/www.technomar.ee\/et\/varvid-ja-spoonid\/","url":"https:\/\/www.technomar.ee\/et\/varvid-ja-spoonid\/","name":"V\u00e4rvid ja spoonid - Technomar &amp; Adrem","isPartOf":{"@id":"https:\/\/www.technomar.ee\/et\/#website"},"primaryImageOfPage":{"@id":"https:\/\/www.technomar.ee\/et\/varvid-ja-spoonid\/#primaryimage"},"image":{"@id":"https:\/\/www.technomar.ee\/et\/varvid-ja-spoonid\/#primaryimage"},"thumbnailUrl":"https:\/\/www.technomar.ee\/wp-content\/uploads\/2025\/10\/Group-1-1024x683.webp","datePublished":"2025-10-20T08:59:37+00:00","dateModified":"2025-10-20T09:03:10+00:00","breadcrumb":{"@id":"https:\/\/www.technomar.ee\/et\/varvid-ja-spoonid\/#breadcrumb"},"inLanguage":"et","potentialAction":[{"@type":"ReadAction","target":["https:\/\/www.technomar.ee\/et\/varvid-ja-spoonid\/"]}]},{"@type":"ImageObject","inLanguage":"et","@id":"https:\/\/www.technomar.ee\/et\/varvid-ja-spoonid\/#primaryimage","url":"https:\/\/www.technomar.ee\/wp-content\/uploads\/2025\/10\/Group-1-1024x683.webp","contentUrl":"https:\/\/www.technomar.ee\/wp-content\/uploads\/2025\/10\/Group-1-1024x683.webp"},{"@type":"BreadcrumbList","@id":"https:\/\/www.technomar.ee\/et\/varvid-ja-spoonid\/#breadcrumb","itemListElement":[{"@type":"ListItem","position":1,"name":"Home","item":"https:\/\/www.technomar.ee\/et\/"},{"@type":"ListItem","position":2,"name":"V\u00e4rvid ja spoonid"}]},{"@type":"WebSite","@id":"https:\/\/www.technomar.ee\/et\/#website","url":"https:\/\/www.technomar.ee\/et\/","name":"Technomar &amp; Adrem","description":"","potentialAction":[{"@type":"SearchAction","target":{"@type":"EntryPoint","urlTemplate":"https:\/\/www.technomar.ee\/et\/?s={search_term_string}"},"query-input":"required name=search_term_string"}],"inLanguage":"et"}]}},"_links":{"self":[{"href":"https:\/\/www.technomar.ee\/et\/wp-json\/wp\/v2\/pages\/2913","targetHints":{"allow":["GET"]}}],"collection":[{"href":"https:\/\/www.technomar.ee\/et\/wp-json\/wp\/v2\/pages"}],"about":[{"href":"https:\/\/www.technomar.ee\/et\/wp-json\/wp\/v2\/types\/page"}],"author":[{"embeddable":true,"href":"https:\/\/www.technomar.ee\/et\/wp-json\/wp\/v2\/users\/2"}],"replies":[{"embeddable":true,"href":"https:\/\/www.technomar.ee\/et\/wp-json\/wp\/v2\/comments?post=2913"}],"version-history":[{"count":1,"href":"https:\/\/www.technomar.ee\/et\/wp-json\/wp\/v2\/pages\/2913\/revisions"}],"predecessor-version":[{"id":2914,"href":"https:\/\/www.technomar.ee\/et\/wp-json\/wp\/v2\/pages\/2913\/revisions\/2914"}],"wp:attachment":[{"href":"https:\/\/www.technomar.ee\/et\/wp-json\/wp\/v2\/media?parent=2913"}],"curies":[{"name":"wp","href":"https:\/\/api.w.org\/{rel}","templated":true}]}}