{"id":2935,"date":"2025-10-20T10:26:48","date_gmt":"2025-10-20T07:26:48","guid":{"rendered":"https:\/\/www.technomar.ee\/kokkupandavad-kastid-vineerist\/"},"modified":"2025-10-20T12:25:27","modified_gmt":"2025-10-20T09:25:27","slug":"kokkupandavad-kastid-vineerist","status":"publish","type":"page","link":"https:\/\/www.technomar.ee\/et\/kokkupandavad-kastid-vineerist\/","title":{"rendered":"Kokkupandavad kastid vineerist"},"content":{"rendered":"\t\t<div data-elementor-type=\"wp-page\" data-elementor-id=\"2935\" class=\"elementor elementor-2935 elementor-2841\">\n\t\t\t\t<div class=\"elementor-element elementor-element-6c4f180 e-flex e-con-boxed e-con e-parent\" data-id=\"6c4f180\" data-element_type=\"container\">\n\t\t\t\t\t<div class=\"e-con-inner\">\n\t\t\t\t<div class=\"elementor-element elementor-element-8be43ff elementor-widget elementor-widget-image\" data-id=\"8be43ff\" data-element_type=\"widget\" data-widget_type=\"image.default\">\n\t\t\t\t<div class=\"elementor-widget-container\">\n\t\t\t\t\t\t\t\t\t\t\t\t\t\t\t<img fetchpriority=\"high\" decoding=\"async\" width=\"2560\" height=\"1476\" src=\"https:\/\/www.technomar.ee\/wp-content\/uploads\/2025\/10\/tebnoboxes-scaled.webp\" class=\"attachment-full size-full wp-image-2649\" alt=\"\" srcset=\"https:\/\/www.technomar.ee\/wp-content\/uploads\/2025\/10\/tebnoboxes-scaled.webp 2560w, https:\/\/www.technomar.ee\/wp-content\/uploads\/2025\/10\/tebnoboxes-300x173.webp 300w, https:\/\/www.technomar.ee\/wp-content\/uploads\/2025\/10\/tebnoboxes-1024x590.webp 1024w, https:\/\/www.technomar.ee\/wp-content\/uploads\/2025\/10\/tebnoboxes-768x443.webp 768w, https:\/\/www.technomar.ee\/wp-content\/uploads\/2025\/10\/tebnoboxes-1536x886.webp 1536w, https:\/\/www.technomar.ee\/wp-content\/uploads\/2025\/10\/tebnoboxes-2048x1181.webp 2048w, https:\/\/www.technomar.ee\/wp-content\/uploads\/2025\/10\/tebnoboxes-500x288.webp 500w, https:\/\/www.technomar.ee\/wp-content\/uploads\/2025\/10\/tebnoboxes-1800x1038.webp 1800w\" sizes=\"(max-width: 2560px) 100vw, 2560px\" \/>\t\t\t\t\t\t\t\t\t\t\t\t\t\t\t<\/div>\n\t\t\t\t<\/div>\n\t\t\t\t\t<\/div>\n\t\t\t\t<\/div>\n\t\t<div class=\"elementor-element elementor-element-ecaeeca e-flex e-con-boxed e-con e-parent\" data-id=\"ecaeeca\" data-element_type=\"container\">\n\t\t\t\t\t<div class=\"e-con-inner\">\n\t\t<div class=\"elementor-element elementor-element-81685f7 e-con-full e-flex e-con e-child\" data-id=\"81685f7\" data-element_type=\"container\">\n\t\t\t\t<div class=\"elementor-element elementor-element-6e2e6af elementor-widget elementor-widget-heading\" data-id=\"6e2e6af\" data-element_type=\"widget\" data-widget_type=\"heading.default\">\n\t\t\t\t<div class=\"elementor-widget-container\">\n\t\t\t\t\t<h2 class=\"elementor-heading-title elementor-size-default\">TechnoBox<\/h2>\t\t\t\t<\/div>\n\t\t\t\t<\/div>\n\t\t\t\t<div class=\"elementor-element elementor-element-5f51a71 elementor-widget elementor-widget-text-editor\" data-id=\"5f51a71\" data-element_type=\"widget\" data-widget_type=\"text-editor.default\">\n\t\t\t\t<div class=\"elementor-widget-container\">\n\t\t\t\t\t\t\t\t\t<p><strong>TechnoBox<\/strong> on vastupidav, kauakestev ja korduvkasutatav pakkekast metallist ja vineerist. See materjalide kombinatsioon loob kerge ja erakordselt tugeva pakendilahenduse. Paljud pakendamisrakendused saavad kasu ruumi, kaalu ja aja v\u00e4hendamisest, mida TechnoBox pakub. <\/p><p>Kasti konstruktsioonis kasutatud materjalid tagavad selle t\u00f6\u00f6kindluse ja vastupidavuse. Kasevineer on v\u00e4ga kerge, tugev ja ilmastikukindel, kammerdatud servad muudavad konstruktsiooni v\u00e4ga stabiilseks. Galvaniseeritud metallnurgad ja galvaniseeritud \u00fchendusklambrid annavad t\u00fc\u00fcpilise vineerkasti tugevuse, kuid on kergemad ja v\u00e4iksemate v\u00e4lism\u00f5\u00f5tmetega. Galvaniseeritud teras v\u00f5imaldab kinnitustappide korduvat painutamist. <\/p><p>TechnoBox on naelavaba lahendus, mis ei vaja naelu, klambreid, sidumist ega muid materjale, seda saab kiiresti ja lihtsalt kokku panna peaaegu k\u00f5ikjal. Peamiselt saadetakse see lahtiv\u00f5etuna, mis v\u00e4hendab sissetulevat veokulu. <\/p>\t\t\t\t\t\t\t\t<\/div>\n\t\t\t\t<\/div>\n\t\t\t\t<\/div>\n\t\t<div class=\"elementor-element elementor-element-f3ab781 e-con-full e-flex e-con e-child\" data-id=\"f3ab781\" data-element_type=\"container\">\n\t\t\t\t<div class=\"elementor-element elementor-element-d780680 elementor-widget elementor-widget-heading\" data-id=\"d780680\" data-element_type=\"widget\" data-widget_type=\"heading.default\">\n\t\t\t\t<div class=\"elementor-widget-container\">\n\t\t\t\t\t<h2 class=\"elementor-heading-title elementor-size-default\">Peamised omadused:<\/h2>\t\t\t\t<\/div>\n\t\t\t\t<\/div>\n\t\t\t\t<div class=\"elementor-element elementor-element-4d30eaa elementor-icon-list--layout-traditional elementor-list-item-link-full_width elementor-widget elementor-widget-icon-list\" data-id=\"4d30eaa\" data-element_type=\"widget\" data-widget_type=\"icon-list.default\">\n\t\t\t\t<div class=\"elementor-widget-container\">\n\t\t\t\t\t\t\t<ul class=\"elementor-icon-list-items\">\n\t\t\t\t\t\t\t<li class=\"elementor-icon-list-item\">\n\t\t\t\t\t\t\t\t\t\t\t<span class=\"elementor-icon-list-icon\">\n\t\t\t\t\t\t\t<svg aria-hidden=\"true\" class=\"e-font-icon-svg e-fas-check\" viewBox=\"0 0 512 512\" xmlns=\"http:\/\/www.w3.org\/2000\/svg\"><path d=\"M173.898 439.404l-166.4-166.4c-9.997-9.997-9.997-26.206 0-36.204l36.203-36.204c9.997-9.998 26.207-9.998 36.204 0L192 312.69 432.095 72.596c9.997-9.997 26.207-9.997 36.204 0l36.203 36.204c9.997 9.997 9.997 26.206 0 36.204l-294.4 294.401c-9.998 9.997-26.207 9.997-36.204-.001z\"><\/path><\/svg>\t\t\t\t\t\t<\/span>\n\t\t\t\t\t\t\t\t\t\t<span class=\"elementor-icon-list-text\">Vastupidav, kauakestev, ilmastikukindel<\/span>\n\t\t\t\t\t\t\t\t\t<\/li>\n\t\t\t\t\t\t\t\t<li class=\"elementor-icon-list-item\">\n\t\t\t\t\t\t\t\t\t\t\t<span class=\"elementor-icon-list-icon\">\n\t\t\t\t\t\t\t<svg aria-hidden=\"true\" class=\"e-font-icon-svg e-fas-check\" viewBox=\"0 0 512 512\" xmlns=\"http:\/\/www.w3.org\/2000\/svg\"><path d=\"M173.898 439.404l-166.4-166.4c-9.997-9.997-9.997-26.206 0-36.204l36.203-36.204c9.997-9.998 26.207-9.998 36.204 0L192 312.69 432.095 72.596c9.997-9.997 26.207-9.997 36.204 0l36.203 36.204c9.997 9.997 9.997 26.206 0 36.204l-294.4 294.401c-9.998 9.997-26.207 9.997-36.204-.001z\"><\/path><\/svg>\t\t\t\t\t\t<\/span>\n\t\t\t\t\t\t\t\t\t\t<span class=\"elementor-icon-list-text\">V\u00e4hendab kaalu, transpordikulusid, lihtne ladustada ja liigutada<\/span>\n\t\t\t\t\t\t\t\t\t<\/li>\n\t\t\t\t\t\t\t\t<li class=\"elementor-icon-list-item\">\n\t\t\t\t\t\t\t\t\t\t\t<span class=\"elementor-icon-list-icon\">\n\t\t\t\t\t\t\t<svg aria-hidden=\"true\" class=\"e-font-icon-svg e-fas-check\" viewBox=\"0 0 512 512\" xmlns=\"http:\/\/www.w3.org\/2000\/svg\"><path d=\"M173.898 439.404l-166.4-166.4c-9.997-9.997-9.997-26.206 0-36.204l36.203-36.204c9.997-9.998 26.207-9.998 36.204 0L192 312.69 432.095 72.596c9.997-9.997 26.207-9.997 36.204 0l36.203 36.204c9.997 9.997 9.997 26.206 0 36.204l-294.4 294.401c-9.998 9.997-26.207 9.997-36.204-.001z\"><\/path><\/svg>\t\t\t\t\t\t<\/span>\n\t\t\t\t\t\t\t\t\t\t<span class=\"elementor-icon-list-text\">Ei vaja sidumist, naelutamist, klammerdamist ega liime<\/span>\n\t\t\t\t\t\t\t\t\t<\/li>\n\t\t\t\t\t\t\t\t<li class=\"elementor-icon-list-item\">\n\t\t\t\t\t\t\t\t\t\t\t<span class=\"elementor-icon-list-icon\">\n\t\t\t\t\t\t\t<svg aria-hidden=\"true\" class=\"e-font-icon-svg e-fas-check\" viewBox=\"0 0 512 512\" xmlns=\"http:\/\/www.w3.org\/2000\/svg\"><path d=\"M173.898 439.404l-166.4-166.4c-9.997-9.997-9.997-26.206 0-36.204l36.203-36.204c9.997-9.998 26.207-9.998 36.204 0L192 312.69 432.095 72.596c9.997-9.997 26.207-9.997 36.204 0l36.203 36.204c9.997 9.997 9.997 26.206 0 36.204l-294.4 294.401c-9.998 9.997-26.207 9.997-36.204-.001z\"><\/path><\/svg>\t\t\t\t\t\t<\/span>\n\t\t\t\t\t\t\t\t\t\t<span class=\"elementor-icon-list-text\">Korduvkasutatav, lihtne kokku panna, lahti v\u00f5tta ja hilisemaks kasutamiseks ladustada.<\/span>\n\t\t\t\t\t\t\t\t\t<\/li>\n\t\t\t\t\t\t\t\t<li class=\"elementor-icon-list-item\">\n\t\t\t\t\t\t\t\t\t\t\t<span class=\"elementor-icon-list-icon\">\n\t\t\t\t\t\t\t<svg aria-hidden=\"true\" class=\"e-font-icon-svg e-fas-check\" viewBox=\"0 0 512 512\" xmlns=\"http:\/\/www.w3.org\/2000\/svg\"><path d=\"M173.898 439.404l-166.4-166.4c-9.997-9.997-9.997-26.206 0-36.204l36.203-36.204c9.997-9.998 26.207-9.998 36.204 0L192 312.69 432.095 72.596c9.997-9.997 26.207-9.997 36.204 0l36.203 36.204c9.997 9.997 9.997 26.206 0 36.204l-294.4 294.401c-9.998 9.997-26.207 9.997-36.204-.001z\"><\/path><\/svg>\t\t\t\t\t\t<\/span>\n\t\t\t\t\t\t\t\t\t\t<span class=\"elementor-icon-list-text\">Teatud suurused on sertifitseeritud ohtlike kaupade transpordiks.<\/span>\n\t\t\t\t\t\t\t\t\t<\/li>\n\t\t\t\t\t\t<\/ul>\n\t\t\t\t\t\t<\/div>\n\t\t\t\t<\/div>\n\t\t\t\t<div class=\"elementor-element elementor-element-57e6d13 elementor-widget elementor-widget-text-editor\" data-id=\"57e6d13\" data-element_type=\"widget\" data-widget_type=\"text-editor.default\">\n\t\t\t\t<div class=\"elementor-widget-container\">\n\t\t\t\t\t\t\t\t\t<p><strong>Lisateave premium-pakendite kohta Technoboxi veebisaidil:<\/strong><\/p>\t\t\t\t\t\t\t\t<\/div>\n\t\t\t\t<\/div>\n\t\t\t\t<div class=\"elementor-element elementor-element-20f88f6 elementor-widget elementor-widget-button\" data-id=\"20f88f6\" data-element_type=\"widget\" data-widget_type=\"button.default\">\n\t\t\t\t<div class=\"elementor-widget-container\">\n\t\t\t\t\t\t\t\t\t<div class=\"elementor-button-wrapper\">\n\t\t\t\t\t<a class=\"elementor-button elementor-button-link elementor-size-sm\" href=\"#\">\n\t\t\t\t\t\t<span class=\"elementor-button-content-wrapper\">\n\t\t\t\t\t\t\t\t\t<span class=\"elementor-button-text\">K\u00fclastage Technoboxi<\/span>\n\t\t\t\t\t<\/span>\n\t\t\t\t\t<\/a>\n\t\t\t\t<\/div>\n\t\t\t\t\t\t\t\t<\/div>\n\t\t\t\t<\/div>\n\t\t\t\t<\/div>\n\t\t\t\t\t<\/div>\n\t\t\t\t<\/div>\n\t\t\t\t<\/div>\n\t\t\n    <div class=\"xs_social_share_widget xs_share_url after_content \t\tmain_content  wslu-style-1 wslu-share-box-shaped wslu-fill-colored wslu-none wslu-share-horizontal wslu-theme-font-no wslu-main_content\">\n\n\t\t\n        <ul>\n\t\t\t        <\/ul>\n    <\/div> \n","protected":false},"excerpt":{"rendered":"<p>TechnoBox TechnoBox on vastupidav, kauakestev ja korduvkasutatav pakkekast metallist ja vineerist. See materjalide kombinatsioon loob kerge ja erakordselt tugeva pakendilahenduse. Paljud pakendamisrakendused saavad kasu ruumi, kaalu ja aja v\u00e4hendamisest, mida TechnoBox pakub. Kasti konstruktsioonis kasutatud materjalid tagavad selle t\u00f6\u00f6kindluse ja vastupidavuse. Kasevineer on v\u00e4ga kerge, tugev ja ilmastikukindel, kammerdatud servad muudavad konstruktsiooni v\u00e4ga stabiilseks. Galvaniseeritud<br \/><a class=\"read-more\" href=\"https:\/\/www.technomar.ee\/et\/kokkupandavad-kastid-vineerist\/\">Continue reading<span class=\"sr-only\">: Kokkupandavad kastid vineerist<\/span><span class=\"meta-nav\">&rarr;<\/span><\/a><\/p>\n","protected":false},"author":2,"featured_media":0,"parent":0,"menu_order":0,"comment_status":"closed","ping_status":"closed","template":"","meta":{"_acf_changed":false,"postBodyCss":"","postBodyMargin":[],"postBodyPadding":[],"postBodyBackground":{"backgroundType":"classic","gradient":""},"footnotes":""},"class_list":["post-2935","page","type-page","status-publish","hentry"],"acf":[],"yoast_head":"<!-- This site is optimized with the Yoast SEO plugin v22.5 - https:\/\/yoast.com\/wordpress\/plugins\/seo\/ -->\n<title>Kokkupandavad kastid vineerist - Technomar &amp; Adrem<\/title>\n<meta name=\"robots\" content=\"index, follow, max-snippet:-1, max-image-preview:large, max-video-preview:-1\" \/>\n<link rel=\"canonical\" href=\"https:\/\/www.technomar.ee\/et\/kokkupandavad-kastid-vineerist\/\" \/>\n<meta property=\"og:locale\" content=\"et_EE\" \/>\n<meta property=\"og:type\" content=\"article\" \/>\n<meta property=\"og:title\" content=\"Kokkupandavad kastid vineerist - Technomar &amp; Adrem\" \/>\n<meta property=\"og:description\" content=\"TechnoBox TechnoBox on vastupidav, kauakestev ja korduvkasutatav pakkekast metallist ja vineerist. See materjalide kombinatsioon loob kerge ja erakordselt tugeva pakendilahenduse. Paljud pakendamisrakendused saavad kasu ruumi, kaalu ja aja v\u00e4hendamisest, mida TechnoBox pakub. Kasti konstruktsioonis kasutatud materjalid tagavad selle t\u00f6\u00f6kindluse ja vastupidavuse. Kasevineer on v\u00e4ga kerge, tugev ja ilmastikukindel, kammerdatud servad muudavad konstruktsiooni v\u00e4ga stabiilseks. GalvaniseeritudContinue reading: Kokkupandavad kastid vineerist&rarr;\" \/>\n<meta property=\"og:url\" content=\"https:\/\/www.technomar.ee\/et\/kokkupandavad-kastid-vineerist\/\" \/>\n<meta property=\"og:site_name\" content=\"Technomar &amp; Adrem\" \/>\n<meta property=\"article:modified_time\" content=\"2025-10-20T09:25:27+00:00\" \/>\n<meta property=\"og:image\" content=\"https:\/\/www.technomar.ee\/wp-content\/uploads\/2025\/10\/tebnoboxes-scaled.webp\" \/>\n<meta name=\"twitter:card\" content=\"summary_large_image\" \/>\n<meta name=\"twitter:label1\" content=\"Est. reading time\" \/>\n\t<meta name=\"twitter:data1\" content=\"1 minut\" \/>\n<script type=\"application\/ld+json\" class=\"yoast-schema-graph\">{\"@context\":\"https:\/\/schema.org\",\"@graph\":[{\"@type\":\"WebPage\",\"@id\":\"https:\/\/www.technomar.ee\/et\/kokkupandavad-kastid-vineerist\/\",\"url\":\"https:\/\/www.technomar.ee\/et\/kokkupandavad-kastid-vineerist\/\",\"name\":\"Kokkupandavad kastid vineerist - Technomar &amp; Adrem\",\"isPartOf\":{\"@id\":\"https:\/\/www.technomar.ee\/et\/#website\"},\"primaryImageOfPage\":{\"@id\":\"https:\/\/www.technomar.ee\/et\/kokkupandavad-kastid-vineerist\/#primaryimage\"},\"image\":{\"@id\":\"https:\/\/www.technomar.ee\/et\/kokkupandavad-kastid-vineerist\/#primaryimage\"},\"thumbnailUrl\":\"https:\/\/www.technomar.ee\/wp-content\/uploads\/2025\/10\/tebnoboxes-scaled.webp\",\"datePublished\":\"2025-10-20T07:26:48+00:00\",\"dateModified\":\"2025-10-20T09:25:27+00:00\",\"breadcrumb\":{\"@id\":\"https:\/\/www.technomar.ee\/et\/kokkupandavad-kastid-vineerist\/#breadcrumb\"},\"inLanguage\":\"et\",\"potentialAction\":[{\"@type\":\"ReadAction\",\"target\":[\"https:\/\/www.technomar.ee\/et\/kokkupandavad-kastid-vineerist\/\"]}]},{\"@type\":\"ImageObject\",\"inLanguage\":\"et\",\"@id\":\"https:\/\/www.technomar.ee\/et\/kokkupandavad-kastid-vineerist\/#primaryimage\",\"url\":\"https:\/\/www.technomar.ee\/wp-content\/uploads\/2025\/10\/tebnoboxes-scaled.webp\",\"contentUrl\":\"https:\/\/www.technomar.ee\/wp-content\/uploads\/2025\/10\/tebnoboxes-scaled.webp\"},{\"@type\":\"BreadcrumbList\",\"@id\":\"https:\/\/www.technomar.ee\/et\/kokkupandavad-kastid-vineerist\/#breadcrumb\",\"itemListElement\":[{\"@type\":\"ListItem\",\"position\":1,\"name\":\"Home\",\"item\":\"https:\/\/www.technomar.ee\/et\/\"},{\"@type\":\"ListItem\",\"position\":2,\"name\":\"Kokkupandavad kastid vineerist\"}]},{\"@type\":\"WebSite\",\"@id\":\"https:\/\/www.technomar.ee\/et\/#website\",\"url\":\"https:\/\/www.technomar.ee\/et\/\",\"name\":\"Technomar &amp; Adrem\",\"description\":\"\",\"potentialAction\":[{\"@type\":\"SearchAction\",\"target\":{\"@type\":\"EntryPoint\",\"urlTemplate\":\"https:\/\/www.technomar.ee\/et\/?s={search_term_string}\"},\"query-input\":\"required name=search_term_string\"}],\"inLanguage\":\"et\"}]}<\/script>\n<!-- \/ Yoast SEO plugin. -->","yoast_head_json":{"title":"Kokkupandavad kastid vineerist - Technomar &amp; Adrem","robots":{"index":"index","follow":"follow","max-snippet":"max-snippet:-1","max-image-preview":"max-image-preview:large","max-video-preview":"max-video-preview:-1"},"canonical":"https:\/\/www.technomar.ee\/et\/kokkupandavad-kastid-vineerist\/","og_locale":"et_EE","og_type":"article","og_title":"Kokkupandavad kastid vineerist - Technomar &amp; Adrem","og_description":"TechnoBox TechnoBox on vastupidav, kauakestev ja korduvkasutatav pakkekast metallist ja vineerist. See materjalide kombinatsioon loob kerge ja erakordselt tugeva pakendilahenduse. Paljud pakendamisrakendused saavad kasu ruumi, kaalu ja aja v\u00e4hendamisest, mida TechnoBox pakub. Kasti konstruktsioonis kasutatud materjalid tagavad selle t\u00f6\u00f6kindluse ja vastupidavuse. Kasevineer on v\u00e4ga kerge, tugev ja ilmastikukindel, kammerdatud servad muudavad konstruktsiooni v\u00e4ga stabiilseks. GalvaniseeritudContinue reading: Kokkupandavad kastid vineerist&rarr;","og_url":"https:\/\/www.technomar.ee\/et\/kokkupandavad-kastid-vineerist\/","og_site_name":"Technomar &amp; Adrem","article_modified_time":"2025-10-20T09:25:27+00:00","og_image":[{"url":"https:\/\/www.technomar.ee\/wp-content\/uploads\/2025\/10\/tebnoboxes-scaled.webp"}],"twitter_card":"summary_large_image","twitter_misc":{"Est. reading time":"1 minut"},"schema":{"@context":"https:\/\/schema.org","@graph":[{"@type":"WebPage","@id":"https:\/\/www.technomar.ee\/et\/kokkupandavad-kastid-vineerist\/","url":"https:\/\/www.technomar.ee\/et\/kokkupandavad-kastid-vineerist\/","name":"Kokkupandavad kastid vineerist - Technomar &amp; Adrem","isPartOf":{"@id":"https:\/\/www.technomar.ee\/et\/#website"},"primaryImageOfPage":{"@id":"https:\/\/www.technomar.ee\/et\/kokkupandavad-kastid-vineerist\/#primaryimage"},"image":{"@id":"https:\/\/www.technomar.ee\/et\/kokkupandavad-kastid-vineerist\/#primaryimage"},"thumbnailUrl":"https:\/\/www.technomar.ee\/wp-content\/uploads\/2025\/10\/tebnoboxes-scaled.webp","datePublished":"2025-10-20T07:26:48+00:00","dateModified":"2025-10-20T09:25:27+00:00","breadcrumb":{"@id":"https:\/\/www.technomar.ee\/et\/kokkupandavad-kastid-vineerist\/#breadcrumb"},"inLanguage":"et","potentialAction":[{"@type":"ReadAction","target":["https:\/\/www.technomar.ee\/et\/kokkupandavad-kastid-vineerist\/"]}]},{"@type":"ImageObject","inLanguage":"et","@id":"https:\/\/www.technomar.ee\/et\/kokkupandavad-kastid-vineerist\/#primaryimage","url":"https:\/\/www.technomar.ee\/wp-content\/uploads\/2025\/10\/tebnoboxes-scaled.webp","contentUrl":"https:\/\/www.technomar.ee\/wp-content\/uploads\/2025\/10\/tebnoboxes-scaled.webp"},{"@type":"BreadcrumbList","@id":"https:\/\/www.technomar.ee\/et\/kokkupandavad-kastid-vineerist\/#breadcrumb","itemListElement":[{"@type":"ListItem","position":1,"name":"Home","item":"https:\/\/www.technomar.ee\/et\/"},{"@type":"ListItem","position":2,"name":"Kokkupandavad kastid vineerist"}]},{"@type":"WebSite","@id":"https:\/\/www.technomar.ee\/et\/#website","url":"https:\/\/www.technomar.ee\/et\/","name":"Technomar &amp; Adrem","description":"","potentialAction":[{"@type":"SearchAction","target":{"@type":"EntryPoint","urlTemplate":"https:\/\/www.technomar.ee\/et\/?s={search_term_string}"},"query-input":"required name=search_term_string"}],"inLanguage":"et"}]}},"_links":{"self":[{"href":"https:\/\/www.technomar.ee\/et\/wp-json\/wp\/v2\/pages\/2935","targetHints":{"allow":["GET"]}}],"collection":[{"href":"https:\/\/www.technomar.ee\/et\/wp-json\/wp\/v2\/pages"}],"about":[{"href":"https:\/\/www.technomar.ee\/et\/wp-json\/wp\/v2\/types\/page"}],"author":[{"embeddable":true,"href":"https:\/\/www.technomar.ee\/et\/wp-json\/wp\/v2\/users\/2"}],"replies":[{"embeddable":true,"href":"https:\/\/www.technomar.ee\/et\/wp-json\/wp\/v2\/comments?post=2935"}],"version-history":[{"count":1,"href":"https:\/\/www.technomar.ee\/et\/wp-json\/wp\/v2\/pages\/2935\/revisions"}],"predecessor-version":[{"id":2936,"href":"https:\/\/www.technomar.ee\/et\/wp-json\/wp\/v2\/pages\/2935\/revisions\/2936"}],"wp:attachment":[{"href":"https:\/\/www.technomar.ee\/et\/wp-json\/wp\/v2\/media?parent=2935"}],"curies":[{"name":"wp","href":"https:\/\/api.w.org\/{rel}","templated":true}]}}