{"id":2971,"date":"2015-11-12T04:02:45","date_gmt":"2015-11-12T02:02:45","guid":{"rendered":"https:\/\/www.technomar.ee\/tooted\/kovaplaadist-pakendikettad-ja-lehed\/"},"modified":"2015-11-12T04:02:45","modified_gmt":"2015-11-12T02:02:45","slug":"kovaplaadist-pakendikettad-ja-lehed","status":"publish","type":"page","link":"https:\/\/www.technomar.ee\/et\/kovaplaadist-pakendikettad-ja-lehed\/","title":{"rendered":"K\u00f5vaplaadist pakendikettad ja -lehed"},"content":{"rendered":"<p><span>Kettad ja lehed terasrullide pakkimiseks. <a href=\"http:\/\/www.technomar.ee\/wp-content\/uploads\/2015\/12\/Hardboard.pdf\">Loe edasi<\/a><\/span><\/p>\n<p>Palun <a href=\"http:\/\/www.technomar.ee\/contact\/\">v\u00f5tke meiega \u00fchendust<\/a>, et saada rohkem teavet k\u00f5vaplaadist kohandatud pakendilahenduste kohta.<\/p>\n<p><a href=\"https:\/\/www.technomar.ee\/wp-content\/uploads\/2015\/11\/packagingHardboard-300x225.jpg\"><img fetchpriority=\"high\" decoding=\"async\" class=\"alignnone wp-image-513 size-medium\" alt=\"K\u00f5vaplaadist pakendikettad ja -lehed\" src=\"https:\/\/www.technomar.ee\/wp-content\/uploads\/2015\/11\/packagingHardboard-300x225.jpg\" width=\"300\" height=\"225\" srcset=\"https:\/\/www.technomar.ee\/wp-content\/uploads\/2015\/11\/packagingHardboard-300x225.jpg 300w, https:\/\/www.technomar.ee\/wp-content\/uploads\/2015\/11\/packagingHardboard-500x375.jpg 500w, https:\/\/www.technomar.ee\/wp-content\/uploads\/2015\/11\/packagingHardboard.jpg 800w\" sizes=\"(max-width: 300px) 100vw, 300px\" \/><\/a><\/p>\n\n    <div class=\"xs_social_share_widget xs_share_url after_content \t\tmain_content  wslu-style-1 wslu-share-box-shaped wslu-fill-colored wslu-none wslu-share-horizontal wslu-theme-font-no wslu-main_content\">\n\n\t\t\n        <ul>\n\t\t\t        <\/ul>\n    <\/div> \n","protected":false},"excerpt":{"rendered":"<p>Kettad ja lehed terasrullide pakkimiseks. Loe edasi Palun v\u00f5tke meiega \u00fchendust, et saada rohkem teavet k\u00f5vaplaadist kohandatud pakendilahenduste kohta.<\/p>\n","protected":false},"author":1,"featured_media":0,"parent":0,"menu_order":0,"comment_status":"closed","ping_status":"closed","template":"","meta":{"_acf_changed":false,"postBodyCss":"","postBodyMargin":[],"postBodyPadding":[],"postBodyBackground":{"backgroundType":"classic","gradient":""},"footnotes":""},"class_list":["post-2971","page","type-page","status-publish","hentry"],"acf":[],"yoast_head":"<!-- This site is optimized with the Yoast SEO plugin v22.5 - https:\/\/yoast.com\/wordpress\/plugins\/seo\/ -->\n<title>K\u00f5vaplaadist pakendikettad ja -lehed - Technomar &amp; Adrem<\/title>\n<meta name=\"robots\" content=\"index, follow, max-snippet:-1, max-image-preview:large, max-video-preview:-1\" \/>\n<link rel=\"canonical\" href=\"https:\/\/www.technomar.ee\/et\/kovaplaadist-pakendikettad-ja-lehed\/\" \/>\n<meta property=\"og:locale\" content=\"et_EE\" \/>\n<meta property=\"og:type\" content=\"article\" \/>\n<meta property=\"og:title\" content=\"K\u00f5vaplaadist pakendikettad ja -lehed - Technomar &amp; Adrem\" \/>\n<meta property=\"og:description\" content=\"Kettad ja lehed terasrullide pakkimiseks. Loe edasi Palun v\u00f5tke meiega \u00fchendust, et saada rohkem teavet k\u00f5vaplaadist kohandatud pakendilahenduste kohta.\" \/>\n<meta property=\"og:url\" content=\"https:\/\/www.technomar.ee\/et\/kovaplaadist-pakendikettad-ja-lehed\/\" \/>\n<meta property=\"og:site_name\" content=\"Technomar &amp; Adrem\" \/>\n<meta property=\"og:image\" content=\"https:\/\/www.technomar.ee\/wp-content\/uploads\/2015\/11\/packagingHardboard-300x225.jpg\" \/>\n<meta name=\"twitter:card\" content=\"summary_large_image\" \/>\n<script type=\"application\/ld+json\" class=\"yoast-schema-graph\">{\"@context\":\"https:\/\/schema.org\",\"@graph\":[{\"@type\":\"WebPage\",\"@id\":\"https:\/\/www.technomar.ee\/et\/kovaplaadist-pakendikettad-ja-lehed\/\",\"url\":\"https:\/\/www.technomar.ee\/et\/kovaplaadist-pakendikettad-ja-lehed\/\",\"name\":\"K\u00f5vaplaadist pakendikettad ja -lehed - Technomar &amp; Adrem\",\"isPartOf\":{\"@id\":\"https:\/\/www.technomar.ee\/et\/#website\"},\"primaryImageOfPage\":{\"@id\":\"https:\/\/www.technomar.ee\/et\/kovaplaadist-pakendikettad-ja-lehed\/#primaryimage\"},\"image\":{\"@id\":\"https:\/\/www.technomar.ee\/et\/kovaplaadist-pakendikettad-ja-lehed\/#primaryimage\"},\"thumbnailUrl\":\"https:\/\/www.technomar.ee\/wp-content\/uploads\/2015\/11\/packagingHardboard-300x225.jpg\",\"datePublished\":\"2015-11-12T02:02:45+00:00\",\"dateModified\":\"2015-11-12T02:02:45+00:00\",\"breadcrumb\":{\"@id\":\"https:\/\/www.technomar.ee\/et\/kovaplaadist-pakendikettad-ja-lehed\/#breadcrumb\"},\"inLanguage\":\"et\",\"potentialAction\":[{\"@type\":\"ReadAction\",\"target\":[\"https:\/\/www.technomar.ee\/et\/kovaplaadist-pakendikettad-ja-lehed\/\"]}]},{\"@type\":\"ImageObject\",\"inLanguage\":\"et\",\"@id\":\"https:\/\/www.technomar.ee\/et\/kovaplaadist-pakendikettad-ja-lehed\/#primaryimage\",\"url\":\"https:\/\/www.technomar.ee\/wp-content\/uploads\/2015\/11\/packagingHardboard-300x225.jpg\",\"contentUrl\":\"https:\/\/www.technomar.ee\/wp-content\/uploads\/2015\/11\/packagingHardboard-300x225.jpg\"},{\"@type\":\"BreadcrumbList\",\"@id\":\"https:\/\/www.technomar.ee\/et\/kovaplaadist-pakendikettad-ja-lehed\/#breadcrumb\",\"itemListElement\":[{\"@type\":\"ListItem\",\"position\":1,\"name\":\"Home\",\"item\":\"https:\/\/www.technomar.ee\/et\/\"},{\"@type\":\"ListItem\",\"position\":2,\"name\":\"Tooted\",\"item\":\"https:\/\/www.technomar.ee\/et\/tooted\/\"},{\"@type\":\"ListItem\",\"position\":3,\"name\":\"K\u00f5vaplaadist pakendikettad ja -lehed\"}]},{\"@type\":\"WebSite\",\"@id\":\"https:\/\/www.technomar.ee\/et\/#website\",\"url\":\"https:\/\/www.technomar.ee\/et\/\",\"name\":\"Technomar &amp; Adrem\",\"description\":\"\",\"potentialAction\":[{\"@type\":\"SearchAction\",\"target\":{\"@type\":\"EntryPoint\",\"urlTemplate\":\"https:\/\/www.technomar.ee\/et\/?s={search_term_string}\"},\"query-input\":\"required name=search_term_string\"}],\"inLanguage\":\"et\"}]}<\/script>\n<!-- \/ Yoast SEO plugin. -->","yoast_head_json":{"title":"K\u00f5vaplaadist pakendikettad ja -lehed - Technomar &amp; Adrem","robots":{"index":"index","follow":"follow","max-snippet":"max-snippet:-1","max-image-preview":"max-image-preview:large","max-video-preview":"max-video-preview:-1"},"canonical":"https:\/\/www.technomar.ee\/et\/kovaplaadist-pakendikettad-ja-lehed\/","og_locale":"et_EE","og_type":"article","og_title":"K\u00f5vaplaadist pakendikettad ja -lehed - Technomar &amp; Adrem","og_description":"Kettad ja lehed terasrullide pakkimiseks. Loe edasi Palun v\u00f5tke meiega \u00fchendust, et saada rohkem teavet k\u00f5vaplaadist kohandatud pakendilahenduste kohta.","og_url":"https:\/\/www.technomar.ee\/et\/kovaplaadist-pakendikettad-ja-lehed\/","og_site_name":"Technomar &amp; Adrem","og_image":[{"url":"https:\/\/www.technomar.ee\/wp-content\/uploads\/2015\/11\/packagingHardboard-300x225.jpg"}],"twitter_card":"summary_large_image","schema":{"@context":"https:\/\/schema.org","@graph":[{"@type":"WebPage","@id":"https:\/\/www.technomar.ee\/et\/kovaplaadist-pakendikettad-ja-lehed\/","url":"https:\/\/www.technomar.ee\/et\/kovaplaadist-pakendikettad-ja-lehed\/","name":"K\u00f5vaplaadist pakendikettad ja -lehed - Technomar &amp; Adrem","isPartOf":{"@id":"https:\/\/www.technomar.ee\/et\/#website"},"primaryImageOfPage":{"@id":"https:\/\/www.technomar.ee\/et\/kovaplaadist-pakendikettad-ja-lehed\/#primaryimage"},"image":{"@id":"https:\/\/www.technomar.ee\/et\/kovaplaadist-pakendikettad-ja-lehed\/#primaryimage"},"thumbnailUrl":"https:\/\/www.technomar.ee\/wp-content\/uploads\/2015\/11\/packagingHardboard-300x225.jpg","datePublished":"2015-11-12T02:02:45+00:00","dateModified":"2015-11-12T02:02:45+00:00","breadcrumb":{"@id":"https:\/\/www.technomar.ee\/et\/kovaplaadist-pakendikettad-ja-lehed\/#breadcrumb"},"inLanguage":"et","potentialAction":[{"@type":"ReadAction","target":["https:\/\/www.technomar.ee\/et\/kovaplaadist-pakendikettad-ja-lehed\/"]}]},{"@type":"ImageObject","inLanguage":"et","@id":"https:\/\/www.technomar.ee\/et\/kovaplaadist-pakendikettad-ja-lehed\/#primaryimage","url":"https:\/\/www.technomar.ee\/wp-content\/uploads\/2015\/11\/packagingHardboard-300x225.jpg","contentUrl":"https:\/\/www.technomar.ee\/wp-content\/uploads\/2015\/11\/packagingHardboard-300x225.jpg"},{"@type":"BreadcrumbList","@id":"https:\/\/www.technomar.ee\/et\/kovaplaadist-pakendikettad-ja-lehed\/#breadcrumb","itemListElement":[{"@type":"ListItem","position":1,"name":"Home","item":"https:\/\/www.technomar.ee\/et\/"},{"@type":"ListItem","position":2,"name":"Tooted","item":"https:\/\/www.technomar.ee\/et\/tooted\/"},{"@type":"ListItem","position":3,"name":"K\u00f5vaplaadist pakendikettad ja -lehed"}]},{"@type":"WebSite","@id":"https:\/\/www.technomar.ee\/et\/#website","url":"https:\/\/www.technomar.ee\/et\/","name":"Technomar &amp; Adrem","description":"","potentialAction":[{"@type":"SearchAction","target":{"@type":"EntryPoint","urlTemplate":"https:\/\/www.technomar.ee\/et\/?s={search_term_string}"},"query-input":"required name=search_term_string"}],"inLanguage":"et"}]}},"_links":{"self":[{"href":"https:\/\/www.technomar.ee\/et\/wp-json\/wp\/v2\/pages\/2971","targetHints":{"allow":["GET"]}}],"collection":[{"href":"https:\/\/www.technomar.ee\/et\/wp-json\/wp\/v2\/pages"}],"about":[{"href":"https:\/\/www.technomar.ee\/et\/wp-json\/wp\/v2\/types\/page"}],"author":[{"embeddable":true,"href":"https:\/\/www.technomar.ee\/et\/wp-json\/wp\/v2\/users\/1"}],"replies":[{"embeddable":true,"href":"https:\/\/www.technomar.ee\/et\/wp-json\/wp\/v2\/comments?post=2971"}],"version-history":[{"count":0,"href":"https:\/\/www.technomar.ee\/et\/wp-json\/wp\/v2\/pages\/2971\/revisions"}],"wp:attachment":[{"href":"https:\/\/www.technomar.ee\/et\/wp-json\/wp\/v2\/media?parent=2971"}],"curies":[{"name":"wp","href":"https:\/\/api.w.org\/{rel}","templated":true}]}}