{"id":2978,"date":"2015-11-12T04:03:00","date_gmt":"2015-11-12T02:03:00","guid":{"rendered":"https:\/\/www.technomar.ee\/tooted\/kaubaalused\/"},"modified":"2015-11-12T04:03:00","modified_gmt":"2015-11-12T02:03:00","slug":"kaubaalused","status":"publish","type":"page","link":"https:\/\/www.technomar.ee\/et\/kaubaalused\/","title":{"rendered":"Kaubaalused"},"content":{"rendered":"<p><a onclick=\"_gaq.push(['_trackEvent', 'outbound-article-int', 'http:\/\/www.technomar.ee\/', '']);\" href=\"http:\/\/www.technomar.ee\/\"><img fetchpriority=\"high\" decoding=\"async\" class=\"alignright wp-image-570 size-medium\" alt=\"kaubaalused\" src=\"https:\/\/www.technomar.ee\/wp-content\/uploads\/2015\/11\/technomar-pallets3-225x274.jpg\" width=\"300\" height=\"186\"><\/a> <strong>Technomar &amp; Adrem<\/strong> toodab standardseid ja eritellimuse j\u00e4rgi valmistatud kaubaaluseid kasutamiseks koos TechnoBoxiga v\u00f5i ilma. Meie ulatuslik tootmiskogemus v\u00f5imaldab meil pakkuda igale kliendile kohandatud lahendusi. <\/p>\n<p>TechnoBox. Meie ulatuslik tootmiskogemus v\u00f5imaldab meil pakkuda igale kliendile kohandatud lahendusi. <\/p>\n<p><strong>Puidust kaubaalused<\/strong><\/p>\n<p>Looduslikust puidust kaubaalused valmistatakse vastavalt kliendi spetsifikatsioonidele. K\u00f5ige tuntum kaubaaluse t\u00fc\u00fcp, tugev ja vastupidav. Kasutatakse raskemate koormate ladustamiseks. Saab hoiustada riiulites.   <\/p>\n<p><strong><img decoding=\"async\" class=\"active alignright wp-image-571 size-medium\" alt=\"kaubaalused\" src=\"https:\/\/www.technomar.ee\/wp-content\/uploads\/2015\/11\/technomar_pallets-450x220.jpg\" width=\"242\" height=\"300\"><br \/>\nVineerist kaubaalused<\/strong><\/p>\n<p>Vineer muudab need kaubaalused kergeks ja vastupidavaks, need on ka veekindlamad kui puidust<br \/>\nkaubaalused. Vineeri pind on sile ja puhas, sobib ideaalselt v\u00e4ikeste pakkide virnastamiseks. Peamiselt kasutatakse kergekaalu kaupade jaoks.  <\/p>\n<p><strong>Kombineeritud kaubaalused<\/strong><\/p>\n<p>Nende valmistamiseks v\u00f5ib kasutada mis tahes materjali.<\/p>\n<p><a href=\"https:\/\/www.technomar.ee\/wp-content\/uploads\/2015\/11\/technomar_technobox_technobox_pallets_01-300x200.jpg\"><img decoding=\"async\" class=\"alignnone wp-image-517 size-medium\" alt=\"kaubaalused\" src=\"https:\/\/www.technomar.ee\/wp-content\/uploads\/2015\/11\/technomar_technobox_technobox_pallets_01-300x200.jpg\" width=\"300\" height=\"200\" srcset=\"https:\/\/www.technomar.ee\/wp-content\/uploads\/2015\/11\/technomar_technobox_technobox_pallets_01-300x200.jpg 300w, https:\/\/www.technomar.ee\/wp-content\/uploads\/2015\/11\/technomar_technobox_technobox_pallets_01-500x333.jpg 500w, https:\/\/www.technomar.ee\/wp-content\/uploads\/2015\/11\/technomar_technobox_technobox_pallets_01.jpg 900w\" sizes=\"(max-width: 300px) 100vw, 300px\" \/><\/a><\/p>\n\n    <div class=\"xs_social_share_widget xs_share_url after_content \t\tmain_content  wslu-style-1 wslu-share-box-shaped wslu-fill-colored wslu-none wslu-share-horizontal wslu-theme-font-no wslu-main_content\">\n\n\t\t\n        <ul>\n\t\t\t        <\/ul>\n    <\/div> \n","protected":false},"excerpt":{"rendered":"<p>Technomar &amp; Adrem toodab standardseid ja eritellimuse j\u00e4rgi valmistatud kaubaaluseid kasutamiseks koos TechnoBoxiga v\u00f5i ilma. Meie ulatuslik tootmiskogemus v\u00f5imaldab meil pakkuda igale kliendile kohandatud lahendusi. TechnoBox. Meie ulatuslik tootmiskogemus v\u00f5imaldab meil pakkuda igale kliendile kohandatud lahendusi. Puidust kaubaalused Looduslikust puidust kaubaalused valmistatakse vastavalt kliendi spetsifikatsioonidele. K\u00f5ige tuntum kaubaaluse t\u00fc\u00fcp, tugev ja vastupidav. Kasutatakse raskemate koormate<br \/><a class=\"read-more\" href=\"https:\/\/www.technomar.ee\/et\/kaubaalused\/\">Continue reading<span class=\"sr-only\">: Kaubaalused<\/span><span class=\"meta-nav\">&rarr;<\/span><\/a><\/p>\n","protected":false},"author":1,"featured_media":0,"parent":0,"menu_order":0,"comment_status":"closed","ping_status":"closed","template":"","meta":{"_acf_changed":false,"postBodyCss":"","postBodyMargin":[],"postBodyPadding":[],"postBodyBackground":{"backgroundType":"classic","gradient":""},"footnotes":""},"class_list":["post-2978","page","type-page","status-publish","hentry"],"acf":[],"yoast_head":"<!-- This site is optimized with the Yoast SEO plugin v22.5 - https:\/\/yoast.com\/wordpress\/plugins\/seo\/ -->\n<title>Kaubaalused - Technomar &amp; Adrem<\/title>\n<meta name=\"robots\" content=\"index, follow, max-snippet:-1, max-image-preview:large, max-video-preview:-1\" \/>\n<link rel=\"canonical\" href=\"https:\/\/www.technomar.ee\/et\/kaubaalused\/\" \/>\n<meta property=\"og:locale\" content=\"et_EE\" \/>\n<meta property=\"og:type\" content=\"article\" \/>\n<meta property=\"og:title\" content=\"Kaubaalused - Technomar &amp; Adrem\" \/>\n<meta property=\"og:description\" content=\"Technomar &amp; Adrem toodab standardseid ja eritellimuse j\u00e4rgi valmistatud kaubaaluseid kasutamiseks koos TechnoBoxiga v\u00f5i ilma. Meie ulatuslik tootmiskogemus v\u00f5imaldab meil pakkuda igale kliendile kohandatud lahendusi. TechnoBox. Meie ulatuslik tootmiskogemus v\u00f5imaldab meil pakkuda igale kliendile kohandatud lahendusi. Puidust kaubaalused Looduslikust puidust kaubaalused valmistatakse vastavalt kliendi spetsifikatsioonidele. K\u00f5ige tuntum kaubaaluse t\u00fc\u00fcp, tugev ja vastupidav. Kasutatakse raskemate koormateContinue reading: Kaubaalused&rarr;\" \/>\n<meta property=\"og:url\" content=\"https:\/\/www.technomar.ee\/et\/kaubaalused\/\" \/>\n<meta property=\"og:site_name\" content=\"Technomar &amp; Adrem\" \/>\n<meta property=\"og:image\" content=\"http:\/\/www.technomar.ee\/wp-content\/uploads\/2015\/11\/technomar-pallets3-225x274.jpg\" \/>\n<meta name=\"twitter:card\" content=\"summary_large_image\" \/>\n<meta name=\"twitter:label1\" content=\"Est. reading time\" \/>\n\t<meta name=\"twitter:data1\" content=\"1 minut\" \/>\n<script type=\"application\/ld+json\" class=\"yoast-schema-graph\">{\"@context\":\"https:\/\/schema.org\",\"@graph\":[{\"@type\":\"WebPage\",\"@id\":\"https:\/\/www.technomar.ee\/et\/kaubaalused\/\",\"url\":\"https:\/\/www.technomar.ee\/et\/kaubaalused\/\",\"name\":\"Kaubaalused - Technomar &amp; Adrem\",\"isPartOf\":{\"@id\":\"https:\/\/www.technomar.ee\/et\/#website\"},\"primaryImageOfPage\":{\"@id\":\"https:\/\/www.technomar.ee\/et\/kaubaalused\/#primaryimage\"},\"image\":{\"@id\":\"https:\/\/www.technomar.ee\/et\/kaubaalused\/#primaryimage\"},\"thumbnailUrl\":\"https:\/\/www.technomar.ee\/wp-content\/uploads\/2015\/11\/technomar-pallets3-225x274.jpg\",\"datePublished\":\"2015-11-12T02:03:00+00:00\",\"dateModified\":\"2015-11-12T02:03:00+00:00\",\"breadcrumb\":{\"@id\":\"https:\/\/www.technomar.ee\/et\/kaubaalused\/#breadcrumb\"},\"inLanguage\":\"et\",\"potentialAction\":[{\"@type\":\"ReadAction\",\"target\":[\"https:\/\/www.technomar.ee\/et\/kaubaalused\/\"]}]},{\"@type\":\"ImageObject\",\"inLanguage\":\"et\",\"@id\":\"https:\/\/www.technomar.ee\/et\/kaubaalused\/#primaryimage\",\"url\":\"https:\/\/www.technomar.ee\/wp-content\/uploads\/2015\/11\/technomar-pallets3-225x274.jpg\",\"contentUrl\":\"https:\/\/www.technomar.ee\/wp-content\/uploads\/2015\/11\/technomar-pallets3-225x274.jpg\"},{\"@type\":\"BreadcrumbList\",\"@id\":\"https:\/\/www.technomar.ee\/et\/kaubaalused\/#breadcrumb\",\"itemListElement\":[{\"@type\":\"ListItem\",\"position\":1,\"name\":\"Home\",\"item\":\"https:\/\/www.technomar.ee\/et\/\"},{\"@type\":\"ListItem\",\"position\":2,\"name\":\"Tooted\",\"item\":\"https:\/\/www.technomar.ee\/et\/tooted\/\"},{\"@type\":\"ListItem\",\"position\":3,\"name\":\"Kaubaalused\"}]},{\"@type\":\"WebSite\",\"@id\":\"https:\/\/www.technomar.ee\/et\/#website\",\"url\":\"https:\/\/www.technomar.ee\/et\/\",\"name\":\"Technomar &amp; Adrem\",\"description\":\"\",\"potentialAction\":[{\"@type\":\"SearchAction\",\"target\":{\"@type\":\"EntryPoint\",\"urlTemplate\":\"https:\/\/www.technomar.ee\/et\/?s={search_term_string}\"},\"query-input\":\"required name=search_term_string\"}],\"inLanguage\":\"et\"}]}<\/script>\n<!-- \/ Yoast SEO plugin. -->","yoast_head_json":{"title":"Kaubaalused - Technomar &amp; Adrem","robots":{"index":"index","follow":"follow","max-snippet":"max-snippet:-1","max-image-preview":"max-image-preview:large","max-video-preview":"max-video-preview:-1"},"canonical":"https:\/\/www.technomar.ee\/et\/kaubaalused\/","og_locale":"et_EE","og_type":"article","og_title":"Kaubaalused - Technomar &amp; Adrem","og_description":"Technomar &amp; Adrem toodab standardseid ja eritellimuse j\u00e4rgi valmistatud kaubaaluseid kasutamiseks koos TechnoBoxiga v\u00f5i ilma. Meie ulatuslik tootmiskogemus v\u00f5imaldab meil pakkuda igale kliendile kohandatud lahendusi. TechnoBox. Meie ulatuslik tootmiskogemus v\u00f5imaldab meil pakkuda igale kliendile kohandatud lahendusi. Puidust kaubaalused Looduslikust puidust kaubaalused valmistatakse vastavalt kliendi spetsifikatsioonidele. K\u00f5ige tuntum kaubaaluse t\u00fc\u00fcp, tugev ja vastupidav. Kasutatakse raskemate koormateContinue reading: Kaubaalused&rarr;","og_url":"https:\/\/www.technomar.ee\/et\/kaubaalused\/","og_site_name":"Technomar &amp; Adrem","og_image":[{"url":"http:\/\/www.technomar.ee\/wp-content\/uploads\/2015\/11\/technomar-pallets3-225x274.jpg"}],"twitter_card":"summary_large_image","twitter_misc":{"Est. reading time":"1 minut"},"schema":{"@context":"https:\/\/schema.org","@graph":[{"@type":"WebPage","@id":"https:\/\/www.technomar.ee\/et\/kaubaalused\/","url":"https:\/\/www.technomar.ee\/et\/kaubaalused\/","name":"Kaubaalused - Technomar &amp; Adrem","isPartOf":{"@id":"https:\/\/www.technomar.ee\/et\/#website"},"primaryImageOfPage":{"@id":"https:\/\/www.technomar.ee\/et\/kaubaalused\/#primaryimage"},"image":{"@id":"https:\/\/www.technomar.ee\/et\/kaubaalused\/#primaryimage"},"thumbnailUrl":"https:\/\/www.technomar.ee\/wp-content\/uploads\/2015\/11\/technomar-pallets3-225x274.jpg","datePublished":"2015-11-12T02:03:00+00:00","dateModified":"2015-11-12T02:03:00+00:00","breadcrumb":{"@id":"https:\/\/www.technomar.ee\/et\/kaubaalused\/#breadcrumb"},"inLanguage":"et","potentialAction":[{"@type":"ReadAction","target":["https:\/\/www.technomar.ee\/et\/kaubaalused\/"]}]},{"@type":"ImageObject","inLanguage":"et","@id":"https:\/\/www.technomar.ee\/et\/kaubaalused\/#primaryimage","url":"https:\/\/www.technomar.ee\/wp-content\/uploads\/2015\/11\/technomar-pallets3-225x274.jpg","contentUrl":"https:\/\/www.technomar.ee\/wp-content\/uploads\/2015\/11\/technomar-pallets3-225x274.jpg"},{"@type":"BreadcrumbList","@id":"https:\/\/www.technomar.ee\/et\/kaubaalused\/#breadcrumb","itemListElement":[{"@type":"ListItem","position":1,"name":"Home","item":"https:\/\/www.technomar.ee\/et\/"},{"@type":"ListItem","position":2,"name":"Tooted","item":"https:\/\/www.technomar.ee\/et\/tooted\/"},{"@type":"ListItem","position":3,"name":"Kaubaalused"}]},{"@type":"WebSite","@id":"https:\/\/www.technomar.ee\/et\/#website","url":"https:\/\/www.technomar.ee\/et\/","name":"Technomar &amp; Adrem","description":"","potentialAction":[{"@type":"SearchAction","target":{"@type":"EntryPoint","urlTemplate":"https:\/\/www.technomar.ee\/et\/?s={search_term_string}"},"query-input":"required name=search_term_string"}],"inLanguage":"et"}]}},"_links":{"self":[{"href":"https:\/\/www.technomar.ee\/et\/wp-json\/wp\/v2\/pages\/2978","targetHints":{"allow":["GET"]}}],"collection":[{"href":"https:\/\/www.technomar.ee\/et\/wp-json\/wp\/v2\/pages"}],"about":[{"href":"https:\/\/www.technomar.ee\/et\/wp-json\/wp\/v2\/types\/page"}],"author":[{"embeddable":true,"href":"https:\/\/www.technomar.ee\/et\/wp-json\/wp\/v2\/users\/1"}],"replies":[{"embeddable":true,"href":"https:\/\/www.technomar.ee\/et\/wp-json\/wp\/v2\/comments?post=2978"}],"version-history":[{"count":0,"href":"https:\/\/www.technomar.ee\/et\/wp-json\/wp\/v2\/pages\/2978\/revisions"}],"wp:attachment":[{"href":"https:\/\/www.technomar.ee\/et\/wp-json\/wp\/v2\/media?parent=2978"}],"curies":[{"name":"wp","href":"https:\/\/api.w.org\/{rel}","templated":true}]}}